{"id":121131,"date":"2025-03-11T18:14:38","date_gmt":"2025-03-11T18:14:38","guid":{"rendered":"https:\/\/kinamihealth.com\/product\/croma-polyphil-hair\/"},"modified":"2025-12-14T20:14:59","modified_gmt":"2025-12-14T20:14:59","slug":"croma-polyphil-hair","status":"publish","type":"product","link":"https:\/\/kinamihealth.com\/pt-pt\/produto\/croma-polyphil-hair\/","title":{"rendered":"CROMA POLYPHIL\u2122 HAIR"},"content":{"rendered":"<p><b>CROMA PhilArt HAIR<\/b><span style=\"font-weight: 400;\"> \u00e9 um produto inovador de bioestimula\u00e7\u00e3o \u00e0 base de polinucle\u00f3tidos desenvolvido pela Croma Pharma, especificamente concebido para rejuvenescer o couro cabeludo e apoiar a vitalidade do cabelo.<\/span><\/p>\n","protected":false},"excerpt":{"rendered":"<p>CROMA PhilArt HAIR \u00e9 um produto inovador de bioestimula\u00e7\u00e3o \u00e0 base de polinucle\u00f3tidos desenvolvido pela Croma Pharma, especificamente concebido para rejuvenescer o couro cabeludo e apoiar a vitalidade do cabelo.<\/p>\n","protected":false},"featured_media":121132,"comment_status":"closed","ping_status":"closed","template":"","meta":{"_acf_changed":false,"inline_featured_image":false},"product_brand":[3196],"product_cat":[4082],"product_tag":[4084],"class_list":{"0":"post-121131","1":"product","2":"type-product","3":"status-publish","4":"has-post-thumbnail","6":"product_brand-croma","7":"product_cat-dermal-fillers-pt-pt","8":"product_tag-medical-devices-pt-pt","10":"first","11":"instock","12":"taxable","13":"shipping-taxable","14":"purchasable","15":"product-type-simple","16":"add-to-wishlist-before_image"},"acf":[],"yoast_head":"<!-- This site is optimized with the Yoast SEO plugin v27.1.1 - https:\/\/yoast.com\/product\/yoast-seo-wordpress\/ -->\n<title>Encomende CROMA PhilArt HAIR online | Loja online | Kinami Health<\/title>\n<meta name=\"description\" content=\"Encomende CROMA PhilArt\u2122 HAIR online para apoiar a regenera\u00e7\u00e3o do couro cabeludo e aumentar a vitalidade do cabelo atrav\u00e9s da terapia de bioestimula\u00e7\u00e3o \u00e0 base de polinucle\u00f3tidos.\" \/>\n<meta name=\"robots\" content=\"index, follow, max-snippet:-1, max-image-preview:large, max-video-preview:-1\" \/>\n<link rel=\"canonical\" href=\"https:\/\/kinamihealth.com\/pt-pt\/wp-json\/wp\/v2\/product\/121131\" \/>\n<meta property=\"og:locale\" content=\"pt_PT\" \/>\n<meta property=\"og:type\" content=\"article\" \/>\n<meta property=\"og:title\" content=\"Encomende CROMA PhilArt HAIR online | Loja online | Kinami Health\" \/>\n<meta property=\"og:description\" content=\"Encomende CROMA PhilArt\u2122 HAIR online para apoiar a regenera\u00e7\u00e3o do couro cabeludo e aumentar a vitalidade do cabelo atrav\u00e9s da terapia de bioestimula\u00e7\u00e3o \u00e0 base de polinucle\u00f3tidos.\" \/>\n<meta property=\"og:url\" content=\"https:\/\/kinamihealth.com\/pt-pt\/produto\/croma-polyphil-hair\/\" \/>\n<meta property=\"og:site_name\" content=\"Kinami Health\" \/>\n<meta property=\"article:modified_time\" content=\"2025-12-14T20:14:59+00:00\" \/>\n<meta property=\"og:image\" content=\"https:\/\/kinamihealth.com\/wp-content\/uploads\/2025\/03\/CROMA-POLYPHIL-HAIR_Front-scaled.webp\" \/>\n\t<meta property=\"og:image:width\" content=\"2560\" \/>\n\t<meta property=\"og:image:height\" content=\"2560\" \/>\n\t<meta property=\"og:image:type\" content=\"image\/webp\" \/>\n<meta name=\"twitter:card\" content=\"summary_large_image\" \/>\n<meta name=\"twitter:label1\" content=\"Tempo estimado de leitura\" \/>\n\t<meta name=\"twitter:data1\" content=\"1 minuto\" \/>\n<!-- \/ Yoast SEO plugin. -->","yoast_head_json":{"title":"Encomende CROMA PhilArt HAIR online | Loja online | Kinami Health","description":"Encomende CROMA PhilArt\u2122 HAIR online para apoiar a regenera\u00e7\u00e3o do couro cabeludo e aumentar a vitalidade do cabelo atrav\u00e9s da terapia de bioestimula\u00e7\u00e3o \u00e0 base de polinucle\u00f3tidos.","robots":{"index":"index","follow":"follow","max-snippet":"max-snippet:-1","max-image-preview":"max-image-preview:large","max-video-preview":"max-video-preview:-1"},"canonical":"https:\/\/kinamihealth.com\/pt-pt\/wp-json\/wp\/v2\/product\/121131","og_locale":"pt_PT","og_type":"article","og_title":"Encomende CROMA PhilArt HAIR online | Loja online | Kinami Health","og_description":"Encomende CROMA PhilArt\u2122 HAIR online para apoiar a regenera\u00e7\u00e3o do couro cabeludo e aumentar a vitalidade do cabelo atrav\u00e9s da terapia de bioestimula\u00e7\u00e3o \u00e0 base de polinucle\u00f3tidos.","og_url":"https:\/\/kinamihealth.com\/pt-pt\/produto\/croma-polyphil-hair\/","og_site_name":"Kinami Health","article_modified_time":"2025-12-14T20:14:59+00:00","og_image":[{"width":2560,"height":2560,"url":"https:\/\/kinamihealth.com\/wp-content\/uploads\/2025\/03\/CROMA-POLYPHIL-HAIR_Front-scaled.webp","type":"image\/webp"}],"twitter_card":"summary_large_image","twitter_misc":{"Tempo estimado de leitura":"1 minuto"},"schema":{"@context":"https:\/\/schema.org","@graph":[{"@type":"WebPage","@id":"https:\/\/kinamihealth.com\/pt-pt\/produto\/croma-polyphil-hair\/","url":"https:\/\/kinamihealth.com\/pt-pt\/produto\/croma-polyphil-hair\/","name":"Encomende CROMA PhilArt HAIR online | Loja online | Kinami Health","isPartOf":{"@id":"https:\/\/kinamihealth.com\/#website"},"primaryImageOfPage":{"@id":"https:\/\/kinamihealth.com\/pt-pt\/produto\/croma-polyphil-hair\/#primaryimage"},"image":{"@id":"https:\/\/kinamihealth.com\/pt-pt\/produto\/croma-polyphil-hair\/#primaryimage"},"thumbnailUrl":"https:\/\/kinamihealth.com\/wp-content\/uploads\/2025\/03\/CROMA-POLYPHIL-HAIR_Front-scaled.webp","datePublished":"2025-03-11T18:14:38+00:00","dateModified":"2025-12-14T20:14:59+00:00","description":"Encomende CROMA PhilArt\u2122 HAIR online para apoiar a regenera\u00e7\u00e3o do couro cabeludo e aumentar a vitalidade do cabelo atrav\u00e9s da terapia de bioestimula\u00e7\u00e3o \u00e0 base de polinucle\u00f3tidos.","breadcrumb":{"@id":"https:\/\/kinamihealth.com\/pt-pt\/produto\/croma-polyphil-hair\/#breadcrumb"},"inLanguage":"pt-PT","potentialAction":[{"@type":"ReadAction","target":["https:\/\/kinamihealth.com\/pt-pt\/produto\/croma-polyphil-hair\/"]}]},{"@type":"ImageObject","inLanguage":"pt-PT","@id":"https:\/\/kinamihealth.com\/pt-pt\/produto\/croma-polyphil-hair\/#primaryimage","url":"https:\/\/kinamihealth.com\/wp-content\/uploads\/2025\/03\/CROMA-POLYPHIL-HAIR_Front-scaled.webp","contentUrl":"https:\/\/kinamihealth.com\/wp-content\/uploads\/2025\/03\/CROMA-POLYPHIL-HAIR_Front-scaled.webp","width":2560,"height":2560},{"@type":"BreadcrumbList","@id":"https:\/\/kinamihealth.com\/pt-pt\/produto\/croma-polyphil-hair\/#breadcrumb","itemListElement":[{"@type":"ListItem","position":1,"name":"In\u00edcio","item":"https:\/\/kinamihealth.com\/"},{"@type":"ListItem","position":2,"name":"Loja","item":"https:\/\/kinamihealth.com\/shop\/"},{"@type":"ListItem","position":3,"name":"CROMA POLYPHIL\u2122 HAIR"}]},{"@type":"WebSite","@id":"https:\/\/kinamihealth.com\/#website","url":"https:\/\/kinamihealth.com\/","name":"Kinami Health","description":"","publisher":{"@id":"https:\/\/kinamihealth.com\/#organization"},"potentialAction":[{"@type":"SearchAction","target":{"@type":"EntryPoint","urlTemplate":"https:\/\/kinamihealth.com\/?s={search_term_string}"},"query-input":{"@type":"PropertyValueSpecification","valueRequired":true,"valueName":"search_term_string"}}],"inLanguage":"pt-PT"},{"@type":"Organization","@id":"https:\/\/kinamihealth.com\/#organization","name":"Kinami Health","url":"https:\/\/kinamihealth.com\/","logo":{"@type":"ImageObject","inLanguage":"pt-PT","@id":"https:\/\/kinamihealth.com\/#\/schema\/logo\/image\/","url":"https:\/\/kinamihealth.com\/wp-content\/uploads\/2025\/01\/KH_logo_black_2-1.png","contentUrl":"https:\/\/kinamihealth.com\/wp-content\/uploads\/2025\/01\/KH_logo_black_2-1.png","width":339,"height":34,"caption":"Kinami Health"},"image":{"@id":"https:\/\/kinamihealth.com\/#\/schema\/logo\/image\/"}}]}},"_links":{"self":[{"href":"https:\/\/kinamihealth.com\/pt-pt\/wp-json\/wp\/v2\/product\/121131","targetHints":{"allow":["GET"]}}],"collection":[{"href":"https:\/\/kinamihealth.com\/pt-pt\/wp-json\/wp\/v2\/product"}],"about":[{"href":"https:\/\/kinamihealth.com\/pt-pt\/wp-json\/wp\/v2\/types\/product"}],"replies":[{"embeddable":true,"href":"https:\/\/kinamihealth.com\/pt-pt\/wp-json\/wp\/v2\/comments?post=121131"}],"version-history":[{"count":0,"href":"https:\/\/kinamihealth.com\/pt-pt\/wp-json\/wp\/v2\/product\/121131\/revisions"}],"wp:featuredmedia":[{"embeddable":true,"href":"https:\/\/kinamihealth.com\/pt-pt\/wp-json\/wp\/v2\/media\/121132"}],"wp:attachment":[{"href":"https:\/\/kinamihealth.com\/pt-pt\/wp-json\/wp\/v2\/media?parent=121131"}],"wp:term":[{"taxonomy":"product_brand","embeddable":true,"href":"https:\/\/kinamihealth.com\/pt-pt\/wp-json\/wp\/v2\/product_brand?post=121131"},{"taxonomy":"product_cat","embeddable":true,"href":"https:\/\/kinamihealth.com\/pt-pt\/wp-json\/wp\/v2\/product_cat?post=121131"},{"taxonomy":"product_tag","embeddable":true,"href":"https:\/\/kinamihealth.com\/pt-pt\/wp-json\/wp\/v2\/product_tag?post=121131"}],"curies":[{"name":"wp","href":"https:\/\/api.w.org\/{rel}","templated":true}]}}