{"id":121124,"date":"2025-02-15T16:54:21","date_gmt":"2025-02-15T16:54:21","guid":{"rendered":"https:\/\/kinamihealth.com\/product\/biorepeelcl3-fnd\/"},"modified":"2025-11-07T13:58:48","modified_gmt":"2025-11-07T13:58:48","slug":"biorepeelcl3-fnd","status":"publish","type":"product","link":"https:\/\/kinamihealth.com\/pt-pt\/produto\/biorepeelcl3-fnd\/","title":{"rendered":"BIOREPEELCL3\u00ae FND"},"content":{"rendered":"<p><b>BIOREPEELCL3\u00ae FND \u00e9 um peeling bioestimulante avan\u00e7ado de grau m\u00e9dico, formulado com 35% de \u00e1cido tricloroac\u00e9tico e 14 ingredientes ativos complementares.<\/b><span style=\"font-weight: 400;\"> Este tratamento bif\u00e1sico inovador combina esfolia\u00e7\u00e3o qu\u00edmica com regenera\u00e7\u00e3o d\u00e9rmica e foi especificamente concebido para <\/span><b>aplica\u00e7\u00e3o profissional na pele do rosto, pesco\u00e7o e decote<\/b><span style=\"font-weight: 400;\">.<\/span><\/p>\n","protected":false},"excerpt":{"rendered":"<p>BIOREPEELCL3\u00ae FND \u00e9 um peeling bioestimulante avan\u00e7ado de grau m\u00e9dico, formulado com 35% de \u00e1cido tricloroac\u00e9tico e 14 ingredientes ativos complementares. Este tratamento bif\u00e1sico inovador combina esfolia\u00e7\u00e3o qu\u00edmica com regenera\u00e7\u00e3o d\u00e9rmica e foi especificamente concebido para aplica\u00e7\u00e3o profissional na pele do rosto, pesco\u00e7o e decote.<\/p>\n","protected":false},"featured_media":121128,"comment_status":"closed","ping_status":"closed","template":"","meta":{"_acf_changed":false,"inline_featured_image":false},"product_brand":[3192],"product_cat":[4132],"product_tag":[4084],"class_list":{"0":"post-121124","1":"product","2":"type-product","3":"status-publish","4":"has-post-thumbnail","6":"product_brand-biorepeel","7":"product_cat-peels-and-masks-pt-pt","8":"product_tag-medical-devices-pt-pt","10":"first","11":"instock","12":"taxable","13":"shipping-taxable","14":"purchasable","15":"product-type-simple","16":"add-to-wishlist-before_image"},"acf":[],"yoast_head":"<!-- This site is optimized with the Yoast SEO plugin v27.3 - https:\/\/yoast.com\/product\/yoast-seo-wordpress\/ -->\n<title>Encomende BIOREPEELCL3\u00ae FND online | Loja online | Kinami Health<\/title>\n<meta name=\"description\" content=\"Encomende BIOREPEELCL3\u00ae FND online para tratar o envelhecimento da pele facial, linhas finas e acne com uma f\u00f3rmula TCA bioestimulante sem descama\u00e7\u00e3o, adequada para todas as esta\u00e7\u00f5es.\" \/>\n<meta name=\"robots\" content=\"index, follow, max-snippet:-1, max-image-preview:large, max-video-preview:-1\" \/>\n<link rel=\"canonical\" href=\"https:\/\/kinamihealth.com\/pt-pt\/wp-json\/wp\/v2\/product\/121124\" \/>\n<meta property=\"og:locale\" content=\"pt_PT\" \/>\n<meta property=\"og:type\" content=\"article\" \/>\n<meta property=\"og:title\" content=\"Encomende BIOREPEELCL3\u00ae FND online | Loja online | Kinami Health\" \/>\n<meta property=\"og:description\" content=\"Encomende BIOREPEELCL3\u00ae FND online para tratar o envelhecimento da pele facial, linhas finas e acne com uma f\u00f3rmula TCA bioestimulante sem descama\u00e7\u00e3o, adequada para todas as esta\u00e7\u00f5es.\" \/>\n<meta property=\"og:url\" content=\"https:\/\/kinamihealth.com\/pt-pt\/produto\/biorepeelcl3-fnd\/\" \/>\n<meta property=\"og:site_name\" content=\"Kinami Health\" \/>\n<meta property=\"article:modified_time\" content=\"2025-11-07T13:58:48+00:00\" \/>\n<meta property=\"og:image\" content=\"https:\/\/kinamihealth.com\/wp-content\/uploads\/2025\/02\/BIOREPEEL-FND-02.jpg\" \/>\n\t<meta property=\"og:image:width\" content=\"800\" \/>\n\t<meta property=\"og:image:height\" content=\"800\" \/>\n\t<meta property=\"og:image:type\" content=\"image\/jpeg\" \/>\n<meta name=\"twitter:card\" content=\"summary_large_image\" \/>\n<meta name=\"twitter:label1\" content=\"Tempo estimado de leitura\" \/>\n\t<meta name=\"twitter:data1\" content=\"1 minuto\" \/>\n<!-- \/ Yoast SEO plugin. -->","yoast_head_json":{"title":"Encomende BIOREPEELCL3\u00ae FND online | Loja online | Kinami Health","description":"Encomende BIOREPEELCL3\u00ae FND online para tratar o envelhecimento da pele facial, linhas finas e acne com uma f\u00f3rmula TCA bioestimulante sem descama\u00e7\u00e3o, adequada para todas as esta\u00e7\u00f5es.","robots":{"index":"index","follow":"follow","max-snippet":"max-snippet:-1","max-image-preview":"max-image-preview:large","max-video-preview":"max-video-preview:-1"},"canonical":"https:\/\/kinamihealth.com\/pt-pt\/wp-json\/wp\/v2\/product\/121124","og_locale":"pt_PT","og_type":"article","og_title":"Encomende BIOREPEELCL3\u00ae FND online | Loja online | Kinami Health","og_description":"Encomende BIOREPEELCL3\u00ae FND online para tratar o envelhecimento da pele facial, linhas finas e acne com uma f\u00f3rmula TCA bioestimulante sem descama\u00e7\u00e3o, adequada para todas as esta\u00e7\u00f5es.","og_url":"https:\/\/kinamihealth.com\/pt-pt\/produto\/biorepeelcl3-fnd\/","og_site_name":"Kinami Health","article_modified_time":"2025-11-07T13:58:48+00:00","og_image":[{"width":800,"height":800,"url":"https:\/\/kinamihealth.com\/wp-content\/uploads\/2025\/02\/BIOREPEEL-FND-02.jpg","type":"image\/jpeg"}],"twitter_card":"summary_large_image","twitter_misc":{"Tempo estimado de leitura":"1 minuto"},"schema":{"@context":"https:\/\/schema.org","@graph":[{"@type":"WebPage","@id":"https:\/\/kinamihealth.com\/pt-pt\/produto\/biorepeelcl3-fnd\/","url":"https:\/\/kinamihealth.com\/pt-pt\/produto\/biorepeelcl3-fnd\/","name":"Encomende BIOREPEELCL3\u00ae FND online | Loja online | Kinami Health","isPartOf":{"@id":"https:\/\/kinamihealth.com\/#website"},"primaryImageOfPage":{"@id":"https:\/\/kinamihealth.com\/pt-pt\/produto\/biorepeelcl3-fnd\/#primaryimage"},"image":{"@id":"https:\/\/kinamihealth.com\/pt-pt\/produto\/biorepeelcl3-fnd\/#primaryimage"},"thumbnailUrl":"https:\/\/kinamihealth.com\/wp-content\/uploads\/2025\/02\/BIOREPEEL-FND-02.jpg","datePublished":"2025-02-15T16:54:21+00:00","dateModified":"2025-11-07T13:58:48+00:00","description":"Encomende BIOREPEELCL3\u00ae FND online para tratar o envelhecimento da pele facial, linhas finas e acne com uma f\u00f3rmula TCA bioestimulante sem descama\u00e7\u00e3o, adequada para todas as esta\u00e7\u00f5es.","breadcrumb":{"@id":"https:\/\/kinamihealth.com\/pt-pt\/produto\/biorepeelcl3-fnd\/#breadcrumb"},"inLanguage":"pt-PT","potentialAction":[{"@type":"ReadAction","target":["https:\/\/kinamihealth.com\/pt-pt\/produto\/biorepeelcl3-fnd\/"]}]},{"@type":"ImageObject","inLanguage":"pt-PT","@id":"https:\/\/kinamihealth.com\/pt-pt\/produto\/biorepeelcl3-fnd\/#primaryimage","url":"https:\/\/kinamihealth.com\/wp-content\/uploads\/2025\/02\/BIOREPEEL-FND-02.jpg","contentUrl":"https:\/\/kinamihealth.com\/wp-content\/uploads\/2025\/02\/BIOREPEEL-FND-02.jpg","width":800,"height":800},{"@type":"BreadcrumbList","@id":"https:\/\/kinamihealth.com\/pt-pt\/produto\/biorepeelcl3-fnd\/#breadcrumb","itemListElement":[{"@type":"ListItem","position":1,"name":"In\u00edcio","item":"https:\/\/kinamihealth.com\/"},{"@type":"ListItem","position":2,"name":"Loja","item":"https:\/\/kinamihealth.com\/shop\/"},{"@type":"ListItem","position":3,"name":"BIOREPEELCL3\u00ae FND"}]},{"@type":"WebSite","@id":"https:\/\/kinamihealth.com\/#website","url":"https:\/\/kinamihealth.com\/","name":"Kinami Health","description":"","publisher":{"@id":"https:\/\/kinamihealth.com\/#organization"},"potentialAction":[{"@type":"SearchAction","target":{"@type":"EntryPoint","urlTemplate":"https:\/\/kinamihealth.com\/?s={search_term_string}"},"query-input":{"@type":"PropertyValueSpecification","valueRequired":true,"valueName":"search_term_string"}}],"inLanguage":"pt-PT"},{"@type":"Organization","@id":"https:\/\/kinamihealth.com\/#organization","name":"Kinami Health","url":"https:\/\/kinamihealth.com\/","logo":{"@type":"ImageObject","inLanguage":"pt-PT","@id":"https:\/\/kinamihealth.com\/#\/schema\/logo\/image\/","url":"https:\/\/kinamihealth.com\/wp-content\/uploads\/2025\/01\/KH_logo_black_2-1.png","contentUrl":"https:\/\/kinamihealth.com\/wp-content\/uploads\/2025\/01\/KH_logo_black_2-1.png","width":339,"height":34,"caption":"Kinami Health"},"image":{"@id":"https:\/\/kinamihealth.com\/#\/schema\/logo\/image\/"}}]}},"_links":{"self":[{"href":"https:\/\/kinamihealth.com\/pt-pt\/wp-json\/wp\/v2\/product\/121124","targetHints":{"allow":["GET"]}}],"collection":[{"href":"https:\/\/kinamihealth.com\/pt-pt\/wp-json\/wp\/v2\/product"}],"about":[{"href":"https:\/\/kinamihealth.com\/pt-pt\/wp-json\/wp\/v2\/types\/product"}],"replies":[{"embeddable":true,"href":"https:\/\/kinamihealth.com\/pt-pt\/wp-json\/wp\/v2\/comments?post=121124"}],"version-history":[{"count":0,"href":"https:\/\/kinamihealth.com\/pt-pt\/wp-json\/wp\/v2\/product\/121124\/revisions"}],"wp:featuredmedia":[{"embeddable":true,"href":"https:\/\/kinamihealth.com\/pt-pt\/wp-json\/wp\/v2\/media\/121128"}],"wp:attachment":[{"href":"https:\/\/kinamihealth.com\/pt-pt\/wp-json\/wp\/v2\/media?parent=121124"}],"wp:term":[{"taxonomy":"product_brand","embeddable":true,"href":"https:\/\/kinamihealth.com\/pt-pt\/wp-json\/wp\/v2\/product_brand?post=121124"},{"taxonomy":"product_cat","embeddable":true,"href":"https:\/\/kinamihealth.com\/pt-pt\/wp-json\/wp\/v2\/product_cat?post=121124"},{"taxonomy":"product_tag","embeddable":true,"href":"https:\/\/kinamihealth.com\/pt-pt\/wp-json\/wp\/v2\/product_tag?post=121124"}],"curies":[{"name":"wp","href":"https:\/\/api.w.org\/{rel}","templated":true}]}}