{"id":121110,"date":"2025-03-11T18:14:37","date_gmt":"2025-03-11T18:14:37","guid":{"rendered":"https:\/\/kinamihealth.com\/product\/crespine-gel-plus\/"},"modified":"2026-04-03T11:55:16","modified_gmt":"2026-04-03T11:55:16","slug":"crespine-gel-plus","status":"publish","type":"product","link":"https:\/\/kinamihealth.com\/pt-pt\/produto\/crespine-gel-plus\/","title":{"rendered":"CRESPINE\u00ae GEL PLUS"},"content":{"rendered":"<p><b>CRESPINE\u00ae GEL PLUS<\/b><span style=\"font-weight: 400;\"> \u00e9 um gel injet\u00e1vel de n\u00edvel profissional formulado com \u00e1cido hialur\u00f3nico (en. hyaluronic acid) reticulado, especificamente concebido para proporcionar al\u00edvio direcionado da dor nas articula\u00e7\u00f5es relacionada com a osteoartrite. Desenvolvido pela BioPolymer GmbH &amp; Co., crespine gel produto m\u00e9dico avan\u00e7ado lubrifica eficazmente as articula\u00e7\u00f5es, reduz o desconforto e melhora a mobilidade.<\/span><\/p>\n","protected":false},"excerpt":{"rendered":"<p>CRESPINE\u00ae GEL PLUS \u00e9 um gel injet\u00e1vel de n\u00edvel profissional formulado com \u00e1cido hialur\u00f3nico (en. hyaluronic acid) reticulado, especificamente concebido para proporcionar al\u00edvio direcionado da dor nas articula\u00e7\u00f5es relacionada com a osteoartrite. Desenvolvido pela BioPolymer GmbH &amp; Co., crespine gel produto m\u00e9dico avan\u00e7ado lubrifica eficazmente as articula\u00e7\u00f5es, reduz o desconforto e melhora a mobilidade.<\/p>\n","protected":false},"featured_media":121111,"comment_status":"closed","ping_status":"closed","template":"","meta":{"_acf_changed":false,"inline_featured_image":false},"product_brand":[3239],"product_cat":[4137],"product_tag":[4084],"class_list":{"0":"post-121110","1":"product","2":"type-product","3":"status-publish","4":"has-post-thumbnail","6":"product_brand-crespin","7":"product_cat-orthopedic-injections-pt-pt","8":"product_tag-medical-devices-pt-pt","10":"first","11":"instock","12":"taxable","13":"shipping-taxable","14":"purchasable","15":"product-type-simple","16":"add-to-wishlist-before_image"},"acf":[],"yoast_head":"<!-- This site is optimized with the Yoast SEO plugin v27.1.1 - https:\/\/yoast.com\/product\/yoast-seo-wordpress\/ -->\n<title>Encomende CRESPINE\u00ae GEL PLUS online | Loja online | Kinami Health<\/title>\n<meta name=\"description\" content=\"Encomende CRESPINE\u00ae GEL PLUS online para proporcionar lubrifica\u00e7\u00e3o articular direcionada e al\u00edvio da dor usando \u00e1cido hialur\u00f3nico reticulado de longa dura\u00e7\u00e3o.\" \/>\n<meta name=\"robots\" content=\"index, follow, max-snippet:-1, max-image-preview:large, max-video-preview:-1\" \/>\n<link rel=\"canonical\" href=\"https:\/\/kinamihealth.com\/pt-pt\/wp-json\/wp\/v2\/product\/121110\" \/>\n<meta property=\"og:locale\" content=\"pt_PT\" \/>\n<meta property=\"og:type\" content=\"article\" \/>\n<meta property=\"og:title\" content=\"Encomende CRESPINE\u00ae GEL PLUS online | Loja online | Kinami Health\" \/>\n<meta property=\"og:description\" content=\"Encomende CRESPINE\u00ae GEL PLUS online para proporcionar lubrifica\u00e7\u00e3o articular direcionada e al\u00edvio da dor usando \u00e1cido hialur\u00f3nico reticulado de longa dura\u00e7\u00e3o.\" \/>\n<meta property=\"og:url\" content=\"https:\/\/kinamihealth.com\/pt-pt\/produto\/crespine-gel-plus\/\" \/>\n<meta property=\"og:site_name\" content=\"Kinami Health\" \/>\n<meta property=\"article:modified_time\" content=\"2026-04-03T11:55:16+00:00\" \/>\n<meta property=\"og:image\" content=\"https:\/\/kinamihealth.com\/wp-content\/uploads\/2025\/03\/CRESPINE.webp\" \/>\n\t<meta property=\"og:image:width\" content=\"800\" \/>\n\t<meta property=\"og:image:height\" content=\"800\" \/>\n\t<meta property=\"og:image:type\" content=\"image\/webp\" \/>\n<meta name=\"twitter:card\" content=\"summary_large_image\" \/>\n<meta name=\"twitter:label1\" content=\"Tempo estimado de leitura\" \/>\n\t<meta name=\"twitter:data1\" content=\"1 minuto\" \/>\n<!-- \/ Yoast SEO plugin. -->","yoast_head_json":{"title":"Encomende CRESPINE\u00ae GEL PLUS online | Loja online | Kinami Health","description":"Encomende CRESPINE\u00ae GEL PLUS online para proporcionar lubrifica\u00e7\u00e3o articular direcionada e al\u00edvio da dor usando \u00e1cido hialur\u00f3nico reticulado de longa dura\u00e7\u00e3o.","robots":{"index":"index","follow":"follow","max-snippet":"max-snippet:-1","max-image-preview":"max-image-preview:large","max-video-preview":"max-video-preview:-1"},"canonical":"https:\/\/kinamihealth.com\/pt-pt\/wp-json\/wp\/v2\/product\/121110","og_locale":"pt_PT","og_type":"article","og_title":"Encomende CRESPINE\u00ae GEL PLUS online | Loja online | Kinami Health","og_description":"Encomende CRESPINE\u00ae GEL PLUS online para proporcionar lubrifica\u00e7\u00e3o articular direcionada e al\u00edvio da dor usando \u00e1cido hialur\u00f3nico reticulado de longa dura\u00e7\u00e3o.","og_url":"https:\/\/kinamihealth.com\/pt-pt\/produto\/crespine-gel-plus\/","og_site_name":"Kinami Health","article_modified_time":"2026-04-03T11:55:16+00:00","og_image":[{"width":800,"height":800,"url":"https:\/\/kinamihealth.com\/wp-content\/uploads\/2025\/03\/CRESPINE.webp","type":"image\/webp"}],"twitter_card":"summary_large_image","twitter_misc":{"Tempo estimado de leitura":"1 minuto"},"schema":{"@context":"https:\/\/schema.org","@graph":[{"@type":"WebPage","@id":"https:\/\/kinamihealth.com\/pt-pt\/produto\/crespine-gel-plus\/","url":"https:\/\/kinamihealth.com\/pt-pt\/produto\/crespine-gel-plus\/","name":"Encomende CRESPINE\u00ae GEL PLUS online | Loja online | Kinami Health","isPartOf":{"@id":"https:\/\/kinamihealth.com\/#website"},"primaryImageOfPage":{"@id":"https:\/\/kinamihealth.com\/pt-pt\/produto\/crespine-gel-plus\/#primaryimage"},"image":{"@id":"https:\/\/kinamihealth.com\/pt-pt\/produto\/crespine-gel-plus\/#primaryimage"},"thumbnailUrl":"https:\/\/kinamihealth.com\/wp-content\/uploads\/2025\/03\/CRESPINE.webp","datePublished":"2025-03-11T18:14:37+00:00","dateModified":"2026-04-03T11:55:16+00:00","description":"Encomende CRESPINE\u00ae GEL PLUS online para proporcionar lubrifica\u00e7\u00e3o articular direcionada e al\u00edvio da dor usando \u00e1cido hialur\u00f3nico reticulado de longa dura\u00e7\u00e3o.","breadcrumb":{"@id":"https:\/\/kinamihealth.com\/pt-pt\/produto\/crespine-gel-plus\/#breadcrumb"},"inLanguage":"pt-PT","potentialAction":[{"@type":"ReadAction","target":["https:\/\/kinamihealth.com\/pt-pt\/produto\/crespine-gel-plus\/"]}]},{"@type":"ImageObject","inLanguage":"pt-PT","@id":"https:\/\/kinamihealth.com\/pt-pt\/produto\/crespine-gel-plus\/#primaryimage","url":"https:\/\/kinamihealth.com\/wp-content\/uploads\/2025\/03\/CRESPINE.webp","contentUrl":"https:\/\/kinamihealth.com\/wp-content\/uploads\/2025\/03\/CRESPINE.webp","width":800,"height":800},{"@type":"BreadcrumbList","@id":"https:\/\/kinamihealth.com\/pt-pt\/produto\/crespine-gel-plus\/#breadcrumb","itemListElement":[{"@type":"ListItem","position":1,"name":"In\u00edcio","item":"https:\/\/kinamihealth.com\/"},{"@type":"ListItem","position":2,"name":"Loja","item":"https:\/\/kinamihealth.com\/shop\/"},{"@type":"ListItem","position":3,"name":"CRESPINE\u00ae GEL PLUS"}]},{"@type":"WebSite","@id":"https:\/\/kinamihealth.com\/#website","url":"https:\/\/kinamihealth.com\/","name":"Kinami Health","description":"","publisher":{"@id":"https:\/\/kinamihealth.com\/#organization"},"potentialAction":[{"@type":"SearchAction","target":{"@type":"EntryPoint","urlTemplate":"https:\/\/kinamihealth.com\/?s={search_term_string}"},"query-input":{"@type":"PropertyValueSpecification","valueRequired":true,"valueName":"search_term_string"}}],"inLanguage":"pt-PT"},{"@type":"Organization","@id":"https:\/\/kinamihealth.com\/#organization","name":"Kinami Health","url":"https:\/\/kinamihealth.com\/","logo":{"@type":"ImageObject","inLanguage":"pt-PT","@id":"https:\/\/kinamihealth.com\/#\/schema\/logo\/image\/","url":"https:\/\/kinamihealth.com\/wp-content\/uploads\/2025\/01\/KH_logo_black_2-1.png","contentUrl":"https:\/\/kinamihealth.com\/wp-content\/uploads\/2025\/01\/KH_logo_black_2-1.png","width":339,"height":34,"caption":"Kinami Health"},"image":{"@id":"https:\/\/kinamihealth.com\/#\/schema\/logo\/image\/"}}]}},"_links":{"self":[{"href":"https:\/\/kinamihealth.com\/pt-pt\/wp-json\/wp\/v2\/product\/121110","targetHints":{"allow":["GET"]}}],"collection":[{"href":"https:\/\/kinamihealth.com\/pt-pt\/wp-json\/wp\/v2\/product"}],"about":[{"href":"https:\/\/kinamihealth.com\/pt-pt\/wp-json\/wp\/v2\/types\/product"}],"replies":[{"embeddable":true,"href":"https:\/\/kinamihealth.com\/pt-pt\/wp-json\/wp\/v2\/comments?post=121110"}],"version-history":[{"count":1,"href":"https:\/\/kinamihealth.com\/pt-pt\/wp-json\/wp\/v2\/product\/121110\/revisions"}],"predecessor-version":[{"id":134621,"href":"https:\/\/kinamihealth.com\/pt-pt\/wp-json\/wp\/v2\/product\/121110\/revisions\/134621"}],"wp:featuredmedia":[{"embeddable":true,"href":"https:\/\/kinamihealth.com\/pt-pt\/wp-json\/wp\/v2\/media\/121111"}],"wp:attachment":[{"href":"https:\/\/kinamihealth.com\/pt-pt\/wp-json\/wp\/v2\/media?parent=121110"}],"wp:term":[{"taxonomy":"product_brand","embeddable":true,"href":"https:\/\/kinamihealth.com\/pt-pt\/wp-json\/wp\/v2\/product_brand?post=121110"},{"taxonomy":"product_cat","embeddable":true,"href":"https:\/\/kinamihealth.com\/pt-pt\/wp-json\/wp\/v2\/product_cat?post=121110"},{"taxonomy":"product_tag","embeddable":true,"href":"https:\/\/kinamihealth.com\/pt-pt\/wp-json\/wp\/v2\/product_tag?post=121110"}],"curies":[{"name":"wp","href":"https:\/\/api.w.org\/{rel}","templated":true}]}}