{"id":121062,"date":"2025-02-15T16:53:55","date_gmt":"2025-02-15T16:53:55","guid":{"rendered":"https:\/\/kinamihealth.com\/product\/bcn-adipo-forte\/"},"modified":"2025-12-13T22:44:12","modified_gmt":"2025-12-13T22:44:12","slug":"bcn-adipo-forte","status":"publish","type":"product","link":"https:\/\/kinamihealth.com\/pt-pt\/produto\/bcn-adipo-forte\/","title":{"rendered":"BCN ADIPO FORTE"},"content":{"rendered":"<p>BCN ADIPO FORTE \u00e9 uma solu\u00e7\u00e3o injet\u00e1vel de mesoterapia avan\u00e7ada<span style=\"font-weight: 400;\"> para profissionais de est\u00e9tica. Esta f\u00f3rmula premium apresenta uma <\/span>mistura sin\u00e9rgica de ingredientes ativos<span style=\"font-weight: 400;\"> que atuam eficazmente e <\/span>eliminam dep\u00f3sitos de gordura localizados em v\u00e1rias \u00e1reas do corpo<span style=\"font-weight: 400;\">.<\/span><\/p>\n","protected":false},"excerpt":{"rendered":"<p>BCN ADIPO FORTE \u00e9 uma solu\u00e7\u00e3o injet\u00e1vel de mesoterapia avan\u00e7ada para profissionais de est\u00e9tica. Esta f\u00f3rmula premium apresenta uma mistura sin\u00e9rgica de ingredientes ativos que atuam eficazmente e eliminam dep\u00f3sitos de gordura localizados em v\u00e1rias \u00e1reas do corpo.<\/p>\n","protected":false},"featured_media":121063,"comment_status":"closed","ping_status":"closed","template":"","meta":{"_acf_changed":false,"inline_featured_image":false},"product_brand":[3190],"product_cat":[4100],"product_tag":[4084],"class_list":{"0":"post-121062","1":"product","2":"type-product","3":"status-publish","4":"has-post-thumbnail","6":"product_brand-bcn","7":"product_cat-mesotherapy-pt-pt","8":"product_tag-medical-devices-pt-pt","10":"first","11":"instock","12":"taxable","13":"shipping-taxable","14":"purchasable","15":"product-type-simple","16":"add-to-wishlist-before_image"},"acf":[],"yoast_head":"<!-- This site is optimized with the Yoast SEO plugin v27.1.1 - https:\/\/yoast.com\/product\/yoast-seo-wordpress\/ -->\n<title>Encomende BCN ADIPO FORTE online | Loja online | Kinami Health<\/title>\n<meta name=\"description\" content=\"Encomende BCN ADIPO FORTE online e tenha acesso a um injet\u00e1vel de mesoterapia concebido para profissionais que tratam dep\u00f3sitos de gordura teimosos e adiposidade localizada.\" \/>\n<meta name=\"robots\" content=\"index, follow, max-snippet:-1, max-image-preview:large, max-video-preview:-1\" \/>\n<link rel=\"canonical\" href=\"https:\/\/kinamihealth.com\/pt-pt\/wp-json\/wp\/v2\/product\/121062\" \/>\n<meta property=\"og:locale\" content=\"pt_PT\" \/>\n<meta property=\"og:type\" content=\"article\" \/>\n<meta property=\"og:title\" content=\"Encomende BCN ADIPO FORTE online | Loja online | Kinami Health\" \/>\n<meta property=\"og:description\" content=\"Encomende BCN ADIPO FORTE online e tenha acesso a um injet\u00e1vel de mesoterapia concebido para profissionais que tratam dep\u00f3sitos de gordura teimosos e adiposidade localizada.\" \/>\n<meta property=\"og:url\" content=\"https:\/\/kinamihealth.com\/pt-pt\/produto\/bcn-adipo-forte\/\" \/>\n<meta property=\"og:site_name\" content=\"Kinami Health\" \/>\n<meta property=\"article:modified_time\" content=\"2025-12-13T22:44:12+00:00\" \/>\n<meta property=\"og:image\" content=\"https:\/\/kinamihealth.com\/wp-content\/uploads\/2025\/02\/BCN-ADIPO-FORTE-01.webp\" \/>\n\t<meta property=\"og:image:width\" content=\"800\" \/>\n\t<meta property=\"og:image:height\" content=\"800\" \/>\n\t<meta property=\"og:image:type\" content=\"image\/webp\" \/>\n<meta name=\"twitter:card\" content=\"summary_large_image\" \/>\n<meta name=\"twitter:label1\" content=\"Tempo estimado de leitura\" \/>\n\t<meta name=\"twitter:data1\" content=\"1 minuto\" \/>\n<!-- \/ Yoast SEO plugin. -->","yoast_head_json":{"title":"Encomende BCN ADIPO FORTE online | Loja online | Kinami Health","description":"Encomende BCN ADIPO FORTE online e tenha acesso a um injet\u00e1vel de mesoterapia concebido para profissionais que tratam dep\u00f3sitos de gordura teimosos e adiposidade localizada.","robots":{"index":"index","follow":"follow","max-snippet":"max-snippet:-1","max-image-preview":"max-image-preview:large","max-video-preview":"max-video-preview:-1"},"canonical":"https:\/\/kinamihealth.com\/pt-pt\/wp-json\/wp\/v2\/product\/121062","og_locale":"pt_PT","og_type":"article","og_title":"Encomende BCN ADIPO FORTE online | Loja online | Kinami Health","og_description":"Encomende BCN ADIPO FORTE online e tenha acesso a um injet\u00e1vel de mesoterapia concebido para profissionais que tratam dep\u00f3sitos de gordura teimosos e adiposidade localizada.","og_url":"https:\/\/kinamihealth.com\/pt-pt\/produto\/bcn-adipo-forte\/","og_site_name":"Kinami Health","article_modified_time":"2025-12-13T22:44:12+00:00","og_image":[{"width":800,"height":800,"url":"https:\/\/kinamihealth.com\/wp-content\/uploads\/2025\/02\/BCN-ADIPO-FORTE-01.webp","type":"image\/webp"}],"twitter_card":"summary_large_image","twitter_misc":{"Tempo estimado de leitura":"1 minuto"},"schema":{"@context":"https:\/\/schema.org","@graph":[{"@type":"WebPage","@id":"https:\/\/kinamihealth.com\/pt-pt\/produto\/bcn-adipo-forte\/","url":"https:\/\/kinamihealth.com\/pt-pt\/produto\/bcn-adipo-forte\/","name":"Encomende BCN ADIPO FORTE online | Loja online | Kinami Health","isPartOf":{"@id":"https:\/\/kinamihealth.com\/#website"},"primaryImageOfPage":{"@id":"https:\/\/kinamihealth.com\/pt-pt\/produto\/bcn-adipo-forte\/#primaryimage"},"image":{"@id":"https:\/\/kinamihealth.com\/pt-pt\/produto\/bcn-adipo-forte\/#primaryimage"},"thumbnailUrl":"https:\/\/kinamihealth.com\/wp-content\/uploads\/2025\/02\/BCN-ADIPO-FORTE-01.webp","datePublished":"2025-02-15T16:53:55+00:00","dateModified":"2025-12-13T22:44:12+00:00","description":"Encomende BCN ADIPO FORTE online e tenha acesso a um injet\u00e1vel de mesoterapia concebido para profissionais que tratam dep\u00f3sitos de gordura teimosos e adiposidade localizada.","breadcrumb":{"@id":"https:\/\/kinamihealth.com\/pt-pt\/produto\/bcn-adipo-forte\/#breadcrumb"},"inLanguage":"pt-PT","potentialAction":[{"@type":"ReadAction","target":["https:\/\/kinamihealth.com\/pt-pt\/produto\/bcn-adipo-forte\/"]}]},{"@type":"ImageObject","inLanguage":"pt-PT","@id":"https:\/\/kinamihealth.com\/pt-pt\/produto\/bcn-adipo-forte\/#primaryimage","url":"https:\/\/kinamihealth.com\/wp-content\/uploads\/2025\/02\/BCN-ADIPO-FORTE-01.webp","contentUrl":"https:\/\/kinamihealth.com\/wp-content\/uploads\/2025\/02\/BCN-ADIPO-FORTE-01.webp","width":800,"height":800},{"@type":"BreadcrumbList","@id":"https:\/\/kinamihealth.com\/pt-pt\/produto\/bcn-adipo-forte\/#breadcrumb","itemListElement":[{"@type":"ListItem","position":1,"name":"In\u00edcio","item":"https:\/\/kinamihealth.com\/"},{"@type":"ListItem","position":2,"name":"Loja","item":"https:\/\/kinamihealth.com\/shop\/"},{"@type":"ListItem","position":3,"name":"BCN ADIPO FORTE"}]},{"@type":"WebSite","@id":"https:\/\/kinamihealth.com\/#website","url":"https:\/\/kinamihealth.com\/","name":"Kinami Health","description":"","publisher":{"@id":"https:\/\/kinamihealth.com\/#organization"},"potentialAction":[{"@type":"SearchAction","target":{"@type":"EntryPoint","urlTemplate":"https:\/\/kinamihealth.com\/?s={search_term_string}"},"query-input":{"@type":"PropertyValueSpecification","valueRequired":true,"valueName":"search_term_string"}}],"inLanguage":"pt-PT"},{"@type":"Organization","@id":"https:\/\/kinamihealth.com\/#organization","name":"Kinami Health","url":"https:\/\/kinamihealth.com\/","logo":{"@type":"ImageObject","inLanguage":"pt-PT","@id":"https:\/\/kinamihealth.com\/#\/schema\/logo\/image\/","url":"https:\/\/kinamihealth.com\/wp-content\/uploads\/2025\/01\/KH_logo_black_2-1.png","contentUrl":"https:\/\/kinamihealth.com\/wp-content\/uploads\/2025\/01\/KH_logo_black_2-1.png","width":339,"height":34,"caption":"Kinami Health"},"image":{"@id":"https:\/\/kinamihealth.com\/#\/schema\/logo\/image\/"}}]}},"_links":{"self":[{"href":"https:\/\/kinamihealth.com\/pt-pt\/wp-json\/wp\/v2\/product\/121062","targetHints":{"allow":["GET"]}}],"collection":[{"href":"https:\/\/kinamihealth.com\/pt-pt\/wp-json\/wp\/v2\/product"}],"about":[{"href":"https:\/\/kinamihealth.com\/pt-pt\/wp-json\/wp\/v2\/types\/product"}],"replies":[{"embeddable":true,"href":"https:\/\/kinamihealth.com\/pt-pt\/wp-json\/wp\/v2\/comments?post=121062"}],"version-history":[{"count":0,"href":"https:\/\/kinamihealth.com\/pt-pt\/wp-json\/wp\/v2\/product\/121062\/revisions"}],"wp:featuredmedia":[{"embeddable":true,"href":"https:\/\/kinamihealth.com\/pt-pt\/wp-json\/wp\/v2\/media\/121063"}],"wp:attachment":[{"href":"https:\/\/kinamihealth.com\/pt-pt\/wp-json\/wp\/v2\/media?parent=121062"}],"wp:term":[{"taxonomy":"product_brand","embeddable":true,"href":"https:\/\/kinamihealth.com\/pt-pt\/wp-json\/wp\/v2\/product_brand?post=121062"},{"taxonomy":"product_cat","embeddable":true,"href":"https:\/\/kinamihealth.com\/pt-pt\/wp-json\/wp\/v2\/product_cat?post=121062"},{"taxonomy":"product_tag","embeddable":true,"href":"https:\/\/kinamihealth.com\/pt-pt\/wp-json\/wp\/v2\/product_tag?post=121062"}],"curies":[{"name":"wp","href":"https:\/\/api.w.org\/{rel}","templated":true}]}}