{"id":121058,"date":"2025-02-15T16:54:00","date_gmt":"2025-02-15T16:54:00","guid":{"rendered":"https:\/\/kinamihealth.com\/product\/bcn-lumen-peptides\/"},"modified":"2025-12-13T23:01:11","modified_gmt":"2025-12-13T23:01:11","slug":"bcn-lumen-peptides","status":"publish","type":"product","link":"https:\/\/kinamihealth.com\/pt-pt\/produto\/bcn-lumen-peptides\/","title":{"rendered":"BCN LUMEN PEPTIDES"},"content":{"rendered":"<p><b>BCN LUMEN PEPTIDES<\/b><span style=\"font-weight: 400;\"> \u00e9 um <\/span><b>produto<\/b><span style=\"font-weight: 400;\"> avan\u00e7ado de mesoterapia desenvolvido pelo Instituto BCN, especificamente formulado para tratar problemas de pigmenta\u00e7\u00e3o, aumentar o brilho da pele e melhorar a sa\u00fade geral da pele.<\/span><\/p>\n","protected":false},"excerpt":{"rendered":"<p>BCN LUMEN PEPTIDES \u00e9 um produto avan\u00e7ado de mesoterapia desenvolvido pelo Instituto BCN, especificamente formulado para tratar problemas de pigmenta\u00e7\u00e3o, aumentar o brilho da pele e melhorar a sa\u00fade geral da pele.<\/p>\n","protected":false},"featured_media":121059,"comment_status":"closed","ping_status":"closed","template":"","meta":{"_acf_changed":false,"inline_featured_image":false},"product_brand":[3190],"product_cat":[4100,4101],"product_tag":[4084],"class_list":{"0":"post-121058","1":"product","2":"type-product","3":"status-publish","4":"has-post-thumbnail","6":"product_brand-bcn","7":"product_cat-mesotherapy-pt-pt","8":"product_cat-signal-peptides-for-skin-pt-pt","9":"product_tag-medical-devices-pt-pt","11":"first","12":"instock","13":"taxable","14":"shipping-taxable","15":"purchasable","16":"product-type-simple","17":"add-to-wishlist-before_image"},"acf":[],"yoast_head":"<!-- This site is optimized with the Yoast SEO plugin v27.1.1 - https:\/\/yoast.com\/product\/yoast-seo-wordpress\/ -->\n<title>Encomende BCN LUMEN PEPTIDES online | Loja online | Kinami Health<\/title>\n<meta name=\"description\" content=\"Encomende BCN LUMEN PEPTIDES para apoiar tratamentos profissionais destinados ao clareamento da pele, corre\u00e7\u00e3o de pigmenta\u00e7\u00e3o e revitaliza\u00e7\u00e3o d\u00e9rmica aprimorada.\" \/>\n<meta name=\"robots\" content=\"index, follow, max-snippet:-1, max-image-preview:large, max-video-preview:-1\" \/>\n<link rel=\"canonical\" href=\"https:\/\/kinamihealth.com\/pt-pt\/wp-json\/wp\/v2\/product\/121058\" \/>\n<meta property=\"og:locale\" content=\"pt_PT\" \/>\n<meta property=\"og:type\" content=\"article\" \/>\n<meta property=\"og:title\" content=\"Encomende BCN LUMEN PEPTIDES online | Loja online | Kinami Health\" \/>\n<meta property=\"og:description\" content=\"Encomende BCN LUMEN PEPTIDES para apoiar tratamentos profissionais destinados ao clareamento da pele, corre\u00e7\u00e3o de pigmenta\u00e7\u00e3o e revitaliza\u00e7\u00e3o d\u00e9rmica aprimorada.\" \/>\n<meta property=\"og:url\" content=\"https:\/\/kinamihealth.com\/pt-pt\/produto\/bcn-lumen-peptides\/\" \/>\n<meta property=\"og:site_name\" content=\"Kinami Health\" \/>\n<meta property=\"article:modified_time\" content=\"2025-12-13T23:01:11+00:00\" \/>\n<meta property=\"og:image\" content=\"https:\/\/kinamihealth.com\/wp-content\/uploads\/2025\/02\/BCN-LUMEN-PEPTIDES-01.webp\" \/>\n\t<meta property=\"og:image:width\" content=\"800\" \/>\n\t<meta property=\"og:image:height\" content=\"800\" \/>\n\t<meta property=\"og:image:type\" content=\"image\/webp\" \/>\n<meta name=\"twitter:card\" content=\"summary_large_image\" \/>\n<meta name=\"twitter:label1\" content=\"Tempo estimado de leitura\" \/>\n\t<meta name=\"twitter:data1\" content=\"1 minuto\" \/>\n<!-- \/ Yoast SEO plugin. -->","yoast_head_json":{"title":"Encomende BCN LUMEN PEPTIDES online | Loja online | Kinami Health","description":"Encomende BCN LUMEN PEPTIDES para apoiar tratamentos profissionais destinados ao clareamento da pele, corre\u00e7\u00e3o de pigmenta\u00e7\u00e3o e revitaliza\u00e7\u00e3o d\u00e9rmica aprimorada.","robots":{"index":"index","follow":"follow","max-snippet":"max-snippet:-1","max-image-preview":"max-image-preview:large","max-video-preview":"max-video-preview:-1"},"canonical":"https:\/\/kinamihealth.com\/pt-pt\/wp-json\/wp\/v2\/product\/121058","og_locale":"pt_PT","og_type":"article","og_title":"Encomende BCN LUMEN PEPTIDES online | Loja online | Kinami Health","og_description":"Encomende BCN LUMEN PEPTIDES para apoiar tratamentos profissionais destinados ao clareamento da pele, corre\u00e7\u00e3o de pigmenta\u00e7\u00e3o e revitaliza\u00e7\u00e3o d\u00e9rmica aprimorada.","og_url":"https:\/\/kinamihealth.com\/pt-pt\/produto\/bcn-lumen-peptides\/","og_site_name":"Kinami Health","article_modified_time":"2025-12-13T23:01:11+00:00","og_image":[{"width":800,"height":800,"url":"https:\/\/kinamihealth.com\/wp-content\/uploads\/2025\/02\/BCN-LUMEN-PEPTIDES-01.webp","type":"image\/webp"}],"twitter_card":"summary_large_image","twitter_misc":{"Tempo estimado de leitura":"1 minuto"},"schema":{"@context":"https:\/\/schema.org","@graph":[{"@type":"WebPage","@id":"https:\/\/kinamihealth.com\/pt-pt\/produto\/bcn-lumen-peptides\/","url":"https:\/\/kinamihealth.com\/pt-pt\/produto\/bcn-lumen-peptides\/","name":"Encomende BCN LUMEN PEPTIDES online | Loja online | Kinami Health","isPartOf":{"@id":"https:\/\/kinamihealth.com\/#website"},"primaryImageOfPage":{"@id":"https:\/\/kinamihealth.com\/pt-pt\/produto\/bcn-lumen-peptides\/#primaryimage"},"image":{"@id":"https:\/\/kinamihealth.com\/pt-pt\/produto\/bcn-lumen-peptides\/#primaryimage"},"thumbnailUrl":"https:\/\/kinamihealth.com\/wp-content\/uploads\/2025\/02\/BCN-LUMEN-PEPTIDES-01.webp","datePublished":"2025-02-15T16:54:00+00:00","dateModified":"2025-12-13T23:01:11+00:00","description":"Encomende BCN LUMEN PEPTIDES para apoiar tratamentos profissionais destinados ao clareamento da pele, corre\u00e7\u00e3o de pigmenta\u00e7\u00e3o e revitaliza\u00e7\u00e3o d\u00e9rmica aprimorada.","breadcrumb":{"@id":"https:\/\/kinamihealth.com\/pt-pt\/produto\/bcn-lumen-peptides\/#breadcrumb"},"inLanguage":"pt-PT","potentialAction":[{"@type":"ReadAction","target":["https:\/\/kinamihealth.com\/pt-pt\/produto\/bcn-lumen-peptides\/"]}]},{"@type":"ImageObject","inLanguage":"pt-PT","@id":"https:\/\/kinamihealth.com\/pt-pt\/produto\/bcn-lumen-peptides\/#primaryimage","url":"https:\/\/kinamihealth.com\/wp-content\/uploads\/2025\/02\/BCN-LUMEN-PEPTIDES-01.webp","contentUrl":"https:\/\/kinamihealth.com\/wp-content\/uploads\/2025\/02\/BCN-LUMEN-PEPTIDES-01.webp","width":800,"height":800},{"@type":"BreadcrumbList","@id":"https:\/\/kinamihealth.com\/pt-pt\/produto\/bcn-lumen-peptides\/#breadcrumb","itemListElement":[{"@type":"ListItem","position":1,"name":"In\u00edcio","item":"https:\/\/kinamihealth.com\/"},{"@type":"ListItem","position":2,"name":"Loja","item":"https:\/\/kinamihealth.com\/shop\/"},{"@type":"ListItem","position":3,"name":"BCN LUMEN PEPTIDES"}]},{"@type":"WebSite","@id":"https:\/\/kinamihealth.com\/#website","url":"https:\/\/kinamihealth.com\/","name":"Kinami Health","description":"","publisher":{"@id":"https:\/\/kinamihealth.com\/#organization"},"potentialAction":[{"@type":"SearchAction","target":{"@type":"EntryPoint","urlTemplate":"https:\/\/kinamihealth.com\/?s={search_term_string}"},"query-input":{"@type":"PropertyValueSpecification","valueRequired":true,"valueName":"search_term_string"}}],"inLanguage":"pt-PT"},{"@type":"Organization","@id":"https:\/\/kinamihealth.com\/#organization","name":"Kinami Health","url":"https:\/\/kinamihealth.com\/","logo":{"@type":"ImageObject","inLanguage":"pt-PT","@id":"https:\/\/kinamihealth.com\/#\/schema\/logo\/image\/","url":"https:\/\/kinamihealth.com\/wp-content\/uploads\/2025\/01\/KH_logo_black_2-1.png","contentUrl":"https:\/\/kinamihealth.com\/wp-content\/uploads\/2025\/01\/KH_logo_black_2-1.png","width":339,"height":34,"caption":"Kinami Health"},"image":{"@id":"https:\/\/kinamihealth.com\/#\/schema\/logo\/image\/"}}]}},"_links":{"self":[{"href":"https:\/\/kinamihealth.com\/pt-pt\/wp-json\/wp\/v2\/product\/121058","targetHints":{"allow":["GET"]}}],"collection":[{"href":"https:\/\/kinamihealth.com\/pt-pt\/wp-json\/wp\/v2\/product"}],"about":[{"href":"https:\/\/kinamihealth.com\/pt-pt\/wp-json\/wp\/v2\/types\/product"}],"replies":[{"embeddable":true,"href":"https:\/\/kinamihealth.com\/pt-pt\/wp-json\/wp\/v2\/comments?post=121058"}],"version-history":[{"count":0,"href":"https:\/\/kinamihealth.com\/pt-pt\/wp-json\/wp\/v2\/product\/121058\/revisions"}],"wp:featuredmedia":[{"embeddable":true,"href":"https:\/\/kinamihealth.com\/pt-pt\/wp-json\/wp\/v2\/media\/121059"}],"wp:attachment":[{"href":"https:\/\/kinamihealth.com\/pt-pt\/wp-json\/wp\/v2\/media?parent=121058"}],"wp:term":[{"taxonomy":"product_brand","embeddable":true,"href":"https:\/\/kinamihealth.com\/pt-pt\/wp-json\/wp\/v2\/product_brand?post=121058"},{"taxonomy":"product_cat","embeddable":true,"href":"https:\/\/kinamihealth.com\/pt-pt\/wp-json\/wp\/v2\/product_cat?post=121058"},{"taxonomy":"product_tag","embeddable":true,"href":"https:\/\/kinamihealth.com\/pt-pt\/wp-json\/wp\/v2\/product_tag?post=121058"}],"curies":[{"name":"wp","href":"https:\/\/api.w.org\/{rel}","templated":true}]}}