{"id":128206,"date":"2025-03-08T19:52:41","date_gmt":"2025-03-08T19:52:41","guid":{"rendered":"https:\/\/kinamihealth.com\/politica-de-devolucoes\/"},"modified":"2026-01-13T20:52:30","modified_gmt":"2026-01-13T20:52:30","slug":"politica-de-devolucoes","status":"publish","type":"page","link":"https:\/\/kinamihealth.com\/pt-pt\/politica-de-devolucoes\/","title":{"rendered":"Pol\u00edtica de Devolu\u00e7\u00f5es"},"content":{"rendered":"\t\t<div data-elementor-type=\"wp-page\" data-elementor-id=\"128206\" class=\"elementor elementor-128206 elementor-102763\" data-elementor-post-type=\"page\">\n\t\t\t\t<div class=\"elementor-element elementor-element-aedcf2e e-con-full e-flex e-con e-parent\" data-id=\"aedcf2e\" data-element_type=\"container\">\n\t\t<div class=\"elementor-element elementor-element-0d116e2 e-con-full e-flex e-con e-child\" data-id=\"0d116e2\" data-element_type=\"container\">\n\t\t\t\t<div class=\"elementor-element elementor-element-a9b986f elementor-widget elementor-widget-heading\" data-id=\"a9b986f\" data-element_type=\"widget\" data-widget_type=\"heading.default\">\n\t\t\t\t<div class=\"elementor-widget-container\">\n\t\t\t\t\t<h1 class=\"elementor-heading-title elementor-size-default\">POL\u00cdTICA DE DEVOLU\u00c7\u00c3O<\/h1>\t\t\t\t<\/div>\n\t\t\t\t<\/div>\n\t\t\t\t<div class=\"elementor-element elementor-element-33cd301 elementor-widget elementor-widget-text-editor\" data-id=\"33cd301\" data-element_type=\"widget\" data-widget_type=\"text-editor.default\">\n\t\t\t\t<div class=\"elementor-widget-container\">\n\t\t\t\t\t\t\t\t\t<p>Caso enfrente alguma complica\u00e7\u00e3o com o seu pedido, contacte imediatamente a Kinami Health. Os nossos representantes de atendimento ao cliente analisar\u00e3o se o seu pedido se qualifica para reembolso. Os reembolsos s\u00e3o concedidos a crit\u00e9rio da Kinami Health e n\u00e3o garantimos que sejam concedidos em todas as circunst\u00e2ncias. <\/p>\n\t\t\t\t\t\t\t\t<\/div>\n\t\t\t\t<\/div>\n\t\t\t\t<div class=\"elementor-element elementor-element-6ea1ece elementor-widget elementor-widget-heading\" data-id=\"6ea1ece\" data-element_type=\"widget\" data-widget_type=\"heading.default\">\n\t\t\t\t<div class=\"elementor-widget-container\">\n\t\t\t\t\t<h3 class=\"elementor-heading-title elementor-size-default\">Que pedidos podem ser eleg\u00edveis para reembolso?<\/h3>\t\t\t\t<\/div>\n\t\t\t\t<\/div>\n\t\t\t\t<div class=\"elementor-element elementor-element-5059d05 elementor-widget elementor-widget-text-editor\" data-id=\"5059d05\" data-element_type=\"widget\" data-widget_type=\"text-editor.default\">\n\t\t\t\t<div class=\"elementor-widget-container\">\n\t\t\t\t\t\t\t\t\t<p>No improv\u00e1vel caso de ficar insatisfeito com a encomenda que recebeu, por favor contacte a Kinami Health. S\u00f3 emitiremos reembolsos nas seguintes circunst\u00e2ncias: se tivermos representado a embalagem do produto quando fez a encomenda; Se recebeu uma encomenda danificada; Se o produto estiver provado inativo quando o usa inicialmente. Em qualquer um destes casos, deve reter os produtos at\u00e9 receber novas instru\u00e7\u00f5es da Kinami Health. Se determinarmos que deve receber um reembolso, pode pedir que enviemos uma substitui\u00e7\u00e3o ou receber um reembolso total ou cr\u00e9dito na conta desse artigo.   <\/p>\n\t\t\t\t\t\t\t\t<\/div>\n\t\t\t\t<\/div>\n\t\t\t\t<div class=\"elementor-element elementor-element-0ba7f55 elementor-widget elementor-widget-heading\" data-id=\"0ba7f55\" data-element_type=\"widget\" data-widget_type=\"heading.default\">\n\t\t\t\t<div class=\"elementor-widget-container\">\n\t\t\t\t\t<h3 class=\"elementor-heading-title elementor-size-default\">Que informa\u00e7\u00e3o preciso para devolver um produto?<\/h3>\t\t\t\t<\/div>\n\t\t\t\t<\/div>\n\t\t\t\t<div class=\"elementor-element elementor-element-a599cca elementor-widget elementor-widget-text-editor\" data-id=\"a599cca\" data-element_type=\"widget\" data-widget_type=\"text-editor.default\">\n\t\t\t\t<div class=\"elementor-widget-container\">\n\t\t\t\t\t\t\t\t\t<p>A Kinami Health n\u00e3o aceita devolu\u00e7\u00f5es de produtos. N\u00e3o hesite em contactar o servi\u00e7o de apoio ao cliente para obter orienta\u00e7\u00f5es. Caso tenha utilizado o dispositivo m\u00e9dico e tenha constatado algum defeito durante a sua utiliza\u00e7\u00e3o, guarde o n\u00famero de lote e a data de validade no processo do cliente. <\/p>\n\t\t\t\t\t\t\t\t<\/div>\n\t\t\t\t<\/div>\n\t\t\t\t<div class=\"elementor-element elementor-element-4a00179 elementor-widget elementor-widget-heading\" data-id=\"4a00179\" data-element_type=\"widget\" data-widget_type=\"heading.default\">\n\t\t\t\t<div class=\"elementor-widget-container\">\n\t\t\t\t\t<h3 class=\"elementor-heading-title elementor-size-default\">Como posso obter um reembolso?<\/h3>\t\t\t\t<\/div>\n\t\t\t\t<\/div>\n\t\t\t\t<div class=\"elementor-element elementor-element-ebc5921 elementor-widget elementor-widget-text-editor\" data-id=\"ebc5921\" data-element_type=\"widget\" data-widget_type=\"text-editor.default\">\n\t\t\t\t<div class=\"elementor-widget-container\">\n\t\t\t\t\t\t\t\t\t<p>Dependendo das circunst\u00e2ncias, poder\u00e1 conseguir receber um reembolso segundo as nossas instru\u00e7\u00f5es. Pode pedir que enviemos uma substitui\u00e7\u00e3o para o mesmo endere\u00e7o de envio do original ou receber um reembolso total ou cr\u00e9dito na conta desse artigo. Este cr\u00e9dito na conta aplica-se a qualquer compra futura do mesmo produto ou de um diferente.  <\/p>\n<p>Por favor, note que quaisquer defeitos\/problemas no produto devem ser reportados no prazo de 6 meses a contar da data de compra para que se possa receber substitui\u00e7\u00e3o ou reembolso. N\u00e3o iremos substituir nem reembolsar quaisquer artigos com problemas que nos sejam reportados ap\u00f3s o fim deste per\u00edodo. <\/p>\n\t\t\t\t\t\t\t\t<\/div>\n\t\t\t\t<\/div>\n\t\t\t\t<div class=\"elementor-element elementor-element-997b036 elementor-widget elementor-widget-heading\" data-id=\"997b036\" data-element_type=\"widget\" data-widget_type=\"heading.default\">\n\t\t\t\t<div class=\"elementor-widget-container\">\n\t\t\t\t\t<h3 class=\"elementor-heading-title elementor-size-default\">Terei sempre direito a um reembolso?<\/h3>\t\t\t\t<\/div>\n\t\t\t\t<\/div>\n\t\t\t\t<div class=\"elementor-element elementor-element-c7f4c64 elementor-widget elementor-widget-text-editor\" data-id=\"c7f4c64\" data-element_type=\"widget\" data-widget_type=\"text-editor.default\">\n\t\t\t\t<div class=\"elementor-widget-container\">\n\t\t\t\t\t\t\t\t\t<p>A Kinami Health oferece reembolsos \u00e0 nossa pr\u00f3pria discri\u00e7\u00e3o. N\u00e3o podemos garantir que iremos oferecer um reembolso em todas as circunst\u00e2ncias. No entanto, fazemos o nosso melhor para garantir que fique satisfeito com a sua encomenda de material m\u00e9dico. Se tiver alguma d\u00favida ou preocupa\u00e7\u00e3o sobre esta pol\u00edtica, contacte-nos para mais informa\u00e7\u00f5es.   <\/p>\n\t\t\t\t\t\t\t\t<\/div>\n\t\t\t\t<\/div>\n\t\t\t\t<\/div>\n\t\t\t\t<\/div>\n\t\t\t\t<\/div>\n\t\t","protected":false},"excerpt":{"rendered":"<p>POL\u00cdTICA DE DEVOLU\u00c7\u00c3O Caso enfrente alguma complica\u00e7\u00e3o com o seu pedido, contacte imediatamente a Kinami Health. Os nossos representantes de atendimento ao cliente analisar\u00e3o se o seu pedido se qualifica para reembolso. Os reembolsos s\u00e3o concedidos a crit\u00e9rio da Kinami Health e n\u00e3o garantimos que sejam concedidos em todas as circunst\u00e2ncias. Que pedidos podem ser [&hellip;]<\/p>\n","protected":false},"author":1,"featured_media":0,"parent":0,"menu_order":0,"comment_status":"closed","ping_status":"closed","template":"elementor_header_footer","meta":{"_acf_changed":false,"inline_featured_image":false,"footnotes":""},"class_list":["post-128206","page","type-page","status-publish","hentry"],"acf":[],"yoast_head":"<!-- This site is optimized with the Yoast SEO plugin v27.3 - https:\/\/yoast.com\/product\/yoast-seo-wordpress\/ -->\n<title>Pol\u00edtica de Devolu\u00e7\u00f5es - Kinami Health<\/title>\n<meta name=\"description\" content=\"A Pol\u00edtica de Devolu\u00e7\u00e3o descreve claramente as condi\u00e7\u00f5es e os procedimentos da Kinami Health para a devolu\u00e7\u00e3o ou troca de produtos adquiridos online.\" \/>\n<meta name=\"robots\" content=\"index, follow, max-snippet:-1, max-image-preview:large, max-video-preview:-1\" \/>\n<link rel=\"canonical\" href=\"https:\/\/kinamihealth.com\/pt-pt\/wp-json\/wp\/v2\/pages\/128206\" \/>\n<meta property=\"og:locale\" content=\"pt_PT\" \/>\n<meta property=\"og:type\" content=\"article\" \/>\n<meta property=\"og:title\" content=\"Pol\u00edtica de Devolu\u00e7\u00f5es - Kinami Health\" \/>\n<meta property=\"og:description\" content=\"A Pol\u00edtica de Devolu\u00e7\u00e3o descreve claramente as condi\u00e7\u00f5es e os procedimentos da Kinami Health para a devolu\u00e7\u00e3o ou troca de produtos adquiridos online.\" \/>\n<meta property=\"og:url\" content=\"https:\/\/kinamihealth.com\/return-policy\/\" \/>\n<meta property=\"og:site_name\" content=\"Kinami Health\" \/>\n<meta property=\"article:modified_time\" content=\"2026-01-13T20:52:30+00:00\" \/>\n<meta name=\"twitter:card\" content=\"summary_large_image\" \/>\n<meta name=\"twitter:label1\" content=\"Tempo estimado de leitura\" \/>\n\t<meta name=\"twitter:data1\" content=\"2 minutos\" \/>\n<!-- \/ Yoast SEO plugin. -->","yoast_head_json":{"title":"Pol\u00edtica de Devolu\u00e7\u00f5es - Kinami Health","description":"A Pol\u00edtica de Devolu\u00e7\u00e3o descreve claramente as condi\u00e7\u00f5es e os procedimentos da Kinami Health para a devolu\u00e7\u00e3o ou troca de produtos adquiridos online.","robots":{"index":"index","follow":"follow","max-snippet":"max-snippet:-1","max-image-preview":"max-image-preview:large","max-video-preview":"max-video-preview:-1"},"canonical":"https:\/\/kinamihealth.com\/pt-pt\/wp-json\/wp\/v2\/pages\/128206","og_locale":"pt_PT","og_type":"article","og_title":"Pol\u00edtica de Devolu\u00e7\u00f5es - Kinami Health","og_description":"A Pol\u00edtica de Devolu\u00e7\u00e3o descreve claramente as condi\u00e7\u00f5es e os procedimentos da Kinami Health para a devolu\u00e7\u00e3o ou troca de produtos adquiridos online.","og_url":"https:\/\/kinamihealth.com\/return-policy\/","og_site_name":"Kinami Health","article_modified_time":"2026-01-13T20:52:30+00:00","twitter_card":"summary_large_image","twitter_misc":{"Tempo estimado de leitura":"2 minutos"},"schema":{"@context":"https:\/\/schema.org","@graph":[{"@type":"WebPage","@id":"https:\/\/kinamihealth.com\/return-policy\/","url":"https:\/\/kinamihealth.com\/return-policy\/","name":"Pol\u00edtica de Devolu\u00e7\u00f5es - Kinami Health","isPartOf":{"@id":"https:\/\/kinamihealth.com\/#website"},"datePublished":"2025-03-08T19:52:41+00:00","dateModified":"2026-01-13T20:52:30+00:00","description":"A Pol\u00edtica de Devolu\u00e7\u00e3o descreve claramente as condi\u00e7\u00f5es e os procedimentos da Kinami Health para a devolu\u00e7\u00e3o ou troca de produtos adquiridos online.","breadcrumb":{"@id":"https:\/\/kinamihealth.com\/return-policy\/#breadcrumb"},"inLanguage":"pt-PT","potentialAction":[{"@type":"ReadAction","target":["https:\/\/kinamihealth.com\/return-policy\/"]}]},{"@type":"BreadcrumbList","@id":"https:\/\/kinamihealth.com\/return-policy\/#breadcrumb","itemListElement":[{"@type":"ListItem","position":1,"name":"In\u00edcio","item":"https:\/\/kinamihealth.com\/"},{"@type":"ListItem","position":2,"name":"Pol\u00edtica de Devolu\u00e7\u00f5es"}]},{"@type":"WebSite","@id":"https:\/\/kinamihealth.com\/#website","url":"https:\/\/kinamihealth.com\/","name":"Kinami Health","description":"","publisher":{"@id":"https:\/\/kinamihealth.com\/#organization"},"potentialAction":[{"@type":"SearchAction","target":{"@type":"EntryPoint","urlTemplate":"https:\/\/kinamihealth.com\/?s={search_term_string}"},"query-input":{"@type":"PropertyValueSpecification","valueRequired":true,"valueName":"search_term_string"}}],"inLanguage":"pt-PT"},{"@type":"Organization","@id":"https:\/\/kinamihealth.com\/#organization","name":"Kinami Health","url":"https:\/\/kinamihealth.com\/","logo":{"@type":"ImageObject","inLanguage":"pt-PT","@id":"https:\/\/kinamihealth.com\/#\/schema\/logo\/image\/","url":"https:\/\/kinamihealth.com\/wp-content\/uploads\/2025\/01\/KH_logo_black_2-1.png","contentUrl":"https:\/\/kinamihealth.com\/wp-content\/uploads\/2025\/01\/KH_logo_black_2-1.png","width":339,"height":34,"caption":"Kinami Health"},"image":{"@id":"https:\/\/kinamihealth.com\/#\/schema\/logo\/image\/"}}]}},"_links":{"self":[{"href":"https:\/\/kinamihealth.com\/pt-pt\/wp-json\/wp\/v2\/pages\/128206","targetHints":{"allow":["GET"]}}],"collection":[{"href":"https:\/\/kinamihealth.com\/pt-pt\/wp-json\/wp\/v2\/pages"}],"about":[{"href":"https:\/\/kinamihealth.com\/pt-pt\/wp-json\/wp\/v2\/types\/page"}],"author":[{"embeddable":true,"href":"https:\/\/kinamihealth.com\/pt-pt\/wp-json\/wp\/v2\/users\/1"}],"replies":[{"embeddable":true,"href":"https:\/\/kinamihealth.com\/pt-pt\/wp-json\/wp\/v2\/comments?post=128206"}],"version-history":[{"count":0,"href":"https:\/\/kinamihealth.com\/pt-pt\/wp-json\/wp\/v2\/pages\/128206\/revisions"}],"wp:attachment":[{"href":"https:\/\/kinamihealth.com\/pt-pt\/wp-json\/wp\/v2\/media?parent=128206"}],"curies":[{"name":"wp","href":"https:\/\/api.w.org\/{rel}","templated":true}]}}