{"id":128186,"date":"2025-01-24T11:33:03","date_gmt":"2025-01-24T11:33:03","guid":{"rendered":"https:\/\/kinamihealth.com\/politica-de-privacidade\/"},"modified":"2026-04-03T08:14:15","modified_gmt":"2026-04-03T08:14:15","slug":"politica-de-privacidade","status":"publish","type":"page","link":"https:\/\/kinamihealth.com\/pt-pt\/politica-de-privacidade\/","title":{"rendered":"Pol\u00edtica de Privacidade"},"content":{"rendered":"\t\t<div data-elementor-type=\"wp-page\" data-elementor-id=\"128186\" class=\"elementor elementor-128186 elementor-170\" data-elementor-post-type=\"page\">\n\t\t\t\t<div class=\"elementor-element elementor-element-ba0f681 e-con-full e-flex e-con e-parent\" data-id=\"ba0f681\" data-element_type=\"container\">\n\t\t\t\t<div class=\"elementor-element elementor-element-59b233e elementor-widget elementor-widget-heading\" data-id=\"59b233e\" data-element_type=\"widget\" data-widget_type=\"heading.default\">\n\t\t\t\t<div class=\"elementor-widget-container\">\n\t\t\t\t\t<h1 class=\"elementor-heading-title elementor-size-default\">Pol\u00edtica de privacidade<\/h1>\t\t\t\t<\/div>\n\t\t\t\t<\/div>\n\t\t\t\t<div class=\"elementor-element elementor-element-5619c36 elementor-widget elementor-widget-text-editor\" data-id=\"5619c36\" data-element_type=\"widget\" data-widget_type=\"text-editor.default\">\n\t\t\t\t<div class=\"elementor-widget-container\">\n\t\t\t\t\t\t\t\t\t<p><strong><b>Data de Entrada em Vigor:<\/b><\/strong> 11 de mar\u00e7o de 2025<\/p>\n<p>Na <a href=\"https:\/\/kinamihealth.com\/pt-pt\/\">Kinami Health<\/a> estamos comprometidos em proteger e respeitar a privacidade dos nossos clientes. Esta Pol\u00edtica de Privacidade descreve como recolhemos, utilizamos e protegemos as suas informa\u00e7\u00f5es pessoais quando visita o nosso site e utiliza os nossos servi\u00e7os. <\/p>\n\t\t\t\t\t\t\t\t<\/div>\n\t\t\t\t<\/div>\n\t\t\t\t<div class=\"elementor-element elementor-element-3446acd elementor-widget elementor-widget-heading\" data-id=\"3446acd\" data-element_type=\"widget\" data-widget_type=\"heading.default\">\n\t\t\t\t<div class=\"elementor-widget-container\">\n\t\t\t\t\t<h3 class=\"elementor-heading-title elementor-size-default\">1. Informa\u00e7\u00e3o que recolhemos<\/h3>\t\t\t\t<\/div>\n\t\t\t\t<\/div>\n\t\t\t\t<div class=\"elementor-element elementor-element-7df8990 elementor-hidden-desktop elementor-hidden-laptop elementor-hidden-tablet elementor-hidden-mobile elementor-widget elementor-widget-text-editor\" data-id=\"7df8990\" data-element_type=\"widget\" data-widget_type=\"text-editor.default\">\n\t\t\t\t<div class=\"elementor-widget-container\">\n\t\t\t\t\t\t\t\t\t<p>Recolhemos informa\u00e7\u00f5es pessoais que nos fornece diretamente quando cria uma conta, faz uma encomenda ou utiliza os nossos servi\u00e7os. Isto pode incluir o seu nome, morada, endere\u00e7o de email, n\u00famero de telefone e informa\u00e7\u00f5es de pagamento. Al\u00e9m disso, recolhemos informa\u00e7\u00f5es t\u00e9cnicas atrav\u00e9s do uso de cookies para melhorar a sua experi\u00eancia no nosso site, incluindo informa\u00e7\u00f5es sobre o tipo de navegador, endere\u00e7o IP, p\u00e1ginas visitadas e tempo passado no nosso site.<\/p>\t\t\t\t\t\t\t\t<\/div>\n\t\t\t\t<\/div>\n\t\t\t\t<div class=\"elementor-element elementor-element-59aec2a elementor-widget elementor-widget-text-editor\" data-id=\"59aec2a\" data-element_type=\"widget\" data-widget_type=\"text-editor.default\">\n\t\t\t\t<div class=\"elementor-widget-container\">\n\t\t\t\t\t\t\t\t\t<p>Recolhemos as informa\u00e7\u00f5es pessoais que nos fornece diretamente quando cria uma conta, efetua uma encomenda ou utiliza os nossos servi\u00e7os. Estas podem incluir o seu nome, morada, endere\u00e7o de e-mail, n\u00famero de telefone e informa\u00e7\u00f5es de pagamento. O seu n\u00famero de telem\u00f3vel, caso seja fornecido, ser\u00e1 utilizado exclusivamente para facilitar as comunica\u00e7\u00f5es relacionadas com as suas encomendas e a atividade da sua conta em <a href=\"\/\">http:\/\/kinamihealth.com<\/a> \u2014 tais como confirma\u00e7\u00f5es de encomendas e atualiza\u00e7\u00f5es sobre o envio. As informa\u00e7\u00f5es de telem\u00f3vel n\u00e3o ser\u00e3o partilhadas com terceiros ou afiliados para fins de marketing ou promocionais. Pode optar por n\u00e3o receber comunica\u00e7\u00f5es por SMS a qualquer momento, respondendo STOP a qualquer mensagem ou contactando-nos atrav\u00e9s do e-mail <a href=\"mailto:info@kinamihealth.com\">info@kinamihealth.com<\/a> ou do n\u00famero +<a href=\"tel:+447488890499\">44 7488 890499<\/a>.<\/p>\t\t\t\t\t\t\t\t<\/div>\n\t\t\t\t<\/div>\n\t\t\t\t<div class=\"elementor-element elementor-element-36ac52f elementor-widget elementor-widget-heading\" data-id=\"36ac52f\" data-element_type=\"widget\" data-widget_type=\"heading.default\">\n\t\t\t\t<div class=\"elementor-widget-container\">\n\t\t\t\t\t<h3 class=\"elementor-heading-title elementor-size-default\">2. Utiliza\u00e7\u00e3o de Informa\u00e7\u00e3o Pessoal<\/h3>\t\t\t\t<\/div>\n\t\t\t\t<\/div>\n\t\t\t\t<div class=\"elementor-element elementor-element-1e6b3aa elementor-widget elementor-widget-text-editor\" data-id=\"1e6b3aa\" data-element_type=\"widget\" data-widget_type=\"text-editor.default\">\n\t\t\t\t<div class=\"elementor-widget-container\">\n\t\t\t\t\t\t\t\t\t<p>A informa\u00e7\u00e3o que recolhemos \u00e9 usada para processar as suas encomendas, prestar servi\u00e7o ao cliente e melhorar o nosso site. Tamb\u00e9m podemos enviar-lhe emails promocionais ou newsletters se optar por receber essas comunica\u00e7\u00f5es. Pode optar por n\u00e3o participar nestas comunica\u00e7\u00f5es a qualquer momento, seguindo as instru\u00e7\u00f5es de cancelamento da subscri\u00e7\u00e3o nos nossos emails.  <\/p>\n\t\t\t\t\t\t\t\t<\/div>\n\t\t\t\t<\/div>\n\t\t\t\t<div class=\"elementor-element elementor-element-ef48ffb elementor-widget elementor-widget-heading\" data-id=\"ef48ffb\" data-element_type=\"widget\" data-widget_type=\"heading.default\">\n\t\t\t\t<div class=\"elementor-widget-container\">\n\t\t\t\t\t<h3 class=\"elementor-heading-title elementor-size-default\">3. Partilha de Informa\u00e7\u00e3o<\/h3>\t\t\t\t<\/div>\n\t\t\t\t<\/div>\n\t\t\t\t<div class=\"elementor-element elementor-element-74a517e elementor-widget elementor-widget-text-editor\" data-id=\"74a517e\" data-element_type=\"widget\" data-widget_type=\"text-editor.default\">\n\t\t\t\t<div class=\"elementor-widget-container\">\n\t\t\t\t\t\t\t\t\t<p>Podemos partilhar as suas informa\u00e7\u00f5es pessoais com prestadores de servi\u00e7os terceiros que nos ajudam a cumprir encomendas, processar pagamentos e entregar produtos ou servi\u00e7os para si. Estes terceiros s\u00e3o obrigados a proteger as suas informa\u00e7\u00f5es pessoais e s\u00f3 podem utiliz\u00e1-las para os fins para os quais foram fornecidas. <\/p>\n<p>Em determinadas circunst\u00e2ncias, podemos ser obrigados a divulgar informa\u00e7\u00f5es pessoais para cumprir obriga\u00e7\u00f5es legais, resolver disputas ou fazer cumprir acordos.<\/p>\n\t\t\t\t\t\t\t\t<\/div>\n\t\t\t\t<\/div>\n\t\t\t\t<div class=\"elementor-element elementor-element-3fe0f7c elementor-widget elementor-widget-heading\" data-id=\"3fe0f7c\" data-element_type=\"widget\" data-widget_type=\"heading.default\">\n\t\t\t\t<div class=\"elementor-widget-container\">\n\t\t\t\t\t<h3 class=\"elementor-heading-title elementor-size-default\">4. Cookies e Tecnologias de Rastreio<\/h3>\t\t\t\t<\/div>\n\t\t\t\t<\/div>\n\t\t\t\t<div class=\"elementor-element elementor-element-9adc1d9 elementor-widget elementor-widget-text-editor\" data-id=\"9adc1d9\" data-element_type=\"widget\" data-widget_type=\"text-editor.default\">\n\t\t\t\t<div class=\"elementor-widget-container\">\n\t\t\t\t\t\t\t\t\t<p>Utilizamos cookies e tecnologias de rastreamento semelhantes para melhorar a sua experi\u00eancia no nosso site. Os cookies s\u00e3o pequenos ficheiros armazenados no seu dispositivo que nos permitem memorizar as suas prefer\u00eancias e melhorar as suas intera\u00e7\u00f5es com o nosso site. Pode gerir ou desativar cookies atrav\u00e9s das defini\u00e7\u00f5es do seu navegador, mas faz\u00ea-lo pode limitar a sua capacidade de usar algumas funcionalidades do nosso site.  <\/p>\n\t\t\t\t\t\t\t\t<\/div>\n\t\t\t\t<\/div>\n\t\t\t\t<div class=\"elementor-element elementor-element-a285763 elementor-widget elementor-widget-heading\" data-id=\"a285763\" data-element_type=\"widget\" data-widget_type=\"heading.default\">\n\t\t\t\t<div class=\"elementor-widget-container\">\n\t\t\t\t\t<h3 class=\"elementor-heading-title elementor-size-default\">5. Seguran\u00e7a<\/h3>\t\t\t\t<\/div>\n\t\t\t\t<\/div>\n\t\t\t\t<div class=\"elementor-element elementor-element-40f0825 elementor-widget elementor-widget-text-editor\" data-id=\"40f0825\" data-element_type=\"widget\" data-widget_type=\"text-editor.default\">\n\t\t\t\t<div class=\"elementor-widget-container\">\n\t\t\t\t\t\t\t\t\t<p>Tomamos as medidas de seguran\u00e7a adequadas para proteger as suas informa\u00e7\u00f5es pessoais contra acessos n\u00e3o autorizados, altera\u00e7\u00f5es ou destrui\u00e7\u00e3o. Para transa\u00e7\u00f5es sens\u00edveis, como pagamentos com cart\u00e3o de cr\u00e9dito, utilizamos tecnologias de encripta\u00e7\u00e3o (como SSL) para proteger os seus dados. <\/p>\n\t\t\t\t\t\t\t\t<\/div>\n\t\t\t\t<\/div>\n\t\t\t\t<div class=\"elementor-element elementor-element-0e8d4b3 elementor-widget elementor-widget-heading\" data-id=\"0e8d4b3\" data-element_type=\"widget\" data-widget_type=\"heading.default\">\n\t\t\t\t<div class=\"elementor-widget-container\">\n\t\t\t\t\t<h3 class=\"elementor-heading-title elementor-size-default\">6. Aceder e Atualizar a Sua Informa\u00e7\u00e3o<\/h3>\t\t\t\t<\/div>\n\t\t\t\t<\/div>\n\t\t\t\t<div class=\"elementor-element elementor-element-774f0bb elementor-widget elementor-widget-text-editor\" data-id=\"774f0bb\" data-element_type=\"widget\" data-widget_type=\"text-editor.default\">\n\t\t\t\t<div class=\"elementor-widget-container\">\n\t\t\t\t\t\t\t\t\t<p>Tem o direito de aceder, corrigir ou eliminar as suas informa\u00e7\u00f5es pessoais armazenadas connosco. Pode atualizar as suas informa\u00e7\u00f5es diretamente nas defini\u00e7\u00f5es da sua conta ou contactar-nos sales@kinamihealth.com para obter assist\u00eancia. <\/p>\n\t\t\t\t\t\t\t\t<\/div>\n\t\t\t\t<\/div>\n\t\t\t\t<div class=\"elementor-element elementor-element-a5fb829 elementor-widget elementor-widget-heading\" data-id=\"a5fb829\" data-element_type=\"widget\" data-widget_type=\"heading.default\">\n\t\t\t\t<div class=\"elementor-widget-container\">\n\t\t\t\t\t<h3 class=\"elementor-heading-title elementor-size-default\">7. Reten\u00e7\u00e3o de Informa\u00e7\u00e3o Pessoal<\/h3>\t\t\t\t<\/div>\n\t\t\t\t<\/div>\n\t\t\t\t<div class=\"elementor-element elementor-element-85b7798 elementor-widget elementor-widget-text-editor\" data-id=\"85b7798\" data-element_type=\"widget\" data-widget_type=\"text-editor.default\">\n\t\t\t\t<div class=\"elementor-widget-container\">\n\t\t\t\t\t\t\t\t\t<p>Retemos as suas informa\u00e7\u00f5es pessoais apenas pelo tempo necess\u00e1rio para cumprir os prop\u00f3sitos para os quais foram recolhidas, ou conforme exigido por lei. Assim que os seus dados deixarem de ser necess\u00e1rios, iremos apag\u00e1-los ou anonimiz\u00e1-los de forma segura. <\/p>\n\t\t\t\t\t\t\t\t<\/div>\n\t\t\t\t<\/div>\n\t\t\t\t<div class=\"elementor-element elementor-element-8bfda40 elementor-widget elementor-widget-heading\" data-id=\"8bfda40\" data-element_type=\"widget\" data-widget_type=\"heading.default\">\n\t\t\t\t<div class=\"elementor-widget-container\">\n\t\t\t\t\t<h3 class=\"elementor-heading-title elementor-size-default\">8. Liga\u00e7\u00f5es de Terceiros<\/h3>\t\t\t\t<\/div>\n\t\t\t\t<\/div>\n\t\t\t\t<div class=\"elementor-element elementor-element-77586f4 elementor-widget elementor-widget-text-editor\" data-id=\"77586f4\" data-element_type=\"widget\" data-widget_type=\"text-editor.default\">\n\t\t\t\t<div class=\"elementor-widget-container\">\n\t\t\t\t\t\t\t\t\t<p>O nosso site pode conter liga\u00e7\u00f5es para outros sites que n\u00e3o s\u00e3o controlados por n\u00f3s. N\u00e3o somos respons\u00e1veis pelas pr\u00e1ticas de privacidade nem pelo conte\u00fado destes sites externos. Encorajamo-lo a rever as pol\u00edticas de privacidade de quaisquer sites de terceiros que visite.  <\/p>\n\t\t\t\t\t\t\t\t<\/div>\n\t\t\t\t<\/div>\n\t\t\t\t<div class=\"elementor-element elementor-element-bf4eec8 elementor-widget elementor-widget-heading\" data-id=\"bf4eec8\" data-element_type=\"widget\" data-widget_type=\"heading.default\">\n\t\t\t\t<div class=\"elementor-widget-container\">\n\t\t\t\t\t<h3 class=\"elementor-heading-title elementor-size-default\">9. Privacidade das Crian\u00e7as<\/h3>\t\t\t\t<\/div>\n\t\t\t\t<\/div>\n\t\t\t\t<div class=\"elementor-element elementor-element-6731623 elementor-widget elementor-widget-text-editor\" data-id=\"6731623\" data-element_type=\"widget\" data-widget_type=\"text-editor.default\">\n\t\t\t\t<div class=\"elementor-widget-container\">\n\t\t\t\t\t\t\t\t\t<p>Os nossos servi\u00e7os n\u00e3o se destinam a pessoas com menos de 18 anos. N\u00e3o recolhemos nem solicitamos conscientemente informa\u00e7\u00f5es pessoais de crian\u00e7as com menos de 18 anos. Se descobrirmos que recolhemos informa\u00e7\u00f5es pessoais de uma crian\u00e7a com menos de 18 anos, tomaremos medidas para apagar essa informa\u00e7\u00e3o.  <\/p>\n\t\t\t\t\t\t\t\t<\/div>\n\t\t\t\t<\/div>\n\t\t\t\t<div class=\"elementor-element elementor-element-3e61a26 elementor-widget elementor-widget-heading\" data-id=\"3e61a26\" data-element_type=\"widget\" data-widget_type=\"heading.default\">\n\t\t\t\t<div class=\"elementor-widget-container\">\n\t\t\t\t\t<h3 class=\"elementor-heading-title elementor-size-default\">10. Altera\u00e7\u00f5es a Esta Pol\u00edtica de Privacidade<\/h3>\t\t\t\t<\/div>\n\t\t\t\t<\/div>\n\t\t\t\t<div class=\"elementor-element elementor-element-812633f elementor-widget elementor-widget-text-editor\" data-id=\"812633f\" data-element_type=\"widget\" data-widget_type=\"text-editor.default\">\n\t\t\t\t<div class=\"elementor-widget-container\">\n\t\t\t\t\t\t\t\t\t<p>Podemos atualizar esta Pol\u00edtica de Privacidade periodicamente. Se fizermos altera\u00e7\u00f5es significativas, notificaremos por email ou atrav\u00e9s de um aviso no nosso site. Por favor, consulte periodicamente esta Pol\u00edtica de Privacidade para quaisquer atualiza\u00e7\u00f5es.  <\/p>\n\t\t\t\t\t\t\t\t<\/div>\n\t\t\t\t<\/div>\n\t\t\t\t<div class=\"elementor-element elementor-element-bad29ff elementor-widget elementor-widget-heading\" data-id=\"bad29ff\" data-element_type=\"widget\" data-widget_type=\"heading.default\">\n\t\t\t\t<div class=\"elementor-widget-container\">\n\t\t\t\t\t<h3 class=\"elementor-heading-title elementor-size-default\">11. Contacte-nos<\/h3>\t\t\t\t<\/div>\n\t\t\t\t<\/div>\n\t\t\t\t<div class=\"elementor-element elementor-element-ab7dbf2 elementor-widget elementor-widget-text-editor\" data-id=\"ab7dbf2\" data-element_type=\"widget\" data-widget_type=\"text-editor.default\">\n\t\t\t\t<div class=\"elementor-widget-container\">\n\t\t\t\t\t\t\t\t\tSe tiver alguma quest\u00e3o ou preocupa\u00e7\u00e3o sobre esta Pol\u00edtica de Privacidade ou sobre a forma como tratamos as suas informa\u00e7\u00f5es pessoais, por favor contacte-nos pelo <a href=\"mailto:info@kinamihealth.com\">info@kinamihealth.com<\/a> ou <a href=\"tel:+18883488961\">+1 (888) 348-8961<\/a>.\t\t\t\t\t\t\t\t<\/div>\n\t\t\t\t<\/div>\n\t\t\t\t<\/div>\n\t\t\t\t<\/div>\n\t\t","protected":false},"excerpt":{"rendered":"<p>Pol\u00edtica de privacidade Data de Entrada em Vigor: 11 de mar\u00e7o de 2025 Na Kinami Health estamos comprometidos em proteger e respeitar a privacidade dos nossos clientes. Esta Pol\u00edtica de Privacidade descreve como recolhemos, utilizamos e protegemos as suas informa\u00e7\u00f5es pessoais quando visita o nosso site e utiliza os nossos servi\u00e7os. 1. Informa\u00e7\u00e3o que recolhemos [&hellip;]<\/p>\n","protected":false},"author":1,"featured_media":0,"parent":0,"menu_order":0,"comment_status":"closed","ping_status":"closed","template":"elementor_header_footer","meta":{"_acf_changed":false,"inline_featured_image":false,"footnotes":""},"class_list":["post-128186","page","type-page","status-publish","hentry"],"acf":[],"yoast_head":"<!-- This site is optimized with the Yoast SEO plugin v27.5 - https:\/\/yoast.com\/product\/yoast-seo-wordpress\/ -->\n<title>Pol\u00edtica de Privacidade - Kinami Health<\/title>\n<meta name=\"description\" content=\"A Pol\u00edtica de Privacidade explica como a Kinami Health gere, protege e utiliza as suas informa\u00e7\u00f5es pessoais de forma respons\u00e1vel.\" \/>\n<meta name=\"robots\" content=\"index, follow, max-snippet:-1, max-image-preview:large, max-video-preview:-1\" \/>\n<link rel=\"canonical\" href=\"https:\/\/kinamihealth.com\/pt-pt\/wp-json\/wp\/v2\/pages\/128186\" \/>\n<meta property=\"og:locale\" content=\"pt_PT\" \/>\n<meta property=\"og:type\" content=\"article\" \/>\n<meta property=\"og:title\" content=\"Pol\u00edtica de Privacidade - Kinami Health\" \/>\n<meta property=\"og:description\" content=\"A Pol\u00edtica de Privacidade explica como a Kinami Health gere, protege e utiliza as suas informa\u00e7\u00f5es pessoais de forma respons\u00e1vel.\" \/>\n<meta property=\"og:url\" content=\"https:\/\/kinamihealth.com\/privacy-policy\/\" \/>\n<meta property=\"og:site_name\" content=\"Kinami Health\" \/>\n<meta property=\"article:modified_time\" content=\"2026-04-03T08:14:15+00:00\" \/>\n<meta name=\"twitter:card\" content=\"summary_large_image\" \/>\n<meta name=\"twitter:label1\" content=\"Tempo estimado de leitura\" \/>\n\t<meta name=\"twitter:data1\" content=\"5 minutos\" \/>\n<!-- \/ Yoast SEO plugin. -->","yoast_head_json":{"title":"Pol\u00edtica de Privacidade - Kinami Health","description":"A Pol\u00edtica de Privacidade explica como a Kinami Health gere, protege e utiliza as suas informa\u00e7\u00f5es pessoais de forma respons\u00e1vel.","robots":{"index":"index","follow":"follow","max-snippet":"max-snippet:-1","max-image-preview":"max-image-preview:large","max-video-preview":"max-video-preview:-1"},"canonical":"https:\/\/kinamihealth.com\/pt-pt\/wp-json\/wp\/v2\/pages\/128186","og_locale":"pt_PT","og_type":"article","og_title":"Pol\u00edtica de Privacidade - Kinami Health","og_description":"A Pol\u00edtica de Privacidade explica como a Kinami Health gere, protege e utiliza as suas informa\u00e7\u00f5es pessoais de forma respons\u00e1vel.","og_url":"https:\/\/kinamihealth.com\/privacy-policy\/","og_site_name":"Kinami Health","article_modified_time":"2026-04-03T08:14:15+00:00","twitter_card":"summary_large_image","twitter_misc":{"Tempo estimado de leitura":"5 minutos"},"schema":{"@context":"https:\/\/schema.org","@graph":[{"@type":"WebPage","@id":"https:\/\/kinamihealth.com\/privacy-policy\/","url":"https:\/\/kinamihealth.com\/privacy-policy\/","name":"Pol\u00edtica de Privacidade - Kinami Health","isPartOf":{"@id":"https:\/\/kinamihealth.com\/#website"},"datePublished":"2025-01-24T11:33:03+00:00","dateModified":"2026-04-03T08:14:15+00:00","description":"A Pol\u00edtica de Privacidade explica como a Kinami Health gere, protege e utiliza as suas informa\u00e7\u00f5es pessoais de forma respons\u00e1vel.","breadcrumb":{"@id":"https:\/\/kinamihealth.com\/privacy-policy\/#breadcrumb"},"inLanguage":"pt-PT","potentialAction":[{"@type":"ReadAction","target":["https:\/\/kinamihealth.com\/privacy-policy\/"]}]},{"@type":"BreadcrumbList","@id":"https:\/\/kinamihealth.com\/privacy-policy\/#breadcrumb","itemListElement":[{"@type":"ListItem","position":1,"name":"In\u00edcio","item":"https:\/\/kinamihealth.com\/"},{"@type":"ListItem","position":2,"name":"Pol\u00edtica de Privacidade"}]},{"@type":"WebSite","@id":"https:\/\/kinamihealth.com\/#website","url":"https:\/\/kinamihealth.com\/","name":"Kinami Health","description":"","publisher":{"@id":"https:\/\/kinamihealth.com\/#organization"},"potentialAction":[{"@type":"SearchAction","target":{"@type":"EntryPoint","urlTemplate":"https:\/\/kinamihealth.com\/?s={search_term_string}"},"query-input":{"@type":"PropertyValueSpecification","valueRequired":true,"valueName":"search_term_string"}}],"inLanguage":"pt-PT"},{"@type":"Organization","@id":"https:\/\/kinamihealth.com\/#organization","name":"Kinami Health","url":"https:\/\/kinamihealth.com\/","logo":{"@type":"ImageObject","inLanguage":"pt-PT","@id":"https:\/\/kinamihealth.com\/#\/schema\/logo\/image\/","url":"https:\/\/kinamihealth.com\/wp-content\/uploads\/2025\/01\/KH_logo_black_2-1.png","contentUrl":"https:\/\/kinamihealth.com\/wp-content\/uploads\/2025\/01\/KH_logo_black_2-1.png","width":339,"height":34,"caption":"Kinami Health"},"image":{"@id":"https:\/\/kinamihealth.com\/#\/schema\/logo\/image\/"}}]}},"_links":{"self":[{"href":"https:\/\/kinamihealth.com\/pt-pt\/wp-json\/wp\/v2\/pages\/128186","targetHints":{"allow":["GET"]}}],"collection":[{"href":"https:\/\/kinamihealth.com\/pt-pt\/wp-json\/wp\/v2\/pages"}],"about":[{"href":"https:\/\/kinamihealth.com\/pt-pt\/wp-json\/wp\/v2\/types\/page"}],"author":[{"embeddable":true,"href":"https:\/\/kinamihealth.com\/pt-pt\/wp-json\/wp\/v2\/users\/1"}],"replies":[{"embeddable":true,"href":"https:\/\/kinamihealth.com\/pt-pt\/wp-json\/wp\/v2\/comments?post=128186"}],"version-history":[{"count":5,"href":"https:\/\/kinamihealth.com\/pt-pt\/wp-json\/wp\/v2\/pages\/128186\/revisions"}],"predecessor-version":[{"id":134470,"href":"https:\/\/kinamihealth.com\/pt-pt\/wp-json\/wp\/v2\/pages\/128186\/revisions\/134470"}],"wp:attachment":[{"href":"https:\/\/kinamihealth.com\/pt-pt\/wp-json\/wp\/v2\/media?parent=128186"}],"curies":[{"name":"wp","href":"https:\/\/api.w.org\/{rel}","templated":true}]}}