{"id":127553,"date":"2025-02-15T16:58:36","date_gmt":"2025-02-15T16:58:36","guid":{"rendered":"https:\/\/kinamihealth.com\/product\/teosyal-rha2\/"},"modified":"2026-01-11T12:56:18","modified_gmt":"2026-01-11T12:56:18","slug":"teosyal-rha2","status":"publish","type":"product","link":"https:\/\/kinamihealth.com\/pl\/produkt\/teosyal-rha2\/","title":{"rendered":"TEOSYAL\u00ae RHA2"},"content":{"rendered":"<p dir=\"auto\">Teosyal RHA2 to wype\u0142niacz sk\u00f3rny opracowany na bazie opatentowanego <strong>elastycznego kwasu hialuronowego 2<\/strong> (RHA\u00ae), najcz\u0119\u015bciej stosowany w dynamicznych obszarach sk\u00f3ry twarzy, gdzie p\u0142ynnie dostosowuje si\u0119 do ruch\u00f3w mimicznych. Przywraca utracon\u0105 obj\u0119to\u015b\u0107 i skutecznie <strong>wyg\u0142adza drobne oraz umiarkowane zmarszczki,<\/strong> nie ograniczaj\u0105c przy tym naturalnej ekspresji twarzy.<\/p>\n","protected":false},"excerpt":{"rendered":"<p>Teosyal RHA2 to wype\u0142niacz sk\u00f3rny opracowany na bazie opatentowanego elastycznego kwasu hialuronowego 2 (RHA\u00ae), najcz\u0119\u015bciej stosowany w dynamicznych obszarach sk\u00f3ry twarzy, gdzie p\u0142ynnie dostosowuje si\u0119 do ruch\u00f3w mimicznych. Przywraca utracon\u0105 obj\u0119to\u015b\u0107 i skutecznie wyg\u0142adza drobne oraz umiarkowane zmarszczki, nie ograniczaj\u0105c przy tym naturalnej ekspresji twarzy.<\/p>\n","protected":false},"featured_media":127554,"comment_status":"closed","ping_status":"closed","template":"","meta":{"_acf_changed":false,"inline_featured_image":false},"product_brand":[2961],"product_cat":[4174,4175],"product_tag":[4176],"class_list":{"0":"post-127553","1":"product","2":"type-product","3":"status-publish","4":"has-post-thumbnail","6":"product_brand-teosyal","7":"product_cat-dermal-fillers-pl","8":"product_cat-ha-dermal-fillers-pl","9":"product_tag-medical-devices-pl","11":"first","12":"instock","13":"taxable","14":"shipping-taxable","15":"purchasable","16":"product-type-simple","17":"add-to-wishlist-before_image"},"acf":[],"yoast_head":"<!-- This site is optimized with the Yoast SEO plugin v27.1.1 - https:\/\/yoast.com\/product\/yoast-seo-wordpress\/ -->\n<title>Kup Teosyal RHA2 Online \u2013 Wype\u0142niacz na Dynamiczne Zmarszczki<\/title>\n<meta name=\"description\" content=\"Kup Teosyal RHA2 online, aby wyg\u0142adzi\u0107 umiarkowane zmarszczki i zwi\u0119kszy\u0107 obj\u0119to\u015b\u0107 twarzy. Opracowany do obszar\u00f3w mimicznych, zapewnia naturalny ruch i elastyczno\u015b\u0107 sk\u00f3ry.\" \/>\n<meta name=\"robots\" content=\"index, follow, max-snippet:-1, max-image-preview:large, max-video-preview:-1\" \/>\n<link rel=\"canonical\" href=\"https:\/\/kinamihealth.com\/pl\/wp-json\/wp\/v2\/product\/127553\" \/>\n<meta property=\"og:locale\" content=\"pl_PL\" \/>\n<meta property=\"og:type\" content=\"article\" \/>\n<meta property=\"og:title\" content=\"Kup Teosyal RHA2 Online \u2013 Wype\u0142niacz na Dynamiczne Zmarszczki\" \/>\n<meta property=\"og:description\" content=\"Kup Teosyal RHA2 online, aby wyg\u0142adzi\u0107 umiarkowane zmarszczki i zwi\u0119kszy\u0107 obj\u0119to\u015b\u0107 twarzy. Opracowany do obszar\u00f3w mimicznych, zapewnia naturalny ruch i elastyczno\u015b\u0107 sk\u00f3ry.\" \/>\n<meta property=\"og:url\" content=\"https:\/\/kinamihealth.com\/pl\/produkt\/teosyal-rha2\/\" \/>\n<meta property=\"og:site_name\" content=\"Kinami Health\" \/>\n<meta property=\"article:modified_time\" content=\"2026-01-11T12:56:18+00:00\" \/>\n<meta property=\"og:image\" content=\"https:\/\/kinamihealth.com\/wp-content\/uploads\/2025\/02\/TEOXANE-TEOSYAL-RHA2-01.jpg\" \/>\n\t<meta property=\"og:image:width\" content=\"800\" \/>\n\t<meta property=\"og:image:height\" content=\"800\" \/>\n\t<meta property=\"og:image:type\" content=\"image\/jpeg\" \/>\n<meta name=\"twitter:card\" content=\"summary_large_image\" \/>\n<meta name=\"twitter:label1\" content=\"Szacowany czas czytania\" \/>\n\t<meta name=\"twitter:data1\" content=\"1 minuta\" \/>\n<!-- \/ Yoast SEO plugin. -->","yoast_head_json":{"title":"Kup Teosyal RHA2 Online \u2013 Wype\u0142niacz na Dynamiczne Zmarszczki","description":"Kup Teosyal RHA2 online, aby wyg\u0142adzi\u0107 umiarkowane zmarszczki i zwi\u0119kszy\u0107 obj\u0119to\u015b\u0107 twarzy. Opracowany do obszar\u00f3w mimicznych, zapewnia naturalny ruch i elastyczno\u015b\u0107 sk\u00f3ry.","robots":{"index":"index","follow":"follow","max-snippet":"max-snippet:-1","max-image-preview":"max-image-preview:large","max-video-preview":"max-video-preview:-1"},"canonical":"https:\/\/kinamihealth.com\/pl\/wp-json\/wp\/v2\/product\/127553","og_locale":"pl_PL","og_type":"article","og_title":"Kup Teosyal RHA2 Online \u2013 Wype\u0142niacz na Dynamiczne Zmarszczki","og_description":"Kup Teosyal RHA2 online, aby wyg\u0142adzi\u0107 umiarkowane zmarszczki i zwi\u0119kszy\u0107 obj\u0119to\u015b\u0107 twarzy. Opracowany do obszar\u00f3w mimicznych, zapewnia naturalny ruch i elastyczno\u015b\u0107 sk\u00f3ry.","og_url":"https:\/\/kinamihealth.com\/pl\/produkt\/teosyal-rha2\/","og_site_name":"Kinami Health","article_modified_time":"2026-01-11T12:56:18+00:00","og_image":[{"width":800,"height":800,"url":"https:\/\/kinamihealth.com\/wp-content\/uploads\/2025\/02\/TEOXANE-TEOSYAL-RHA2-01.jpg","type":"image\/jpeg"}],"twitter_card":"summary_large_image","twitter_misc":{"Szacowany czas czytania":"1 minuta"},"schema":{"@context":"https:\/\/schema.org","@graph":[{"@type":"WebPage","@id":"https:\/\/kinamihealth.com\/pl\/produkt\/teosyal-rha2\/","url":"https:\/\/kinamihealth.com\/pl\/produkt\/teosyal-rha2\/","name":"Kup Teosyal RHA2 Online \u2013 Wype\u0142niacz na Dynamiczne Zmarszczki","isPartOf":{"@id":"https:\/\/kinamihealth.com\/#website"},"primaryImageOfPage":{"@id":"https:\/\/kinamihealth.com\/pl\/produkt\/teosyal-rha2\/#primaryimage"},"image":{"@id":"https:\/\/kinamihealth.com\/pl\/produkt\/teosyal-rha2\/#primaryimage"},"thumbnailUrl":"https:\/\/kinamihealth.com\/wp-content\/uploads\/2025\/02\/TEOXANE-TEOSYAL-RHA2-01.jpg","datePublished":"2025-02-15T16:58:36+00:00","dateModified":"2026-01-11T12:56:18+00:00","description":"Kup Teosyal RHA2 online, aby wyg\u0142adzi\u0107 umiarkowane zmarszczki i zwi\u0119kszy\u0107 obj\u0119to\u015b\u0107 twarzy. Opracowany do obszar\u00f3w mimicznych, zapewnia naturalny ruch i elastyczno\u015b\u0107 sk\u00f3ry.","breadcrumb":{"@id":"https:\/\/kinamihealth.com\/pl\/produkt\/teosyal-rha2\/#breadcrumb"},"inLanguage":"pl-PL","potentialAction":[{"@type":"ReadAction","target":["https:\/\/kinamihealth.com\/pl\/produkt\/teosyal-rha2\/"]}]},{"@type":"ImageObject","inLanguage":"pl-PL","@id":"https:\/\/kinamihealth.com\/pl\/produkt\/teosyal-rha2\/#primaryimage","url":"https:\/\/kinamihealth.com\/wp-content\/uploads\/2025\/02\/TEOXANE-TEOSYAL-RHA2-01.jpg","contentUrl":"https:\/\/kinamihealth.com\/wp-content\/uploads\/2025\/02\/TEOXANE-TEOSYAL-RHA2-01.jpg","width":800,"height":800},{"@type":"BreadcrumbList","@id":"https:\/\/kinamihealth.com\/pl\/produkt\/teosyal-rha2\/#breadcrumb","itemListElement":[{"@type":"ListItem","position":1,"name":"Strona g\u0142\u00f3wna","item":"https:\/\/kinamihealth.com\/sr\/"},{"@type":"ListItem","position":2,"name":"Sklep","item":"https:\/\/kinamihealth.com\/pl\/?page_id=128280"},{"@type":"ListItem","position":3,"name":"TEOSYAL\u00ae RHA2"}]},{"@type":"WebSite","@id":"https:\/\/kinamihealth.com\/#website","url":"https:\/\/kinamihealth.com\/","name":"Kinami Health","description":"","publisher":{"@id":"https:\/\/kinamihealth.com\/#organization"},"potentialAction":[{"@type":"SearchAction","target":{"@type":"EntryPoint","urlTemplate":"https:\/\/kinamihealth.com\/?s={search_term_string}"},"query-input":{"@type":"PropertyValueSpecification","valueRequired":true,"valueName":"search_term_string"}}],"inLanguage":"pl-PL"},{"@type":"Organization","@id":"https:\/\/kinamihealth.com\/#organization","name":"Kinami Health","url":"https:\/\/kinamihealth.com\/","logo":{"@type":"ImageObject","inLanguage":"pl-PL","@id":"https:\/\/kinamihealth.com\/#\/schema\/logo\/image\/","url":"https:\/\/kinamihealth.com\/wp-content\/uploads\/2025\/01\/KH_logo_black_2-1.png","contentUrl":"https:\/\/kinamihealth.com\/wp-content\/uploads\/2025\/01\/KH_logo_black_2-1.png","width":339,"height":34,"caption":"Kinami Health"},"image":{"@id":"https:\/\/kinamihealth.com\/#\/schema\/logo\/image\/"}}]}},"_links":{"self":[{"href":"https:\/\/kinamihealth.com\/pl\/wp-json\/wp\/v2\/product\/127553","targetHints":{"allow":["GET"]}}],"collection":[{"href":"https:\/\/kinamihealth.com\/pl\/wp-json\/wp\/v2\/product"}],"about":[{"href":"https:\/\/kinamihealth.com\/pl\/wp-json\/wp\/v2\/types\/product"}],"replies":[{"embeddable":true,"href":"https:\/\/kinamihealth.com\/pl\/wp-json\/wp\/v2\/comments?post=127553"}],"version-history":[{"count":0,"href":"https:\/\/kinamihealth.com\/pl\/wp-json\/wp\/v2\/product\/127553\/revisions"}],"wp:featuredmedia":[{"embeddable":true,"href":"https:\/\/kinamihealth.com\/pl\/wp-json\/wp\/v2\/media\/127554"}],"wp:attachment":[{"href":"https:\/\/kinamihealth.com\/pl\/wp-json\/wp\/v2\/media?parent=127553"}],"wp:term":[{"taxonomy":"product_brand","embeddable":true,"href":"https:\/\/kinamihealth.com\/pl\/wp-json\/wp\/v2\/product_brand?post=127553"},{"taxonomy":"product_cat","embeddable":true,"href":"https:\/\/kinamihealth.com\/pl\/wp-json\/wp\/v2\/product_cat?post=127553"},{"taxonomy":"product_tag","embeddable":true,"href":"https:\/\/kinamihealth.com\/pl\/wp-json\/wp\/v2\/product_tag?post=127553"}],"curies":[{"name":"wp","href":"https:\/\/api.w.org\/{rel}","templated":true}]}}