{"id":127495,"date":"2025-03-11T18:14:52","date_gmt":"2025-03-11T18:14:52","guid":{"rendered":"https:\/\/kinamihealth.com\/product\/zo-skin-complexion-clearing-masque\/"},"modified":"2025-12-29T09:51:46","modified_gmt":"2025-12-29T09:51:46","slug":"zo-skin-complexion-clearing-masque","status":"publish","type":"product","link":"https:\/\/kinamihealth.com\/pl\/produkt\/zo-skin-complexion-clearing-masque\/","title":{"rendered":"ZO\u00ae SKIN COMPLEXION CLEARING MASQUE"},"content":{"rendered":"<p><span style=\"font-weight: 400;\">Maseczka ZO Complexion Clearing Masque to<\/span><b> silnie dzia\u0142aj\u0105cy produkt przeznaczony do zwalczania nadmiaru sebum i wyprysk\u00f3w.<\/b><span style=\"font-weight: 400;\"> Zawiera<\/span><b> 10% siarki,<\/b><span style=\"font-weight: 400;\"> kt\u00f3ra pomaga zwalcza\u0107 tr\u0105dzik i \u0142agodzi podra\u017cnienia. Po\u0142\u0105czenie <\/span><b>gliny kaolinowej i bentonitowej poch\u0142ania sebum i detoksykuje sk\u00f3r\u0119,<\/b><span style=\"font-weight: 400;\"> nadaj\u0105c jej g\u0142adki i zdrowy wygl\u0105d.<\/span><\/p>\n","protected":false},"excerpt":{"rendered":"<p>Maseczka ZO Complexion Clearing Masque to silnie dzia\u0142aj\u0105cy produkt przeznaczony do zwalczania nadmiaru sebum i wyprysk\u00f3w. Zawiera 10% siarki, kt\u00f3ra pomaga zwalcza\u0107 tr\u0105dzik i \u0142agodzi podra\u017cnienia. Po\u0142\u0105czenie gliny kaolinowej i bentonitowej poch\u0142ania sebum i detoksykuje sk\u00f3r\u0119, nadaj\u0105c jej g\u0142adki i zdrowy wygl\u0105d.<\/p>\n","protected":false},"featured_media":127496,"comment_status":"closed","ping_status":"closed","template":"","meta":{"_acf_changed":false,"inline_featured_image":false},"product_brand":[2963],"product_cat":[4641],"product_tag":[4176],"class_list":{"0":"post-127495","1":"product","2":"type-product","3":"status-publish","4":"has-post-thumbnail","6":"product_brand-zo","7":"product_cat-peels-and-masks-pl","8":"product_tag-medical-devices-pl","10":"first","11":"instock","12":"taxable","13":"shipping-taxable","14":"purchasable","15":"product-type-simple","16":"add-to-wishlist-before_image"},"acf":[],"yoast_head":"<!-- This site is optimized with the Yoast SEO plugin v27.5 - https:\/\/yoast.com\/product\/yoast-seo-wordpress\/ -->\n<title>Kup ZO Complexion Clearing Masque - Kuracja na Nadmiar Sebum<\/title>\n<meta name=\"description\" content=\"Kup ZO Complexion Clearing Masque online, aby leczy\u0107 tr\u0105dzik, absorbowa\u0107 nadmiar sebum i odblokowywa\u0107 pory. Formu\u0142a z siark\u0105 i kaolinem dla czystszej, zdrowszej sk\u00f3ry.\" \/>\n<meta name=\"robots\" content=\"index, follow, max-snippet:-1, max-image-preview:large, max-video-preview:-1\" \/>\n<link rel=\"canonical\" href=\"https:\/\/kinamihealth.com\/pl\/wp-json\/wp\/v2\/product\/127495\" \/>\n<meta property=\"og:locale\" content=\"pl_PL\" \/>\n<meta property=\"og:type\" content=\"article\" \/>\n<meta property=\"og:title\" content=\"Kup ZO Complexion Clearing Masque - Kuracja na Nadmiar Sebum\" \/>\n<meta property=\"og:description\" content=\"Kup ZO Complexion Clearing Masque online, aby leczy\u0107 tr\u0105dzik, absorbowa\u0107 nadmiar sebum i odblokowywa\u0107 pory. Formu\u0142a z siark\u0105 i kaolinem dla czystszej, zdrowszej sk\u00f3ry.\" \/>\n<meta property=\"og:url\" content=\"https:\/\/kinamihealth.com\/pl\/produkt\/zo-skin-complexion-clearing-masque\/\" \/>\n<meta property=\"og:site_name\" content=\"Kinami Health\" \/>\n<meta property=\"article:modified_time\" content=\"2025-12-29T09:51:46+00:00\" \/>\n<meta property=\"og:image\" content=\"https:\/\/kinamihealth.com\/wp-content\/uploads\/2025\/03\/ZO\u00ae-SKIN-COMPLEXION-CLEARING-MASQUE.jpg\" \/>\n\t<meta property=\"og:image:width\" content=\"800\" \/>\n\t<meta property=\"og:image:height\" content=\"800\" \/>\n\t<meta property=\"og:image:type\" content=\"image\/jpeg\" \/>\n<meta name=\"twitter:card\" content=\"summary_large_image\" \/>\n<meta name=\"twitter:label1\" content=\"Szacowany czas czytania\" \/>\n\t<meta name=\"twitter:data1\" content=\"1 minuta\" \/>\n<!-- \/ Yoast SEO plugin. -->","yoast_head_json":{"title":"Kup ZO Complexion Clearing Masque - Kuracja na Nadmiar Sebum","description":"Kup ZO Complexion Clearing Masque online, aby leczy\u0107 tr\u0105dzik, absorbowa\u0107 nadmiar sebum i odblokowywa\u0107 pory. Formu\u0142a z siark\u0105 i kaolinem dla czystszej, zdrowszej sk\u00f3ry.","robots":{"index":"index","follow":"follow","max-snippet":"max-snippet:-1","max-image-preview":"max-image-preview:large","max-video-preview":"max-video-preview:-1"},"canonical":"https:\/\/kinamihealth.com\/pl\/wp-json\/wp\/v2\/product\/127495","og_locale":"pl_PL","og_type":"article","og_title":"Kup ZO Complexion Clearing Masque - Kuracja na Nadmiar Sebum","og_description":"Kup ZO Complexion Clearing Masque online, aby leczy\u0107 tr\u0105dzik, absorbowa\u0107 nadmiar sebum i odblokowywa\u0107 pory. Formu\u0142a z siark\u0105 i kaolinem dla czystszej, zdrowszej sk\u00f3ry.","og_url":"https:\/\/kinamihealth.com\/pl\/produkt\/zo-skin-complexion-clearing-masque\/","og_site_name":"Kinami Health","article_modified_time":"2025-12-29T09:51:46+00:00","og_image":[{"width":800,"height":800,"url":"https:\/\/kinamihealth.com\/wp-content\/uploads\/2025\/03\/ZO\u00ae-SKIN-COMPLEXION-CLEARING-MASQUE.jpg","type":"image\/jpeg"}],"twitter_card":"summary_large_image","twitter_misc":{"Szacowany czas czytania":"1 minuta"},"schema":{"@context":"https:\/\/schema.org","@graph":[{"@type":"WebPage","@id":"https:\/\/kinamihealth.com\/pl\/produkt\/zo-skin-complexion-clearing-masque\/","url":"https:\/\/kinamihealth.com\/pl\/produkt\/zo-skin-complexion-clearing-masque\/","name":"Kup ZO Complexion Clearing Masque - Kuracja na Nadmiar Sebum","isPartOf":{"@id":"https:\/\/kinamihealth.com\/#website"},"primaryImageOfPage":{"@id":"https:\/\/kinamihealth.com\/pl\/produkt\/zo-skin-complexion-clearing-masque\/#primaryimage"},"image":{"@id":"https:\/\/kinamihealth.com\/pl\/produkt\/zo-skin-complexion-clearing-masque\/#primaryimage"},"thumbnailUrl":"https:\/\/kinamihealth.com\/wp-content\/uploads\/2025\/03\/ZO\u00ae-SKIN-COMPLEXION-CLEARING-MASQUE.jpg","datePublished":"2025-03-11T18:14:52+00:00","dateModified":"2025-12-29T09:51:46+00:00","description":"Kup ZO Complexion Clearing Masque online, aby leczy\u0107 tr\u0105dzik, absorbowa\u0107 nadmiar sebum i odblokowywa\u0107 pory. Formu\u0142a z siark\u0105 i kaolinem dla czystszej, zdrowszej sk\u00f3ry.","breadcrumb":{"@id":"https:\/\/kinamihealth.com\/pl\/produkt\/zo-skin-complexion-clearing-masque\/#breadcrumb"},"inLanguage":"pl-PL","potentialAction":[{"@type":"ReadAction","target":["https:\/\/kinamihealth.com\/pl\/produkt\/zo-skin-complexion-clearing-masque\/"]}]},{"@type":"ImageObject","inLanguage":"pl-PL","@id":"https:\/\/kinamihealth.com\/pl\/produkt\/zo-skin-complexion-clearing-masque\/#primaryimage","url":"https:\/\/kinamihealth.com\/wp-content\/uploads\/2025\/03\/ZO\u00ae-SKIN-COMPLEXION-CLEARING-MASQUE.jpg","contentUrl":"https:\/\/kinamihealth.com\/wp-content\/uploads\/2025\/03\/ZO\u00ae-SKIN-COMPLEXION-CLEARING-MASQUE.jpg","width":800,"height":800},{"@type":"BreadcrumbList","@id":"https:\/\/kinamihealth.com\/pl\/produkt\/zo-skin-complexion-clearing-masque\/#breadcrumb","itemListElement":[{"@type":"ListItem","position":1,"name":"Strona g\u0142\u00f3wna","item":"https:\/\/kinamihealth.com\/sr\/"},{"@type":"ListItem","position":2,"name":"Sklep","item":"https:\/\/kinamihealth.com\/pl\/?page_id=128280"},{"@type":"ListItem","position":3,"name":"ZO\u00ae SKIN COMPLEXION CLEARING MASQUE"}]},{"@type":"WebSite","@id":"https:\/\/kinamihealth.com\/#website","url":"https:\/\/kinamihealth.com\/","name":"Kinami Health","description":"","publisher":{"@id":"https:\/\/kinamihealth.com\/#organization"},"potentialAction":[{"@type":"SearchAction","target":{"@type":"EntryPoint","urlTemplate":"https:\/\/kinamihealth.com\/?s={search_term_string}"},"query-input":{"@type":"PropertyValueSpecification","valueRequired":true,"valueName":"search_term_string"}}],"inLanguage":"pl-PL"},{"@type":"Organization","@id":"https:\/\/kinamihealth.com\/#organization","name":"Kinami Health","url":"https:\/\/kinamihealth.com\/","logo":{"@type":"ImageObject","inLanguage":"pl-PL","@id":"https:\/\/kinamihealth.com\/#\/schema\/logo\/image\/","url":"https:\/\/kinamihealth.com\/wp-content\/uploads\/2025\/01\/KH_logo_black_2-1.png","contentUrl":"https:\/\/kinamihealth.com\/wp-content\/uploads\/2025\/01\/KH_logo_black_2-1.png","width":339,"height":34,"caption":"Kinami Health"},"image":{"@id":"https:\/\/kinamihealth.com\/#\/schema\/logo\/image\/"}}]}},"_links":{"self":[{"href":"https:\/\/kinamihealth.com\/pl\/wp-json\/wp\/v2\/product\/127495","targetHints":{"allow":["GET"]}}],"collection":[{"href":"https:\/\/kinamihealth.com\/pl\/wp-json\/wp\/v2\/product"}],"about":[{"href":"https:\/\/kinamihealth.com\/pl\/wp-json\/wp\/v2\/types\/product"}],"replies":[{"embeddable":true,"href":"https:\/\/kinamihealth.com\/pl\/wp-json\/wp\/v2\/comments?post=127495"}],"version-history":[{"count":0,"href":"https:\/\/kinamihealth.com\/pl\/wp-json\/wp\/v2\/product\/127495\/revisions"}],"wp:featuredmedia":[{"embeddable":true,"href":"https:\/\/kinamihealth.com\/pl\/wp-json\/wp\/v2\/media\/127496"}],"wp:attachment":[{"href":"https:\/\/kinamihealth.com\/pl\/wp-json\/wp\/v2\/media?parent=127495"}],"wp:term":[{"taxonomy":"product_brand","embeddable":true,"href":"https:\/\/kinamihealth.com\/pl\/wp-json\/wp\/v2\/product_brand?post=127495"},{"taxonomy":"product_cat","embeddable":true,"href":"https:\/\/kinamihealth.com\/pl\/wp-json\/wp\/v2\/product_cat?post=127495"},{"taxonomy":"product_tag","embeddable":true,"href":"https:\/\/kinamihealth.com\/pl\/wp-json\/wp\/v2\/product_tag?post=127495"}],"curies":[{"name":"wp","href":"https:\/\/api.w.org\/{rel}","templated":true}]}}