{"id":127484,"date":"2025-03-11T18:14:52","date_gmt":"2025-03-11T18:14:52","guid":{"rendered":"https:\/\/kinamihealth.com\/product\/zo-skin-smart-tone-broad-spectrum-sunscreen-spf-50\/"},"modified":"2026-01-13T16:18:25","modified_gmt":"2026-01-13T16:18:25","slug":"zo-skin-smart-tone-broad-spectrum-sunscreen-spf-50","status":"publish","type":"product","link":"https:\/\/kinamihealth.com\/pl\/produkt\/zo-skin-smart-tone-broad-spectrum-sunscreen-spf-50\/","title":{"rendered":"ZO\u00ae SKIN SMART TONE BROAD-SPECTRUM SUNSCREEN SPF 50"},"content":{"rendered":"<p dir=\"auto\">ZO Skin Smart Tone Broad-Spectrum Sunscreen SPF 50 to <strong>wysokowydajny filtr przeciws\u0142oneczny,<\/strong> kt\u00f3ry zapewnia bardzo skuteczn\u0105 ochron\u0119 przeciws\u0142oneczn\u0105 przed szkodliwym dzia\u0142aniem promieni UVA, UVB, IR-A (podczerwieni) oraz HEV (niebieskiego \u015bwiat\u0142a). <strong>Lekka, niet\u0142usta formu\u0142a<\/strong> z uniwersalnym odcieniem idealnie dopasowuje si\u0119 do ka\u017cdego typu sk\u00f3ry \u2013 w tym sk\u00f3ry wra\u017cliwej i sk\u00f3ry suchej, zapewniaj\u0105c jednolite, naturalne wyko\u0144czenie bez efektu maski.<\/p>\n","protected":false},"excerpt":{"rendered":"<p>ZO Skin Smart Tone Broad-Spectrum Sunscreen SPF 50 to wysokowydajny filtr przeciws\u0142oneczny, kt\u00f3ry zapewnia bardzo skuteczn\u0105 ochron\u0119 przeciws\u0142oneczn\u0105 przed szkodliwym dzia\u0142aniem promieni UVA, UVB, IR-A (podczerwieni) oraz HEV (niebieskiego \u015bwiat\u0142a). Lekka, niet\u0142usta formu\u0142a z uniwersalnym odcieniem idealnie dopasowuje si\u0119 do ka\u017cdego typu sk\u00f3ry \u2013 w tym sk\u00f3ry wra\u017cliwej i sk\u00f3ry suchej, zapewniaj\u0105c jednolite, naturalne wyko\u0144czenie [&hellip;]<\/p>\n","protected":false},"featured_media":127485,"comment_status":"closed","ping_status":"closed","template":"","meta":{"_acf_changed":false,"inline_featured_image":false},"product_brand":[2963],"product_cat":[4995],"product_tag":[4176],"class_list":{"0":"post-127484","1":"product","2":"type-product","3":"status-publish","4":"has-post-thumbnail","6":"product_brand-zo","7":"product_cat-skincare-pl","8":"product_tag-medical-devices-pl","10":"first","11":"instock","12":"featured","13":"taxable","14":"shipping-taxable","15":"purchasable","16":"product-type-simple","17":"add-to-wishlist-before_image"},"acf":[],"yoast_head":"<!-- This site is optimized with the Yoast SEO plugin v27.1.1 - https:\/\/yoast.com\/product\/yoast-seo-wordpress\/ -->\n<title>Kup ZO Skin Smart Tone Broad-Spectrum Sunscreen SPF 50 - Zaawansowana Ochrona<\/title>\n<meta name=\"description\" content=\"Kup ZO Skin Smart Tone Broad-Spectrum Sunscreen SPF 50 dla doskona\u0142ej ochrony przeciws\u0142onecznej. Nienat\u0142uszczaj\u0105ca, adaptacyjna formu\u0142a chroni\u0105ca przed promieniami UVA\/UVB.\" \/>\n<meta name=\"robots\" content=\"index, follow, max-snippet:-1, max-image-preview:large, max-video-preview:-1\" \/>\n<link rel=\"canonical\" href=\"https:\/\/kinamihealth.com\/pl\/wp-json\/wp\/v2\/product\/127484\" \/>\n<meta property=\"og:locale\" content=\"pl_PL\" \/>\n<meta property=\"og:type\" content=\"article\" \/>\n<meta property=\"og:title\" content=\"Kup ZO Skin Smart Tone Broad-Spectrum Sunscreen SPF 50 - Zaawansowana Ochrona\" \/>\n<meta property=\"og:description\" content=\"Kup ZO Skin Smart Tone Broad-Spectrum Sunscreen SPF 50 dla doskona\u0142ej ochrony przeciws\u0142onecznej. Nienat\u0142uszczaj\u0105ca, adaptacyjna formu\u0142a chroni\u0105ca przed promieniami UVA\/UVB.\" \/>\n<meta property=\"og:url\" content=\"https:\/\/kinamihealth.com\/pl\/produkt\/zo-skin-smart-tone-broad-spectrum-sunscreen-spf-50\/\" \/>\n<meta property=\"og:site_name\" content=\"Kinami Health\" \/>\n<meta property=\"article:modified_time\" content=\"2026-01-13T16:18:25+00:00\" \/>\n<meta property=\"og:image\" content=\"https:\/\/kinamihealth.com\/wp-content\/uploads\/2025\/03\/ZO\u00ae-SKIN-SMART-TONE-BROAD-SPECTRUM-SUNSCREEN-SPF-50.jpg\" \/>\n\t<meta property=\"og:image:width\" content=\"800\" \/>\n\t<meta property=\"og:image:height\" content=\"800\" \/>\n\t<meta property=\"og:image:type\" content=\"image\/jpeg\" \/>\n<meta name=\"twitter:card\" content=\"summary_large_image\" \/>\n<meta name=\"twitter:label1\" content=\"Szacowany czas czytania\" \/>\n\t<meta name=\"twitter:data1\" content=\"1 minuta\" \/>\n<!-- \/ Yoast SEO plugin. -->","yoast_head_json":{"title":"Kup ZO Skin Smart Tone Broad-Spectrum Sunscreen SPF 50 - Zaawansowana Ochrona","description":"Kup ZO Skin Smart Tone Broad-Spectrum Sunscreen SPF 50 dla doskona\u0142ej ochrony przeciws\u0142onecznej. Nienat\u0142uszczaj\u0105ca, adaptacyjna formu\u0142a chroni\u0105ca przed promieniami UVA\/UVB.","robots":{"index":"index","follow":"follow","max-snippet":"max-snippet:-1","max-image-preview":"max-image-preview:large","max-video-preview":"max-video-preview:-1"},"canonical":"https:\/\/kinamihealth.com\/pl\/wp-json\/wp\/v2\/product\/127484","og_locale":"pl_PL","og_type":"article","og_title":"Kup ZO Skin Smart Tone Broad-Spectrum Sunscreen SPF 50 - Zaawansowana Ochrona","og_description":"Kup ZO Skin Smart Tone Broad-Spectrum Sunscreen SPF 50 dla doskona\u0142ej ochrony przeciws\u0142onecznej. Nienat\u0142uszczaj\u0105ca, adaptacyjna formu\u0142a chroni\u0105ca przed promieniami UVA\/UVB.","og_url":"https:\/\/kinamihealth.com\/pl\/produkt\/zo-skin-smart-tone-broad-spectrum-sunscreen-spf-50\/","og_site_name":"Kinami Health","article_modified_time":"2026-01-13T16:18:25+00:00","og_image":[{"width":800,"height":800,"url":"https:\/\/kinamihealth.com\/wp-content\/uploads\/2025\/03\/ZO\u00ae-SKIN-SMART-TONE-BROAD-SPECTRUM-SUNSCREEN-SPF-50.jpg","type":"image\/jpeg"}],"twitter_card":"summary_large_image","twitter_misc":{"Szacowany czas czytania":"1 minuta"},"schema":{"@context":"https:\/\/schema.org","@graph":[{"@type":"WebPage","@id":"https:\/\/kinamihealth.com\/pl\/produkt\/zo-skin-smart-tone-broad-spectrum-sunscreen-spf-50\/","url":"https:\/\/kinamihealth.com\/pl\/produkt\/zo-skin-smart-tone-broad-spectrum-sunscreen-spf-50\/","name":"Kup ZO Skin Smart Tone Broad-Spectrum Sunscreen SPF 50 - Zaawansowana Ochrona","isPartOf":{"@id":"https:\/\/kinamihealth.com\/#website"},"primaryImageOfPage":{"@id":"https:\/\/kinamihealth.com\/pl\/produkt\/zo-skin-smart-tone-broad-spectrum-sunscreen-spf-50\/#primaryimage"},"image":{"@id":"https:\/\/kinamihealth.com\/pl\/produkt\/zo-skin-smart-tone-broad-spectrum-sunscreen-spf-50\/#primaryimage"},"thumbnailUrl":"https:\/\/kinamihealth.com\/wp-content\/uploads\/2025\/03\/ZO\u00ae-SKIN-SMART-TONE-BROAD-SPECTRUM-SUNSCREEN-SPF-50.jpg","datePublished":"2025-03-11T18:14:52+00:00","dateModified":"2026-01-13T16:18:25+00:00","description":"Kup ZO Skin Smart Tone Broad-Spectrum Sunscreen SPF 50 dla doskona\u0142ej ochrony przeciws\u0142onecznej. Nienat\u0142uszczaj\u0105ca, adaptacyjna formu\u0142a chroni\u0105ca przed promieniami UVA\/UVB.","breadcrumb":{"@id":"https:\/\/kinamihealth.com\/pl\/produkt\/zo-skin-smart-tone-broad-spectrum-sunscreen-spf-50\/#breadcrumb"},"inLanguage":"pl-PL","potentialAction":[{"@type":"ReadAction","target":["https:\/\/kinamihealth.com\/pl\/produkt\/zo-skin-smart-tone-broad-spectrum-sunscreen-spf-50\/"]}]},{"@type":"ImageObject","inLanguage":"pl-PL","@id":"https:\/\/kinamihealth.com\/pl\/produkt\/zo-skin-smart-tone-broad-spectrum-sunscreen-spf-50\/#primaryimage","url":"https:\/\/kinamihealth.com\/wp-content\/uploads\/2025\/03\/ZO\u00ae-SKIN-SMART-TONE-BROAD-SPECTRUM-SUNSCREEN-SPF-50.jpg","contentUrl":"https:\/\/kinamihealth.com\/wp-content\/uploads\/2025\/03\/ZO\u00ae-SKIN-SMART-TONE-BROAD-SPECTRUM-SUNSCREEN-SPF-50.jpg","width":800,"height":800},{"@type":"BreadcrumbList","@id":"https:\/\/kinamihealth.com\/pl\/produkt\/zo-skin-smart-tone-broad-spectrum-sunscreen-spf-50\/#breadcrumb","itemListElement":[{"@type":"ListItem","position":1,"name":"Strona g\u0142\u00f3wna","item":"https:\/\/kinamihealth.com\/sr\/"},{"@type":"ListItem","position":2,"name":"Sklep","item":"https:\/\/kinamihealth.com\/pl\/?page_id=128280"},{"@type":"ListItem","position":3,"name":"ZO\u00ae SKIN SMART TONE BROAD-SPECTRUM SUNSCREEN SPF 50"}]},{"@type":"WebSite","@id":"https:\/\/kinamihealth.com\/#website","url":"https:\/\/kinamihealth.com\/","name":"Kinami Health","description":"","publisher":{"@id":"https:\/\/kinamihealth.com\/#organization"},"potentialAction":[{"@type":"SearchAction","target":{"@type":"EntryPoint","urlTemplate":"https:\/\/kinamihealth.com\/?s={search_term_string}"},"query-input":{"@type":"PropertyValueSpecification","valueRequired":true,"valueName":"search_term_string"}}],"inLanguage":"pl-PL"},{"@type":"Organization","@id":"https:\/\/kinamihealth.com\/#organization","name":"Kinami Health","url":"https:\/\/kinamihealth.com\/","logo":{"@type":"ImageObject","inLanguage":"pl-PL","@id":"https:\/\/kinamihealth.com\/#\/schema\/logo\/image\/","url":"https:\/\/kinamihealth.com\/wp-content\/uploads\/2025\/01\/KH_logo_black_2-1.png","contentUrl":"https:\/\/kinamihealth.com\/wp-content\/uploads\/2025\/01\/KH_logo_black_2-1.png","width":339,"height":34,"caption":"Kinami Health"},"image":{"@id":"https:\/\/kinamihealth.com\/#\/schema\/logo\/image\/"}}]}},"_links":{"self":[{"href":"https:\/\/kinamihealth.com\/pl\/wp-json\/wp\/v2\/product\/127484","targetHints":{"allow":["GET"]}}],"collection":[{"href":"https:\/\/kinamihealth.com\/pl\/wp-json\/wp\/v2\/product"}],"about":[{"href":"https:\/\/kinamihealth.com\/pl\/wp-json\/wp\/v2\/types\/product"}],"replies":[{"embeddable":true,"href":"https:\/\/kinamihealth.com\/pl\/wp-json\/wp\/v2\/comments?post=127484"}],"version-history":[{"count":0,"href":"https:\/\/kinamihealth.com\/pl\/wp-json\/wp\/v2\/product\/127484\/revisions"}],"wp:featuredmedia":[{"embeddable":true,"href":"https:\/\/kinamihealth.com\/pl\/wp-json\/wp\/v2\/media\/127485"}],"wp:attachment":[{"href":"https:\/\/kinamihealth.com\/pl\/wp-json\/wp\/v2\/media?parent=127484"}],"wp:term":[{"taxonomy":"product_brand","embeddable":true,"href":"https:\/\/kinamihealth.com\/pl\/wp-json\/wp\/v2\/product_brand?post=127484"},{"taxonomy":"product_cat","embeddable":true,"href":"https:\/\/kinamihealth.com\/pl\/wp-json\/wp\/v2\/product_cat?post=127484"},{"taxonomy":"product_tag","embeddable":true,"href":"https:\/\/kinamihealth.com\/pl\/wp-json\/wp\/v2\/product_tag?post=127484"}],"curies":[{"name":"wp","href":"https:\/\/api.w.org\/{rel}","templated":true}]}}