{"id":127482,"date":"2025-02-15T16:53:53","date_gmt":"2025-02-15T16:53:53","guid":{"rendered":"https:\/\/kinamihealth.com\/product\/mediderma-azelac-ru-luminous-fluid-cream\/"},"modified":"2025-12-16T16:14:44","modified_gmt":"2025-12-16T16:14:44","slug":"mediderma-azelac-ru-luminous-fluid-cream","status":"publish","type":"product","link":"https:\/\/kinamihealth.com\/pl\/produkt\/mediderma-azelac-ru-luminous-fluid-cream\/","title":{"rendered":"MEDIDERMA\u00ae AZELAC\u00ae RU LUMINOUS FLUID CREAM"},"content":{"rendered":"<p><span style=\"font-weight: 400;\">AZELAC\u00ae RU LUMINOUS FLUID CREAM to rozja\u015bniaj\u0105cy kosmetyk dermatologiczny opracowany z my\u015bl\u0105 o ukierunkowanym dzia\u0142aniu na widoczne przebarwienia sk\u00f3ry. \u0141\u0105czy w sobie substancje depigmentuj\u0105ce z ochron\u0105 SPF50 o szerokim spektrum dzia\u0142ania, zapewniaj\u0105c zar\u00f3wno dzia\u0142anie koryguj\u0105ce, jak i zapobiegawcze.<\/span><\/p>\n","protected":false},"excerpt":{"rendered":"<p>AZELAC\u00ae RU LUMINOUS FLUID CREAM to rozja\u015bniaj\u0105cy kosmetyk dermatologiczny opracowany z my\u015bl\u0105 o ukierunkowanym dzia\u0142aniu na widoczne przebarwienia sk\u00f3ry. \u0141\u0105czy w sobie substancje depigmentuj\u0105ce z ochron\u0105 SPF50 o szerokim spektrum dzia\u0142ania, zapewniaj\u0105c zar\u00f3wno dzia\u0142anie koryguj\u0105ce, jak i zapobiegawcze.<\/p>\n","protected":false},"featured_media":127483,"comment_status":"closed","ping_status":"closed","template":"","meta":{"_acf_changed":false,"inline_featured_image":false},"product_brand":[2954],"product_cat":[4995],"product_tag":[4176],"class_list":{"0":"post-127482","1":"product","2":"type-product","3":"status-publish","4":"has-post-thumbnail","6":"product_brand-sesderma","7":"product_cat-skincare-pl","8":"product_tag-medical-devices-pl","10":"first","11":"instock","12":"taxable","13":"shipping-taxable","14":"purchasable","15":"product-type-simple","16":"add-to-wishlist-before_image"},"acf":[],"yoast_head":"<!-- This site is optimized with the Yoast SEO plugin v27.1.1 - https:\/\/yoast.com\/product\/yoast-seo-wordpress\/ -->\n<title>Kup AZELAC\u00ae RU LUMINOUS FLUID CREAM online | Sklep internetowy | Kinami Health<\/title>\n<meta name=\"description\" content=\"Kup AZELAC\u00ae RU LUMINOUS FLUID CREAM online, aby uzyska\u0107 ukierunkowane efekty rozja\u015bnienia sk\u00f3ry z dodatkow\u0105 ochron\u0105 SPF50 do u\u017cytku klinicznego.\" \/>\n<meta name=\"robots\" content=\"index, follow, max-snippet:-1, max-image-preview:large, max-video-preview:-1\" \/>\n<link rel=\"canonical\" href=\"https:\/\/kinamihealth.com\/pl\/wp-json\/wp\/v2\/product\/127482\" \/>\n<meta property=\"og:locale\" content=\"pl_PL\" \/>\n<meta property=\"og:type\" content=\"article\" \/>\n<meta property=\"og:title\" content=\"Kup AZELAC\u00ae RU LUMINOUS FLUID CREAM online | Sklep internetowy | Kinami Health\" \/>\n<meta property=\"og:description\" content=\"Kup AZELAC\u00ae RU LUMINOUS FLUID CREAM online, aby uzyska\u0107 ukierunkowane efekty rozja\u015bnienia sk\u00f3ry z dodatkow\u0105 ochron\u0105 SPF50 do u\u017cytku klinicznego.\" \/>\n<meta property=\"og:url\" content=\"https:\/\/kinamihealth.com\/pl\/produkt\/mediderma-azelac-ru-luminous-fluid-cream\/\" \/>\n<meta property=\"og:site_name\" content=\"Kinami Health\" \/>\n<meta property=\"article:modified_time\" content=\"2025-12-16T16:14:44+00:00\" \/>\n<meta property=\"og:image\" content=\"https:\/\/kinamihealth.com\/wp-content\/uploads\/2025\/02\/MEDIDERMA-AZELAC-RU-LUMINOUS-FLUID-CREAM-SPF50-01.webp\" \/>\n\t<meta property=\"og:image:width\" content=\"800\" \/>\n\t<meta property=\"og:image:height\" content=\"800\" \/>\n\t<meta property=\"og:image:type\" content=\"image\/webp\" \/>\n<meta name=\"twitter:card\" content=\"summary_large_image\" \/>\n<meta name=\"twitter:label1\" content=\"Szacowany czas czytania\" \/>\n\t<meta name=\"twitter:data1\" content=\"1 minuta\" \/>\n<!-- \/ Yoast SEO plugin. -->","yoast_head_json":{"title":"Kup AZELAC\u00ae RU LUMINOUS FLUID CREAM online | Sklep internetowy | Kinami Health","description":"Kup AZELAC\u00ae RU LUMINOUS FLUID CREAM online, aby uzyska\u0107 ukierunkowane efekty rozja\u015bnienia sk\u00f3ry z dodatkow\u0105 ochron\u0105 SPF50 do u\u017cytku klinicznego.","robots":{"index":"index","follow":"follow","max-snippet":"max-snippet:-1","max-image-preview":"max-image-preview:large","max-video-preview":"max-video-preview:-1"},"canonical":"https:\/\/kinamihealth.com\/pl\/wp-json\/wp\/v2\/product\/127482","og_locale":"pl_PL","og_type":"article","og_title":"Kup AZELAC\u00ae RU LUMINOUS FLUID CREAM online | Sklep internetowy | Kinami Health","og_description":"Kup AZELAC\u00ae RU LUMINOUS FLUID CREAM online, aby uzyska\u0107 ukierunkowane efekty rozja\u015bnienia sk\u00f3ry z dodatkow\u0105 ochron\u0105 SPF50 do u\u017cytku klinicznego.","og_url":"https:\/\/kinamihealth.com\/pl\/produkt\/mediderma-azelac-ru-luminous-fluid-cream\/","og_site_name":"Kinami Health","article_modified_time":"2025-12-16T16:14:44+00:00","og_image":[{"width":800,"height":800,"url":"https:\/\/kinamihealth.com\/wp-content\/uploads\/2025\/02\/MEDIDERMA-AZELAC-RU-LUMINOUS-FLUID-CREAM-SPF50-01.webp","type":"image\/webp"}],"twitter_card":"summary_large_image","twitter_misc":{"Szacowany czas czytania":"1 minuta"},"schema":{"@context":"https:\/\/schema.org","@graph":[{"@type":"WebPage","@id":"https:\/\/kinamihealth.com\/pl\/produkt\/mediderma-azelac-ru-luminous-fluid-cream\/","url":"https:\/\/kinamihealth.com\/pl\/produkt\/mediderma-azelac-ru-luminous-fluid-cream\/","name":"Kup AZELAC\u00ae RU LUMINOUS FLUID CREAM online | Sklep internetowy | Kinami Health","isPartOf":{"@id":"https:\/\/kinamihealth.com\/#website"},"primaryImageOfPage":{"@id":"https:\/\/kinamihealth.com\/pl\/produkt\/mediderma-azelac-ru-luminous-fluid-cream\/#primaryimage"},"image":{"@id":"https:\/\/kinamihealth.com\/pl\/produkt\/mediderma-azelac-ru-luminous-fluid-cream\/#primaryimage"},"thumbnailUrl":"https:\/\/kinamihealth.com\/wp-content\/uploads\/2025\/02\/MEDIDERMA-AZELAC-RU-LUMINOUS-FLUID-CREAM-SPF50-01.webp","datePublished":"2025-02-15T16:53:53+00:00","dateModified":"2025-12-16T16:14:44+00:00","description":"Kup AZELAC\u00ae RU LUMINOUS FLUID CREAM online, aby uzyska\u0107 ukierunkowane efekty rozja\u015bnienia sk\u00f3ry z dodatkow\u0105 ochron\u0105 SPF50 do u\u017cytku klinicznego.","breadcrumb":{"@id":"https:\/\/kinamihealth.com\/pl\/produkt\/mediderma-azelac-ru-luminous-fluid-cream\/#breadcrumb"},"inLanguage":"pl-PL","potentialAction":[{"@type":"ReadAction","target":["https:\/\/kinamihealth.com\/pl\/produkt\/mediderma-azelac-ru-luminous-fluid-cream\/"]}]},{"@type":"ImageObject","inLanguage":"pl-PL","@id":"https:\/\/kinamihealth.com\/pl\/produkt\/mediderma-azelac-ru-luminous-fluid-cream\/#primaryimage","url":"https:\/\/kinamihealth.com\/wp-content\/uploads\/2025\/02\/MEDIDERMA-AZELAC-RU-LUMINOUS-FLUID-CREAM-SPF50-01.webp","contentUrl":"https:\/\/kinamihealth.com\/wp-content\/uploads\/2025\/02\/MEDIDERMA-AZELAC-RU-LUMINOUS-FLUID-CREAM-SPF50-01.webp","width":800,"height":800},{"@type":"BreadcrumbList","@id":"https:\/\/kinamihealth.com\/pl\/produkt\/mediderma-azelac-ru-luminous-fluid-cream\/#breadcrumb","itemListElement":[{"@type":"ListItem","position":1,"name":"Strona g\u0142\u00f3wna","item":"https:\/\/kinamihealth.com\/sr\/"},{"@type":"ListItem","position":2,"name":"Sklep","item":"https:\/\/kinamihealth.com\/pl\/?page_id=128280"},{"@type":"ListItem","position":3,"name":"MEDIDERMA\u00ae AZELAC\u00ae RU LUMINOUS FLUID CREAM"}]},{"@type":"WebSite","@id":"https:\/\/kinamihealth.com\/#website","url":"https:\/\/kinamihealth.com\/","name":"Kinami Health","description":"","publisher":{"@id":"https:\/\/kinamihealth.com\/#organization"},"potentialAction":[{"@type":"SearchAction","target":{"@type":"EntryPoint","urlTemplate":"https:\/\/kinamihealth.com\/?s={search_term_string}"},"query-input":{"@type":"PropertyValueSpecification","valueRequired":true,"valueName":"search_term_string"}}],"inLanguage":"pl-PL"},{"@type":"Organization","@id":"https:\/\/kinamihealth.com\/#organization","name":"Kinami Health","url":"https:\/\/kinamihealth.com\/","logo":{"@type":"ImageObject","inLanguage":"pl-PL","@id":"https:\/\/kinamihealth.com\/#\/schema\/logo\/image\/","url":"https:\/\/kinamihealth.com\/wp-content\/uploads\/2025\/01\/KH_logo_black_2-1.png","contentUrl":"https:\/\/kinamihealth.com\/wp-content\/uploads\/2025\/01\/KH_logo_black_2-1.png","width":339,"height":34,"caption":"Kinami Health"},"image":{"@id":"https:\/\/kinamihealth.com\/#\/schema\/logo\/image\/"}}]}},"_links":{"self":[{"href":"https:\/\/kinamihealth.com\/pl\/wp-json\/wp\/v2\/product\/127482","targetHints":{"allow":["GET"]}}],"collection":[{"href":"https:\/\/kinamihealth.com\/pl\/wp-json\/wp\/v2\/product"}],"about":[{"href":"https:\/\/kinamihealth.com\/pl\/wp-json\/wp\/v2\/types\/product"}],"replies":[{"embeddable":true,"href":"https:\/\/kinamihealth.com\/pl\/wp-json\/wp\/v2\/comments?post=127482"}],"version-history":[{"count":0,"href":"https:\/\/kinamihealth.com\/pl\/wp-json\/wp\/v2\/product\/127482\/revisions"}],"wp:featuredmedia":[{"embeddable":true,"href":"https:\/\/kinamihealth.com\/pl\/wp-json\/wp\/v2\/media\/127483"}],"wp:attachment":[{"href":"https:\/\/kinamihealth.com\/pl\/wp-json\/wp\/v2\/media?parent=127482"}],"wp:term":[{"taxonomy":"product_brand","embeddable":true,"href":"https:\/\/kinamihealth.com\/pl\/wp-json\/wp\/v2\/product_brand?post=127482"},{"taxonomy":"product_cat","embeddable":true,"href":"https:\/\/kinamihealth.com\/pl\/wp-json\/wp\/v2\/product_cat?post=127482"},{"taxonomy":"product_tag","embeddable":true,"href":"https:\/\/kinamihealth.com\/pl\/wp-json\/wp\/v2\/product_tag?post=127482"}],"curies":[{"name":"wp","href":"https:\/\/api.w.org\/{rel}","templated":true}]}}