{"id":127478,"date":"2025-02-15T16:55:23","date_gmt":"2025-02-15T16:55:23","guid":{"rendered":"https:\/\/kinamihealth.com\/product\/hyaluronidase-1500iu-5-vials\/"},"modified":"2026-01-13T18:48:56","modified_gmt":"2026-01-13T18:48:56","slug":"hyaluronidase-1500iu-5-vials","status":"publish","type":"product","link":"https:\/\/kinamihealth.com\/pl\/produkt\/hyaluronidase-1500iu-5-vials\/","title":{"rendered":"HYALURONIDASE 1500iu 5 vials"},"content":{"rendered":"<p dir=\"auto\">HYALURONIDASE 1500 IU (5 fiolek) to wysokiej jako\u015bci preparat enzymatyczny do wstrzykiwa\u0144, stosowany przede wszystkim w celu szybkiego i kontrolowanego rozpuszczenia wype\u0142niaczy sk\u00f3rnych na bazie kwasu hialuronowego. Ka\u017cda fiolka zawiera dok\u0142adnie 1500 mi\u0119dzynarodowych jednostek (IU) liofilizowanego proszku hialuronidazy, kt\u00f3ry bezpo\u015brednio przed zabiegiem nale\u017cy rozpu\u015bci\u0107 w sterylnym roztworze soli fizjologicznej.<\/p>\n","protected":false},"excerpt":{"rendered":"<p>HYALURONIDASE 1500 IU (5 fiolek) to wysokiej jako\u015bci preparat enzymatyczny do wstrzykiwa\u0144, stosowany przede wszystkim w celu szybkiego i kontrolowanego rozpuszczenia wype\u0142niaczy sk\u00f3rnych na bazie kwasu hialuronowego. Ka\u017cda fiolka zawiera dok\u0142adnie 1500 mi\u0119dzynarodowych jednostek (IU) liofilizowanego proszku hialuronidazy, kt\u00f3ry bezpo\u015brednio przed zabiegiem nale\u017cy rozpu\u015bci\u0107 w sterylnym roztworze soli fizjologicznej.<\/p>\n","protected":false},"featured_media":127479,"comment_status":"closed","ping_status":"closed","template":"","meta":{"_acf_changed":false,"inline_featured_image":false},"product_brand":[2896],"product_cat":[4598],"product_tag":[4176],"class_list":{"0":"post-127478","1":"product","2":"type-product","3":"status-publish","4":"has-post-thumbnail","6":"product_brand-bcn","7":"product_cat-mesotherapy-pl","8":"product_tag-medical-devices-pl","10":"first","11":"instock","12":"taxable","13":"shipping-taxable","14":"purchasable","15":"product-type-simple","16":"add-to-wishlist-before_image"},"acf":[],"yoast_head":"<!-- This site is optimized with the Yoast SEO plugin v27.1.1 - https:\/\/yoast.com\/product\/yoast-seo-wordpress\/ -->\n<title>Kup HYALURONIDASE 1500iu 5 fiolek online | Sklep internetowy | Kinami Health<\/title>\n<meta name=\"description\" content=\"Kup online HYALURONIDASE 1500iu 5 fiolek, aby uzyska\u0107 szybk\u0105 i skuteczn\u0105 korekt\u0119 kwasu hialuronowego, ciesz\u0105c\u0105 si\u0119 zaufaniem profesjonalist\u00f3w w zakresie bezpiecznych zabieg\u00f3w estetycznych.\" \/>\n<meta name=\"robots\" content=\"index, follow, max-snippet:-1, max-image-preview:large, max-video-preview:-1\" \/>\n<link rel=\"canonical\" href=\"https:\/\/kinamihealth.com\/pl\/wp-json\/wp\/v2\/product\/127478\" \/>\n<meta property=\"og:locale\" content=\"pl_PL\" \/>\n<meta property=\"og:type\" content=\"article\" \/>\n<meta property=\"og:title\" content=\"Kup HYALURONIDASE 1500iu 5 fiolek online | Sklep internetowy | Kinami Health\" \/>\n<meta property=\"og:description\" content=\"Kup online HYALURONIDASE 1500iu 5 fiolek, aby uzyska\u0107 szybk\u0105 i skuteczn\u0105 korekt\u0119 kwasu hialuronowego, ciesz\u0105c\u0105 si\u0119 zaufaniem profesjonalist\u00f3w w zakresie bezpiecznych zabieg\u00f3w estetycznych.\" \/>\n<meta property=\"og:url\" content=\"https:\/\/kinamihealth.com\/pl\/produkt\/hyaluronidase-1500iu-5-vials\/\" \/>\n<meta property=\"og:site_name\" content=\"Kinami Health\" \/>\n<meta property=\"article:modified_time\" content=\"2026-01-13T18:48:56+00:00\" \/>\n<meta property=\"og:image\" content=\"https:\/\/kinamihealth.com\/wp-content\/uploads\/2025\/02\/BCN-HYALURONIDASE-1500-UI-01.jpg\" \/>\n\t<meta property=\"og:image:width\" content=\"800\" \/>\n\t<meta property=\"og:image:height\" content=\"800\" \/>\n\t<meta property=\"og:image:type\" content=\"image\/jpeg\" \/>\n<meta name=\"twitter:card\" content=\"summary_large_image\" \/>\n<meta name=\"twitter:label1\" content=\"Szacowany czas czytania\" \/>\n\t<meta name=\"twitter:data1\" content=\"1 minuta\" \/>\n<!-- \/ Yoast SEO plugin. -->","yoast_head_json":{"title":"Kup HYALURONIDASE 1500iu 5 fiolek online | Sklep internetowy | Kinami Health","description":"Kup online HYALURONIDASE 1500iu 5 fiolek, aby uzyska\u0107 szybk\u0105 i skuteczn\u0105 korekt\u0119 kwasu hialuronowego, ciesz\u0105c\u0105 si\u0119 zaufaniem profesjonalist\u00f3w w zakresie bezpiecznych zabieg\u00f3w estetycznych.","robots":{"index":"index","follow":"follow","max-snippet":"max-snippet:-1","max-image-preview":"max-image-preview:large","max-video-preview":"max-video-preview:-1"},"canonical":"https:\/\/kinamihealth.com\/pl\/wp-json\/wp\/v2\/product\/127478","og_locale":"pl_PL","og_type":"article","og_title":"Kup HYALURONIDASE 1500iu 5 fiolek online | Sklep internetowy | Kinami Health","og_description":"Kup online HYALURONIDASE 1500iu 5 fiolek, aby uzyska\u0107 szybk\u0105 i skuteczn\u0105 korekt\u0119 kwasu hialuronowego, ciesz\u0105c\u0105 si\u0119 zaufaniem profesjonalist\u00f3w w zakresie bezpiecznych zabieg\u00f3w estetycznych.","og_url":"https:\/\/kinamihealth.com\/pl\/produkt\/hyaluronidase-1500iu-5-vials\/","og_site_name":"Kinami Health","article_modified_time":"2026-01-13T18:48:56+00:00","og_image":[{"width":800,"height":800,"url":"https:\/\/kinamihealth.com\/wp-content\/uploads\/2025\/02\/BCN-HYALURONIDASE-1500-UI-01.jpg","type":"image\/jpeg"}],"twitter_card":"summary_large_image","twitter_misc":{"Szacowany czas czytania":"1 minuta"},"schema":{"@context":"https:\/\/schema.org","@graph":[{"@type":"WebPage","@id":"https:\/\/kinamihealth.com\/pl\/produkt\/hyaluronidase-1500iu-5-vials\/","url":"https:\/\/kinamihealth.com\/pl\/produkt\/hyaluronidase-1500iu-5-vials\/","name":"Kup HYALURONIDASE 1500iu 5 fiolek online | Sklep internetowy | Kinami Health","isPartOf":{"@id":"https:\/\/kinamihealth.com\/#website"},"primaryImageOfPage":{"@id":"https:\/\/kinamihealth.com\/pl\/produkt\/hyaluronidase-1500iu-5-vials\/#primaryimage"},"image":{"@id":"https:\/\/kinamihealth.com\/pl\/produkt\/hyaluronidase-1500iu-5-vials\/#primaryimage"},"thumbnailUrl":"https:\/\/kinamihealth.com\/wp-content\/uploads\/2025\/02\/BCN-HYALURONIDASE-1500-UI-01.jpg","datePublished":"2025-02-15T16:55:23+00:00","dateModified":"2026-01-13T18:48:56+00:00","description":"Kup online HYALURONIDASE 1500iu 5 fiolek, aby uzyska\u0107 szybk\u0105 i skuteczn\u0105 korekt\u0119 kwasu hialuronowego, ciesz\u0105c\u0105 si\u0119 zaufaniem profesjonalist\u00f3w w zakresie bezpiecznych zabieg\u00f3w estetycznych.","breadcrumb":{"@id":"https:\/\/kinamihealth.com\/pl\/produkt\/hyaluronidase-1500iu-5-vials\/#breadcrumb"},"inLanguage":"pl-PL","potentialAction":[{"@type":"ReadAction","target":["https:\/\/kinamihealth.com\/pl\/produkt\/hyaluronidase-1500iu-5-vials\/"]}]},{"@type":"ImageObject","inLanguage":"pl-PL","@id":"https:\/\/kinamihealth.com\/pl\/produkt\/hyaluronidase-1500iu-5-vials\/#primaryimage","url":"https:\/\/kinamihealth.com\/wp-content\/uploads\/2025\/02\/BCN-HYALURONIDASE-1500-UI-01.jpg","contentUrl":"https:\/\/kinamihealth.com\/wp-content\/uploads\/2025\/02\/BCN-HYALURONIDASE-1500-UI-01.jpg","width":800,"height":800},{"@type":"BreadcrumbList","@id":"https:\/\/kinamihealth.com\/pl\/produkt\/hyaluronidase-1500iu-5-vials\/#breadcrumb","itemListElement":[{"@type":"ListItem","position":1,"name":"Strona g\u0142\u00f3wna","item":"https:\/\/kinamihealth.com\/sr\/"},{"@type":"ListItem","position":2,"name":"Sklep","item":"https:\/\/kinamihealth.com\/pl\/?page_id=128280"},{"@type":"ListItem","position":3,"name":"HYALURONIDASE 1500iu 5 vials"}]},{"@type":"WebSite","@id":"https:\/\/kinamihealth.com\/#website","url":"https:\/\/kinamihealth.com\/","name":"Kinami Health","description":"","publisher":{"@id":"https:\/\/kinamihealth.com\/#organization"},"potentialAction":[{"@type":"SearchAction","target":{"@type":"EntryPoint","urlTemplate":"https:\/\/kinamihealth.com\/?s={search_term_string}"},"query-input":{"@type":"PropertyValueSpecification","valueRequired":true,"valueName":"search_term_string"}}],"inLanguage":"pl-PL"},{"@type":"Organization","@id":"https:\/\/kinamihealth.com\/#organization","name":"Kinami Health","url":"https:\/\/kinamihealth.com\/","logo":{"@type":"ImageObject","inLanguage":"pl-PL","@id":"https:\/\/kinamihealth.com\/#\/schema\/logo\/image\/","url":"https:\/\/kinamihealth.com\/wp-content\/uploads\/2025\/01\/KH_logo_black_2-1.png","contentUrl":"https:\/\/kinamihealth.com\/wp-content\/uploads\/2025\/01\/KH_logo_black_2-1.png","width":339,"height":34,"caption":"Kinami Health"},"image":{"@id":"https:\/\/kinamihealth.com\/#\/schema\/logo\/image\/"}}]}},"_links":{"self":[{"href":"https:\/\/kinamihealth.com\/pl\/wp-json\/wp\/v2\/product\/127478","targetHints":{"allow":["GET"]}}],"collection":[{"href":"https:\/\/kinamihealth.com\/pl\/wp-json\/wp\/v2\/product"}],"about":[{"href":"https:\/\/kinamihealth.com\/pl\/wp-json\/wp\/v2\/types\/product"}],"replies":[{"embeddable":true,"href":"https:\/\/kinamihealth.com\/pl\/wp-json\/wp\/v2\/comments?post=127478"}],"version-history":[{"count":0,"href":"https:\/\/kinamihealth.com\/pl\/wp-json\/wp\/v2\/product\/127478\/revisions"}],"wp:featuredmedia":[{"embeddable":true,"href":"https:\/\/kinamihealth.com\/pl\/wp-json\/wp\/v2\/media\/127479"}],"wp:attachment":[{"href":"https:\/\/kinamihealth.com\/pl\/wp-json\/wp\/v2\/media?parent=127478"}],"wp:term":[{"taxonomy":"product_brand","embeddable":true,"href":"https:\/\/kinamihealth.com\/pl\/wp-json\/wp\/v2\/product_brand?post=127478"},{"taxonomy":"product_cat","embeddable":true,"href":"https:\/\/kinamihealth.com\/pl\/wp-json\/wp\/v2\/product_cat?post=127478"},{"taxonomy":"product_tag","embeddable":true,"href":"https:\/\/kinamihealth.com\/pl\/wp-json\/wp\/v2\/product_tag?post=127478"}],"curies":[{"name":"wp","href":"https:\/\/api.w.org\/{rel}","templated":true}]}}