{"id":127208,"date":"2025-02-15T16:58:04","date_gmt":"2025-02-15T16:58:04","guid":{"rendered":"https:\/\/kinamihealth.com\/product\/stylage-m\/"},"modified":"2025-12-16T00:55:54","modified_gmt":"2025-12-16T00:55:54","slug":"stylage-m","status":"publish","type":"product","link":"https:\/\/kinamihealth.com\/pl\/produkt\/stylage-m\/","title":{"rendered":"STYLAGE\u00ae M"},"content":{"rendered":"<p><span style=\"font-weight: 400;\">Stylage M to wysokiej jako\u015bci <\/span><b>wype\u0142niacz z kwasem hialuronowym<\/b><span style=\"font-weight: 400;\">, kt\u00f3ry stanowi niechirurgiczne rozwi\u0105zanie do odm\u0142adzania twarzy, korekcji zmarszczek i zwi\u0119kszania obj\u0119to\u015bci d\u0142oni. Jego <\/span><b>unikalna formu\u0142a wzbogacona mannitolem<\/b><span style=\"font-weight: 400;\"> wyr\u00f3\u017cnia go na tle konkurencji, <\/span><b>zmniejszaj\u0105c stres oksydacyjny i poprawiaj\u0105c trwa\u0142o\u015b\u0107<\/b><span style=\"font-weight: 400;\">. <\/span><\/p>\n","protected":false},"excerpt":{"rendered":"<p>Stylage M to wysokiej jako\u015bci wype\u0142niacz z kwasem hialuronowym, kt\u00f3ry stanowi niechirurgiczne rozwi\u0105zanie do odm\u0142adzania twarzy, korekcji zmarszczek i zwi\u0119kszania obj\u0119to\u015bci d\u0142oni. Jego unikalna formu\u0142a wzbogacona mannitolem wyr\u00f3\u017cnia go na tle konkurencji, zmniejszaj\u0105c stres oksydacyjny i poprawiaj\u0105c trwa\u0142o\u015b\u0107.<\/p>\n","protected":false},"featured_media":127209,"comment_status":"open","ping_status":"closed","template":"","meta":{"_acf_changed":false,"inline_featured_image":false},"product_brand":[2957],"product_cat":[4174,4175],"product_tag":[4176],"class_list":{"0":"post-127208","1":"product","2":"type-product","3":"status-publish","4":"has-post-thumbnail","6":"product_brand-stylage","7":"product_cat-dermal-fillers-pl","8":"product_cat-ha-dermal-fillers-pl","9":"product_tag-medical-devices-pl","11":"first","12":"instock","13":"taxable","14":"shipping-taxable","15":"purchasable","16":"product-type-simple","17":"add-to-wishlist-before_image"},"acf":[],"yoast_head":"<!-- This site is optimized with the Yoast SEO plugin v27.1.1 - https:\/\/yoast.com\/product\/yoast-seo-wordpress\/ -->\n<title>Kup Stylage M Online: D\u0142ugotrwa\u0142y Wype\u0142niacz z Kwasem Hialuronowym<\/title>\n<meta name=\"description\" content=\"Kup Stylage M online: Doskona\u0142y i trwa\u0142y wype\u0142niacz. Idealny do wyg\u0142adzania zmarszczek, konturowania twarzy i odm\u0142adzania d\u0142oni. Zam\u00f3w dzi\u015b!\" \/>\n<meta name=\"robots\" content=\"index, follow, max-snippet:-1, max-image-preview:large, max-video-preview:-1\" \/>\n<link rel=\"canonical\" href=\"https:\/\/kinamihealth.com\/pl\/wp-json\/wp\/v2\/product\/127208\" \/>\n<meta property=\"og:locale\" content=\"pl_PL\" \/>\n<meta property=\"og:type\" content=\"article\" \/>\n<meta property=\"og:title\" content=\"Kup Stylage M Online: D\u0142ugotrwa\u0142y Wype\u0142niacz z Kwasem Hialuronowym\" \/>\n<meta property=\"og:description\" content=\"Kup Stylage M online: Doskona\u0142y i trwa\u0142y wype\u0142niacz. Idealny do wyg\u0142adzania zmarszczek, konturowania twarzy i odm\u0142adzania d\u0142oni. Zam\u00f3w dzi\u015b!\" \/>\n<meta property=\"og:url\" content=\"https:\/\/kinamihealth.com\/pl\/produkt\/stylage-m\/\" \/>\n<meta property=\"og:site_name\" content=\"Kinami Health\" \/>\n<meta property=\"article:modified_time\" content=\"2025-12-16T00:55:54+00:00\" \/>\n<meta property=\"og:image\" content=\"https:\/\/kinamihealth.com\/wp-content\/uploads\/2025\/02\/STYLAGE-M_Front.webp\" \/>\n\t<meta property=\"og:image:width\" content=\"1500\" \/>\n\t<meta property=\"og:image:height\" content=\"1500\" \/>\n\t<meta property=\"og:image:type\" content=\"image\/webp\" \/>\n<meta name=\"twitter:card\" content=\"summary_large_image\" \/>\n<meta name=\"twitter:label1\" content=\"Szacowany czas czytania\" \/>\n\t<meta name=\"twitter:data1\" content=\"1 minuta\" \/>\n<!-- \/ Yoast SEO plugin. -->","yoast_head_json":{"title":"Kup Stylage M Online: D\u0142ugotrwa\u0142y Wype\u0142niacz z Kwasem Hialuronowym","description":"Kup Stylage M online: Doskona\u0142y i trwa\u0142y wype\u0142niacz. Idealny do wyg\u0142adzania zmarszczek, konturowania twarzy i odm\u0142adzania d\u0142oni. Zam\u00f3w dzi\u015b!","robots":{"index":"index","follow":"follow","max-snippet":"max-snippet:-1","max-image-preview":"max-image-preview:large","max-video-preview":"max-video-preview:-1"},"canonical":"https:\/\/kinamihealth.com\/pl\/wp-json\/wp\/v2\/product\/127208","og_locale":"pl_PL","og_type":"article","og_title":"Kup Stylage M Online: D\u0142ugotrwa\u0142y Wype\u0142niacz z Kwasem Hialuronowym","og_description":"Kup Stylage M online: Doskona\u0142y i trwa\u0142y wype\u0142niacz. Idealny do wyg\u0142adzania zmarszczek, konturowania twarzy i odm\u0142adzania d\u0142oni. Zam\u00f3w dzi\u015b!","og_url":"https:\/\/kinamihealth.com\/pl\/produkt\/stylage-m\/","og_site_name":"Kinami Health","article_modified_time":"2025-12-16T00:55:54+00:00","og_image":[{"width":1500,"height":1500,"url":"https:\/\/kinamihealth.com\/wp-content\/uploads\/2025\/02\/STYLAGE-M_Front.webp","type":"image\/webp"}],"twitter_card":"summary_large_image","twitter_misc":{"Szacowany czas czytania":"1 minuta"},"schema":{"@context":"https:\/\/schema.org","@graph":[{"@type":"WebPage","@id":"https:\/\/kinamihealth.com\/pl\/produkt\/stylage-m\/","url":"https:\/\/kinamihealth.com\/pl\/produkt\/stylage-m\/","name":"Kup Stylage M Online: D\u0142ugotrwa\u0142y Wype\u0142niacz z Kwasem Hialuronowym","isPartOf":{"@id":"https:\/\/kinamihealth.com\/#website"},"primaryImageOfPage":{"@id":"https:\/\/kinamihealth.com\/pl\/produkt\/stylage-m\/#primaryimage"},"image":{"@id":"https:\/\/kinamihealth.com\/pl\/produkt\/stylage-m\/#primaryimage"},"thumbnailUrl":"https:\/\/kinamihealth.com\/wp-content\/uploads\/2025\/02\/STYLAGE-M_Front.webp","datePublished":"2025-02-15T16:58:04+00:00","dateModified":"2025-12-16T00:55:54+00:00","description":"Kup Stylage M online: Doskona\u0142y i trwa\u0142y wype\u0142niacz. Idealny do wyg\u0142adzania zmarszczek, konturowania twarzy i odm\u0142adzania d\u0142oni. Zam\u00f3w dzi\u015b!","breadcrumb":{"@id":"https:\/\/kinamihealth.com\/pl\/produkt\/stylage-m\/#breadcrumb"},"inLanguage":"pl-PL","potentialAction":[{"@type":"ReadAction","target":["https:\/\/kinamihealth.com\/pl\/produkt\/stylage-m\/"]}]},{"@type":"ImageObject","inLanguage":"pl-PL","@id":"https:\/\/kinamihealth.com\/pl\/produkt\/stylage-m\/#primaryimage","url":"https:\/\/kinamihealth.com\/wp-content\/uploads\/2025\/02\/STYLAGE-M_Front.webp","contentUrl":"https:\/\/kinamihealth.com\/wp-content\/uploads\/2025\/02\/STYLAGE-M_Front.webp","width":1500,"height":1500},{"@type":"BreadcrumbList","@id":"https:\/\/kinamihealth.com\/pl\/produkt\/stylage-m\/#breadcrumb","itemListElement":[{"@type":"ListItem","position":1,"name":"Strona g\u0142\u00f3wna","item":"https:\/\/kinamihealth.com\/sr\/"},{"@type":"ListItem","position":2,"name":"Sklep","item":"https:\/\/kinamihealth.com\/pl\/?page_id=128280"},{"@type":"ListItem","position":3,"name":"STYLAGE\u00ae M"}]},{"@type":"WebSite","@id":"https:\/\/kinamihealth.com\/#website","url":"https:\/\/kinamihealth.com\/","name":"Kinami Health","description":"","publisher":{"@id":"https:\/\/kinamihealth.com\/#organization"},"potentialAction":[{"@type":"SearchAction","target":{"@type":"EntryPoint","urlTemplate":"https:\/\/kinamihealth.com\/?s={search_term_string}"},"query-input":{"@type":"PropertyValueSpecification","valueRequired":true,"valueName":"search_term_string"}}],"inLanguage":"pl-PL"},{"@type":"Organization","@id":"https:\/\/kinamihealth.com\/#organization","name":"Kinami Health","url":"https:\/\/kinamihealth.com\/","logo":{"@type":"ImageObject","inLanguage":"pl-PL","@id":"https:\/\/kinamihealth.com\/#\/schema\/logo\/image\/","url":"https:\/\/kinamihealth.com\/wp-content\/uploads\/2025\/01\/KH_logo_black_2-1.png","contentUrl":"https:\/\/kinamihealth.com\/wp-content\/uploads\/2025\/01\/KH_logo_black_2-1.png","width":339,"height":34,"caption":"Kinami Health"},"image":{"@id":"https:\/\/kinamihealth.com\/#\/schema\/logo\/image\/"}}]}},"_links":{"self":[{"href":"https:\/\/kinamihealth.com\/pl\/wp-json\/wp\/v2\/product\/127208","targetHints":{"allow":["GET"]}}],"collection":[{"href":"https:\/\/kinamihealth.com\/pl\/wp-json\/wp\/v2\/product"}],"about":[{"href":"https:\/\/kinamihealth.com\/pl\/wp-json\/wp\/v2\/types\/product"}],"replies":[{"embeddable":true,"href":"https:\/\/kinamihealth.com\/pl\/wp-json\/wp\/v2\/comments?post=127208"}],"version-history":[{"count":0,"href":"https:\/\/kinamihealth.com\/pl\/wp-json\/wp\/v2\/product\/127208\/revisions"}],"wp:featuredmedia":[{"embeddable":true,"href":"https:\/\/kinamihealth.com\/pl\/wp-json\/wp\/v2\/media\/127209"}],"wp:attachment":[{"href":"https:\/\/kinamihealth.com\/pl\/wp-json\/wp\/v2\/media?parent=127208"}],"wp:term":[{"taxonomy":"product_brand","embeddable":true,"href":"https:\/\/kinamihealth.com\/pl\/wp-json\/wp\/v2\/product_brand?post=127208"},{"taxonomy":"product_cat","embeddable":true,"href":"https:\/\/kinamihealth.com\/pl\/wp-json\/wp\/v2\/product_cat?post=127208"},{"taxonomy":"product_tag","embeddable":true,"href":"https:\/\/kinamihealth.com\/pl\/wp-json\/wp\/v2\/product_tag?post=127208"}],"curies":[{"name":"wp","href":"https:\/\/api.w.org\/{rel}","templated":true}]}}