{"id":127205,"date":"2025-02-15T16:58:08","date_gmt":"2025-02-15T16:58:08","guid":{"rendered":"https:\/\/kinamihealth.com\/product\/stylage-m-bi-soft\/"},"modified":"2026-03-18T09:50:44","modified_gmt":"2026-03-18T09:50:44","slug":"stylage-m-bi-soft","status":"publish","type":"product","link":"https:\/\/kinamihealth.com\/pl\/produkt\/stylage-m-bi-soft\/","title":{"rendered":"STYLAGE\u00ae M BI-SOFT\u00ae"},"content":{"rendered":"<p><span style=\"font-weight: 400;\">Stylage M Bi-Soft to skuteczny wype\u0142niacz sk\u00f3rny, kt\u00f3ry zwi\u0119ksza obj\u0119to\u015b\u0107 twarzy i wyg\u0142adza zmarszczki, zapewniaj\u0105c doskona\u0142e rezultaty. Ten zaawansowany wype\u0142niacz z kwasem hialuronowym (HA) stanowi <\/span><b>niechirurgiczne rozwi\u0105zanie w przypadku \u015brednich i g\u0142\u0119bokich zmarszczek, utraty obj\u0119to\u015bci i modelowania kontur\u00f3w twarzy<\/b><span style=\"font-weight: 400;\">. <\/span><\/p>\n","protected":false},"excerpt":{"rendered":"<p>Stylage M Bi-Soft to skuteczny wype\u0142niacz sk\u00f3rny, kt\u00f3ry zwi\u0119ksza obj\u0119to\u015b\u0107 twarzy i wyg\u0142adza zmarszczki, zapewniaj\u0105c doskona\u0142e rezultaty. Ten zaawansowany wype\u0142niacz z kwasem hialuronowym (HA) stanowi niechirurgiczne rozwi\u0105zanie w przypadku \u015brednich i g\u0142\u0119bokich zmarszczek, utraty obj\u0119to\u015bci i modelowania kontur\u00f3w twarzy.<\/p>\n","protected":false},"featured_media":127206,"comment_status":"closed","ping_status":"closed","template":"","meta":{"_acf_changed":false,"inline_featured_image":false},"product_brand":[2957],"product_cat":[4174,4175],"product_tag":[4176],"class_list":{"0":"post-127205","1":"product","2":"type-product","3":"status-publish","4":"has-post-thumbnail","6":"product_brand-stylage","7":"product_cat-dermal-fillers-pl","8":"product_cat-ha-dermal-fillers-pl","9":"product_tag-medical-devices-pl","11":"first","12":"instock","13":"taxable","14":"shipping-taxable","15":"purchasable","16":"product-type-simple","17":"add-to-wishlist-before_image"},"acf":[],"yoast_head":"<!-- This site is optimized with the Yoast SEO plugin v27.1.1 - https:\/\/yoast.com\/product\/yoast-seo-wordpress\/ -->\n<title>Kup Stylage M Bi-Soft Online do Korekcji Zmarszczek<\/title>\n<meta name=\"description\" content=\"Kup Stylage M Bi-Soft online: Trwa\u0142a korekcja zmarszczek i konturowanie twarzy z lepszym komfortem i skuteczno\u015bci\u0105. Zam\u00f3w teraz!\" \/>\n<meta name=\"robots\" content=\"index, follow, max-snippet:-1, max-image-preview:large, max-video-preview:-1\" \/>\n<link rel=\"canonical\" href=\"https:\/\/kinamihealth.com\/pl\/wp-json\/wp\/v2\/product\/127205\" \/>\n<meta property=\"og:locale\" content=\"pl_PL\" \/>\n<meta property=\"og:type\" content=\"article\" \/>\n<meta property=\"og:title\" content=\"Kup Stylage M Bi-Soft Online do Korekcji Zmarszczek\" \/>\n<meta property=\"og:description\" content=\"Kup Stylage M Bi-Soft online: Trwa\u0142a korekcja zmarszczek i konturowanie twarzy z lepszym komfortem i skuteczno\u015bci\u0105. Zam\u00f3w teraz!\" \/>\n<meta property=\"og:url\" content=\"https:\/\/kinamihealth.com\/pl\/produkt\/stylage-m-bi-soft\/\" \/>\n<meta property=\"og:site_name\" content=\"Kinami Health\" \/>\n<meta property=\"article:modified_time\" content=\"2026-03-18T09:50:44+00:00\" \/>\n<meta property=\"og:image\" content=\"https:\/\/kinamihealth.com\/wp-content\/uploads\/2025\/02\/VIVACY-STYLAGE-M-BISOFT-01.jpg\" \/>\n\t<meta property=\"og:image:width\" content=\"800\" \/>\n\t<meta property=\"og:image:height\" content=\"800\" \/>\n\t<meta property=\"og:image:type\" content=\"image\/jpeg\" \/>\n<meta name=\"twitter:card\" content=\"summary_large_image\" \/>\n<meta name=\"twitter:label1\" content=\"Szacowany czas czytania\" \/>\n\t<meta name=\"twitter:data1\" content=\"1 minuta\" \/>\n<!-- \/ Yoast SEO plugin. -->","yoast_head_json":{"title":"Kup Stylage M Bi-Soft Online do Korekcji Zmarszczek","description":"Kup Stylage M Bi-Soft online: Trwa\u0142a korekcja zmarszczek i konturowanie twarzy z lepszym komfortem i skuteczno\u015bci\u0105. Zam\u00f3w teraz!","robots":{"index":"index","follow":"follow","max-snippet":"max-snippet:-1","max-image-preview":"max-image-preview:large","max-video-preview":"max-video-preview:-1"},"canonical":"https:\/\/kinamihealth.com\/pl\/wp-json\/wp\/v2\/product\/127205","og_locale":"pl_PL","og_type":"article","og_title":"Kup Stylage M Bi-Soft Online do Korekcji Zmarszczek","og_description":"Kup Stylage M Bi-Soft online: Trwa\u0142a korekcja zmarszczek i konturowanie twarzy z lepszym komfortem i skuteczno\u015bci\u0105. Zam\u00f3w teraz!","og_url":"https:\/\/kinamihealth.com\/pl\/produkt\/stylage-m-bi-soft\/","og_site_name":"Kinami Health","article_modified_time":"2026-03-18T09:50:44+00:00","og_image":[{"width":800,"height":800,"url":"https:\/\/kinamihealth.com\/wp-content\/uploads\/2025\/02\/VIVACY-STYLAGE-M-BISOFT-01.jpg","type":"image\/jpeg"}],"twitter_card":"summary_large_image","twitter_misc":{"Szacowany czas czytania":"1 minuta"},"schema":{"@context":"https:\/\/schema.org","@graph":[{"@type":"WebPage","@id":"https:\/\/kinamihealth.com\/pl\/produkt\/stylage-m-bi-soft\/","url":"https:\/\/kinamihealth.com\/pl\/produkt\/stylage-m-bi-soft\/","name":"Kup Stylage M Bi-Soft Online do Korekcji Zmarszczek","isPartOf":{"@id":"https:\/\/kinamihealth.com\/#website"},"primaryImageOfPage":{"@id":"https:\/\/kinamihealth.com\/pl\/produkt\/stylage-m-bi-soft\/#primaryimage"},"image":{"@id":"https:\/\/kinamihealth.com\/pl\/produkt\/stylage-m-bi-soft\/#primaryimage"},"thumbnailUrl":"https:\/\/kinamihealth.com\/wp-content\/uploads\/2025\/02\/VIVACY-STYLAGE-M-BISOFT-01.jpg","datePublished":"2025-02-15T16:58:08+00:00","dateModified":"2026-03-18T09:50:44+00:00","description":"Kup Stylage M Bi-Soft online: Trwa\u0142a korekcja zmarszczek i konturowanie twarzy z lepszym komfortem i skuteczno\u015bci\u0105. Zam\u00f3w teraz!","breadcrumb":{"@id":"https:\/\/kinamihealth.com\/pl\/produkt\/stylage-m-bi-soft\/#breadcrumb"},"inLanguage":"pl-PL","potentialAction":[{"@type":"ReadAction","target":["https:\/\/kinamihealth.com\/pl\/produkt\/stylage-m-bi-soft\/"]}]},{"@type":"ImageObject","inLanguage":"pl-PL","@id":"https:\/\/kinamihealth.com\/pl\/produkt\/stylage-m-bi-soft\/#primaryimage","url":"https:\/\/kinamihealth.com\/wp-content\/uploads\/2025\/02\/VIVACY-STYLAGE-M-BISOFT-01.jpg","contentUrl":"https:\/\/kinamihealth.com\/wp-content\/uploads\/2025\/02\/VIVACY-STYLAGE-M-BISOFT-01.jpg","width":800,"height":800},{"@type":"BreadcrumbList","@id":"https:\/\/kinamihealth.com\/pl\/produkt\/stylage-m-bi-soft\/#breadcrumb","itemListElement":[{"@type":"ListItem","position":1,"name":"Strona g\u0142\u00f3wna","item":"https:\/\/kinamihealth.com\/sr\/"},{"@type":"ListItem","position":2,"name":"Sklep","item":"https:\/\/kinamihealth.com\/pl\/?page_id=128280"},{"@type":"ListItem","position":3,"name":"STYLAGE\u00ae M BI-SOFT\u00ae"}]},{"@type":"WebSite","@id":"https:\/\/kinamihealth.com\/#website","url":"https:\/\/kinamihealth.com\/","name":"Kinami Health","description":"","publisher":{"@id":"https:\/\/kinamihealth.com\/#organization"},"potentialAction":[{"@type":"SearchAction","target":{"@type":"EntryPoint","urlTemplate":"https:\/\/kinamihealth.com\/?s={search_term_string}"},"query-input":{"@type":"PropertyValueSpecification","valueRequired":true,"valueName":"search_term_string"}}],"inLanguage":"pl-PL"},{"@type":"Organization","@id":"https:\/\/kinamihealth.com\/#organization","name":"Kinami Health","url":"https:\/\/kinamihealth.com\/","logo":{"@type":"ImageObject","inLanguage":"pl-PL","@id":"https:\/\/kinamihealth.com\/#\/schema\/logo\/image\/","url":"https:\/\/kinamihealth.com\/wp-content\/uploads\/2025\/01\/KH_logo_black_2-1.png","contentUrl":"https:\/\/kinamihealth.com\/wp-content\/uploads\/2025\/01\/KH_logo_black_2-1.png","width":339,"height":34,"caption":"Kinami Health"},"image":{"@id":"https:\/\/kinamihealth.com\/#\/schema\/logo\/image\/"}}]}},"_links":{"self":[{"href":"https:\/\/kinamihealth.com\/pl\/wp-json\/wp\/v2\/product\/127205","targetHints":{"allow":["GET"]}}],"collection":[{"href":"https:\/\/kinamihealth.com\/pl\/wp-json\/wp\/v2\/product"}],"about":[{"href":"https:\/\/kinamihealth.com\/pl\/wp-json\/wp\/v2\/types\/product"}],"replies":[{"embeddable":true,"href":"https:\/\/kinamihealth.com\/pl\/wp-json\/wp\/v2\/comments?post=127205"}],"version-history":[{"count":1,"href":"https:\/\/kinamihealth.com\/pl\/wp-json\/wp\/v2\/product\/127205\/revisions"}],"predecessor-version":[{"id":133906,"href":"https:\/\/kinamihealth.com\/pl\/wp-json\/wp\/v2\/product\/127205\/revisions\/133906"}],"wp:featuredmedia":[{"embeddable":true,"href":"https:\/\/kinamihealth.com\/pl\/wp-json\/wp\/v2\/media\/127206"}],"wp:attachment":[{"href":"https:\/\/kinamihealth.com\/pl\/wp-json\/wp\/v2\/media?parent=127205"}],"wp:term":[{"taxonomy":"product_brand","embeddable":true,"href":"https:\/\/kinamihealth.com\/pl\/wp-json\/wp\/v2\/product_brand?post=127205"},{"taxonomy":"product_cat","embeddable":true,"href":"https:\/\/kinamihealth.com\/pl\/wp-json\/wp\/v2\/product_cat?post=127205"},{"taxonomy":"product_tag","embeddable":true,"href":"https:\/\/kinamihealth.com\/pl\/wp-json\/wp\/v2\/product_tag?post=127205"}],"curies":[{"name":"wp","href":"https:\/\/api.w.org\/{rel}","templated":true}]}}