{"id":127203,"date":"2025-02-15T16:58:10","date_gmt":"2025-02-15T16:58:10","guid":{"rendered":"https:\/\/kinamihealth.com\/product\/stylage-m-with-lidocaine\/"},"modified":"2025-12-16T01:04:24","modified_gmt":"2025-12-16T01:04:24","slug":"stylage-m-with-lidocaine","status":"publish","type":"product","link":"https:\/\/kinamihealth.com\/pl\/produkt\/stylage-m-with-lidocaine\/","title":{"rendered":"STYLAGE\u00ae M with Lidocaine"},"content":{"rendered":"<p><b>STYLAGE M z lidokain\u0105<\/b><span style=\"font-weight: 400;\"> to wysokiej jako\u015bci wype\u0142niacz sk\u00f3rny, kt\u00f3ry wykorzystuje po\u0142\u0105czenie kwasu hialuronowego pochodzenia niezwierz\u0119cego i lidokainy, aby zapobiega\u0107 niedoskona\u0142o\u015bciom zwi\u0105zanym z wiekiem w postaci \u015brednich i g\u0142\u0119bokich zmarszczek oraz linii na twarzy. Popraw komfort pacjenta, zmniejszaj\u0105c dyskomfort podczas zabiegu wstrzykni\u0119cia dzi\u0119ki zawarto\u015bci \u015brodka znieczulaj\u0105cego.<\/span><\/p>\n","protected":false},"excerpt":{"rendered":"<p>STYLAGE M z lidokain\u0105 to wysokiej jako\u015bci wype\u0142niacz sk\u00f3rny, kt\u00f3ry wykorzystuje po\u0142\u0105czenie kwasu hialuronowego pochodzenia niezwierz\u0119cego i lidokainy, aby zapobiega\u0107 niedoskona\u0142o\u015bciom zwi\u0105zanym z wiekiem w postaci \u015brednich i g\u0142\u0119bokich zmarszczek oraz linii na twarzy. Popraw komfort pacjenta, zmniejszaj\u0105c dyskomfort podczas zabiegu wstrzykni\u0119cia dzi\u0119ki zawarto\u015bci \u015brodka znieczulaj\u0105cego.<\/p>\n","protected":false},"featured_media":127204,"comment_status":"closed","ping_status":"closed","template":"","meta":{"_acf_changed":false,"inline_featured_image":false},"product_brand":[],"product_cat":[],"product_tag":[],"class_list":{"0":"post-127203","1":"product","2":"type-product","3":"status-publish","4":"has-post-thumbnail","7":"first","8":"instock","9":"taxable","10":"shipping-taxable","11":"purchasable","12":"product-type-simple","13":"add-to-wishlist-before_image"},"acf":[],"yoast_head":"<!-- This site is optimized with the Yoast SEO plugin v27.1.1 - https:\/\/yoast.com\/product\/yoast-seo-wordpress\/ -->\n<title>Kup STYLAGE M z lidokain\u0105 Online \u2013 \u015arednie Zmarszczki<\/title>\n<meta name=\"description\" content=\"Kup STYLAGE M z lidokain\u0105 online i u\u017cyj tego wype\u0142niacza dermalnego do korekcji \u015brednich i g\u0142\u0119bokich zmarszczek na twarzy oraz zwi\u0119kszenia obj\u0119to\u015bci ust.\" \/>\n<meta name=\"robots\" content=\"index, follow, max-snippet:-1, max-image-preview:large, max-video-preview:-1\" \/>\n<link rel=\"canonical\" href=\"https:\/\/kinamihealth.com\/pl\/wp-json\/wp\/v2\/product\/127203\" \/>\n<meta property=\"og:locale\" content=\"pl_PL\" \/>\n<meta property=\"og:type\" content=\"article\" \/>\n<meta property=\"og:title\" content=\"Kup STYLAGE M z lidokain\u0105 Online \u2013 \u015arednie Zmarszczki\" \/>\n<meta property=\"og:description\" content=\"Kup STYLAGE M z lidokain\u0105 online i u\u017cyj tego wype\u0142niacza dermalnego do korekcji \u015brednich i g\u0142\u0119bokich zmarszczek na twarzy oraz zwi\u0119kszenia obj\u0119to\u015bci ust.\" \/>\n<meta property=\"og:url\" content=\"https:\/\/kinamihealth.com\/pl\/produkt\/stylage-m-with-lidocaine\/\" \/>\n<meta property=\"og:site_name\" content=\"Kinami Health\" \/>\n<meta property=\"article:modified_time\" content=\"2025-12-16T01:04:24+00:00\" \/>\n<meta property=\"og:image\" content=\"https:\/\/kinamihealth.com\/wp-content\/uploads\/2025\/02\/VIVACY-STYLAGE-M-LIDOCAINE-BISOFT-01.webp\" \/>\n\t<meta property=\"og:image:width\" content=\"800\" \/>\n\t<meta property=\"og:image:height\" content=\"800\" \/>\n\t<meta property=\"og:image:type\" content=\"image\/webp\" \/>\n<meta name=\"twitter:card\" content=\"summary_large_image\" \/>\n<meta name=\"twitter:label1\" content=\"Szacowany czas czytania\" \/>\n\t<meta name=\"twitter:data1\" content=\"1 minuta\" \/>\n<!-- \/ Yoast SEO plugin. -->","yoast_head_json":{"title":"Kup STYLAGE M z lidokain\u0105 Online \u2013 \u015arednie Zmarszczki","description":"Kup STYLAGE M z lidokain\u0105 online i u\u017cyj tego wype\u0142niacza dermalnego do korekcji \u015brednich i g\u0142\u0119bokich zmarszczek na twarzy oraz zwi\u0119kszenia obj\u0119to\u015bci ust.","robots":{"index":"index","follow":"follow","max-snippet":"max-snippet:-1","max-image-preview":"max-image-preview:large","max-video-preview":"max-video-preview:-1"},"canonical":"https:\/\/kinamihealth.com\/pl\/wp-json\/wp\/v2\/product\/127203","og_locale":"pl_PL","og_type":"article","og_title":"Kup STYLAGE M z lidokain\u0105 Online \u2013 \u015arednie Zmarszczki","og_description":"Kup STYLAGE M z lidokain\u0105 online i u\u017cyj tego wype\u0142niacza dermalnego do korekcji \u015brednich i g\u0142\u0119bokich zmarszczek na twarzy oraz zwi\u0119kszenia obj\u0119to\u015bci ust.","og_url":"https:\/\/kinamihealth.com\/pl\/produkt\/stylage-m-with-lidocaine\/","og_site_name":"Kinami Health","article_modified_time":"2025-12-16T01:04:24+00:00","og_image":[{"width":800,"height":800,"url":"https:\/\/kinamihealth.com\/wp-content\/uploads\/2025\/02\/VIVACY-STYLAGE-M-LIDOCAINE-BISOFT-01.webp","type":"image\/webp"}],"twitter_card":"summary_large_image","twitter_misc":{"Szacowany czas czytania":"1 minuta"},"schema":{"@context":"https:\/\/schema.org","@graph":[{"@type":"WebPage","@id":"https:\/\/kinamihealth.com\/pl\/produkt\/stylage-m-with-lidocaine\/","url":"https:\/\/kinamihealth.com\/pl\/produkt\/stylage-m-with-lidocaine\/","name":"Kup STYLAGE M z lidokain\u0105 Online \u2013 \u015arednie Zmarszczki","isPartOf":{"@id":"https:\/\/kinamihealth.com\/#website"},"primaryImageOfPage":{"@id":"https:\/\/kinamihealth.com\/pl\/produkt\/stylage-m-with-lidocaine\/#primaryimage"},"image":{"@id":"https:\/\/kinamihealth.com\/pl\/produkt\/stylage-m-with-lidocaine\/#primaryimage"},"thumbnailUrl":"https:\/\/kinamihealth.com\/wp-content\/uploads\/2025\/02\/VIVACY-STYLAGE-M-LIDOCAINE-BISOFT-01.webp","datePublished":"2025-02-15T16:58:10+00:00","dateModified":"2025-12-16T01:04:24+00:00","description":"Kup STYLAGE M z lidokain\u0105 online i u\u017cyj tego wype\u0142niacza dermalnego do korekcji \u015brednich i g\u0142\u0119bokich zmarszczek na twarzy oraz zwi\u0119kszenia obj\u0119to\u015bci ust.","breadcrumb":{"@id":"https:\/\/kinamihealth.com\/pl\/produkt\/stylage-m-with-lidocaine\/#breadcrumb"},"inLanguage":"pl-PL","potentialAction":[{"@type":"ReadAction","target":["https:\/\/kinamihealth.com\/pl\/produkt\/stylage-m-with-lidocaine\/"]}]},{"@type":"ImageObject","inLanguage":"pl-PL","@id":"https:\/\/kinamihealth.com\/pl\/produkt\/stylage-m-with-lidocaine\/#primaryimage","url":"https:\/\/kinamihealth.com\/wp-content\/uploads\/2025\/02\/VIVACY-STYLAGE-M-LIDOCAINE-BISOFT-01.webp","contentUrl":"https:\/\/kinamihealth.com\/wp-content\/uploads\/2025\/02\/VIVACY-STYLAGE-M-LIDOCAINE-BISOFT-01.webp","width":800,"height":800},{"@type":"BreadcrumbList","@id":"https:\/\/kinamihealth.com\/pl\/produkt\/stylage-m-with-lidocaine\/#breadcrumb","itemListElement":[{"@type":"ListItem","position":1,"name":"Strona g\u0142\u00f3wna","item":"https:\/\/kinamihealth.com\/sr\/"},{"@type":"ListItem","position":2,"name":"Sklep","item":"https:\/\/kinamihealth.com\/pl\/?page_id=128280"},{"@type":"ListItem","position":3,"name":"STYLAGE\u00ae M with Lidocaine"}]},{"@type":"WebSite","@id":"https:\/\/kinamihealth.com\/#website","url":"https:\/\/kinamihealth.com\/","name":"Kinami Health","description":"","publisher":{"@id":"https:\/\/kinamihealth.com\/#organization"},"potentialAction":[{"@type":"SearchAction","target":{"@type":"EntryPoint","urlTemplate":"https:\/\/kinamihealth.com\/?s={search_term_string}"},"query-input":{"@type":"PropertyValueSpecification","valueRequired":true,"valueName":"search_term_string"}}],"inLanguage":"pl-PL"},{"@type":"Organization","@id":"https:\/\/kinamihealth.com\/#organization","name":"Kinami Health","url":"https:\/\/kinamihealth.com\/","logo":{"@type":"ImageObject","inLanguage":"pl-PL","@id":"https:\/\/kinamihealth.com\/#\/schema\/logo\/image\/","url":"https:\/\/kinamihealth.com\/wp-content\/uploads\/2025\/01\/KH_logo_black_2-1.png","contentUrl":"https:\/\/kinamihealth.com\/wp-content\/uploads\/2025\/01\/KH_logo_black_2-1.png","width":339,"height":34,"caption":"Kinami Health"},"image":{"@id":"https:\/\/kinamihealth.com\/#\/schema\/logo\/image\/"}}]}},"_links":{"self":[{"href":"https:\/\/kinamihealth.com\/pl\/wp-json\/wp\/v2\/product\/127203","targetHints":{"allow":["GET"]}}],"collection":[{"href":"https:\/\/kinamihealth.com\/pl\/wp-json\/wp\/v2\/product"}],"about":[{"href":"https:\/\/kinamihealth.com\/pl\/wp-json\/wp\/v2\/types\/product"}],"replies":[{"embeddable":true,"href":"https:\/\/kinamihealth.com\/pl\/wp-json\/wp\/v2\/comments?post=127203"}],"version-history":[{"count":0,"href":"https:\/\/kinamihealth.com\/pl\/wp-json\/wp\/v2\/product\/127203\/revisions"}],"wp:featuredmedia":[{"embeddable":true,"href":"https:\/\/kinamihealth.com\/pl\/wp-json\/wp\/v2\/media\/127204"}],"wp:attachment":[{"href":"https:\/\/kinamihealth.com\/pl\/wp-json\/wp\/v2\/media?parent=127203"}],"wp:term":[{"taxonomy":"product_brand","embeddable":true,"href":"https:\/\/kinamihealth.com\/pl\/wp-json\/wp\/v2\/product_brand?post=127203"},{"taxonomy":"product_cat","embeddable":true,"href":"https:\/\/kinamihealth.com\/pl\/wp-json\/wp\/v2\/product_cat?post=127203"},{"taxonomy":"product_tag","embeddable":true,"href":"https:\/\/kinamihealth.com\/pl\/wp-json\/wp\/v2\/product_tag?post=127203"}],"curies":[{"name":"wp","href":"https:\/\/api.w.org\/{rel}","templated":true}]}}