{"id":127198,"date":"2025-02-15T16:58:11","date_gmt":"2025-02-15T16:58:11","guid":{"rendered":"https:\/\/kinamihealth.com\/product\/stylage-s-bi-soft\/"},"modified":"2025-12-16T01:05:53","modified_gmt":"2025-12-16T01:05:53","slug":"stylage-s-bi-soft","status":"publish","type":"product","link":"https:\/\/kinamihealth.com\/pl\/produkt\/stylage-s-bi-soft\/","title":{"rendered":"STYLAGE\u00ae S BI-SOFT\u00ae"},"content":{"rendered":"<p><b>STYLAGE S BI-SOFT<\/b><span style=\"font-weight: 400;\"> to \u017cel z usieciowanym kwasem hialuronowym do wstrzykiwa\u0144, stworzony przy u\u017cyciu technologii IPN-Like w celu odwr\u00f3cenia wczesnych oznak starzenia si\u0119 sk\u00f3ry twarzy. Koryguj drobne zmarszczki u kobiet i m\u0119\u017cczyzn oraz przed\u0142u\u017c m\u0142ody wygl\u0105d na d\u0142ugi czas.<\/span><\/p>\n","protected":false},"excerpt":{"rendered":"<p>STYLAGE S BI-SOFT to \u017cel z usieciowanym kwasem hialuronowym do wstrzykiwa\u0144, stworzony przy u\u017cyciu technologii IPN-Like w celu odwr\u00f3cenia wczesnych oznak starzenia si\u0119 sk\u00f3ry twarzy. Koryguj drobne zmarszczki u kobiet i m\u0119\u017cczyzn oraz przed\u0142u\u017c m\u0142ody wygl\u0105d na d\u0142ugi czas.<\/p>\n","protected":false},"featured_media":127199,"comment_status":"closed","ping_status":"closed","template":"","meta":{"_acf_changed":false,"inline_featured_image":false},"product_brand":[2957],"product_cat":[4174,4175],"product_tag":[4176],"class_list":{"0":"post-127198","1":"product","2":"type-product","3":"status-publish","4":"has-post-thumbnail","6":"product_brand-stylage","7":"product_cat-dermal-fillers-pl","8":"product_cat-ha-dermal-fillers-pl","9":"product_tag-medical-devices-pl","11":"first","12":"instock","13":"taxable","14":"shipping-taxable","15":"purchasable","16":"product-type-simple","17":"add-to-wishlist-before_image"},"acf":[],"yoast_head":"<!-- This site is optimized with the Yoast SEO plugin v27.1.1 - https:\/\/yoast.com\/product\/yoast-seo-wordpress\/ -->\n<title>Kup STYLAGE S BI-SOFT Online \u2013 Drobne Linie Twarzy<\/title>\n<meta name=\"description\" content=\"Kup STYLAGE S BI-SOFT online i u\u017cyj tego wype\u0142niacza dermalnego do leczenia drobnych i umiarkowanych linii oraz zmarszczek na twarzy dzi\u0119ki innowacyjnym technologiom.\" \/>\n<meta name=\"robots\" content=\"index, follow, max-snippet:-1, max-image-preview:large, max-video-preview:-1\" \/>\n<link rel=\"canonical\" href=\"https:\/\/kinamihealth.com\/pl\/wp-json\/wp\/v2\/product\/127198\" \/>\n<meta property=\"og:locale\" content=\"pl_PL\" \/>\n<meta property=\"og:type\" content=\"article\" \/>\n<meta property=\"og:title\" content=\"Kup STYLAGE S BI-SOFT Online \u2013 Drobne Linie Twarzy\" \/>\n<meta property=\"og:description\" content=\"Kup STYLAGE S BI-SOFT online i u\u017cyj tego wype\u0142niacza dermalnego do leczenia drobnych i umiarkowanych linii oraz zmarszczek na twarzy dzi\u0119ki innowacyjnym technologiom.\" \/>\n<meta property=\"og:url\" content=\"https:\/\/kinamihealth.com\/pl\/produkt\/stylage-s-bi-soft\/\" \/>\n<meta property=\"og:site_name\" content=\"Kinami Health\" \/>\n<meta property=\"article:modified_time\" content=\"2025-12-16T01:05:53+00:00\" \/>\n<meta property=\"og:image\" content=\"https:\/\/kinamihealth.com\/wp-content\/uploads\/2025\/02\/VIVACY-STYLAGE-S-BISOFT-01.jpg\" \/>\n\t<meta property=\"og:image:width\" content=\"800\" \/>\n\t<meta property=\"og:image:height\" content=\"800\" \/>\n\t<meta property=\"og:image:type\" content=\"image\/jpeg\" \/>\n<meta name=\"twitter:card\" content=\"summary_large_image\" \/>\n<meta name=\"twitter:label1\" content=\"Szacowany czas czytania\" \/>\n\t<meta name=\"twitter:data1\" content=\"1 minuta\" \/>\n<!-- \/ Yoast SEO plugin. -->","yoast_head_json":{"title":"Kup STYLAGE S BI-SOFT Online \u2013 Drobne Linie Twarzy","description":"Kup STYLAGE S BI-SOFT online i u\u017cyj tego wype\u0142niacza dermalnego do leczenia drobnych i umiarkowanych linii oraz zmarszczek na twarzy dzi\u0119ki innowacyjnym technologiom.","robots":{"index":"index","follow":"follow","max-snippet":"max-snippet:-1","max-image-preview":"max-image-preview:large","max-video-preview":"max-video-preview:-1"},"canonical":"https:\/\/kinamihealth.com\/pl\/wp-json\/wp\/v2\/product\/127198","og_locale":"pl_PL","og_type":"article","og_title":"Kup STYLAGE S BI-SOFT Online \u2013 Drobne Linie Twarzy","og_description":"Kup STYLAGE S BI-SOFT online i u\u017cyj tego wype\u0142niacza dermalnego do leczenia drobnych i umiarkowanych linii oraz zmarszczek na twarzy dzi\u0119ki innowacyjnym technologiom.","og_url":"https:\/\/kinamihealth.com\/pl\/produkt\/stylage-s-bi-soft\/","og_site_name":"Kinami Health","article_modified_time":"2025-12-16T01:05:53+00:00","og_image":[{"width":800,"height":800,"url":"https:\/\/kinamihealth.com\/wp-content\/uploads\/2025\/02\/VIVACY-STYLAGE-S-BISOFT-01.jpg","type":"image\/jpeg"}],"twitter_card":"summary_large_image","twitter_misc":{"Szacowany czas czytania":"1 minuta"},"schema":{"@context":"https:\/\/schema.org","@graph":[{"@type":"WebPage","@id":"https:\/\/kinamihealth.com\/pl\/produkt\/stylage-s-bi-soft\/","url":"https:\/\/kinamihealth.com\/pl\/produkt\/stylage-s-bi-soft\/","name":"Kup STYLAGE S BI-SOFT Online \u2013 Drobne Linie Twarzy","isPartOf":{"@id":"https:\/\/kinamihealth.com\/#website"},"primaryImageOfPage":{"@id":"https:\/\/kinamihealth.com\/pl\/produkt\/stylage-s-bi-soft\/#primaryimage"},"image":{"@id":"https:\/\/kinamihealth.com\/pl\/produkt\/stylage-s-bi-soft\/#primaryimage"},"thumbnailUrl":"https:\/\/kinamihealth.com\/wp-content\/uploads\/2025\/02\/VIVACY-STYLAGE-S-BISOFT-01.jpg","datePublished":"2025-02-15T16:58:11+00:00","dateModified":"2025-12-16T01:05:53+00:00","description":"Kup STYLAGE S BI-SOFT online i u\u017cyj tego wype\u0142niacza dermalnego do leczenia drobnych i umiarkowanych linii oraz zmarszczek na twarzy dzi\u0119ki innowacyjnym technologiom.","breadcrumb":{"@id":"https:\/\/kinamihealth.com\/pl\/produkt\/stylage-s-bi-soft\/#breadcrumb"},"inLanguage":"pl-PL","potentialAction":[{"@type":"ReadAction","target":["https:\/\/kinamihealth.com\/pl\/produkt\/stylage-s-bi-soft\/"]}]},{"@type":"ImageObject","inLanguage":"pl-PL","@id":"https:\/\/kinamihealth.com\/pl\/produkt\/stylage-s-bi-soft\/#primaryimage","url":"https:\/\/kinamihealth.com\/wp-content\/uploads\/2025\/02\/VIVACY-STYLAGE-S-BISOFT-01.jpg","contentUrl":"https:\/\/kinamihealth.com\/wp-content\/uploads\/2025\/02\/VIVACY-STYLAGE-S-BISOFT-01.jpg","width":800,"height":800},{"@type":"BreadcrumbList","@id":"https:\/\/kinamihealth.com\/pl\/produkt\/stylage-s-bi-soft\/#breadcrumb","itemListElement":[{"@type":"ListItem","position":1,"name":"Strona g\u0142\u00f3wna","item":"https:\/\/kinamihealth.com\/sr\/"},{"@type":"ListItem","position":2,"name":"Sklep","item":"https:\/\/kinamihealth.com\/pl\/?page_id=128280"},{"@type":"ListItem","position":3,"name":"STYLAGE\u00ae S BI-SOFT\u00ae"}]},{"@type":"WebSite","@id":"https:\/\/kinamihealth.com\/#website","url":"https:\/\/kinamihealth.com\/","name":"Kinami Health","description":"","publisher":{"@id":"https:\/\/kinamihealth.com\/#organization"},"potentialAction":[{"@type":"SearchAction","target":{"@type":"EntryPoint","urlTemplate":"https:\/\/kinamihealth.com\/?s={search_term_string}"},"query-input":{"@type":"PropertyValueSpecification","valueRequired":true,"valueName":"search_term_string"}}],"inLanguage":"pl-PL"},{"@type":"Organization","@id":"https:\/\/kinamihealth.com\/#organization","name":"Kinami Health","url":"https:\/\/kinamihealth.com\/","logo":{"@type":"ImageObject","inLanguage":"pl-PL","@id":"https:\/\/kinamihealth.com\/#\/schema\/logo\/image\/","url":"https:\/\/kinamihealth.com\/wp-content\/uploads\/2025\/01\/KH_logo_black_2-1.png","contentUrl":"https:\/\/kinamihealth.com\/wp-content\/uploads\/2025\/01\/KH_logo_black_2-1.png","width":339,"height":34,"caption":"Kinami Health"},"image":{"@id":"https:\/\/kinamihealth.com\/#\/schema\/logo\/image\/"}}]}},"_links":{"self":[{"href":"https:\/\/kinamihealth.com\/pl\/wp-json\/wp\/v2\/product\/127198","targetHints":{"allow":["GET"]}}],"collection":[{"href":"https:\/\/kinamihealth.com\/pl\/wp-json\/wp\/v2\/product"}],"about":[{"href":"https:\/\/kinamihealth.com\/pl\/wp-json\/wp\/v2\/types\/product"}],"replies":[{"embeddable":true,"href":"https:\/\/kinamihealth.com\/pl\/wp-json\/wp\/v2\/comments?post=127198"}],"version-history":[{"count":0,"href":"https:\/\/kinamihealth.com\/pl\/wp-json\/wp\/v2\/product\/127198\/revisions"}],"wp:featuredmedia":[{"embeddable":true,"href":"https:\/\/kinamihealth.com\/pl\/wp-json\/wp\/v2\/media\/127199"}],"wp:attachment":[{"href":"https:\/\/kinamihealth.com\/pl\/wp-json\/wp\/v2\/media?parent=127198"}],"wp:term":[{"taxonomy":"product_brand","embeddable":true,"href":"https:\/\/kinamihealth.com\/pl\/wp-json\/wp\/v2\/product_brand?post=127198"},{"taxonomy":"product_cat","embeddable":true,"href":"https:\/\/kinamihealth.com\/pl\/wp-json\/wp\/v2\/product_cat?post=127198"},{"taxonomy":"product_tag","embeddable":true,"href":"https:\/\/kinamihealth.com\/pl\/wp-json\/wp\/v2\/product_tag?post=127198"}],"curies":[{"name":"wp","href":"https:\/\/api.w.org\/{rel}","templated":true}]}}