{"id":127182,"date":"2025-02-15T16:58:15","date_gmt":"2025-02-15T16:58:15","guid":{"rendered":"https:\/\/kinamihealth.com\/product\/stylage-xl-bi-soft-with-lidocaine\/"},"modified":"2025-12-16T01:19:19","modified_gmt":"2025-12-16T01:19:19","slug":"stylage-xl-bi-soft-with-lidocaine","status":"publish","type":"product","link":"https:\/\/kinamihealth.com\/pl\/produkt\/stylage-xl-bi-soft-with-lidocaine\/","title":{"rendered":"STYLAGE\u00ae XL BI-SOFT\u00ae with Lidocaine"},"content":{"rendered":"<p><b>STYLAGE XL BI-SOFT z lidokain\u0105<\/b><span style=\"font-weight: 400;\"> to wyj\u0105tkowy wype\u0142niacz sk\u00f3rny stosowany wy\u0142\u0105cznie w celu przywr\u00f3cenia utraconej obj\u0119to\u015bci twarzy spowodowanej wiekiem, utrat\u0105 wagi lub chorob\u0105. Szybko wype\u0142nia lu\u017an\u0105 i zapadni\u0119t\u0105 sk\u00f3r\u0119 wok\u00f3\u0142 twarzy oraz znacznie poprawia nawil\u017cenie i tekstur\u0119. Zmniejsz dyskomfort pacjenta podczas zabiegu wstrzykni\u0119cia dzi\u0119ki zawarto\u015bci lidokainy jako \u015brodka znieczulaj\u0105cego.<\/span><\/p>\n","protected":false},"excerpt":{"rendered":"<p>STYLAGE XL BI-SOFT z lidokain\u0105 to wyj\u0105tkowy wype\u0142niacz sk\u00f3rny stosowany wy\u0142\u0105cznie w celu przywr\u00f3cenia utraconej obj\u0119to\u015bci twarzy spowodowanej wiekiem, utrat\u0105 wagi lub chorob\u0105. Szybko wype\u0142nia lu\u017an\u0105 i zapadni\u0119t\u0105 sk\u00f3r\u0119 wok\u00f3\u0142 twarzy oraz znacznie poprawia nawil\u017cenie i tekstur\u0119. Zmniejsz dyskomfort pacjenta podczas zabiegu wstrzykni\u0119cia dzi\u0119ki zawarto\u015bci lidokainy jako \u015brodka znieczulaj\u0105cego.<\/p>\n","protected":false},"featured_media":127183,"comment_status":"closed","ping_status":"closed","template":"","meta":{"_acf_changed":false,"inline_featured_image":false},"product_brand":[2957],"product_cat":[4174,4175],"product_tag":[4176],"class_list":{"0":"post-127182","1":"product","2":"type-product","3":"status-publish","4":"has-post-thumbnail","6":"product_brand-stylage","7":"product_cat-dermal-fillers-pl","8":"product_cat-ha-dermal-fillers-pl","9":"product_tag-medical-devices-pl","11":"first","12":"instock","13":"taxable","14":"shipping-taxable","15":"purchasable","16":"product-type-simple","17":"add-to-wishlist-before_image"},"acf":[],"yoast_head":"<!-- This site is optimized with the Yoast SEO plugin v27.1.1 - https:\/\/yoast.com\/product\/yoast-seo-wordpress\/ -->\n<title>Kup STYLAGE XL BI-SOFT z lidokain\u0105 Online \u2013 Obj\u0119to\u015b\u0107<\/title>\n<meta name=\"description\" content=\"Kup STYLAGE XL BI-SOFT z lidokain\u0105 online, aby natychmiast przywr\u00f3ci\u0107 utracon\u0105 obj\u0119to\u015b\u0107 na twarzy w miejscach, gdzie obwis\u0142a i zapadni\u0119ta sk\u00f3ra jest najbardziej widoczna.\" \/>\n<meta name=\"robots\" content=\"index, follow, max-snippet:-1, max-image-preview:large, max-video-preview:-1\" \/>\n<link rel=\"canonical\" href=\"https:\/\/kinamihealth.com\/pl\/wp-json\/wp\/v2\/product\/127182\" \/>\n<meta property=\"og:locale\" content=\"pl_PL\" \/>\n<meta property=\"og:type\" content=\"article\" \/>\n<meta property=\"og:title\" content=\"Kup STYLAGE XL BI-SOFT z lidokain\u0105 Online \u2013 Obj\u0119to\u015b\u0107\" \/>\n<meta property=\"og:description\" content=\"Kup STYLAGE XL BI-SOFT z lidokain\u0105 online, aby natychmiast przywr\u00f3ci\u0107 utracon\u0105 obj\u0119to\u015b\u0107 na twarzy w miejscach, gdzie obwis\u0142a i zapadni\u0119ta sk\u00f3ra jest najbardziej widoczna.\" \/>\n<meta property=\"og:url\" content=\"https:\/\/kinamihealth.com\/pl\/produkt\/stylage-xl-bi-soft-with-lidocaine\/\" \/>\n<meta property=\"og:site_name\" content=\"Kinami Health\" \/>\n<meta property=\"article:modified_time\" content=\"2025-12-16T01:19:19+00:00\" \/>\n<meta property=\"og:image\" content=\"https:\/\/kinamihealth.com\/wp-content\/uploads\/2025\/02\/VIVACY-STYLAGE-XL-LIDOCAINE-BISOFT-01.jpg\" \/>\n\t<meta property=\"og:image:width\" content=\"800\" \/>\n\t<meta property=\"og:image:height\" content=\"800\" \/>\n\t<meta property=\"og:image:type\" content=\"image\/jpeg\" \/>\n<meta name=\"twitter:card\" content=\"summary_large_image\" \/>\n<meta name=\"twitter:label1\" content=\"Szacowany czas czytania\" \/>\n\t<meta name=\"twitter:data1\" content=\"1 minuta\" \/>\n<!-- \/ Yoast SEO plugin. -->","yoast_head_json":{"title":"Kup STYLAGE XL BI-SOFT z lidokain\u0105 Online \u2013 Obj\u0119to\u015b\u0107","description":"Kup STYLAGE XL BI-SOFT z lidokain\u0105 online, aby natychmiast przywr\u00f3ci\u0107 utracon\u0105 obj\u0119to\u015b\u0107 na twarzy w miejscach, gdzie obwis\u0142a i zapadni\u0119ta sk\u00f3ra jest najbardziej widoczna.","robots":{"index":"index","follow":"follow","max-snippet":"max-snippet:-1","max-image-preview":"max-image-preview:large","max-video-preview":"max-video-preview:-1"},"canonical":"https:\/\/kinamihealth.com\/pl\/wp-json\/wp\/v2\/product\/127182","og_locale":"pl_PL","og_type":"article","og_title":"Kup STYLAGE XL BI-SOFT z lidokain\u0105 Online \u2013 Obj\u0119to\u015b\u0107","og_description":"Kup STYLAGE XL BI-SOFT z lidokain\u0105 online, aby natychmiast przywr\u00f3ci\u0107 utracon\u0105 obj\u0119to\u015b\u0107 na twarzy w miejscach, gdzie obwis\u0142a i zapadni\u0119ta sk\u00f3ra jest najbardziej widoczna.","og_url":"https:\/\/kinamihealth.com\/pl\/produkt\/stylage-xl-bi-soft-with-lidocaine\/","og_site_name":"Kinami Health","article_modified_time":"2025-12-16T01:19:19+00:00","og_image":[{"width":800,"height":800,"url":"https:\/\/kinamihealth.com\/wp-content\/uploads\/2025\/02\/VIVACY-STYLAGE-XL-LIDOCAINE-BISOFT-01.jpg","type":"image\/jpeg"}],"twitter_card":"summary_large_image","twitter_misc":{"Szacowany czas czytania":"1 minuta"},"schema":{"@context":"https:\/\/schema.org","@graph":[{"@type":"WebPage","@id":"https:\/\/kinamihealth.com\/pl\/produkt\/stylage-xl-bi-soft-with-lidocaine\/","url":"https:\/\/kinamihealth.com\/pl\/produkt\/stylage-xl-bi-soft-with-lidocaine\/","name":"Kup STYLAGE XL BI-SOFT z lidokain\u0105 Online \u2013 Obj\u0119to\u015b\u0107","isPartOf":{"@id":"https:\/\/kinamihealth.com\/#website"},"primaryImageOfPage":{"@id":"https:\/\/kinamihealth.com\/pl\/produkt\/stylage-xl-bi-soft-with-lidocaine\/#primaryimage"},"image":{"@id":"https:\/\/kinamihealth.com\/pl\/produkt\/stylage-xl-bi-soft-with-lidocaine\/#primaryimage"},"thumbnailUrl":"https:\/\/kinamihealth.com\/wp-content\/uploads\/2025\/02\/VIVACY-STYLAGE-XL-LIDOCAINE-BISOFT-01.jpg","datePublished":"2025-02-15T16:58:15+00:00","dateModified":"2025-12-16T01:19:19+00:00","description":"Kup STYLAGE XL BI-SOFT z lidokain\u0105 online, aby natychmiast przywr\u00f3ci\u0107 utracon\u0105 obj\u0119to\u015b\u0107 na twarzy w miejscach, gdzie obwis\u0142a i zapadni\u0119ta sk\u00f3ra jest najbardziej widoczna.","breadcrumb":{"@id":"https:\/\/kinamihealth.com\/pl\/produkt\/stylage-xl-bi-soft-with-lidocaine\/#breadcrumb"},"inLanguage":"pl-PL","potentialAction":[{"@type":"ReadAction","target":["https:\/\/kinamihealth.com\/pl\/produkt\/stylage-xl-bi-soft-with-lidocaine\/"]}]},{"@type":"ImageObject","inLanguage":"pl-PL","@id":"https:\/\/kinamihealth.com\/pl\/produkt\/stylage-xl-bi-soft-with-lidocaine\/#primaryimage","url":"https:\/\/kinamihealth.com\/wp-content\/uploads\/2025\/02\/VIVACY-STYLAGE-XL-LIDOCAINE-BISOFT-01.jpg","contentUrl":"https:\/\/kinamihealth.com\/wp-content\/uploads\/2025\/02\/VIVACY-STYLAGE-XL-LIDOCAINE-BISOFT-01.jpg","width":800,"height":800},{"@type":"BreadcrumbList","@id":"https:\/\/kinamihealth.com\/pl\/produkt\/stylage-xl-bi-soft-with-lidocaine\/#breadcrumb","itemListElement":[{"@type":"ListItem","position":1,"name":"Strona g\u0142\u00f3wna","item":"https:\/\/kinamihealth.com\/sr\/"},{"@type":"ListItem","position":2,"name":"Sklep","item":"https:\/\/kinamihealth.com\/pl\/?page_id=128280"},{"@type":"ListItem","position":3,"name":"STYLAGE\u00ae XL BI-SOFT\u00ae with Lidocaine"}]},{"@type":"WebSite","@id":"https:\/\/kinamihealth.com\/#website","url":"https:\/\/kinamihealth.com\/","name":"Kinami Health","description":"","publisher":{"@id":"https:\/\/kinamihealth.com\/#organization"},"potentialAction":[{"@type":"SearchAction","target":{"@type":"EntryPoint","urlTemplate":"https:\/\/kinamihealth.com\/?s={search_term_string}"},"query-input":{"@type":"PropertyValueSpecification","valueRequired":true,"valueName":"search_term_string"}}],"inLanguage":"pl-PL"},{"@type":"Organization","@id":"https:\/\/kinamihealth.com\/#organization","name":"Kinami Health","url":"https:\/\/kinamihealth.com\/","logo":{"@type":"ImageObject","inLanguage":"pl-PL","@id":"https:\/\/kinamihealth.com\/#\/schema\/logo\/image\/","url":"https:\/\/kinamihealth.com\/wp-content\/uploads\/2025\/01\/KH_logo_black_2-1.png","contentUrl":"https:\/\/kinamihealth.com\/wp-content\/uploads\/2025\/01\/KH_logo_black_2-1.png","width":339,"height":34,"caption":"Kinami Health"},"image":{"@id":"https:\/\/kinamihealth.com\/#\/schema\/logo\/image\/"}}]}},"_links":{"self":[{"href":"https:\/\/kinamihealth.com\/pl\/wp-json\/wp\/v2\/product\/127182","targetHints":{"allow":["GET"]}}],"collection":[{"href":"https:\/\/kinamihealth.com\/pl\/wp-json\/wp\/v2\/product"}],"about":[{"href":"https:\/\/kinamihealth.com\/pl\/wp-json\/wp\/v2\/types\/product"}],"replies":[{"embeddable":true,"href":"https:\/\/kinamihealth.com\/pl\/wp-json\/wp\/v2\/comments?post=127182"}],"version-history":[{"count":0,"href":"https:\/\/kinamihealth.com\/pl\/wp-json\/wp\/v2\/product\/127182\/revisions"}],"wp:featuredmedia":[{"embeddable":true,"href":"https:\/\/kinamihealth.com\/pl\/wp-json\/wp\/v2\/media\/127183"}],"wp:attachment":[{"href":"https:\/\/kinamihealth.com\/pl\/wp-json\/wp\/v2\/media?parent=127182"}],"wp:term":[{"taxonomy":"product_brand","embeddable":true,"href":"https:\/\/kinamihealth.com\/pl\/wp-json\/wp\/v2\/product_brand?post=127182"},{"taxonomy":"product_cat","embeddable":true,"href":"https:\/\/kinamihealth.com\/pl\/wp-json\/wp\/v2\/product_cat?post=127182"},{"taxonomy":"product_tag","embeddable":true,"href":"https:\/\/kinamihealth.com\/pl\/wp-json\/wp\/v2\/product_tag?post=127182"}],"curies":[{"name":"wp","href":"https:\/\/api.w.org\/{rel}","templated":true}]}}