{"id":127170,"date":"2025-02-15T16:58:23","date_gmt":"2025-02-15T16:58:23","guid":{"rendered":"https:\/\/kinamihealth.com\/product\/sunekos-performa\/"},"modified":"2025-12-16T01:44:14","modified_gmt":"2025-12-16T01:44:14","slug":"sunekos-performa","status":"publish","type":"product","link":"https:\/\/kinamihealth.com\/pl\/produkt\/sunekos-performa\/","title":{"rendered":"SUNEKOS\u00ae PERFORMA"},"content":{"rendered":"<p><b>Zam\u00f3w Sunekos Performa<\/b><span style=\"font-weight: 400;\"> i odkryj zalety tego silnego <\/span><b>zabiegu biorewitalizacji<\/b><span style=\"font-weight: 400;\">, zawieraj\u0105cego unikaln\u0105 proporcj\u0119 <\/span><b>kwasu hialuronowego<\/b><span style=\"font-weight: 400;\"> i opatentowany kompleks <\/span><b>sze\u015bciu aminokwas\u00f3w<\/b><span style=\"font-weight: 400;\"> (<\/span><b>HY6AA<\/b><span style=\"font-weight: 400;\">), kt\u00f3ry faktycznie <\/span><b>poprawia skuteczno\u015b\u0107 i trwa\u0142o\u015b\u0107 HA<\/b><span style=\"font-weight: 400;\">.<\/span><\/p>\n","protected":false},"excerpt":{"rendered":"<p>Zam\u00f3w Sunekos Performa i odkryj zalety tego silnego zabiegu biorewitalizacji, zawieraj\u0105cego unikaln\u0105 proporcj\u0119 kwasu hialuronowego i opatentowany kompleks sze\u015bciu aminokwas\u00f3w (HY6AA), kt\u00f3ry faktycznie poprawia skuteczno\u015b\u0107 i trwa\u0142o\u015b\u0107 HA.<\/p>\n","protected":false},"featured_media":127175,"comment_status":"closed","ping_status":"closed","template":"","meta":{"_acf_changed":false,"inline_featured_image":false},"product_brand":[2958],"product_cat":[5046,4174],"product_tag":[4176],"class_list":{"0":"post-127170","1":"product","2":"type-product","3":"status-publish","4":"has-post-thumbnail","6":"product_brand-sunekos","7":"product_cat-skinboosters-pl","8":"product_cat-dermal-fillers-pl","9":"product_tag-medical-devices-pl","11":"first","12":"instock","13":"taxable","14":"shipping-taxable","15":"purchasable","16":"product-type-simple","17":"add-to-wishlist-before_image"},"acf":[],"yoast_head":"<!-- This site is optimized with the Yoast SEO plugin v27.1.1 - https:\/\/yoast.com\/product\/yoast-seo-wordpress\/ -->\n<title>Kup Sunekos Performa \u2013 Odm\u0142adzanie sk\u00f3ry<\/title>\n<meta name=\"description\" content=\"Kup Sunekos Performa, aby pobudzi\u0107 produkcj\u0119 kolagenu, zredukowa\u0107 zmarszczki i przywr\u00f3ci\u0107 obj\u0119to\u015b\u0107 sk\u00f3rze. Zam\u00f3w teraz w Kinami Health!\" \/>\n<meta name=\"robots\" content=\"index, follow, max-snippet:-1, max-image-preview:large, max-video-preview:-1\" \/>\n<link rel=\"canonical\" href=\"https:\/\/kinamihealth.com\/pl\/wp-json\/wp\/v2\/product\/127170\" \/>\n<meta property=\"og:locale\" content=\"pl_PL\" \/>\n<meta property=\"og:type\" content=\"article\" \/>\n<meta property=\"og:title\" content=\"Kup Sunekos Performa \u2013 Odm\u0142adzanie sk\u00f3ry\" \/>\n<meta property=\"og:description\" content=\"Kup Sunekos Performa, aby pobudzi\u0107 produkcj\u0119 kolagenu, zredukowa\u0107 zmarszczki i przywr\u00f3ci\u0107 obj\u0119to\u015b\u0107 sk\u00f3rze. Zam\u00f3w teraz w Kinami Health!\" \/>\n<meta property=\"og:url\" content=\"https:\/\/kinamihealth.com\/pl\/produkt\/sunekos-performa\/\" \/>\n<meta property=\"og:site_name\" content=\"Kinami Health\" \/>\n<meta property=\"article:modified_time\" content=\"2025-12-16T01:44:14+00:00\" \/>\n<meta property=\"og:image\" content=\"https:\/\/kinamihealth.com\/wp-content\/uploads\/2025\/02\/sunekos-performa-front-right.webp\" \/>\n\t<meta property=\"og:image:width\" content=\"1500\" \/>\n\t<meta property=\"og:image:height\" content=\"1500\" \/>\n\t<meta property=\"og:image:type\" content=\"image\/webp\" \/>\n<meta name=\"twitter:card\" content=\"summary_large_image\" \/>\n<meta name=\"twitter:label1\" content=\"Szacowany czas czytania\" \/>\n\t<meta name=\"twitter:data1\" content=\"1 minuta\" \/>\n<!-- \/ Yoast SEO plugin. -->","yoast_head_json":{"title":"Kup Sunekos Performa \u2013 Odm\u0142adzanie sk\u00f3ry","description":"Kup Sunekos Performa, aby pobudzi\u0107 produkcj\u0119 kolagenu, zredukowa\u0107 zmarszczki i przywr\u00f3ci\u0107 obj\u0119to\u015b\u0107 sk\u00f3rze. Zam\u00f3w teraz w Kinami Health!","robots":{"index":"index","follow":"follow","max-snippet":"max-snippet:-1","max-image-preview":"max-image-preview:large","max-video-preview":"max-video-preview:-1"},"canonical":"https:\/\/kinamihealth.com\/pl\/wp-json\/wp\/v2\/product\/127170","og_locale":"pl_PL","og_type":"article","og_title":"Kup Sunekos Performa \u2013 Odm\u0142adzanie sk\u00f3ry","og_description":"Kup Sunekos Performa, aby pobudzi\u0107 produkcj\u0119 kolagenu, zredukowa\u0107 zmarszczki i przywr\u00f3ci\u0107 obj\u0119to\u015b\u0107 sk\u00f3rze. Zam\u00f3w teraz w Kinami Health!","og_url":"https:\/\/kinamihealth.com\/pl\/produkt\/sunekos-performa\/","og_site_name":"Kinami Health","article_modified_time":"2025-12-16T01:44:14+00:00","og_image":[{"width":1500,"height":1500,"url":"https:\/\/kinamihealth.com\/wp-content\/uploads\/2025\/02\/sunekos-performa-front-right.webp","type":"image\/webp"}],"twitter_card":"summary_large_image","twitter_misc":{"Szacowany czas czytania":"1 minuta"},"schema":{"@context":"https:\/\/schema.org","@graph":[{"@type":"WebPage","@id":"https:\/\/kinamihealth.com\/pl\/produkt\/sunekos-performa\/","url":"https:\/\/kinamihealth.com\/pl\/produkt\/sunekos-performa\/","name":"Kup Sunekos Performa \u2013 Odm\u0142adzanie sk\u00f3ry","isPartOf":{"@id":"https:\/\/kinamihealth.com\/#website"},"primaryImageOfPage":{"@id":"https:\/\/kinamihealth.com\/pl\/produkt\/sunekos-performa\/#primaryimage"},"image":{"@id":"https:\/\/kinamihealth.com\/pl\/produkt\/sunekos-performa\/#primaryimage"},"thumbnailUrl":"https:\/\/kinamihealth.com\/wp-content\/uploads\/2025\/02\/sunekos-performa-front-right.webp","datePublished":"2025-02-15T16:58:23+00:00","dateModified":"2025-12-16T01:44:14+00:00","description":"Kup Sunekos Performa, aby pobudzi\u0107 produkcj\u0119 kolagenu, zredukowa\u0107 zmarszczki i przywr\u00f3ci\u0107 obj\u0119to\u015b\u0107 sk\u00f3rze. Zam\u00f3w teraz w Kinami Health!","breadcrumb":{"@id":"https:\/\/kinamihealth.com\/pl\/produkt\/sunekos-performa\/#breadcrumb"},"inLanguage":"pl-PL","potentialAction":[{"@type":"ReadAction","target":["https:\/\/kinamihealth.com\/pl\/produkt\/sunekos-performa\/"]}]},{"@type":"ImageObject","inLanguage":"pl-PL","@id":"https:\/\/kinamihealth.com\/pl\/produkt\/sunekos-performa\/#primaryimage","url":"https:\/\/kinamihealth.com\/wp-content\/uploads\/2025\/02\/sunekos-performa-front-right.webp","contentUrl":"https:\/\/kinamihealth.com\/wp-content\/uploads\/2025\/02\/sunekos-performa-front-right.webp","width":1500,"height":1500},{"@type":"BreadcrumbList","@id":"https:\/\/kinamihealth.com\/pl\/produkt\/sunekos-performa\/#breadcrumb","itemListElement":[{"@type":"ListItem","position":1,"name":"Strona g\u0142\u00f3wna","item":"https:\/\/kinamihealth.com\/sr\/"},{"@type":"ListItem","position":2,"name":"Sklep","item":"https:\/\/kinamihealth.com\/pl\/?page_id=128280"},{"@type":"ListItem","position":3,"name":"SUNEKOS\u00ae PERFORMA"}]},{"@type":"WebSite","@id":"https:\/\/kinamihealth.com\/#website","url":"https:\/\/kinamihealth.com\/","name":"Kinami Health","description":"","publisher":{"@id":"https:\/\/kinamihealth.com\/#organization"},"potentialAction":[{"@type":"SearchAction","target":{"@type":"EntryPoint","urlTemplate":"https:\/\/kinamihealth.com\/?s={search_term_string}"},"query-input":{"@type":"PropertyValueSpecification","valueRequired":true,"valueName":"search_term_string"}}],"inLanguage":"pl-PL"},{"@type":"Organization","@id":"https:\/\/kinamihealth.com\/#organization","name":"Kinami Health","url":"https:\/\/kinamihealth.com\/","logo":{"@type":"ImageObject","inLanguage":"pl-PL","@id":"https:\/\/kinamihealth.com\/#\/schema\/logo\/image\/","url":"https:\/\/kinamihealth.com\/wp-content\/uploads\/2025\/01\/KH_logo_black_2-1.png","contentUrl":"https:\/\/kinamihealth.com\/wp-content\/uploads\/2025\/01\/KH_logo_black_2-1.png","width":339,"height":34,"caption":"Kinami Health"},"image":{"@id":"https:\/\/kinamihealth.com\/#\/schema\/logo\/image\/"}}]}},"_links":{"self":[{"href":"https:\/\/kinamihealth.com\/pl\/wp-json\/wp\/v2\/product\/127170","targetHints":{"allow":["GET"]}}],"collection":[{"href":"https:\/\/kinamihealth.com\/pl\/wp-json\/wp\/v2\/product"}],"about":[{"href":"https:\/\/kinamihealth.com\/pl\/wp-json\/wp\/v2\/types\/product"}],"replies":[{"embeddable":true,"href":"https:\/\/kinamihealth.com\/pl\/wp-json\/wp\/v2\/comments?post=127170"}],"version-history":[{"count":0,"href":"https:\/\/kinamihealth.com\/pl\/wp-json\/wp\/v2\/product\/127170\/revisions"}],"wp:featuredmedia":[{"embeddable":true,"href":"https:\/\/kinamihealth.com\/pl\/wp-json\/wp\/v2\/media\/127175"}],"wp:attachment":[{"href":"https:\/\/kinamihealth.com\/pl\/wp-json\/wp\/v2\/media?parent=127170"}],"wp:term":[{"taxonomy":"product_brand","embeddable":true,"href":"https:\/\/kinamihealth.com\/pl\/wp-json\/wp\/v2\/product_brand?post=127170"},{"taxonomy":"product_cat","embeddable":true,"href":"https:\/\/kinamihealth.com\/pl\/wp-json\/wp\/v2\/product_cat?post=127170"},{"taxonomy":"product_tag","embeddable":true,"href":"https:\/\/kinamihealth.com\/pl\/wp-json\/wp\/v2\/product_tag?post=127170"}],"curies":[{"name":"wp","href":"https:\/\/api.w.org\/{rel}","templated":true}]}}