{"id":127165,"date":"2025-02-15T16:58:22","date_gmt":"2025-02-15T16:58:22","guid":{"rendered":"https:\/\/kinamihealth.com\/product\/sunekos-body\/"},"modified":"2025-12-16T01:42:54","modified_gmt":"2025-12-16T01:42:54","slug":"sunekos-body","status":"publish","type":"product","link":"https:\/\/kinamihealth.com\/pl\/produkt\/sunekos-body\/","title":{"rendered":"SUNEKOS\u00ae BODY"},"content":{"rendered":"<p><b>Zam\u00f3w Sunekos Body<\/b><span style=\"font-weight: 400;\"> \u2013 <\/span><b>rozwi\u0105zanie do modelowania sylwetki w postaci preparatu do wstrzykiwa\u0144<\/b><span style=\"font-weight: 400;\">, opracowane w celu <\/span><b>zmniejszenia wiotko\u015bci sk\u00f3ry <\/b><span style=\"font-weight: 400;\">i <\/span><b>rozst\u0119p\u00f3w <\/b><span style=\"font-weight: 400;\">w problematycznych obszarach, takich jak <\/span><b>brzuch, wewn\u0119trzna strona ud, ramiona i kolana<\/b><span style=\"font-weight: 400;\">.<\/span><\/p>\n","protected":false},"excerpt":{"rendered":"<p>Zam\u00f3w Sunekos Body \u2013 rozwi\u0105zanie do modelowania sylwetki w postaci preparatu do wstrzykiwa\u0144, opracowane w celu zmniejszenia wiotko\u015bci sk\u00f3ry i rozst\u0119p\u00f3w w problematycznych obszarach, takich jak brzuch, wewn\u0119trzna strona ud, ramiona i kolana.<\/p>\n","protected":false},"featured_media":127166,"comment_status":"closed","ping_status":"closed","template":"","meta":{"_acf_changed":false,"inline_featured_image":false},"product_brand":[2958],"product_cat":[4711],"product_tag":[4176],"class_list":{"0":"post-127165","1":"product","2":"type-product","3":"status-publish","4":"has-post-thumbnail","6":"product_brand-sunekos","7":"product_cat-body-sculpting-pl","8":"product_tag-medical-devices-pl","10":"first","11":"instock","12":"taxable","13":"shipping-taxable","14":"purchasable","15":"product-type-simple","16":"add-to-wishlist-before_image"},"acf":[],"yoast_head":"<!-- This site is optimized with the Yoast SEO plugin v27.1.1 - https:\/\/yoast.com\/product\/yoast-seo-wordpress\/ -->\n<title>Kup Sunekos Body \u2013 Uj\u0119drnianie Sk\u00f3ry i Piel\u0119gnacja Rozst\u0119p\u00f3w<\/title>\n<meta name=\"description\" content=\"Kup Sunekos Body, aby zredukowa\u0107 wiotko\u015b\u0107 sk\u00f3ry i rozst\u0119py. Zwi\u0119ksz elastyczno\u015b\u0107 i przywr\u00f3\u0107 struktur\u0119 sk\u00f3ry dzi\u0119ki temu rozwi\u0105zaniu iniekcyjnemu. Zam\u00f3w teraz!\" \/>\n<meta name=\"robots\" content=\"index, follow, max-snippet:-1, max-image-preview:large, max-video-preview:-1\" \/>\n<link rel=\"canonical\" href=\"https:\/\/kinamihealth.com\/pl\/wp-json\/wp\/v2\/product\/127165\" \/>\n<meta property=\"og:locale\" content=\"pl_PL\" \/>\n<meta property=\"og:type\" content=\"article\" \/>\n<meta property=\"og:title\" content=\"Kup Sunekos Body \u2013 Uj\u0119drnianie Sk\u00f3ry i Piel\u0119gnacja Rozst\u0119p\u00f3w\" \/>\n<meta property=\"og:description\" content=\"Kup Sunekos Body, aby zredukowa\u0107 wiotko\u015b\u0107 sk\u00f3ry i rozst\u0119py. Zwi\u0119ksz elastyczno\u015b\u0107 i przywr\u00f3\u0107 struktur\u0119 sk\u00f3ry dzi\u0119ki temu rozwi\u0105zaniu iniekcyjnemu. Zam\u00f3w teraz!\" \/>\n<meta property=\"og:url\" content=\"https:\/\/kinamihealth.com\/pl\/produkt\/sunekos-body\/\" \/>\n<meta property=\"og:site_name\" content=\"Kinami Health\" \/>\n<meta property=\"article:modified_time\" content=\"2025-12-16T01:42:54+00:00\" \/>\n<meta property=\"og:image\" content=\"https:\/\/kinamihealth.com\/wp-content\/uploads\/2025\/02\/SUNEKOS-BODY-02.jpg\" \/>\n\t<meta property=\"og:image:width\" content=\"800\" \/>\n\t<meta property=\"og:image:height\" content=\"800\" \/>\n\t<meta property=\"og:image:type\" content=\"image\/jpeg\" \/>\n<meta name=\"twitter:card\" content=\"summary_large_image\" \/>\n<meta name=\"twitter:label1\" content=\"Szacowany czas czytania\" \/>\n\t<meta name=\"twitter:data1\" content=\"1 minuta\" \/>\n<!-- \/ Yoast SEO plugin. -->","yoast_head_json":{"title":"Kup Sunekos Body \u2013 Uj\u0119drnianie Sk\u00f3ry i Piel\u0119gnacja Rozst\u0119p\u00f3w","description":"Kup Sunekos Body, aby zredukowa\u0107 wiotko\u015b\u0107 sk\u00f3ry i rozst\u0119py. Zwi\u0119ksz elastyczno\u015b\u0107 i przywr\u00f3\u0107 struktur\u0119 sk\u00f3ry dzi\u0119ki temu rozwi\u0105zaniu iniekcyjnemu. Zam\u00f3w teraz!","robots":{"index":"index","follow":"follow","max-snippet":"max-snippet:-1","max-image-preview":"max-image-preview:large","max-video-preview":"max-video-preview:-1"},"canonical":"https:\/\/kinamihealth.com\/pl\/wp-json\/wp\/v2\/product\/127165","og_locale":"pl_PL","og_type":"article","og_title":"Kup Sunekos Body \u2013 Uj\u0119drnianie Sk\u00f3ry i Piel\u0119gnacja Rozst\u0119p\u00f3w","og_description":"Kup Sunekos Body, aby zredukowa\u0107 wiotko\u015b\u0107 sk\u00f3ry i rozst\u0119py. Zwi\u0119ksz elastyczno\u015b\u0107 i przywr\u00f3\u0107 struktur\u0119 sk\u00f3ry dzi\u0119ki temu rozwi\u0105zaniu iniekcyjnemu. Zam\u00f3w teraz!","og_url":"https:\/\/kinamihealth.com\/pl\/produkt\/sunekos-body\/","og_site_name":"Kinami Health","article_modified_time":"2025-12-16T01:42:54+00:00","og_image":[{"width":800,"height":800,"url":"https:\/\/kinamihealth.com\/wp-content\/uploads\/2025\/02\/SUNEKOS-BODY-02.jpg","type":"image\/jpeg"}],"twitter_card":"summary_large_image","twitter_misc":{"Szacowany czas czytania":"1 minuta"},"schema":{"@context":"https:\/\/schema.org","@graph":[{"@type":"WebPage","@id":"https:\/\/kinamihealth.com\/pl\/produkt\/sunekos-body\/","url":"https:\/\/kinamihealth.com\/pl\/produkt\/sunekos-body\/","name":"Kup Sunekos Body \u2013 Uj\u0119drnianie Sk\u00f3ry i Piel\u0119gnacja Rozst\u0119p\u00f3w","isPartOf":{"@id":"https:\/\/kinamihealth.com\/#website"},"primaryImageOfPage":{"@id":"https:\/\/kinamihealth.com\/pl\/produkt\/sunekos-body\/#primaryimage"},"image":{"@id":"https:\/\/kinamihealth.com\/pl\/produkt\/sunekos-body\/#primaryimage"},"thumbnailUrl":"https:\/\/kinamihealth.com\/wp-content\/uploads\/2025\/02\/SUNEKOS-BODY-02.jpg","datePublished":"2025-02-15T16:58:22+00:00","dateModified":"2025-12-16T01:42:54+00:00","description":"Kup Sunekos Body, aby zredukowa\u0107 wiotko\u015b\u0107 sk\u00f3ry i rozst\u0119py. Zwi\u0119ksz elastyczno\u015b\u0107 i przywr\u00f3\u0107 struktur\u0119 sk\u00f3ry dzi\u0119ki temu rozwi\u0105zaniu iniekcyjnemu. Zam\u00f3w teraz!","breadcrumb":{"@id":"https:\/\/kinamihealth.com\/pl\/produkt\/sunekos-body\/#breadcrumb"},"inLanguage":"pl-PL","potentialAction":[{"@type":"ReadAction","target":["https:\/\/kinamihealth.com\/pl\/produkt\/sunekos-body\/"]}]},{"@type":"ImageObject","inLanguage":"pl-PL","@id":"https:\/\/kinamihealth.com\/pl\/produkt\/sunekos-body\/#primaryimage","url":"https:\/\/kinamihealth.com\/wp-content\/uploads\/2025\/02\/SUNEKOS-BODY-02.jpg","contentUrl":"https:\/\/kinamihealth.com\/wp-content\/uploads\/2025\/02\/SUNEKOS-BODY-02.jpg","width":800,"height":800},{"@type":"BreadcrumbList","@id":"https:\/\/kinamihealth.com\/pl\/produkt\/sunekos-body\/#breadcrumb","itemListElement":[{"@type":"ListItem","position":1,"name":"Strona g\u0142\u00f3wna","item":"https:\/\/kinamihealth.com\/sr\/"},{"@type":"ListItem","position":2,"name":"Sklep","item":"https:\/\/kinamihealth.com\/pl\/?page_id=128280"},{"@type":"ListItem","position":3,"name":"SUNEKOS\u00ae BODY"}]},{"@type":"WebSite","@id":"https:\/\/kinamihealth.com\/#website","url":"https:\/\/kinamihealth.com\/","name":"Kinami Health","description":"","publisher":{"@id":"https:\/\/kinamihealth.com\/#organization"},"potentialAction":[{"@type":"SearchAction","target":{"@type":"EntryPoint","urlTemplate":"https:\/\/kinamihealth.com\/?s={search_term_string}"},"query-input":{"@type":"PropertyValueSpecification","valueRequired":true,"valueName":"search_term_string"}}],"inLanguage":"pl-PL"},{"@type":"Organization","@id":"https:\/\/kinamihealth.com\/#organization","name":"Kinami Health","url":"https:\/\/kinamihealth.com\/","logo":{"@type":"ImageObject","inLanguage":"pl-PL","@id":"https:\/\/kinamihealth.com\/#\/schema\/logo\/image\/","url":"https:\/\/kinamihealth.com\/wp-content\/uploads\/2025\/01\/KH_logo_black_2-1.png","contentUrl":"https:\/\/kinamihealth.com\/wp-content\/uploads\/2025\/01\/KH_logo_black_2-1.png","width":339,"height":34,"caption":"Kinami Health"},"image":{"@id":"https:\/\/kinamihealth.com\/#\/schema\/logo\/image\/"}}]}},"_links":{"self":[{"href":"https:\/\/kinamihealth.com\/pl\/wp-json\/wp\/v2\/product\/127165","targetHints":{"allow":["GET"]}}],"collection":[{"href":"https:\/\/kinamihealth.com\/pl\/wp-json\/wp\/v2\/product"}],"about":[{"href":"https:\/\/kinamihealth.com\/pl\/wp-json\/wp\/v2\/types\/product"}],"replies":[{"embeddable":true,"href":"https:\/\/kinamihealth.com\/pl\/wp-json\/wp\/v2\/comments?post=127165"}],"version-history":[{"count":0,"href":"https:\/\/kinamihealth.com\/pl\/wp-json\/wp\/v2\/product\/127165\/revisions"}],"wp:featuredmedia":[{"embeddable":true,"href":"https:\/\/kinamihealth.com\/pl\/wp-json\/wp\/v2\/media\/127166"}],"wp:attachment":[{"href":"https:\/\/kinamihealth.com\/pl\/wp-json\/wp\/v2\/media?parent=127165"}],"wp:term":[{"taxonomy":"product_brand","embeddable":true,"href":"https:\/\/kinamihealth.com\/pl\/wp-json\/wp\/v2\/product_brand?post=127165"},{"taxonomy":"product_cat","embeddable":true,"href":"https:\/\/kinamihealth.com\/pl\/wp-json\/wp\/v2\/product_cat?post=127165"},{"taxonomy":"product_tag","embeddable":true,"href":"https:\/\/kinamihealth.com\/pl\/wp-json\/wp\/v2\/product_tag?post=127165"}],"curies":[{"name":"wp","href":"https:\/\/api.w.org\/{rel}","templated":true}]}}