{"id":127146,"date":"2025-02-15T16:58:24","date_gmt":"2025-02-15T16:58:24","guid":{"rendered":"https:\/\/kinamihealth.com\/product\/teosyal-puresense-deep-lines\/"},"modified":"2025-12-16T01:51:13","modified_gmt":"2025-12-16T01:51:13","slug":"teosyal-puresense-deep-lines","status":"publish","type":"product","link":"https:\/\/kinamihealth.com\/pl\/produkt\/teosyal-puresense-deep-lines\/","title":{"rendered":"TEOSYAL\u00ae PURESENSE DEEP LINES"},"content":{"rendered":"<p><span style=\"font-weight: 400;\">Teosyal Puresense Deep Lines to<\/span><b> zaawansowana formu\u0142a wype\u0142niacza sk\u00f3rnego przeznaczona do korygowania g\u0142\u0119bokich zmarszczek i przywracania utraconej obj\u0119to\u015bci<\/b><span style=\"font-weight: 400;\"> starzej\u0105cej si\u0119 sk\u00f3ry. Wype\u0142niacz ten, zawieraj\u0105cy usieciowany kwas hialuronowy i miejscowo znieczulaj\u0105c\u0105 lidokain\u0119 dla dodatkowego komfortu, zapewnia <\/span><b>naturalne, d\u0142ugotrwa\u0142e rezultaty przy minimalnym dyskomforcie podczas zabiegu.<\/b><\/p>\n","protected":false},"excerpt":{"rendered":"<p>Teosyal Puresense Deep Lines to zaawansowana formu\u0142a wype\u0142niacza sk\u00f3rnego przeznaczona do korygowania g\u0142\u0119bokich zmarszczek i przywracania utraconej obj\u0119to\u015bci starzej\u0105cej si\u0119 sk\u00f3ry. Wype\u0142niacz ten, zawieraj\u0105cy usieciowany kwas hialuronowy i miejscowo znieczulaj\u0105c\u0105 lidokain\u0119 dla dodatkowego komfortu, zapewnia naturalne, d\u0142ugotrwa\u0142e rezultaty przy minimalnym dyskomforcie podczas zabiegu.<\/p>\n","protected":false},"featured_media":127147,"comment_status":"closed","ping_status":"closed","template":"","meta":{"_acf_changed":false,"inline_featured_image":false},"product_brand":[2961],"product_cat":[4174,4175],"product_tag":[4176],"class_list":{"0":"post-127146","1":"product","2":"type-product","3":"status-publish","4":"has-post-thumbnail","6":"product_brand-teosyal","7":"product_cat-dermal-fillers-pl","8":"product_cat-ha-dermal-fillers-pl","9":"product_tag-medical-devices-pl","11":"first","12":"instock","13":"taxable","14":"shipping-taxable","15":"purchasable","16":"product-type-simple","17":"add-to-wishlist-before_image"},"acf":[],"yoast_head":"<!-- This site is optimized with the Yoast SEO plugin v27.1.1 - https:\/\/yoast.com\/product\/yoast-seo-wordpress\/ -->\n<title>Kup Teosyal Puresense Deep Lines online \u2013 Zaawansowany wype\u0142niacz dermalny na g\u0142\u0119bokie zmarszczki<\/title>\n<meta name=\"description\" content=\"Kup Teosyal Puresense Deep Lines online \u2013 redukcja g\u0142\u0119bokich zmarszczek i przywr\u00f3cenie obj\u0119to\u015bci. Wysokiej jako\u015bci wype\u0142niacz z kwasem hialuronowym zapewniaj\u0105cy d\u0142ugotrwa\u0142e, naturalnie wygl\u0105daj\u0105ce efekty.\" \/>\n<meta name=\"robots\" content=\"index, follow, max-snippet:-1, max-image-preview:large, max-video-preview:-1\" \/>\n<link rel=\"canonical\" href=\"https:\/\/kinamihealth.com\/pl\/wp-json\/wp\/v2\/product\/127146\" \/>\n<meta property=\"og:locale\" content=\"pl_PL\" \/>\n<meta property=\"og:type\" content=\"article\" \/>\n<meta property=\"og:title\" content=\"Kup Teosyal Puresense Deep Lines online \u2013 Zaawansowany wype\u0142niacz dermalny na g\u0142\u0119bokie zmarszczki\" \/>\n<meta property=\"og:description\" content=\"Kup Teosyal Puresense Deep Lines online \u2013 redukcja g\u0142\u0119bokich zmarszczek i przywr\u00f3cenie obj\u0119to\u015bci. Wysokiej jako\u015bci wype\u0142niacz z kwasem hialuronowym zapewniaj\u0105cy d\u0142ugotrwa\u0142e, naturalnie wygl\u0105daj\u0105ce efekty.\" \/>\n<meta property=\"og:url\" content=\"https:\/\/kinamihealth.com\/pl\/produkt\/teosyal-puresense-deep-lines\/\" \/>\n<meta property=\"og:site_name\" content=\"Kinami Health\" \/>\n<meta property=\"article:modified_time\" content=\"2025-12-16T01:51:13+00:00\" \/>\n<meta property=\"og:image\" content=\"https:\/\/kinamihealth.com\/wp-content\/uploads\/2025\/02\/TEOXANE-TEOSYAL-DEEPLINES-PURESENSE-30G-01.jpg\" \/>\n\t<meta property=\"og:image:width\" content=\"800\" \/>\n\t<meta property=\"og:image:height\" content=\"800\" \/>\n\t<meta property=\"og:image:type\" content=\"image\/jpeg\" \/>\n<meta name=\"twitter:card\" content=\"summary_large_image\" \/>\n<meta name=\"twitter:label1\" content=\"Szacowany czas czytania\" \/>\n\t<meta name=\"twitter:data1\" content=\"1 minuta\" \/>\n<!-- \/ Yoast SEO plugin. -->","yoast_head_json":{"title":"Kup Teosyal Puresense Deep Lines online \u2013 Zaawansowany wype\u0142niacz dermalny na g\u0142\u0119bokie zmarszczki","description":"Kup Teosyal Puresense Deep Lines online \u2013 redukcja g\u0142\u0119bokich zmarszczek i przywr\u00f3cenie obj\u0119to\u015bci. Wysokiej jako\u015bci wype\u0142niacz z kwasem hialuronowym zapewniaj\u0105cy d\u0142ugotrwa\u0142e, naturalnie wygl\u0105daj\u0105ce efekty.","robots":{"index":"index","follow":"follow","max-snippet":"max-snippet:-1","max-image-preview":"max-image-preview:large","max-video-preview":"max-video-preview:-1"},"canonical":"https:\/\/kinamihealth.com\/pl\/wp-json\/wp\/v2\/product\/127146","og_locale":"pl_PL","og_type":"article","og_title":"Kup Teosyal Puresense Deep Lines online \u2013 Zaawansowany wype\u0142niacz dermalny na g\u0142\u0119bokie zmarszczki","og_description":"Kup Teosyal Puresense Deep Lines online \u2013 redukcja g\u0142\u0119bokich zmarszczek i przywr\u00f3cenie obj\u0119to\u015bci. Wysokiej jako\u015bci wype\u0142niacz z kwasem hialuronowym zapewniaj\u0105cy d\u0142ugotrwa\u0142e, naturalnie wygl\u0105daj\u0105ce efekty.","og_url":"https:\/\/kinamihealth.com\/pl\/produkt\/teosyal-puresense-deep-lines\/","og_site_name":"Kinami Health","article_modified_time":"2025-12-16T01:51:13+00:00","og_image":[{"width":800,"height":800,"url":"https:\/\/kinamihealth.com\/wp-content\/uploads\/2025\/02\/TEOXANE-TEOSYAL-DEEPLINES-PURESENSE-30G-01.jpg","type":"image\/jpeg"}],"twitter_card":"summary_large_image","twitter_misc":{"Szacowany czas czytania":"1 minuta"},"schema":{"@context":"https:\/\/schema.org","@graph":[{"@type":"WebPage","@id":"https:\/\/kinamihealth.com\/pl\/produkt\/teosyal-puresense-deep-lines\/","url":"https:\/\/kinamihealth.com\/pl\/produkt\/teosyal-puresense-deep-lines\/","name":"Kup Teosyal Puresense Deep Lines online \u2013 Zaawansowany wype\u0142niacz dermalny na g\u0142\u0119bokie zmarszczki","isPartOf":{"@id":"https:\/\/kinamihealth.com\/#website"},"primaryImageOfPage":{"@id":"https:\/\/kinamihealth.com\/pl\/produkt\/teosyal-puresense-deep-lines\/#primaryimage"},"image":{"@id":"https:\/\/kinamihealth.com\/pl\/produkt\/teosyal-puresense-deep-lines\/#primaryimage"},"thumbnailUrl":"https:\/\/kinamihealth.com\/wp-content\/uploads\/2025\/02\/TEOXANE-TEOSYAL-DEEPLINES-PURESENSE-30G-01.jpg","datePublished":"2025-02-15T16:58:24+00:00","dateModified":"2025-12-16T01:51:13+00:00","description":"Kup Teosyal Puresense Deep Lines online \u2013 redukcja g\u0142\u0119bokich zmarszczek i przywr\u00f3cenie obj\u0119to\u015bci. Wysokiej jako\u015bci wype\u0142niacz z kwasem hialuronowym zapewniaj\u0105cy d\u0142ugotrwa\u0142e, naturalnie wygl\u0105daj\u0105ce efekty.","breadcrumb":{"@id":"https:\/\/kinamihealth.com\/pl\/produkt\/teosyal-puresense-deep-lines\/#breadcrumb"},"inLanguage":"pl-PL","potentialAction":[{"@type":"ReadAction","target":["https:\/\/kinamihealth.com\/pl\/produkt\/teosyal-puresense-deep-lines\/"]}]},{"@type":"ImageObject","inLanguage":"pl-PL","@id":"https:\/\/kinamihealth.com\/pl\/produkt\/teosyal-puresense-deep-lines\/#primaryimage","url":"https:\/\/kinamihealth.com\/wp-content\/uploads\/2025\/02\/TEOXANE-TEOSYAL-DEEPLINES-PURESENSE-30G-01.jpg","contentUrl":"https:\/\/kinamihealth.com\/wp-content\/uploads\/2025\/02\/TEOXANE-TEOSYAL-DEEPLINES-PURESENSE-30G-01.jpg","width":800,"height":800},{"@type":"BreadcrumbList","@id":"https:\/\/kinamihealth.com\/pl\/produkt\/teosyal-puresense-deep-lines\/#breadcrumb","itemListElement":[{"@type":"ListItem","position":1,"name":"Strona g\u0142\u00f3wna","item":"https:\/\/kinamihealth.com\/sr\/"},{"@type":"ListItem","position":2,"name":"Sklep","item":"https:\/\/kinamihealth.com\/pl\/?page_id=128280"},{"@type":"ListItem","position":3,"name":"TEOSYAL\u00ae PURESENSE DEEP LINES"}]},{"@type":"WebSite","@id":"https:\/\/kinamihealth.com\/#website","url":"https:\/\/kinamihealth.com\/","name":"Kinami Health","description":"","publisher":{"@id":"https:\/\/kinamihealth.com\/#organization"},"potentialAction":[{"@type":"SearchAction","target":{"@type":"EntryPoint","urlTemplate":"https:\/\/kinamihealth.com\/?s={search_term_string}"},"query-input":{"@type":"PropertyValueSpecification","valueRequired":true,"valueName":"search_term_string"}}],"inLanguage":"pl-PL"},{"@type":"Organization","@id":"https:\/\/kinamihealth.com\/#organization","name":"Kinami Health","url":"https:\/\/kinamihealth.com\/","logo":{"@type":"ImageObject","inLanguage":"pl-PL","@id":"https:\/\/kinamihealth.com\/#\/schema\/logo\/image\/","url":"https:\/\/kinamihealth.com\/wp-content\/uploads\/2025\/01\/KH_logo_black_2-1.png","contentUrl":"https:\/\/kinamihealth.com\/wp-content\/uploads\/2025\/01\/KH_logo_black_2-1.png","width":339,"height":34,"caption":"Kinami Health"},"image":{"@id":"https:\/\/kinamihealth.com\/#\/schema\/logo\/image\/"}}]}},"_links":{"self":[{"href":"https:\/\/kinamihealth.com\/pl\/wp-json\/wp\/v2\/product\/127146","targetHints":{"allow":["GET"]}}],"collection":[{"href":"https:\/\/kinamihealth.com\/pl\/wp-json\/wp\/v2\/product"}],"about":[{"href":"https:\/\/kinamihealth.com\/pl\/wp-json\/wp\/v2\/types\/product"}],"replies":[{"embeddable":true,"href":"https:\/\/kinamihealth.com\/pl\/wp-json\/wp\/v2\/comments?post=127146"}],"version-history":[{"count":0,"href":"https:\/\/kinamihealth.com\/pl\/wp-json\/wp\/v2\/product\/127146\/revisions"}],"wp:featuredmedia":[{"embeddable":true,"href":"https:\/\/kinamihealth.com\/pl\/wp-json\/wp\/v2\/media\/127147"}],"wp:attachment":[{"href":"https:\/\/kinamihealth.com\/pl\/wp-json\/wp\/v2\/media?parent=127146"}],"wp:term":[{"taxonomy":"product_brand","embeddable":true,"href":"https:\/\/kinamihealth.com\/pl\/wp-json\/wp\/v2\/product_brand?post=127146"},{"taxonomy":"product_cat","embeddable":true,"href":"https:\/\/kinamihealth.com\/pl\/wp-json\/wp\/v2\/product_cat?post=127146"},{"taxonomy":"product_tag","embeddable":true,"href":"https:\/\/kinamihealth.com\/pl\/wp-json\/wp\/v2\/product_tag?post=127146"}],"curies":[{"name":"wp","href":"https:\/\/api.w.org\/{rel}","templated":true}]}}