{"id":127143,"date":"2025-02-15T16:58:25","date_gmt":"2025-02-15T16:58:25","guid":{"rendered":"https:\/\/kinamihealth.com\/product\/teosyal-puresense-global-action\/"},"modified":"2025-12-16T01:52:43","modified_gmt":"2025-12-16T01:52:43","slug":"teosyal-puresense-global-action","status":"publish","type":"product","link":"https:\/\/kinamihealth.com\/pl\/produkt\/teosyal-puresense-global-action\/","title":{"rendered":"TEOSYAL\u00ae PURESENSE GLOBAL ACTION"},"content":{"rendered":"<p><span style=\"font-weight: 400;\">Teosyal Puresense Global Action jest jednym z najbardziej wszechstronnych wype\u0142niaczy sk\u00f3rnych dost\u0119pnych obecnie na rynku. Zosta\u0142 specjalnie opracowany do leczenia <\/span><b>drobnych i umiarkowanych zmarszczek<\/b><span style=\"font-weight: 400;\">, a jednocze\u015bnie poprawia og\u00f3lne nawil\u017cenie i elastyczno\u015b\u0107 sk\u00f3ry.<\/span><\/p>\n","protected":false},"excerpt":{"rendered":"<p>Teosyal Puresense Global Action jest jednym z najbardziej wszechstronnych wype\u0142niaczy sk\u00f3rnych dost\u0119pnych obecnie na rynku. Zosta\u0142 specjalnie opracowany do leczenia drobnych i umiarkowanych zmarszczek, a jednocze\u015bnie poprawia og\u00f3lne nawil\u017cenie i elastyczno\u015b\u0107 sk\u00f3ry.<\/p>\n","protected":false},"featured_media":127144,"comment_status":"closed","ping_status":"closed","template":"","meta":{"_acf_changed":false,"inline_featured_image":false},"product_brand":[2961],"product_cat":[4174,4175],"product_tag":[4176],"class_list":{"0":"post-127143","1":"product","2":"type-product","3":"status-publish","4":"has-post-thumbnail","6":"product_brand-teosyal","7":"product_cat-dermal-fillers-pl","8":"product_cat-ha-dermal-fillers-pl","9":"product_tag-medical-devices-pl","11":"first","12":"instock","13":"taxable","14":"shipping-taxable","15":"purchasable","16":"product-type-simple","17":"add-to-wishlist-before_image"},"acf":[],"yoast_head":"<!-- This site is optimized with the Yoast SEO plugin v27.3 - https:\/\/yoast.com\/product\/yoast-seo-wordpress\/ -->\n<title>Kup Teosyal Puresense Global Action online \u2013 Premium rozwi\u0105zanie anti-aging<\/title>\n<meta name=\"description\" content=\"Kup Teosyal Puresense Global Action online \u2013 redukcja drobnych i umiarkowanych zmarszczek oraz przywr\u00f3cenie nawil\u017cenia. Wype\u0142niacz z kwasem hialuronowym o naturalnym, d\u0142ugotrwa\u0142ym efekcie.\" \/>\n<meta name=\"robots\" content=\"index, follow, max-snippet:-1, max-image-preview:large, max-video-preview:-1\" \/>\n<link rel=\"canonical\" href=\"https:\/\/kinamihealth.com\/pl\/wp-json\/wp\/v2\/product\/127143\" \/>\n<meta property=\"og:locale\" content=\"pl_PL\" \/>\n<meta property=\"og:type\" content=\"article\" \/>\n<meta property=\"og:title\" content=\"Kup Teosyal Puresense Global Action online \u2013 Premium rozwi\u0105zanie anti-aging\" \/>\n<meta property=\"og:description\" content=\"Kup Teosyal Puresense Global Action online \u2013 redukcja drobnych i umiarkowanych zmarszczek oraz przywr\u00f3cenie nawil\u017cenia. Wype\u0142niacz z kwasem hialuronowym o naturalnym, d\u0142ugotrwa\u0142ym efekcie.\" \/>\n<meta property=\"og:url\" content=\"https:\/\/kinamihealth.com\/pl\/produkt\/teosyal-puresense-global-action\/\" \/>\n<meta property=\"og:site_name\" content=\"Kinami Health\" \/>\n<meta property=\"article:modified_time\" content=\"2025-12-16T01:52:43+00:00\" \/>\n<meta property=\"og:image\" content=\"https:\/\/kinamihealth.com\/wp-content\/uploads\/2025\/02\/TEOXANE-TEOSYAL-GLOBALACTION-PURESENSE-30G-01.jpg\" \/>\n\t<meta property=\"og:image:width\" content=\"800\" \/>\n\t<meta property=\"og:image:height\" content=\"800\" \/>\n\t<meta property=\"og:image:type\" content=\"image\/jpeg\" \/>\n<meta name=\"twitter:card\" content=\"summary_large_image\" \/>\n<meta name=\"twitter:label1\" content=\"Szacowany czas czytania\" \/>\n\t<meta name=\"twitter:data1\" content=\"1 minuta\" \/>\n<!-- \/ Yoast SEO plugin. -->","yoast_head_json":{"title":"Kup Teosyal Puresense Global Action online \u2013 Premium rozwi\u0105zanie anti-aging","description":"Kup Teosyal Puresense Global Action online \u2013 redukcja drobnych i umiarkowanych zmarszczek oraz przywr\u00f3cenie nawil\u017cenia. Wype\u0142niacz z kwasem hialuronowym o naturalnym, d\u0142ugotrwa\u0142ym efekcie.","robots":{"index":"index","follow":"follow","max-snippet":"max-snippet:-1","max-image-preview":"max-image-preview:large","max-video-preview":"max-video-preview:-1"},"canonical":"https:\/\/kinamihealth.com\/pl\/wp-json\/wp\/v2\/product\/127143","og_locale":"pl_PL","og_type":"article","og_title":"Kup Teosyal Puresense Global Action online \u2013 Premium rozwi\u0105zanie anti-aging","og_description":"Kup Teosyal Puresense Global Action online \u2013 redukcja drobnych i umiarkowanych zmarszczek oraz przywr\u00f3cenie nawil\u017cenia. Wype\u0142niacz z kwasem hialuronowym o naturalnym, d\u0142ugotrwa\u0142ym efekcie.","og_url":"https:\/\/kinamihealth.com\/pl\/produkt\/teosyal-puresense-global-action\/","og_site_name":"Kinami Health","article_modified_time":"2025-12-16T01:52:43+00:00","og_image":[{"width":800,"height":800,"url":"https:\/\/kinamihealth.com\/wp-content\/uploads\/2025\/02\/TEOXANE-TEOSYAL-GLOBALACTION-PURESENSE-30G-01.jpg","type":"image\/jpeg"}],"twitter_card":"summary_large_image","twitter_misc":{"Szacowany czas czytania":"1 minuta"},"schema":{"@context":"https:\/\/schema.org","@graph":[{"@type":"WebPage","@id":"https:\/\/kinamihealth.com\/pl\/produkt\/teosyal-puresense-global-action\/","url":"https:\/\/kinamihealth.com\/pl\/produkt\/teosyal-puresense-global-action\/","name":"Kup Teosyal Puresense Global Action online \u2013 Premium rozwi\u0105zanie anti-aging","isPartOf":{"@id":"https:\/\/kinamihealth.com\/#website"},"primaryImageOfPage":{"@id":"https:\/\/kinamihealth.com\/pl\/produkt\/teosyal-puresense-global-action\/#primaryimage"},"image":{"@id":"https:\/\/kinamihealth.com\/pl\/produkt\/teosyal-puresense-global-action\/#primaryimage"},"thumbnailUrl":"https:\/\/kinamihealth.com\/wp-content\/uploads\/2025\/02\/TEOXANE-TEOSYAL-GLOBALACTION-PURESENSE-30G-01.jpg","datePublished":"2025-02-15T16:58:25+00:00","dateModified":"2025-12-16T01:52:43+00:00","description":"Kup Teosyal Puresense Global Action online \u2013 redukcja drobnych i umiarkowanych zmarszczek oraz przywr\u00f3cenie nawil\u017cenia. Wype\u0142niacz z kwasem hialuronowym o naturalnym, d\u0142ugotrwa\u0142ym efekcie.","breadcrumb":{"@id":"https:\/\/kinamihealth.com\/pl\/produkt\/teosyal-puresense-global-action\/#breadcrumb"},"inLanguage":"pl-PL","potentialAction":[{"@type":"ReadAction","target":["https:\/\/kinamihealth.com\/pl\/produkt\/teosyal-puresense-global-action\/"]}]},{"@type":"ImageObject","inLanguage":"pl-PL","@id":"https:\/\/kinamihealth.com\/pl\/produkt\/teosyal-puresense-global-action\/#primaryimage","url":"https:\/\/kinamihealth.com\/wp-content\/uploads\/2025\/02\/TEOXANE-TEOSYAL-GLOBALACTION-PURESENSE-30G-01.jpg","contentUrl":"https:\/\/kinamihealth.com\/wp-content\/uploads\/2025\/02\/TEOXANE-TEOSYAL-GLOBALACTION-PURESENSE-30G-01.jpg","width":800,"height":800},{"@type":"BreadcrumbList","@id":"https:\/\/kinamihealth.com\/pl\/produkt\/teosyal-puresense-global-action\/#breadcrumb","itemListElement":[{"@type":"ListItem","position":1,"name":"Strona g\u0142\u00f3wna","item":"https:\/\/kinamihealth.com\/sr\/"},{"@type":"ListItem","position":2,"name":"Sklep","item":"https:\/\/kinamihealth.com\/pl\/?page_id=128280"},{"@type":"ListItem","position":3,"name":"TEOSYAL\u00ae PURESENSE GLOBAL ACTION"}]},{"@type":"WebSite","@id":"https:\/\/kinamihealth.com\/#website","url":"https:\/\/kinamihealth.com\/","name":"Kinami Health","description":"","publisher":{"@id":"https:\/\/kinamihealth.com\/#organization"},"potentialAction":[{"@type":"SearchAction","target":{"@type":"EntryPoint","urlTemplate":"https:\/\/kinamihealth.com\/?s={search_term_string}"},"query-input":{"@type":"PropertyValueSpecification","valueRequired":true,"valueName":"search_term_string"}}],"inLanguage":"pl-PL"},{"@type":"Organization","@id":"https:\/\/kinamihealth.com\/#organization","name":"Kinami Health","url":"https:\/\/kinamihealth.com\/","logo":{"@type":"ImageObject","inLanguage":"pl-PL","@id":"https:\/\/kinamihealth.com\/#\/schema\/logo\/image\/","url":"https:\/\/kinamihealth.com\/wp-content\/uploads\/2025\/01\/KH_logo_black_2-1.png","contentUrl":"https:\/\/kinamihealth.com\/wp-content\/uploads\/2025\/01\/KH_logo_black_2-1.png","width":339,"height":34,"caption":"Kinami Health"},"image":{"@id":"https:\/\/kinamihealth.com\/#\/schema\/logo\/image\/"}}]}},"_links":{"self":[{"href":"https:\/\/kinamihealth.com\/pl\/wp-json\/wp\/v2\/product\/127143","targetHints":{"allow":["GET"]}}],"collection":[{"href":"https:\/\/kinamihealth.com\/pl\/wp-json\/wp\/v2\/product"}],"about":[{"href":"https:\/\/kinamihealth.com\/pl\/wp-json\/wp\/v2\/types\/product"}],"replies":[{"embeddable":true,"href":"https:\/\/kinamihealth.com\/pl\/wp-json\/wp\/v2\/comments?post=127143"}],"version-history":[{"count":0,"href":"https:\/\/kinamihealth.com\/pl\/wp-json\/wp\/v2\/product\/127143\/revisions"}],"wp:featuredmedia":[{"embeddable":true,"href":"https:\/\/kinamihealth.com\/pl\/wp-json\/wp\/v2\/media\/127144"}],"wp:attachment":[{"href":"https:\/\/kinamihealth.com\/pl\/wp-json\/wp\/v2\/media?parent=127143"}],"wp:term":[{"taxonomy":"product_brand","embeddable":true,"href":"https:\/\/kinamihealth.com\/pl\/wp-json\/wp\/v2\/product_brand?post=127143"},{"taxonomy":"product_cat","embeddable":true,"href":"https:\/\/kinamihealth.com\/pl\/wp-json\/wp\/v2\/product_cat?post=127143"},{"taxonomy":"product_tag","embeddable":true,"href":"https:\/\/kinamihealth.com\/pl\/wp-json\/wp\/v2\/product_tag?post=127143"}],"curies":[{"name":"wp","href":"https:\/\/api.w.org\/{rel}","templated":true}]}}