{"id":127088,"date":"2025-02-15T16:57:41","date_gmt":"2025-02-15T16:57:41","guid":{"rendered":"https:\/\/kinamihealth.com\/product\/saypha-volume\/"},"modified":"2025-12-12T15:41:20","modified_gmt":"2025-12-12T15:41:20","slug":"saypha-volume","status":"publish","type":"product","link":"https:\/\/kinamihealth.com\/pl\/produkt\/saypha-volume\/","title":{"rendered":"SAYPHA\u00ae VOLUME"},"content":{"rendered":"<p><span style=\"font-weight: 400;\">Saypha Volume to <\/span><b>wype\u0142niacz sk\u00f3rny na bazie kwasu hialuronowego<\/b><span style=\"font-weight: 400;\">, opracowany specjalnie z my\u015bl\u0105 o <\/span><b>przywracaniu obj\u0119to\u015bci<\/b><span style=\"font-weight: 400;\"> i <\/span><b>modelowaniu<\/b><span style=\"font-weight: 400;\"> twarzy. Ten wype\u0142niacz, zawieraj\u0105cy wysoce <\/span><b>usieciowany kwas hialuronowy<\/b><span style=\"font-weight: 400;\">, zapewnia optymalne rezultaty w g\u0142\u0119bokich warstwach sk\u00f3ry, daj\u0105c naturalny i d\u0142ugotrwa\u0142y efekt. Saypha Volume jest idealnym rozwi\u0105zaniem dla pacjent\u00f3w, kt\u00f3rzy potrzebuj\u0105 znacznego zwi\u0119kszenia obj\u0119to\u015bci w takich obszarach jak <\/span><b>policzki<\/b><span style=\"font-weight: 400;\">, <\/span><b>broda<\/b><span style=\"font-weight: 400;\">, <\/span><b>linia \u017cuchwy<\/b><span style=\"font-weight: 400;\"> i <\/span><b>usta<\/b><span style=\"font-weight: 400;\">.<\/span><\/p>\n","protected":false},"excerpt":{"rendered":"<p>Saypha Volume to wype\u0142niacz sk\u00f3rny na bazie kwasu hialuronowego, opracowany specjalnie z my\u015bl\u0105 o przywracaniu obj\u0119to\u015bci i modelowaniu twarzy. Ten wype\u0142niacz, zawieraj\u0105cy wysoce usieciowany kwas hialuronowy, zapewnia optymalne rezultaty w g\u0142\u0119bokich warstwach sk\u00f3ry, daj\u0105c naturalny i d\u0142ugotrwa\u0142y efekt. Saypha Volume jest idealnym rozwi\u0105zaniem dla pacjent\u00f3w, kt\u00f3rzy potrzebuj\u0105 znacznego zwi\u0119kszenia obj\u0119to\u015bci w takich obszarach jak policzki, [&hellip;]<\/p>\n","protected":false},"featured_media":127089,"comment_status":"closed","ping_status":"closed","template":"","meta":{"_acf_changed":false,"inline_featured_image":false},"product_brand":[2952],"product_cat":[4174,4175],"product_tag":[4176],"class_list":{"0":"post-127088","1":"product","2":"type-product","3":"status-publish","4":"has-post-thumbnail","6":"product_brand-saypha","7":"product_cat-dermal-fillers-pl","8":"product_cat-ha-dermal-fillers-pl","9":"product_tag-medical-devices-pl","11":"first","12":"instock","13":"taxable","14":"shipping-taxable","15":"purchasable","16":"product-type-simple","17":"add-to-wishlist-before_image"},"acf":[],"yoast_head":"<!-- This site is optimized with the Yoast SEO plugin v27.3 - https:\/\/yoast.com\/product\/yoast-seo-wordpress\/ -->\n<title>Kup Saypha Volume online w Kinami Health<\/title>\n<meta name=\"description\" content=\"Kup Saypha Volume online \u2013 wysokiej jako\u015bci wype\u0142niacz sk\u00f3rny do przywracania obj\u0119to\u015bci twarzy, wyg\u0142adzania zmarszczek i modelowania kontur\u00f3w, zapewniaj\u0105cy naturalne, d\u0142ugotrwa\u0142e rezultaty.\" \/>\n<meta name=\"robots\" content=\"index, follow, max-snippet:-1, max-image-preview:large, max-video-preview:-1\" \/>\n<link rel=\"canonical\" href=\"https:\/\/kinamihealth.com\/pl\/wp-json\/wp\/v2\/product\/127088\" \/>\n<meta property=\"og:locale\" content=\"pl_PL\" \/>\n<meta property=\"og:type\" content=\"article\" \/>\n<meta property=\"og:title\" content=\"Kup Saypha Volume online w Kinami Health\" \/>\n<meta property=\"og:description\" content=\"Kup Saypha Volume online \u2013 wysokiej jako\u015bci wype\u0142niacz sk\u00f3rny do przywracania obj\u0119to\u015bci twarzy, wyg\u0142adzania zmarszczek i modelowania kontur\u00f3w, zapewniaj\u0105cy naturalne, d\u0142ugotrwa\u0142e rezultaty.\" \/>\n<meta property=\"og:url\" content=\"https:\/\/kinamihealth.com\/pl\/produkt\/saypha-volume\/\" \/>\n<meta property=\"og:site_name\" content=\"Kinami Health\" \/>\n<meta property=\"article:modified_time\" content=\"2025-12-12T15:41:20+00:00\" \/>\n<meta property=\"og:image\" content=\"https:\/\/kinamihealth.com\/wp-content\/uploads\/2025\/02\/CHROMA-SAYPHA-VOLUME-01.jpg\" \/>\n\t<meta property=\"og:image:width\" content=\"800\" \/>\n\t<meta property=\"og:image:height\" content=\"800\" \/>\n\t<meta property=\"og:image:type\" content=\"image\/jpeg\" \/>\n<meta name=\"twitter:card\" content=\"summary_large_image\" \/>\n<meta name=\"twitter:label1\" content=\"Szacowany czas czytania\" \/>\n\t<meta name=\"twitter:data1\" content=\"1 minuta\" \/>\n<!-- \/ Yoast SEO plugin. -->","yoast_head_json":{"title":"Kup Saypha Volume online w Kinami Health","description":"Kup Saypha Volume online \u2013 wysokiej jako\u015bci wype\u0142niacz sk\u00f3rny do przywracania obj\u0119to\u015bci twarzy, wyg\u0142adzania zmarszczek i modelowania kontur\u00f3w, zapewniaj\u0105cy naturalne, d\u0142ugotrwa\u0142e rezultaty.","robots":{"index":"index","follow":"follow","max-snippet":"max-snippet:-1","max-image-preview":"max-image-preview:large","max-video-preview":"max-video-preview:-1"},"canonical":"https:\/\/kinamihealth.com\/pl\/wp-json\/wp\/v2\/product\/127088","og_locale":"pl_PL","og_type":"article","og_title":"Kup Saypha Volume online w Kinami Health","og_description":"Kup Saypha Volume online \u2013 wysokiej jako\u015bci wype\u0142niacz sk\u00f3rny do przywracania obj\u0119to\u015bci twarzy, wyg\u0142adzania zmarszczek i modelowania kontur\u00f3w, zapewniaj\u0105cy naturalne, d\u0142ugotrwa\u0142e rezultaty.","og_url":"https:\/\/kinamihealth.com\/pl\/produkt\/saypha-volume\/","og_site_name":"Kinami Health","article_modified_time":"2025-12-12T15:41:20+00:00","og_image":[{"width":800,"height":800,"url":"https:\/\/kinamihealth.com\/wp-content\/uploads\/2025\/02\/CHROMA-SAYPHA-VOLUME-01.jpg","type":"image\/jpeg"}],"twitter_card":"summary_large_image","twitter_misc":{"Szacowany czas czytania":"1 minuta"},"schema":{"@context":"https:\/\/schema.org","@graph":[{"@type":"WebPage","@id":"https:\/\/kinamihealth.com\/pl\/produkt\/saypha-volume\/","url":"https:\/\/kinamihealth.com\/pl\/produkt\/saypha-volume\/","name":"Kup Saypha Volume online w Kinami Health","isPartOf":{"@id":"https:\/\/kinamihealth.com\/#website"},"primaryImageOfPage":{"@id":"https:\/\/kinamihealth.com\/pl\/produkt\/saypha-volume\/#primaryimage"},"image":{"@id":"https:\/\/kinamihealth.com\/pl\/produkt\/saypha-volume\/#primaryimage"},"thumbnailUrl":"https:\/\/kinamihealth.com\/wp-content\/uploads\/2025\/02\/CHROMA-SAYPHA-VOLUME-01.jpg","datePublished":"2025-02-15T16:57:41+00:00","dateModified":"2025-12-12T15:41:20+00:00","description":"Kup Saypha Volume online \u2013 wysokiej jako\u015bci wype\u0142niacz sk\u00f3rny do przywracania obj\u0119to\u015bci twarzy, wyg\u0142adzania zmarszczek i modelowania kontur\u00f3w, zapewniaj\u0105cy naturalne, d\u0142ugotrwa\u0142e rezultaty.","breadcrumb":{"@id":"https:\/\/kinamihealth.com\/pl\/produkt\/saypha-volume\/#breadcrumb"},"inLanguage":"pl-PL","potentialAction":[{"@type":"ReadAction","target":["https:\/\/kinamihealth.com\/pl\/produkt\/saypha-volume\/"]}]},{"@type":"ImageObject","inLanguage":"pl-PL","@id":"https:\/\/kinamihealth.com\/pl\/produkt\/saypha-volume\/#primaryimage","url":"https:\/\/kinamihealth.com\/wp-content\/uploads\/2025\/02\/CHROMA-SAYPHA-VOLUME-01.jpg","contentUrl":"https:\/\/kinamihealth.com\/wp-content\/uploads\/2025\/02\/CHROMA-SAYPHA-VOLUME-01.jpg","width":800,"height":800},{"@type":"BreadcrumbList","@id":"https:\/\/kinamihealth.com\/pl\/produkt\/saypha-volume\/#breadcrumb","itemListElement":[{"@type":"ListItem","position":1,"name":"Strona g\u0142\u00f3wna","item":"https:\/\/kinamihealth.com\/sr\/"},{"@type":"ListItem","position":2,"name":"Sklep","item":"https:\/\/kinamihealth.com\/pl\/?page_id=128280"},{"@type":"ListItem","position":3,"name":"SAYPHA\u00ae VOLUME"}]},{"@type":"WebSite","@id":"https:\/\/kinamihealth.com\/#website","url":"https:\/\/kinamihealth.com\/","name":"Kinami Health","description":"","publisher":{"@id":"https:\/\/kinamihealth.com\/#organization"},"potentialAction":[{"@type":"SearchAction","target":{"@type":"EntryPoint","urlTemplate":"https:\/\/kinamihealth.com\/?s={search_term_string}"},"query-input":{"@type":"PropertyValueSpecification","valueRequired":true,"valueName":"search_term_string"}}],"inLanguage":"pl-PL"},{"@type":"Organization","@id":"https:\/\/kinamihealth.com\/#organization","name":"Kinami Health","url":"https:\/\/kinamihealth.com\/","logo":{"@type":"ImageObject","inLanguage":"pl-PL","@id":"https:\/\/kinamihealth.com\/#\/schema\/logo\/image\/","url":"https:\/\/kinamihealth.com\/wp-content\/uploads\/2025\/01\/KH_logo_black_2-1.png","contentUrl":"https:\/\/kinamihealth.com\/wp-content\/uploads\/2025\/01\/KH_logo_black_2-1.png","width":339,"height":34,"caption":"Kinami Health"},"image":{"@id":"https:\/\/kinamihealth.com\/#\/schema\/logo\/image\/"}}]}},"_links":{"self":[{"href":"https:\/\/kinamihealth.com\/pl\/wp-json\/wp\/v2\/product\/127088","targetHints":{"allow":["GET"]}}],"collection":[{"href":"https:\/\/kinamihealth.com\/pl\/wp-json\/wp\/v2\/product"}],"about":[{"href":"https:\/\/kinamihealth.com\/pl\/wp-json\/wp\/v2\/types\/product"}],"replies":[{"embeddable":true,"href":"https:\/\/kinamihealth.com\/pl\/wp-json\/wp\/v2\/comments?post=127088"}],"version-history":[{"count":0,"href":"https:\/\/kinamihealth.com\/pl\/wp-json\/wp\/v2\/product\/127088\/revisions"}],"wp:featuredmedia":[{"embeddable":true,"href":"https:\/\/kinamihealth.com\/pl\/wp-json\/wp\/v2\/media\/127089"}],"wp:attachment":[{"href":"https:\/\/kinamihealth.com\/pl\/wp-json\/wp\/v2\/media?parent=127088"}],"wp:term":[{"taxonomy":"product_brand","embeddable":true,"href":"https:\/\/kinamihealth.com\/pl\/wp-json\/wp\/v2\/product_brand?post=127088"},{"taxonomy":"product_cat","embeddable":true,"href":"https:\/\/kinamihealth.com\/pl\/wp-json\/wp\/v2\/product_cat?post=127088"},{"taxonomy":"product_tag","embeddable":true,"href":"https:\/\/kinamihealth.com\/pl\/wp-json\/wp\/v2\/product_tag?post=127088"}],"curies":[{"name":"wp","href":"https:\/\/api.w.org\/{rel}","templated":true}]}}