{"id":127083,"date":"2025-02-15T16:57:40","date_gmt":"2025-02-15T16:57:40","guid":{"rendered":"https:\/\/kinamihealth.com\/product\/saypha-rich\/"},"modified":"2025-12-12T15:38:37","modified_gmt":"2025-12-12T15:38:37","slug":"saypha-rich","status":"publish","type":"product","link":"https:\/\/kinamihealth.com\/pl\/produkt\/saypha-rich\/","title":{"rendered":"SAYPHA\u00ae RICH"},"content":{"rendered":"<p><span style=\"font-weight: 400;\">Saypha Rich to <\/span><b>nowatorski preparat<\/b><span style=\"font-weight: 400;\"> stosowany w celu odm\u0142odzenia sk\u00f3ry poprzez przywr\u00f3cenie jej <\/span><b>nawil\u017cenia<\/b><span style=\"font-weight: 400;\"> i popraw\u0119 <\/span><b>elastyczno\u015bci<\/b><span style=\"font-weight: 400;\">. Ten preparat do wstrzykiwa\u0144 zawiera <\/span><b>niesieciowany kwas hialuronowy<\/b><span style=\"font-weight: 400;\"> i <\/span><b>glicerol<\/b><span style=\"font-weight: 400;\">, kt\u00f3re zapewniaj\u0105 g\u0142\u0119bokie nawil\u017cenie i wsparcie strukturalne dla sk\u00f3ry. Saypha Rich jest powszechnie stosowany w celu poprawy tekstury sk\u00f3ry, <\/span><b>redukcji drobnych zmarszczek<\/b><span style=\"font-weight: 400;\"> i uzyskania <\/span><b>m\u0142odego wygl\u0105du<\/b><span style=\"font-weight: 400;\">. <\/span><\/p>\n","protected":false},"excerpt":{"rendered":"<p>Saypha Rich to nowatorski preparat stosowany w celu odm\u0142odzenia sk\u00f3ry poprzez przywr\u00f3cenie jej nawil\u017cenia i popraw\u0119 elastyczno\u015bci. Ten preparat do wstrzykiwa\u0144 zawiera niesieciowany kwas hialuronowy i glicerol, kt\u00f3re zapewniaj\u0105 g\u0142\u0119bokie nawil\u017cenie i wsparcie strukturalne dla sk\u00f3ry. Saypha Rich jest powszechnie stosowany w celu poprawy tekstury sk\u00f3ry, redukcji drobnych zmarszczek i uzyskania m\u0142odego wygl\u0105du.<\/p>\n","protected":false},"featured_media":127087,"comment_status":"closed","ping_status":"closed","template":"","meta":{"_acf_changed":false,"inline_featured_image":false},"product_brand":[2952],"product_cat":[4174,4175],"product_tag":[4176],"class_list":{"0":"post-127083","1":"product","2":"type-product","3":"status-publish","4":"has-post-thumbnail","6":"product_brand-saypha","7":"product_cat-dermal-fillers-pl","8":"product_cat-ha-dermal-fillers-pl","9":"product_tag-medical-devices-pl","11":"first","12":"instock","13":"taxable","14":"shipping-taxable","15":"purchasable","16":"product-type-simple","17":"add-to-wishlist-before_image"},"acf":[],"yoast_head":"<!-- This site is optimized with the Yoast SEO plugin v27.5 - https:\/\/yoast.com\/product\/yoast-seo-wordpress\/ -->\n<title>Kup Saypha Rich Online w Kinami Health<\/title>\n<meta name=\"description\" content=\"Kup Saypha Rich online \u2013 skinbooster na bazie kwasu hialuronowego, stworzony, aby odm\u0142odzi\u0107 sk\u00f3r\u0119 poprzez g\u0142\u0119bokie nawil\u017cenie, popraw\u0119 elastyczno\u015bci i redukcj\u0119 drobnych zmarszczek, zapewniaj\u0105c m\u0142odszy wygl\u0105d.\" \/>\n<meta name=\"robots\" content=\"index, follow, max-snippet:-1, max-image-preview:large, max-video-preview:-1\" \/>\n<link rel=\"canonical\" href=\"https:\/\/kinamihealth.com\/pl\/wp-json\/wp\/v2\/product\/127083\" \/>\n<meta property=\"og:locale\" content=\"pl_PL\" \/>\n<meta property=\"og:type\" content=\"article\" \/>\n<meta property=\"og:title\" content=\"Kup Saypha Rich Online w Kinami Health\" \/>\n<meta property=\"og:description\" content=\"Kup Saypha Rich online \u2013 skinbooster na bazie kwasu hialuronowego, stworzony, aby odm\u0142odzi\u0107 sk\u00f3r\u0119 poprzez g\u0142\u0119bokie nawil\u017cenie, popraw\u0119 elastyczno\u015bci i redukcj\u0119 drobnych zmarszczek, zapewniaj\u0105c m\u0142odszy wygl\u0105d.\" \/>\n<meta property=\"og:url\" content=\"https:\/\/kinamihealth.com\/pl\/produkt\/saypha-rich\/\" \/>\n<meta property=\"og:site_name\" content=\"Kinami Health\" \/>\n<meta property=\"article:modified_time\" content=\"2025-12-12T15:38:37+00:00\" \/>\n<meta property=\"og:image\" content=\"https:\/\/kinamihealth.com\/wp-content\/uploads\/2025\/02\/CHROMA-SAYPHA-RICH-03.jpg\" \/>\n\t<meta property=\"og:image:width\" content=\"800\" \/>\n\t<meta property=\"og:image:height\" content=\"800\" \/>\n\t<meta property=\"og:image:type\" content=\"image\/jpeg\" \/>\n<meta name=\"twitter:card\" content=\"summary_large_image\" \/>\n<meta name=\"twitter:label1\" content=\"Szacowany czas czytania\" \/>\n\t<meta name=\"twitter:data1\" content=\"1 minuta\" \/>\n<!-- \/ Yoast SEO plugin. -->","yoast_head_json":{"title":"Kup Saypha Rich Online w Kinami Health","description":"Kup Saypha Rich online \u2013 skinbooster na bazie kwasu hialuronowego, stworzony, aby odm\u0142odzi\u0107 sk\u00f3r\u0119 poprzez g\u0142\u0119bokie nawil\u017cenie, popraw\u0119 elastyczno\u015bci i redukcj\u0119 drobnych zmarszczek, zapewniaj\u0105c m\u0142odszy wygl\u0105d.","robots":{"index":"index","follow":"follow","max-snippet":"max-snippet:-1","max-image-preview":"max-image-preview:large","max-video-preview":"max-video-preview:-1"},"canonical":"https:\/\/kinamihealth.com\/pl\/wp-json\/wp\/v2\/product\/127083","og_locale":"pl_PL","og_type":"article","og_title":"Kup Saypha Rich Online w Kinami Health","og_description":"Kup Saypha Rich online \u2013 skinbooster na bazie kwasu hialuronowego, stworzony, aby odm\u0142odzi\u0107 sk\u00f3r\u0119 poprzez g\u0142\u0119bokie nawil\u017cenie, popraw\u0119 elastyczno\u015bci i redukcj\u0119 drobnych zmarszczek, zapewniaj\u0105c m\u0142odszy wygl\u0105d.","og_url":"https:\/\/kinamihealth.com\/pl\/produkt\/saypha-rich\/","og_site_name":"Kinami Health","article_modified_time":"2025-12-12T15:38:37+00:00","og_image":[{"width":800,"height":800,"url":"https:\/\/kinamihealth.com\/wp-content\/uploads\/2025\/02\/CHROMA-SAYPHA-RICH-03.jpg","type":"image\/jpeg"}],"twitter_card":"summary_large_image","twitter_misc":{"Szacowany czas czytania":"1 minuta"},"schema":{"@context":"https:\/\/schema.org","@graph":[{"@type":"WebPage","@id":"https:\/\/kinamihealth.com\/pl\/produkt\/saypha-rich\/","url":"https:\/\/kinamihealth.com\/pl\/produkt\/saypha-rich\/","name":"Kup Saypha Rich Online w Kinami Health","isPartOf":{"@id":"https:\/\/kinamihealth.com\/#website"},"primaryImageOfPage":{"@id":"https:\/\/kinamihealth.com\/pl\/produkt\/saypha-rich\/#primaryimage"},"image":{"@id":"https:\/\/kinamihealth.com\/pl\/produkt\/saypha-rich\/#primaryimage"},"thumbnailUrl":"https:\/\/kinamihealth.com\/wp-content\/uploads\/2025\/02\/CHROMA-SAYPHA-RICH-03.jpg","datePublished":"2025-02-15T16:57:40+00:00","dateModified":"2025-12-12T15:38:37+00:00","description":"Kup Saypha Rich online \u2013 skinbooster na bazie kwasu hialuronowego, stworzony, aby odm\u0142odzi\u0107 sk\u00f3r\u0119 poprzez g\u0142\u0119bokie nawil\u017cenie, popraw\u0119 elastyczno\u015bci i redukcj\u0119 drobnych zmarszczek, zapewniaj\u0105c m\u0142odszy wygl\u0105d.","breadcrumb":{"@id":"https:\/\/kinamihealth.com\/pl\/produkt\/saypha-rich\/#breadcrumb"},"inLanguage":"pl-PL","potentialAction":[{"@type":"ReadAction","target":["https:\/\/kinamihealth.com\/pl\/produkt\/saypha-rich\/"]}]},{"@type":"ImageObject","inLanguage":"pl-PL","@id":"https:\/\/kinamihealth.com\/pl\/produkt\/saypha-rich\/#primaryimage","url":"https:\/\/kinamihealth.com\/wp-content\/uploads\/2025\/02\/CHROMA-SAYPHA-RICH-03.jpg","contentUrl":"https:\/\/kinamihealth.com\/wp-content\/uploads\/2025\/02\/CHROMA-SAYPHA-RICH-03.jpg","width":800,"height":800},{"@type":"BreadcrumbList","@id":"https:\/\/kinamihealth.com\/pl\/produkt\/saypha-rich\/#breadcrumb","itemListElement":[{"@type":"ListItem","position":1,"name":"Strona g\u0142\u00f3wna","item":"https:\/\/kinamihealth.com\/sr\/"},{"@type":"ListItem","position":2,"name":"Sklep","item":"https:\/\/kinamihealth.com\/pl\/?page_id=128280"},{"@type":"ListItem","position":3,"name":"SAYPHA\u00ae RICH"}]},{"@type":"WebSite","@id":"https:\/\/kinamihealth.com\/#website","url":"https:\/\/kinamihealth.com\/","name":"Kinami Health","description":"","publisher":{"@id":"https:\/\/kinamihealth.com\/#organization"},"potentialAction":[{"@type":"SearchAction","target":{"@type":"EntryPoint","urlTemplate":"https:\/\/kinamihealth.com\/?s={search_term_string}"},"query-input":{"@type":"PropertyValueSpecification","valueRequired":true,"valueName":"search_term_string"}}],"inLanguage":"pl-PL"},{"@type":"Organization","@id":"https:\/\/kinamihealth.com\/#organization","name":"Kinami Health","url":"https:\/\/kinamihealth.com\/","logo":{"@type":"ImageObject","inLanguage":"pl-PL","@id":"https:\/\/kinamihealth.com\/#\/schema\/logo\/image\/","url":"https:\/\/kinamihealth.com\/wp-content\/uploads\/2025\/01\/KH_logo_black_2-1.png","contentUrl":"https:\/\/kinamihealth.com\/wp-content\/uploads\/2025\/01\/KH_logo_black_2-1.png","width":339,"height":34,"caption":"Kinami Health"},"image":{"@id":"https:\/\/kinamihealth.com\/#\/schema\/logo\/image\/"}}]}},"_links":{"self":[{"href":"https:\/\/kinamihealth.com\/pl\/wp-json\/wp\/v2\/product\/127083","targetHints":{"allow":["GET"]}}],"collection":[{"href":"https:\/\/kinamihealth.com\/pl\/wp-json\/wp\/v2\/product"}],"about":[{"href":"https:\/\/kinamihealth.com\/pl\/wp-json\/wp\/v2\/types\/product"}],"replies":[{"embeddable":true,"href":"https:\/\/kinamihealth.com\/pl\/wp-json\/wp\/v2\/comments?post=127083"}],"version-history":[{"count":0,"href":"https:\/\/kinamihealth.com\/pl\/wp-json\/wp\/v2\/product\/127083\/revisions"}],"wp:featuredmedia":[{"embeddable":true,"href":"https:\/\/kinamihealth.com\/pl\/wp-json\/wp\/v2\/media\/127087"}],"wp:attachment":[{"href":"https:\/\/kinamihealth.com\/pl\/wp-json\/wp\/v2\/media?parent=127083"}],"wp:term":[{"taxonomy":"product_brand","embeddable":true,"href":"https:\/\/kinamihealth.com\/pl\/wp-json\/wp\/v2\/product_brand?post=127083"},{"taxonomy":"product_cat","embeddable":true,"href":"https:\/\/kinamihealth.com\/pl\/wp-json\/wp\/v2\/product_cat?post=127083"},{"taxonomy":"product_tag","embeddable":true,"href":"https:\/\/kinamihealth.com\/pl\/wp-json\/wp\/v2\/product_tag?post=127083"}],"curies":[{"name":"wp","href":"https:\/\/api.w.org\/{rel}","templated":true}]}}