{"id":127076,"date":"2025-02-15T16:57:01","date_gmt":"2025-02-15T16:57:01","guid":{"rendered":"https:\/\/kinamihealth.com\/product\/sesderma-repaskin-invisible-fluid-spf50\/"},"modified":"2025-12-14T19:30:23","modified_gmt":"2025-12-14T19:30:23","slug":"sesderma-repaskin-invisible-fluid-spf50","status":"publish","type":"product","link":"https:\/\/kinamihealth.com\/pl\/produkt\/sesderma-repaskin-invisible-fluid-spf50\/","title":{"rendered":"SESDERMA\u00ae REPASKIN INVISIBLE FLUID SPF50+"},"content":{"rendered":"<p><b>Zam\u00f3w Repaskin Fluid Invisible SPF 50 ml<\/b><span style=\"font-weight: 400;\"> i ciesz si\u0119 siln\u0105 <\/span><b>ochron\u0105 przed promieniowaniem s\u0142onecznym<\/b><span style=\"font-weight: 400;\">. Chro\u0144 twarz i cia\u0142o przed <\/span><b>uszkodzeniami spowodowanymi stresem oksydacyjnym<\/b><span style=\"font-weight: 400;\">, jednocze\u015bnie zapewniaj\u0105c sk\u00f3rze <\/span><b>nawil\u017cenie<\/b><span style=\"font-weight: 400;\">. Fluid <\/span><b>ca\u0142kowicie si\u0119 wch\u0142ania<\/b><span style=\"font-weight: 400;\"> i nie pozostawia <\/span><b>widocznych \u015blad\u00f3w<\/b><span style=\"font-weight: 400;\">. <\/span><b>Kup Repaskin Fluid Invisible SPF<\/b><span style=\"font-weight: 400;\"> i <\/span><b>rewitalizuj swoj\u0105 sk\u00f3r\u0119<\/b><span style=\"font-weight: 400;\"> za pomoc\u0105 <\/span><b>niekomedogennego<\/b><span style=\"font-weight: 400;\"> fluidu ochronnego, kt\u00f3ry <\/span><b>od\u017cywia, nawil\u017ca i koryguje niedoskona\u0142o\u015bci<\/b><span style=\"font-weight: 400;\">.<\/span><\/p>\n","protected":false},"excerpt":{"rendered":"<p>Zam\u00f3w Repaskin Fluid Invisible SPF 50 ml i ciesz si\u0119 siln\u0105 ochron\u0105 przed promieniowaniem s\u0142onecznym. Chro\u0144 twarz i cia\u0142o przed uszkodzeniami spowodowanymi stresem oksydacyjnym, jednocze\u015bnie zapewniaj\u0105c sk\u00f3rze nawil\u017cenie. Fluid ca\u0142kowicie si\u0119 wch\u0142ania i nie pozostawia widocznych \u015blad\u00f3w. Kup Repaskin Fluid Invisible SPF i rewitalizuj swoj\u0105 sk\u00f3r\u0119 za pomoc\u0105 niekomedogennego fluidu ochronnego, kt\u00f3ry od\u017cywia, nawil\u017ca i [&hellip;]<\/p>\n","protected":false},"featured_media":127077,"comment_status":"closed","ping_status":"closed","template":"","meta":{"_acf_changed":false,"inline_featured_image":false},"product_brand":[2954],"product_cat":[4995],"product_tag":[4176],"class_list":{"0":"post-127076","1":"product","2":"type-product","3":"status-publish","4":"has-post-thumbnail","6":"product_brand-sesderma","7":"product_cat-skincare-pl","8":"product_tag-medical-devices-pl","10":"first","11":"instock","12":"taxable","13":"shipping-taxable","14":"purchasable","15":"product-type-simple","16":"add-to-wishlist-before_image"},"acf":[],"yoast_head":"<!-- This site is optimized with the Yoast SEO plugin v27.1.1 - https:\/\/yoast.com\/product\/yoast-seo-wordpress\/ -->\n<title>Kup Repaskin Fluid Invisible SPF 50 \u2013 ochrona przeciws\u0142oneczna<\/title>\n<meta name=\"description\" content=\"Kup Repaskin Fluid Invisible SPF 50 i zyskaj szerokospektraln\u0105 ochron\u0119 przed s\u0142o\u0144cem. Zapobiegaj uszkodzeniom s\u0142onecznym i redukuj oznaki starzenia. Zam\u00f3w w Kinami Health!\" \/>\n<meta name=\"robots\" content=\"index, follow, max-snippet:-1, max-image-preview:large, max-video-preview:-1\" \/>\n<link rel=\"canonical\" href=\"https:\/\/kinamihealth.com\/pl\/wp-json\/wp\/v2\/product\/127076\" \/>\n<meta property=\"og:locale\" content=\"pl_PL\" \/>\n<meta property=\"og:type\" content=\"article\" \/>\n<meta property=\"og:title\" content=\"Kup Repaskin Fluid Invisible SPF 50 \u2013 ochrona przeciws\u0142oneczna\" \/>\n<meta property=\"og:description\" content=\"Kup Repaskin Fluid Invisible SPF 50 i zyskaj szerokospektraln\u0105 ochron\u0119 przed s\u0142o\u0144cem. Zapobiegaj uszkodzeniom s\u0142onecznym i redukuj oznaki starzenia. Zam\u00f3w w Kinami Health!\" \/>\n<meta property=\"og:url\" content=\"https:\/\/kinamihealth.com\/pl\/produkt\/sesderma-repaskin-invisible-fluid-spf50\/\" \/>\n<meta property=\"og:site_name\" content=\"Kinami Health\" \/>\n<meta property=\"article:modified_time\" content=\"2025-12-14T19:30:23+00:00\" \/>\n<meta property=\"og:image\" content=\"https:\/\/kinamihealth.com\/wp-content\/uploads\/2025\/02\/SESDERMA-REPASKIN-INVISIBLE-FLUID-SPF50-01.jpg\" \/>\n\t<meta property=\"og:image:width\" content=\"800\" \/>\n\t<meta property=\"og:image:height\" content=\"800\" \/>\n\t<meta property=\"og:image:type\" content=\"image\/jpeg\" \/>\n<meta name=\"twitter:card\" content=\"summary_large_image\" \/>\n<meta name=\"twitter:label1\" content=\"Szacowany czas czytania\" \/>\n\t<meta name=\"twitter:data1\" content=\"1 minuta\" \/>\n<!-- \/ Yoast SEO plugin. -->","yoast_head_json":{"title":"Kup Repaskin Fluid Invisible SPF 50 \u2013 ochrona przeciws\u0142oneczna","description":"Kup Repaskin Fluid Invisible SPF 50 i zyskaj szerokospektraln\u0105 ochron\u0119 przed s\u0142o\u0144cem. Zapobiegaj uszkodzeniom s\u0142onecznym i redukuj oznaki starzenia. Zam\u00f3w w Kinami Health!","robots":{"index":"index","follow":"follow","max-snippet":"max-snippet:-1","max-image-preview":"max-image-preview:large","max-video-preview":"max-video-preview:-1"},"canonical":"https:\/\/kinamihealth.com\/pl\/wp-json\/wp\/v2\/product\/127076","og_locale":"pl_PL","og_type":"article","og_title":"Kup Repaskin Fluid Invisible SPF 50 \u2013 ochrona przeciws\u0142oneczna","og_description":"Kup Repaskin Fluid Invisible SPF 50 i zyskaj szerokospektraln\u0105 ochron\u0119 przed s\u0142o\u0144cem. Zapobiegaj uszkodzeniom s\u0142onecznym i redukuj oznaki starzenia. Zam\u00f3w w Kinami Health!","og_url":"https:\/\/kinamihealth.com\/pl\/produkt\/sesderma-repaskin-invisible-fluid-spf50\/","og_site_name":"Kinami Health","article_modified_time":"2025-12-14T19:30:23+00:00","og_image":[{"width":800,"height":800,"url":"https:\/\/kinamihealth.com\/wp-content\/uploads\/2025\/02\/SESDERMA-REPASKIN-INVISIBLE-FLUID-SPF50-01.jpg","type":"image\/jpeg"}],"twitter_card":"summary_large_image","twitter_misc":{"Szacowany czas czytania":"1 minuta"},"schema":{"@context":"https:\/\/schema.org","@graph":[{"@type":"WebPage","@id":"https:\/\/kinamihealth.com\/pl\/produkt\/sesderma-repaskin-invisible-fluid-spf50\/","url":"https:\/\/kinamihealth.com\/pl\/produkt\/sesderma-repaskin-invisible-fluid-spf50\/","name":"Kup Repaskin Fluid Invisible SPF 50 \u2013 ochrona przeciws\u0142oneczna","isPartOf":{"@id":"https:\/\/kinamihealth.com\/#website"},"primaryImageOfPage":{"@id":"https:\/\/kinamihealth.com\/pl\/produkt\/sesderma-repaskin-invisible-fluid-spf50\/#primaryimage"},"image":{"@id":"https:\/\/kinamihealth.com\/pl\/produkt\/sesderma-repaskin-invisible-fluid-spf50\/#primaryimage"},"thumbnailUrl":"https:\/\/kinamihealth.com\/wp-content\/uploads\/2025\/02\/SESDERMA-REPASKIN-INVISIBLE-FLUID-SPF50-01.jpg","datePublished":"2025-02-15T16:57:01+00:00","dateModified":"2025-12-14T19:30:23+00:00","description":"Kup Repaskin Fluid Invisible SPF 50 i zyskaj szerokospektraln\u0105 ochron\u0119 przed s\u0142o\u0144cem. Zapobiegaj uszkodzeniom s\u0142onecznym i redukuj oznaki starzenia. Zam\u00f3w w Kinami Health!","breadcrumb":{"@id":"https:\/\/kinamihealth.com\/pl\/produkt\/sesderma-repaskin-invisible-fluid-spf50\/#breadcrumb"},"inLanguage":"pl-PL","potentialAction":[{"@type":"ReadAction","target":["https:\/\/kinamihealth.com\/pl\/produkt\/sesderma-repaskin-invisible-fluid-spf50\/"]}]},{"@type":"ImageObject","inLanguage":"pl-PL","@id":"https:\/\/kinamihealth.com\/pl\/produkt\/sesderma-repaskin-invisible-fluid-spf50\/#primaryimage","url":"https:\/\/kinamihealth.com\/wp-content\/uploads\/2025\/02\/SESDERMA-REPASKIN-INVISIBLE-FLUID-SPF50-01.jpg","contentUrl":"https:\/\/kinamihealth.com\/wp-content\/uploads\/2025\/02\/SESDERMA-REPASKIN-INVISIBLE-FLUID-SPF50-01.jpg","width":800,"height":800},{"@type":"BreadcrumbList","@id":"https:\/\/kinamihealth.com\/pl\/produkt\/sesderma-repaskin-invisible-fluid-spf50\/#breadcrumb","itemListElement":[{"@type":"ListItem","position":1,"name":"Strona g\u0142\u00f3wna","item":"https:\/\/kinamihealth.com\/sr\/"},{"@type":"ListItem","position":2,"name":"Sklep","item":"https:\/\/kinamihealth.com\/pl\/?page_id=128280"},{"@type":"ListItem","position":3,"name":"SESDERMA\u00ae REPASKIN INVISIBLE FLUID SPF50+"}]},{"@type":"WebSite","@id":"https:\/\/kinamihealth.com\/#website","url":"https:\/\/kinamihealth.com\/","name":"Kinami Health","description":"","publisher":{"@id":"https:\/\/kinamihealth.com\/#organization"},"potentialAction":[{"@type":"SearchAction","target":{"@type":"EntryPoint","urlTemplate":"https:\/\/kinamihealth.com\/?s={search_term_string}"},"query-input":{"@type":"PropertyValueSpecification","valueRequired":true,"valueName":"search_term_string"}}],"inLanguage":"pl-PL"},{"@type":"Organization","@id":"https:\/\/kinamihealth.com\/#organization","name":"Kinami Health","url":"https:\/\/kinamihealth.com\/","logo":{"@type":"ImageObject","inLanguage":"pl-PL","@id":"https:\/\/kinamihealth.com\/#\/schema\/logo\/image\/","url":"https:\/\/kinamihealth.com\/wp-content\/uploads\/2025\/01\/KH_logo_black_2-1.png","contentUrl":"https:\/\/kinamihealth.com\/wp-content\/uploads\/2025\/01\/KH_logo_black_2-1.png","width":339,"height":34,"caption":"Kinami Health"},"image":{"@id":"https:\/\/kinamihealth.com\/#\/schema\/logo\/image\/"}}]}},"_links":{"self":[{"href":"https:\/\/kinamihealth.com\/pl\/wp-json\/wp\/v2\/product\/127076","targetHints":{"allow":["GET"]}}],"collection":[{"href":"https:\/\/kinamihealth.com\/pl\/wp-json\/wp\/v2\/product"}],"about":[{"href":"https:\/\/kinamihealth.com\/pl\/wp-json\/wp\/v2\/types\/product"}],"replies":[{"embeddable":true,"href":"https:\/\/kinamihealth.com\/pl\/wp-json\/wp\/v2\/comments?post=127076"}],"version-history":[{"count":0,"href":"https:\/\/kinamihealth.com\/pl\/wp-json\/wp\/v2\/product\/127076\/revisions"}],"wp:featuredmedia":[{"embeddable":true,"href":"https:\/\/kinamihealth.com\/pl\/wp-json\/wp\/v2\/media\/127077"}],"wp:attachment":[{"href":"https:\/\/kinamihealth.com\/pl\/wp-json\/wp\/v2\/media?parent=127076"}],"wp:term":[{"taxonomy":"product_brand","embeddable":true,"href":"https:\/\/kinamihealth.com\/pl\/wp-json\/wp\/v2\/product_brand?post=127076"},{"taxonomy":"product_cat","embeddable":true,"href":"https:\/\/kinamihealth.com\/pl\/wp-json\/wp\/v2\/product_cat?post=127076"},{"taxonomy":"product_tag","embeddable":true,"href":"https:\/\/kinamihealth.com\/pl\/wp-json\/wp\/v2\/product_tag?post=127076"}],"curies":[{"name":"wp","href":"https:\/\/api.w.org\/{rel}","templated":true}]}}