{"id":127068,"date":"2025-02-15T16:54:24","date_gmt":"2025-02-15T16:54:24","guid":{"rendered":"https:\/\/kinamihealth.com\/product\/sesderma-c-vit-mist\/"},"modified":"2025-12-14T14:37:08","modified_gmt":"2025-12-14T14:37:08","slug":"sesderma-c-vit-mist","status":"publish","type":"product","link":"https:\/\/kinamihealth.com\/pl\/produkt\/sesderma-c-vit-mist\/","title":{"rendered":"SESDERMA\u00ae C-VIT MIST"},"content":{"rendered":"<p><b>C-VIT MIST<\/b><span style=\"font-weight: 400;\"> to <\/span><b>kosmetyk nawil\u017caj\u0105cy <\/b><span style=\"font-weight: 400;\">o <\/span><b>w\u0142a\u015bciwo\u015bciach przeciwutleniaj\u0105cych<\/b><span style=\"font-weight: 400;\">, kt\u00f3ry <\/span><b>rozja\u015bnia <\/b><span style=\"font-weight: 400;\">i <\/span><b>rewitalizuje sk\u00f3r\u0119<\/b><span style=\"font-weight: 400;\">, gdy potrzebujesz ponownie poczu\u0107 si\u0119 <\/span><b>\u015bwie\u017co <\/b><span style=\"font-weight: 400;\">i <\/span><b>nawil\u017cona<\/b><span style=\"font-weight: 400;\">. Zastosuj ten <\/span><b>przeno\u015bny booster do sk\u00f3ry<\/b><span style=\"font-weight: 400;\"> na <\/span><b>czyst\u0105 sk\u00f3r\u0119 <\/b><span style=\"font-weight: 400;\">lub na <\/span><b>makija\u017c<\/b><span style=\"font-weight: 400;\"> jako <\/span><b>utrwalacz<\/b><span style=\"font-weight: 400;\">. Zawsze nale\u017cy go mie\u0107 przy sobie i stosowa\u0107 <\/span><b>kilka razy dziennie<\/b><span style=\"font-weight: 400;\">, <\/span><b>ka\u017cdego dnia<\/b><span style=\"font-weight: 400;\">.<\/span><\/p>\n","protected":false},"excerpt":{"rendered":"<p>C-VIT MIST to kosmetyk nawil\u017caj\u0105cy o w\u0142a\u015bciwo\u015bciach przeciwutleniaj\u0105cych, kt\u00f3ry rozja\u015bnia i rewitalizuje sk\u00f3r\u0119, gdy potrzebujesz ponownie poczu\u0107 si\u0119 \u015bwie\u017co i nawil\u017cona. Zastosuj ten przeno\u015bny booster do sk\u00f3ry na czyst\u0105 sk\u00f3r\u0119 lub na makija\u017c jako utrwalacz. Zawsze nale\u017cy go mie\u0107 przy sobie i stosowa\u0107 kilka razy dziennie, ka\u017cdego dnia.<\/p>\n","protected":false},"featured_media":127069,"comment_status":"closed","ping_status":"closed","template":"","meta":{"_acf_changed":false,"inline_featured_image":false},"product_brand":[2954],"product_cat":[4995],"product_tag":[4176],"class_list":{"0":"post-127068","1":"product","2":"type-product","3":"status-publish","4":"has-post-thumbnail","6":"product_brand-sesderma","7":"product_cat-skincare-pl","8":"product_tag-medical-devices-pl","10":"first","11":"instock","12":"taxable","13":"shipping-taxable","14":"purchasable","15":"product-type-simple","16":"add-to-wishlist-before_image"},"acf":[],"yoast_head":"<!-- This site is optimized with the Yoast SEO plugin v27.1.1 - https:\/\/yoast.com\/product\/yoast-seo-wordpress\/ -->\n<title>Kup C-VIT MIST Online \u2013 Przeno\u015bny Zabieg Dla Sk\u00f3ry<\/title>\n<meta name=\"description\" content=\"Kup C-VIT MIST Online i koryguj zmarszczki oraz drobne linie, jednocze\u015bnie od\u015bwie\u017caj\u0105c, nawil\u017caj\u0105c i roz\u015bwietlaj\u0105c sk\u00f3r\u0119 zawsze, gdy tego potrzebujesz.\" \/>\n<meta name=\"robots\" content=\"index, follow, max-snippet:-1, max-image-preview:large, max-video-preview:-1\" \/>\n<link rel=\"canonical\" href=\"https:\/\/kinamihealth.com\/pl\/wp-json\/wp\/v2\/product\/127068\" \/>\n<meta property=\"og:locale\" content=\"pl_PL\" \/>\n<meta property=\"og:type\" content=\"article\" \/>\n<meta property=\"og:title\" content=\"Kup C-VIT MIST Online \u2013 Przeno\u015bny Zabieg Dla Sk\u00f3ry\" \/>\n<meta property=\"og:description\" content=\"Kup C-VIT MIST Online i koryguj zmarszczki oraz drobne linie, jednocze\u015bnie od\u015bwie\u017caj\u0105c, nawil\u017caj\u0105c i roz\u015bwietlaj\u0105c sk\u00f3r\u0119 zawsze, gdy tego potrzebujesz.\" \/>\n<meta property=\"og:url\" content=\"https:\/\/kinamihealth.com\/pl\/produkt\/sesderma-c-vit-mist\/\" \/>\n<meta property=\"og:site_name\" content=\"Kinami Health\" \/>\n<meta property=\"article:modified_time\" content=\"2025-12-14T14:37:08+00:00\" \/>\n<meta property=\"og:image\" content=\"https:\/\/kinamihealth.com\/wp-content\/uploads\/2025\/02\/SESDERMA-C-VIT-MIST-01.jpg\" \/>\n\t<meta property=\"og:image:width\" content=\"800\" \/>\n\t<meta property=\"og:image:height\" content=\"800\" \/>\n\t<meta property=\"og:image:type\" content=\"image\/jpeg\" \/>\n<meta name=\"twitter:card\" content=\"summary_large_image\" \/>\n<meta name=\"twitter:label1\" content=\"Szacowany czas czytania\" \/>\n\t<meta name=\"twitter:data1\" content=\"1 minuta\" \/>\n<!-- \/ Yoast SEO plugin. -->","yoast_head_json":{"title":"Kup C-VIT MIST Online \u2013 Przeno\u015bny Zabieg Dla Sk\u00f3ry","description":"Kup C-VIT MIST Online i koryguj zmarszczki oraz drobne linie, jednocze\u015bnie od\u015bwie\u017caj\u0105c, nawil\u017caj\u0105c i roz\u015bwietlaj\u0105c sk\u00f3r\u0119 zawsze, gdy tego potrzebujesz.","robots":{"index":"index","follow":"follow","max-snippet":"max-snippet:-1","max-image-preview":"max-image-preview:large","max-video-preview":"max-video-preview:-1"},"canonical":"https:\/\/kinamihealth.com\/pl\/wp-json\/wp\/v2\/product\/127068","og_locale":"pl_PL","og_type":"article","og_title":"Kup C-VIT MIST Online \u2013 Przeno\u015bny Zabieg Dla Sk\u00f3ry","og_description":"Kup C-VIT MIST Online i koryguj zmarszczki oraz drobne linie, jednocze\u015bnie od\u015bwie\u017caj\u0105c, nawil\u017caj\u0105c i roz\u015bwietlaj\u0105c sk\u00f3r\u0119 zawsze, gdy tego potrzebujesz.","og_url":"https:\/\/kinamihealth.com\/pl\/produkt\/sesderma-c-vit-mist\/","og_site_name":"Kinami Health","article_modified_time":"2025-12-14T14:37:08+00:00","og_image":[{"width":800,"height":800,"url":"https:\/\/kinamihealth.com\/wp-content\/uploads\/2025\/02\/SESDERMA-C-VIT-MIST-01.jpg","type":"image\/jpeg"}],"twitter_card":"summary_large_image","twitter_misc":{"Szacowany czas czytania":"1 minuta"},"schema":{"@context":"https:\/\/schema.org","@graph":[{"@type":"WebPage","@id":"https:\/\/kinamihealth.com\/pl\/produkt\/sesderma-c-vit-mist\/","url":"https:\/\/kinamihealth.com\/pl\/produkt\/sesderma-c-vit-mist\/","name":"Kup C-VIT MIST Online \u2013 Przeno\u015bny Zabieg Dla Sk\u00f3ry","isPartOf":{"@id":"https:\/\/kinamihealth.com\/#website"},"primaryImageOfPage":{"@id":"https:\/\/kinamihealth.com\/pl\/produkt\/sesderma-c-vit-mist\/#primaryimage"},"image":{"@id":"https:\/\/kinamihealth.com\/pl\/produkt\/sesderma-c-vit-mist\/#primaryimage"},"thumbnailUrl":"https:\/\/kinamihealth.com\/wp-content\/uploads\/2025\/02\/SESDERMA-C-VIT-MIST-01.jpg","datePublished":"2025-02-15T16:54:24+00:00","dateModified":"2025-12-14T14:37:08+00:00","description":"Kup C-VIT MIST Online i koryguj zmarszczki oraz drobne linie, jednocze\u015bnie od\u015bwie\u017caj\u0105c, nawil\u017caj\u0105c i roz\u015bwietlaj\u0105c sk\u00f3r\u0119 zawsze, gdy tego potrzebujesz.","breadcrumb":{"@id":"https:\/\/kinamihealth.com\/pl\/produkt\/sesderma-c-vit-mist\/#breadcrumb"},"inLanguage":"pl-PL","potentialAction":[{"@type":"ReadAction","target":["https:\/\/kinamihealth.com\/pl\/produkt\/sesderma-c-vit-mist\/"]}]},{"@type":"ImageObject","inLanguage":"pl-PL","@id":"https:\/\/kinamihealth.com\/pl\/produkt\/sesderma-c-vit-mist\/#primaryimage","url":"https:\/\/kinamihealth.com\/wp-content\/uploads\/2025\/02\/SESDERMA-C-VIT-MIST-01.jpg","contentUrl":"https:\/\/kinamihealth.com\/wp-content\/uploads\/2025\/02\/SESDERMA-C-VIT-MIST-01.jpg","width":800,"height":800},{"@type":"BreadcrumbList","@id":"https:\/\/kinamihealth.com\/pl\/produkt\/sesderma-c-vit-mist\/#breadcrumb","itemListElement":[{"@type":"ListItem","position":1,"name":"Strona g\u0142\u00f3wna","item":"https:\/\/kinamihealth.com\/sr\/"},{"@type":"ListItem","position":2,"name":"Sklep","item":"https:\/\/kinamihealth.com\/pl\/?page_id=128280"},{"@type":"ListItem","position":3,"name":"SESDERMA\u00ae C-VIT MIST"}]},{"@type":"WebSite","@id":"https:\/\/kinamihealth.com\/#website","url":"https:\/\/kinamihealth.com\/","name":"Kinami Health","description":"","publisher":{"@id":"https:\/\/kinamihealth.com\/#organization"},"potentialAction":[{"@type":"SearchAction","target":{"@type":"EntryPoint","urlTemplate":"https:\/\/kinamihealth.com\/?s={search_term_string}"},"query-input":{"@type":"PropertyValueSpecification","valueRequired":true,"valueName":"search_term_string"}}],"inLanguage":"pl-PL"},{"@type":"Organization","@id":"https:\/\/kinamihealth.com\/#organization","name":"Kinami Health","url":"https:\/\/kinamihealth.com\/","logo":{"@type":"ImageObject","inLanguage":"pl-PL","@id":"https:\/\/kinamihealth.com\/#\/schema\/logo\/image\/","url":"https:\/\/kinamihealth.com\/wp-content\/uploads\/2025\/01\/KH_logo_black_2-1.png","contentUrl":"https:\/\/kinamihealth.com\/wp-content\/uploads\/2025\/01\/KH_logo_black_2-1.png","width":339,"height":34,"caption":"Kinami Health"},"image":{"@id":"https:\/\/kinamihealth.com\/#\/schema\/logo\/image\/"}}]}},"_links":{"self":[{"href":"https:\/\/kinamihealth.com\/pl\/wp-json\/wp\/v2\/product\/127068","targetHints":{"allow":["GET"]}}],"collection":[{"href":"https:\/\/kinamihealth.com\/pl\/wp-json\/wp\/v2\/product"}],"about":[{"href":"https:\/\/kinamihealth.com\/pl\/wp-json\/wp\/v2\/types\/product"}],"replies":[{"embeddable":true,"href":"https:\/\/kinamihealth.com\/pl\/wp-json\/wp\/v2\/comments?post=127068"}],"version-history":[{"count":0,"href":"https:\/\/kinamihealth.com\/pl\/wp-json\/wp\/v2\/product\/127068\/revisions"}],"wp:featuredmedia":[{"embeddable":true,"href":"https:\/\/kinamihealth.com\/pl\/wp-json\/wp\/v2\/media\/127069"}],"wp:attachment":[{"href":"https:\/\/kinamihealth.com\/pl\/wp-json\/wp\/v2\/media?parent=127068"}],"wp:term":[{"taxonomy":"product_brand","embeddable":true,"href":"https:\/\/kinamihealth.com\/pl\/wp-json\/wp\/v2\/product_brand?post=127068"},{"taxonomy":"product_cat","embeddable":true,"href":"https:\/\/kinamihealth.com\/pl\/wp-json\/wp\/v2\/product_cat?post=127068"},{"taxonomy":"product_tag","embeddable":true,"href":"https:\/\/kinamihealth.com\/pl\/wp-json\/wp\/v2\/product_tag?post=127068"}],"curies":[{"name":"wp","href":"https:\/\/api.w.org\/{rel}","templated":true}]}}