{"id":127061,"date":"2025-02-15T16:57:50","date_gmt":"2025-02-15T16:57:50","guid":{"rendered":"https:\/\/kinamihealth.com\/product\/silhouette-soft-8-cones\/"},"modified":"2025-12-14T20:06:30","modified_gmt":"2025-12-14T20:06:30","slug":"silhouette-soft-8-cones","status":"publish","type":"product","link":"https:\/\/kinamihealth.com\/pl\/produkt\/silhouette-soft-8-cones\/","title":{"rendered":"SILHOUETTE SOFT\u00ae 8 CONES"},"content":{"rendered":"<p><span style=\"font-weight: 400;\">Silhouette Soft 8 Cones to <\/span><b>niechirurgiczne urz\u0105dzenie do liftingu niciami<\/b><span style=\"font-weight: 400;\">, zaprojektowane w celu przywr\u00f3cenia kontur\u00f3w twarzy i odm\u0142odzenia starzej\u0105cej si\u0119 sk\u00f3ry. To innowacyjne rozwi\u0105zanie, sk\u0142adaj\u0105ce si\u0119 z <\/span><b>biodegradowalnego kwasu polimlekowego (PLLA) i kwasu polimlekowo-glikolowego (PLGA)<\/b><span style=\"font-weight: 400;\">, zapewnia <\/span><b>natychmiastowy efekt liftingu<\/b><span style=\"font-weight: 400;\">, jednocze\u015bnie stymuluj\u0105c produkcj\u0119 kolagenu, co zapewnia d\u0142ugotrwa\u0142\u0105 popraw\u0119 stanu sk\u00f3ry.<\/span><\/p>\n","protected":false},"excerpt":{"rendered":"<p>Silhouette Soft 8 Cones to niechirurgiczne urz\u0105dzenie do liftingu niciami, zaprojektowane w celu przywr\u00f3cenia kontur\u00f3w twarzy i odm\u0142odzenia starzej\u0105cej si\u0119 sk\u00f3ry. To innowacyjne rozwi\u0105zanie, sk\u0142adaj\u0105ce si\u0119 z biodegradowalnego kwasu polimlekowego (PLLA) i kwasu polimlekowo-glikolowego (PLGA), zapewnia natychmiastowy efekt liftingu, jednocze\u015bnie stymuluj\u0105c produkcj\u0119 kolagenu, co zapewnia d\u0142ugotrwa\u0142\u0105 popraw\u0119 stanu sk\u00f3ry.<\/p>\n","protected":false},"featured_media":127065,"comment_status":"closed","ping_status":"closed","template":"","meta":{"_acf_changed":false,"inline_featured_image":false},"product_brand":[2955],"product_cat":[4647,5373],"product_tag":[4176],"class_list":{"0":"post-127061","1":"product","2":"type-product","3":"status-publish","4":"has-post-thumbnail","6":"product_brand-silhouette-soft","7":"product_cat-threads-pl","8":"product_cat-pla-threads-pl","9":"product_tag-medical-devices-pl","11":"first","12":"instock","13":"taxable","14":"shipping-taxable","15":"purchasable","16":"product-type-simple","17":"add-to-wishlist-before_image"},"acf":[],"yoast_head":"<!-- This site is optimized with the Yoast SEO plugin v27.1.1 - https:\/\/yoast.com\/product\/yoast-seo-wordpress\/ -->\n<title>Kup Silhouette Soft 8 Cones online \u2013 nici liftinguj\u0105ce klasy medycznej<\/title>\n<meta name=\"description\" content=\"Kup Silhouette Soft 8 Cones online do profesjonalnego niechirurgicznego liftingu twarzy. Uzyskaj naturalne odm\u0142odzenie sk\u00f3ry dzi\u0119ki ni\u0107om stymuluj\u0105cym produkcj\u0119 kolagenu. Zam\u00f3w teraz.\" \/>\n<meta name=\"robots\" content=\"index, follow, max-snippet:-1, max-image-preview:large, max-video-preview:-1\" \/>\n<link rel=\"canonical\" href=\"https:\/\/kinamihealth.com\/pl\/wp-json\/wp\/v2\/product\/127061\" \/>\n<meta property=\"og:locale\" content=\"pl_PL\" \/>\n<meta property=\"og:type\" content=\"article\" \/>\n<meta property=\"og:title\" content=\"Kup Silhouette Soft 8 Cones online \u2013 nici liftinguj\u0105ce klasy medycznej\" \/>\n<meta property=\"og:description\" content=\"Kup Silhouette Soft 8 Cones online do profesjonalnego niechirurgicznego liftingu twarzy. Uzyskaj naturalne odm\u0142odzenie sk\u00f3ry dzi\u0119ki ni\u0107om stymuluj\u0105cym produkcj\u0119 kolagenu. Zam\u00f3w teraz.\" \/>\n<meta property=\"og:url\" content=\"https:\/\/kinamihealth.com\/pl\/produkt\/silhouette-soft-8-cones\/\" \/>\n<meta property=\"og:site_name\" content=\"Kinami Health\" \/>\n<meta property=\"article:modified_time\" content=\"2025-12-14T20:06:30+00:00\" \/>\n<meta property=\"og:image\" content=\"https:\/\/kinamihealth.com\/wp-content\/uploads\/2025\/02\/SILHOUETTE-SOFT-8CONES-04.jpg\" \/>\n\t<meta property=\"og:image:width\" content=\"800\" \/>\n\t<meta property=\"og:image:height\" content=\"800\" \/>\n\t<meta property=\"og:image:type\" content=\"image\/jpeg\" \/>\n<meta name=\"twitter:card\" content=\"summary_large_image\" \/>\n<meta name=\"twitter:label1\" content=\"Szacowany czas czytania\" \/>\n\t<meta name=\"twitter:data1\" content=\"1 minuta\" \/>\n<!-- \/ Yoast SEO plugin. -->","yoast_head_json":{"title":"Kup Silhouette Soft 8 Cones online \u2013 nici liftinguj\u0105ce klasy medycznej","description":"Kup Silhouette Soft 8 Cones online do profesjonalnego niechirurgicznego liftingu twarzy. Uzyskaj naturalne odm\u0142odzenie sk\u00f3ry dzi\u0119ki ni\u0107om stymuluj\u0105cym produkcj\u0119 kolagenu. Zam\u00f3w teraz.","robots":{"index":"index","follow":"follow","max-snippet":"max-snippet:-1","max-image-preview":"max-image-preview:large","max-video-preview":"max-video-preview:-1"},"canonical":"https:\/\/kinamihealth.com\/pl\/wp-json\/wp\/v2\/product\/127061","og_locale":"pl_PL","og_type":"article","og_title":"Kup Silhouette Soft 8 Cones online \u2013 nici liftinguj\u0105ce klasy medycznej","og_description":"Kup Silhouette Soft 8 Cones online do profesjonalnego niechirurgicznego liftingu twarzy. Uzyskaj naturalne odm\u0142odzenie sk\u00f3ry dzi\u0119ki ni\u0107om stymuluj\u0105cym produkcj\u0119 kolagenu. Zam\u00f3w teraz.","og_url":"https:\/\/kinamihealth.com\/pl\/produkt\/silhouette-soft-8-cones\/","og_site_name":"Kinami Health","article_modified_time":"2025-12-14T20:06:30+00:00","og_image":[{"width":800,"height":800,"url":"https:\/\/kinamihealth.com\/wp-content\/uploads\/2025\/02\/SILHOUETTE-SOFT-8CONES-04.jpg","type":"image\/jpeg"}],"twitter_card":"summary_large_image","twitter_misc":{"Szacowany czas czytania":"1 minuta"},"schema":{"@context":"https:\/\/schema.org","@graph":[{"@type":"WebPage","@id":"https:\/\/kinamihealth.com\/pl\/produkt\/silhouette-soft-8-cones\/","url":"https:\/\/kinamihealth.com\/pl\/produkt\/silhouette-soft-8-cones\/","name":"Kup Silhouette Soft 8 Cones online \u2013 nici liftinguj\u0105ce klasy medycznej","isPartOf":{"@id":"https:\/\/kinamihealth.com\/#website"},"primaryImageOfPage":{"@id":"https:\/\/kinamihealth.com\/pl\/produkt\/silhouette-soft-8-cones\/#primaryimage"},"image":{"@id":"https:\/\/kinamihealth.com\/pl\/produkt\/silhouette-soft-8-cones\/#primaryimage"},"thumbnailUrl":"https:\/\/kinamihealth.com\/wp-content\/uploads\/2025\/02\/SILHOUETTE-SOFT-8CONES-04.jpg","datePublished":"2025-02-15T16:57:50+00:00","dateModified":"2025-12-14T20:06:30+00:00","description":"Kup Silhouette Soft 8 Cones online do profesjonalnego niechirurgicznego liftingu twarzy. Uzyskaj naturalne odm\u0142odzenie sk\u00f3ry dzi\u0119ki ni\u0107om stymuluj\u0105cym produkcj\u0119 kolagenu. Zam\u00f3w teraz.","breadcrumb":{"@id":"https:\/\/kinamihealth.com\/pl\/produkt\/silhouette-soft-8-cones\/#breadcrumb"},"inLanguage":"pl-PL","potentialAction":[{"@type":"ReadAction","target":["https:\/\/kinamihealth.com\/pl\/produkt\/silhouette-soft-8-cones\/"]}]},{"@type":"ImageObject","inLanguage":"pl-PL","@id":"https:\/\/kinamihealth.com\/pl\/produkt\/silhouette-soft-8-cones\/#primaryimage","url":"https:\/\/kinamihealth.com\/wp-content\/uploads\/2025\/02\/SILHOUETTE-SOFT-8CONES-04.jpg","contentUrl":"https:\/\/kinamihealth.com\/wp-content\/uploads\/2025\/02\/SILHOUETTE-SOFT-8CONES-04.jpg","width":800,"height":800},{"@type":"BreadcrumbList","@id":"https:\/\/kinamihealth.com\/pl\/produkt\/silhouette-soft-8-cones\/#breadcrumb","itemListElement":[{"@type":"ListItem","position":1,"name":"Strona g\u0142\u00f3wna","item":"https:\/\/kinamihealth.com\/sr\/"},{"@type":"ListItem","position":2,"name":"Sklep","item":"https:\/\/kinamihealth.com\/pl\/?page_id=128280"},{"@type":"ListItem","position":3,"name":"SILHOUETTE SOFT\u00ae 8 CONES"}]},{"@type":"WebSite","@id":"https:\/\/kinamihealth.com\/#website","url":"https:\/\/kinamihealth.com\/","name":"Kinami Health","description":"","publisher":{"@id":"https:\/\/kinamihealth.com\/#organization"},"potentialAction":[{"@type":"SearchAction","target":{"@type":"EntryPoint","urlTemplate":"https:\/\/kinamihealth.com\/?s={search_term_string}"},"query-input":{"@type":"PropertyValueSpecification","valueRequired":true,"valueName":"search_term_string"}}],"inLanguage":"pl-PL"},{"@type":"Organization","@id":"https:\/\/kinamihealth.com\/#organization","name":"Kinami Health","url":"https:\/\/kinamihealth.com\/","logo":{"@type":"ImageObject","inLanguage":"pl-PL","@id":"https:\/\/kinamihealth.com\/#\/schema\/logo\/image\/","url":"https:\/\/kinamihealth.com\/wp-content\/uploads\/2025\/01\/KH_logo_black_2-1.png","contentUrl":"https:\/\/kinamihealth.com\/wp-content\/uploads\/2025\/01\/KH_logo_black_2-1.png","width":339,"height":34,"caption":"Kinami Health"},"image":{"@id":"https:\/\/kinamihealth.com\/#\/schema\/logo\/image\/"}}]}},"_links":{"self":[{"href":"https:\/\/kinamihealth.com\/pl\/wp-json\/wp\/v2\/product\/127061","targetHints":{"allow":["GET"]}}],"collection":[{"href":"https:\/\/kinamihealth.com\/pl\/wp-json\/wp\/v2\/product"}],"about":[{"href":"https:\/\/kinamihealth.com\/pl\/wp-json\/wp\/v2\/types\/product"}],"replies":[{"embeddable":true,"href":"https:\/\/kinamihealth.com\/pl\/wp-json\/wp\/v2\/comments?post=127061"}],"version-history":[{"count":0,"href":"https:\/\/kinamihealth.com\/pl\/wp-json\/wp\/v2\/product\/127061\/revisions"}],"wp:featuredmedia":[{"embeddable":true,"href":"https:\/\/kinamihealth.com\/pl\/wp-json\/wp\/v2\/media\/127065"}],"wp:attachment":[{"href":"https:\/\/kinamihealth.com\/pl\/wp-json\/wp\/v2\/media?parent=127061"}],"wp:term":[{"taxonomy":"product_brand","embeddable":true,"href":"https:\/\/kinamihealth.com\/pl\/wp-json\/wp\/v2\/product_brand?post=127061"},{"taxonomy":"product_cat","embeddable":true,"href":"https:\/\/kinamihealth.com\/pl\/wp-json\/wp\/v2\/product_cat?post=127061"},{"taxonomy":"product_tag","embeddable":true,"href":"https:\/\/kinamihealth.com\/pl\/wp-json\/wp\/v2\/product_tag?post=127061"}],"curies":[{"name":"wp","href":"https:\/\/api.w.org\/{rel}","templated":true}]}}