{"id":127045,"date":"2025-02-15T16:57:52","date_gmt":"2025-02-15T16:57:52","guid":{"rendered":"https:\/\/kinamihealth.com\/product\/softfil-precision-micro-cannula-25g-40mm\/"},"modified":"2025-12-16T02:02:42","modified_gmt":"2025-12-16T02:02:42","slug":"softfil-precision-micro-cannula-25g-40mm","status":"publish","type":"product","link":"https:\/\/kinamihealth.com\/pl\/produkt\/softfil-precision-micro-cannula-25g-40mm\/","title":{"rendered":"SOFTFIL\u00ae PRECISION Micro-Cannula 25G\/40mm"},"content":{"rendered":"<p><span style=\"font-weight: 400;\">Specjali\u015bci medyczni poszukuj\u0105cy <\/span><b>wysokiej jako\u015bci mikrokaniul<\/b><span style=\"font-weight: 400;\"> do zabieg\u00f3w estetycznych mog\u0105 teraz kupi\u0107 Softfil Precision Micro-Cannula 25G\/40mm w <\/span><b>sklepie Kinami Health<\/b><span style=\"font-weight: 400;\">. Zaprojektowana z my\u015bl\u0105 o <\/span><b>precyzji i bezpiecze\u0144stwie<\/b><span style=\"font-weight: 400;\">, ta mikrokaniulka pozwala na p\u0142ynne i kontrolowane wykonywanie zastrzyk\u00f3w przy <\/span><b>minimalnym urazie sk\u00f3ry<\/b><span style=\"font-weight: 400;\">. Zaprojektowana z my\u015bl\u0105 o <\/span><b>optymalnej elastyczno\u015bci i dok\u0142adno\u015bci<\/b><span style=\"font-weight: 400;\">, jest idealnym wyborem dla profesjonalist\u00f3w d\u0105\u017c\u0105cych do osi\u0105gni\u0119cia <\/span><b>naturalnych i wyrafinowanych rezultat\u00f3w<\/b><span style=\"font-weight: 400;\"> w niechirurgicznych zabiegach estetycznych.<\/span><\/p>\n","protected":false},"excerpt":{"rendered":"<p>Specjali\u015bci medyczni poszukuj\u0105cy wysokiej jako\u015bci mikrokaniul do zabieg\u00f3w estetycznych mog\u0105 teraz kupi\u0107 Softfil Precision Micro-Cannula 25G\/40mm w sklepie Kinami Health. Zaprojektowana z my\u015bl\u0105 o precyzji i bezpiecze\u0144stwie, ta mikrokaniulka pozwala na p\u0142ynne i kontrolowane wykonywanie zastrzyk\u00f3w przy minimalnym urazie sk\u00f3ry. Zaprojektowana z my\u015bl\u0105 o optymalnej elastyczno\u015bci i dok\u0142adno\u015bci, jest idealnym wyborem dla profesjonalist\u00f3w d\u0105\u017c\u0105cych do [&hellip;]<\/p>\n","protected":false},"featured_media":127046,"comment_status":"closed","ping_status":"closed","template":"","meta":{"_acf_changed":false,"inline_featured_image":false},"product_brand":[2956],"product_cat":[4896],"product_tag":[4176],"class_list":{"0":"post-127045","1":"product","2":"type-product","3":"status-publish","4":"has-post-thumbnail","6":"product_brand-softfil","7":"product_cat-cannulas-and-needles-pl","8":"product_tag-medical-devices-pl","10":"first","11":"instock","12":"taxable","13":"shipping-taxable","14":"purchasable","15":"product-type-simple","16":"add-to-wishlist-before_image"},"acf":[],"yoast_head":"<!-- This site is optimized with the Yoast SEO plugin v27.1.1 - https:\/\/yoast.com\/product\/yoast-seo-wordpress\/ -->\n<title>Kup Softfil Precision Micro-Cannula 25G\/40mm Online w Kinami Health<\/title>\n<meta name=\"description\" content=\"Kup Softfil Precision Micro-Cannula 25G\/40mm online dla bezpiecznych i precyzyjnych wstrzykni\u0119\u0107 wype\u0142niaczy dermalnych. Zam\u00f3w teraz w sklepie internetowym Kinami Health!\" \/>\n<meta name=\"robots\" content=\"index, follow, max-snippet:-1, max-image-preview:large, max-video-preview:-1\" \/>\n<link rel=\"canonical\" href=\"https:\/\/kinamihealth.com\/pl\/wp-json\/wp\/v2\/product\/127045\" \/>\n<meta property=\"og:locale\" content=\"pl_PL\" \/>\n<meta property=\"og:type\" content=\"article\" \/>\n<meta property=\"og:title\" content=\"Kup Softfil Precision Micro-Cannula 25G\/40mm Online w Kinami Health\" \/>\n<meta property=\"og:description\" content=\"Kup Softfil Precision Micro-Cannula 25G\/40mm online dla bezpiecznych i precyzyjnych wstrzykni\u0119\u0107 wype\u0142niaczy dermalnych. Zam\u00f3w teraz w sklepie internetowym Kinami Health!\" \/>\n<meta property=\"og:url\" content=\"https:\/\/kinamihealth.com\/pl\/produkt\/softfil-precision-micro-cannula-25g-40mm\/\" \/>\n<meta property=\"og:site_name\" content=\"Kinami Health\" \/>\n<meta property=\"article:modified_time\" content=\"2025-12-16T02:02:42+00:00\" \/>\n<meta property=\"og:image\" content=\"https:\/\/kinamihealth.com\/wp-content\/uploads\/2025\/02\/SOFTFILL-CANNULA-25G40MMXL-01.jpg\" \/>\n\t<meta property=\"og:image:width\" content=\"800\" \/>\n\t<meta property=\"og:image:height\" content=\"800\" \/>\n\t<meta property=\"og:image:type\" content=\"image\/jpeg\" \/>\n<meta name=\"twitter:card\" content=\"summary_large_image\" \/>\n<meta name=\"twitter:label1\" content=\"Szacowany czas czytania\" \/>\n\t<meta name=\"twitter:data1\" content=\"1 minuta\" \/>\n<!-- \/ Yoast SEO plugin. -->","yoast_head_json":{"title":"Kup Softfil Precision Micro-Cannula 25G\/40mm Online w Kinami Health","description":"Kup Softfil Precision Micro-Cannula 25G\/40mm online dla bezpiecznych i precyzyjnych wstrzykni\u0119\u0107 wype\u0142niaczy dermalnych. Zam\u00f3w teraz w sklepie internetowym Kinami Health!","robots":{"index":"index","follow":"follow","max-snippet":"max-snippet:-1","max-image-preview":"max-image-preview:large","max-video-preview":"max-video-preview:-1"},"canonical":"https:\/\/kinamihealth.com\/pl\/wp-json\/wp\/v2\/product\/127045","og_locale":"pl_PL","og_type":"article","og_title":"Kup Softfil Precision Micro-Cannula 25G\/40mm Online w Kinami Health","og_description":"Kup Softfil Precision Micro-Cannula 25G\/40mm online dla bezpiecznych i precyzyjnych wstrzykni\u0119\u0107 wype\u0142niaczy dermalnych. Zam\u00f3w teraz w sklepie internetowym Kinami Health!","og_url":"https:\/\/kinamihealth.com\/pl\/produkt\/softfil-precision-micro-cannula-25g-40mm\/","og_site_name":"Kinami Health","article_modified_time":"2025-12-16T02:02:42+00:00","og_image":[{"width":800,"height":800,"url":"https:\/\/kinamihealth.com\/wp-content\/uploads\/2025\/02\/SOFTFILL-CANNULA-25G40MMXL-01.jpg","type":"image\/jpeg"}],"twitter_card":"summary_large_image","twitter_misc":{"Szacowany czas czytania":"1 minuta"},"schema":{"@context":"https:\/\/schema.org","@graph":[{"@type":"WebPage","@id":"https:\/\/kinamihealth.com\/pl\/produkt\/softfil-precision-micro-cannula-25g-40mm\/","url":"https:\/\/kinamihealth.com\/pl\/produkt\/softfil-precision-micro-cannula-25g-40mm\/","name":"Kup Softfil Precision Micro-Cannula 25G\/40mm Online w Kinami Health","isPartOf":{"@id":"https:\/\/kinamihealth.com\/#website"},"primaryImageOfPage":{"@id":"https:\/\/kinamihealth.com\/pl\/produkt\/softfil-precision-micro-cannula-25g-40mm\/#primaryimage"},"image":{"@id":"https:\/\/kinamihealth.com\/pl\/produkt\/softfil-precision-micro-cannula-25g-40mm\/#primaryimage"},"thumbnailUrl":"https:\/\/kinamihealth.com\/wp-content\/uploads\/2025\/02\/SOFTFILL-CANNULA-25G40MMXL-01.jpg","datePublished":"2025-02-15T16:57:52+00:00","dateModified":"2025-12-16T02:02:42+00:00","description":"Kup Softfil Precision Micro-Cannula 25G\/40mm online dla bezpiecznych i precyzyjnych wstrzykni\u0119\u0107 wype\u0142niaczy dermalnych. Zam\u00f3w teraz w sklepie internetowym Kinami Health!","breadcrumb":{"@id":"https:\/\/kinamihealth.com\/pl\/produkt\/softfil-precision-micro-cannula-25g-40mm\/#breadcrumb"},"inLanguage":"pl-PL","potentialAction":[{"@type":"ReadAction","target":["https:\/\/kinamihealth.com\/pl\/produkt\/softfil-precision-micro-cannula-25g-40mm\/"]}]},{"@type":"ImageObject","inLanguage":"pl-PL","@id":"https:\/\/kinamihealth.com\/pl\/produkt\/softfil-precision-micro-cannula-25g-40mm\/#primaryimage","url":"https:\/\/kinamihealth.com\/wp-content\/uploads\/2025\/02\/SOFTFILL-CANNULA-25G40MMXL-01.jpg","contentUrl":"https:\/\/kinamihealth.com\/wp-content\/uploads\/2025\/02\/SOFTFILL-CANNULA-25G40MMXL-01.jpg","width":800,"height":800},{"@type":"BreadcrumbList","@id":"https:\/\/kinamihealth.com\/pl\/produkt\/softfil-precision-micro-cannula-25g-40mm\/#breadcrumb","itemListElement":[{"@type":"ListItem","position":1,"name":"Strona g\u0142\u00f3wna","item":"https:\/\/kinamihealth.com\/sr\/"},{"@type":"ListItem","position":2,"name":"Sklep","item":"https:\/\/kinamihealth.com\/pl\/?page_id=128280"},{"@type":"ListItem","position":3,"name":"SOFTFIL\u00ae PRECISION Micro-Cannula 25G\/40mm"}]},{"@type":"WebSite","@id":"https:\/\/kinamihealth.com\/#website","url":"https:\/\/kinamihealth.com\/","name":"Kinami Health","description":"","publisher":{"@id":"https:\/\/kinamihealth.com\/#organization"},"potentialAction":[{"@type":"SearchAction","target":{"@type":"EntryPoint","urlTemplate":"https:\/\/kinamihealth.com\/?s={search_term_string}"},"query-input":{"@type":"PropertyValueSpecification","valueRequired":true,"valueName":"search_term_string"}}],"inLanguage":"pl-PL"},{"@type":"Organization","@id":"https:\/\/kinamihealth.com\/#organization","name":"Kinami Health","url":"https:\/\/kinamihealth.com\/","logo":{"@type":"ImageObject","inLanguage":"pl-PL","@id":"https:\/\/kinamihealth.com\/#\/schema\/logo\/image\/","url":"https:\/\/kinamihealth.com\/wp-content\/uploads\/2025\/01\/KH_logo_black_2-1.png","contentUrl":"https:\/\/kinamihealth.com\/wp-content\/uploads\/2025\/01\/KH_logo_black_2-1.png","width":339,"height":34,"caption":"Kinami Health"},"image":{"@id":"https:\/\/kinamihealth.com\/#\/schema\/logo\/image\/"}}]}},"_links":{"self":[{"href":"https:\/\/kinamihealth.com\/pl\/wp-json\/wp\/v2\/product\/127045","targetHints":{"allow":["GET"]}}],"collection":[{"href":"https:\/\/kinamihealth.com\/pl\/wp-json\/wp\/v2\/product"}],"about":[{"href":"https:\/\/kinamihealth.com\/pl\/wp-json\/wp\/v2\/types\/product"}],"replies":[{"embeddable":true,"href":"https:\/\/kinamihealth.com\/pl\/wp-json\/wp\/v2\/comments?post=127045"}],"version-history":[{"count":0,"href":"https:\/\/kinamihealth.com\/pl\/wp-json\/wp\/v2\/product\/127045\/revisions"}],"wp:featuredmedia":[{"embeddable":true,"href":"https:\/\/kinamihealth.com\/pl\/wp-json\/wp\/v2\/media\/127046"}],"wp:attachment":[{"href":"https:\/\/kinamihealth.com\/pl\/wp-json\/wp\/v2\/media?parent=127045"}],"wp:term":[{"taxonomy":"product_brand","embeddable":true,"href":"https:\/\/kinamihealth.com\/pl\/wp-json\/wp\/v2\/product_brand?post=127045"},{"taxonomy":"product_cat","embeddable":true,"href":"https:\/\/kinamihealth.com\/pl\/wp-json\/wp\/v2\/product_cat?post=127045"},{"taxonomy":"product_tag","embeddable":true,"href":"https:\/\/kinamihealth.com\/pl\/wp-json\/wp\/v2\/product_tag?post=127045"}],"curies":[{"name":"wp","href":"https:\/\/api.w.org\/{rel}","templated":true}]}}