{"id":126943,"date":"2025-02-15T16:56:39","date_gmt":"2025-02-15T16:56:39","guid":{"rendered":"https:\/\/kinamihealth.com\/product\/rainbow-pcla-screw-29g50-70mm\/"},"modified":"2025-12-11T15:31:00","modified_gmt":"2025-12-11T15:31:00","slug":"rainbow-pcla-screw-29g50-70mm","status":"publish","type":"product","link":"https:\/\/kinamihealth.com\/pl\/produkt\/rainbow-pcla-screw-29g50-70mm\/","title":{"rendered":"RAINBOW PCLA SCREW 29G50-70mm"},"content":{"rendered":"<p><b>Zam\u00f3w Rainbow PCLA Screw 29G50-70 mm<\/b><span style=\"font-weight: 400;\"> i odkryj zalety <\/span><b>zaawansowanej \u015bruby PDO<\/b><span style=\"font-weight: 400;\">, kt\u00f3ra zapewnia<\/span><b> estetyczny lifting, napi\u0119cie, zwi\u0119kszenie obj\u0119to\u015bci i g\u0142adsz\u0105 sk\u00f3r\u0119<\/b><span style=\"font-weight: 400;\">. Jako pracownik s\u0142u\u017cby zdrowia mo\u017cesz <\/span><b><i>kupi\u0107 produkty Rainbow<\/i><\/b><span style=\"font-weight: 400;\">, takie jak Rainbow PCLA Screw 29G50-70mm w <\/span><b>Kinami Health online <\/b><span style=\"font-weight: 400;\">i pom\u00f3c swoim pacjentom osi\u0105gn\u0105\u0107 <\/span><b>odm\u0142odzony i m\u0142odzie\u0144czy wygl\u0105d.<\/b><span style=\"font-weight: 400;\"> Produkt jest idealny dla os\u00f3b, kt\u00f3re poszukuj\u0105 <\/span><b>nieinwazyjnych zabieg\u00f3w kosmetycznych<\/b><span style=\"font-weight: 400;\"> o trwa\u0142ych efektach.<\/span><\/p>\n","protected":false},"excerpt":{"rendered":"<p>Zam\u00f3w Rainbow PCLA Screw 29G50-70 mm i odkryj zalety zaawansowanej \u015bruby PDO, kt\u00f3ra zapewnia estetyczny lifting, napi\u0119cie, zwi\u0119kszenie obj\u0119to\u015bci i g\u0142adsz\u0105 sk\u00f3r\u0119. Jako pracownik s\u0142u\u017cby zdrowia mo\u017cesz kupi\u0107 produkty Rainbow, takie jak Rainbow PCLA Screw 29G50-70mm w Kinami Health online i pom\u00f3c swoim pacjentom osi\u0105gn\u0105\u0107 odm\u0142odzony i m\u0142odzie\u0144czy wygl\u0105d. Produkt jest idealny dla os\u00f3b, kt\u00f3re [&hellip;]<\/p>\n","protected":false},"featured_media":126944,"comment_status":"closed","ping_status":"closed","template":"","meta":{"_acf_changed":false,"inline_featured_image":false},"product_brand":[2946],"product_cat":[4647,5360],"product_tag":[4176],"class_list":{"0":"post-126943","1":"product","2":"type-product","3":"status-publish","4":"has-post-thumbnail","6":"product_brand-rainbow","7":"product_cat-threads-pl","8":"product_cat-pcla-threads-pl","9":"product_tag-medical-devices-pl","11":"first","12":"instock","13":"taxable","14":"shipping-taxable","15":"purchasable","16":"product-type-simple","17":"add-to-wishlist-before_image"},"acf":[],"yoast_head":"<!-- This site is optimized with the Yoast SEO plugin v27.5 - https:\/\/yoast.com\/product\/yoast-seo-wordpress\/ -->\n<title>Kup Rainbow PCLA Screw 29G50-70mm online<\/title>\n<meta name=\"description\" content=\"Kup Rainbow PCLA Screw 29G50-70mm do liftingu i odm\u0142adzania sk\u00f3ry. Bezpieczne, skuteczne nici PDO dost\u0119pne w Kinami Health. Zam\u00f3w teraz!\" \/>\n<meta name=\"robots\" content=\"index, follow, max-snippet:-1, max-image-preview:large, max-video-preview:-1\" \/>\n<link rel=\"canonical\" href=\"https:\/\/kinamihealth.com\/pl\/wp-json\/wp\/v2\/product\/126943\" \/>\n<meta property=\"og:locale\" content=\"pl_PL\" \/>\n<meta property=\"og:type\" content=\"article\" \/>\n<meta property=\"og:title\" content=\"Kup Rainbow PCLA Screw 29G50-70mm online\" \/>\n<meta property=\"og:description\" content=\"Kup Rainbow PCLA Screw 29G50-70mm do liftingu i odm\u0142adzania sk\u00f3ry. Bezpieczne, skuteczne nici PDO dost\u0119pne w Kinami Health. Zam\u00f3w teraz!\" \/>\n<meta property=\"og:url\" content=\"https:\/\/kinamihealth.com\/pl\/produkt\/rainbow-pcla-screw-29g50-70mm\/\" \/>\n<meta property=\"og:site_name\" content=\"Kinami Health\" \/>\n<meta property=\"article:modified_time\" content=\"2025-12-11T15:31:00+00:00\" \/>\n<meta property=\"og:image\" content=\"https:\/\/kinamihealth.com\/wp-content\/uploads\/2025\/02\/RAINBOW-PCLA-SCREW-29G50_70MM-01.jpg\" \/>\n\t<meta property=\"og:image:width\" content=\"800\" \/>\n\t<meta property=\"og:image:height\" content=\"800\" \/>\n\t<meta property=\"og:image:type\" content=\"image\/jpeg\" \/>\n<meta name=\"twitter:card\" content=\"summary_large_image\" \/>\n<meta name=\"twitter:label1\" content=\"Szacowany czas czytania\" \/>\n\t<meta name=\"twitter:data1\" content=\"1 minuta\" \/>\n<!-- \/ Yoast SEO plugin. -->","yoast_head_json":{"title":"Kup Rainbow PCLA Screw 29G50-70mm online","description":"Kup Rainbow PCLA Screw 29G50-70mm do liftingu i odm\u0142adzania sk\u00f3ry. Bezpieczne, skuteczne nici PDO dost\u0119pne w Kinami Health. Zam\u00f3w teraz!","robots":{"index":"index","follow":"follow","max-snippet":"max-snippet:-1","max-image-preview":"max-image-preview:large","max-video-preview":"max-video-preview:-1"},"canonical":"https:\/\/kinamihealth.com\/pl\/wp-json\/wp\/v2\/product\/126943","og_locale":"pl_PL","og_type":"article","og_title":"Kup Rainbow PCLA Screw 29G50-70mm online","og_description":"Kup Rainbow PCLA Screw 29G50-70mm do liftingu i odm\u0142adzania sk\u00f3ry. Bezpieczne, skuteczne nici PDO dost\u0119pne w Kinami Health. Zam\u00f3w teraz!","og_url":"https:\/\/kinamihealth.com\/pl\/produkt\/rainbow-pcla-screw-29g50-70mm\/","og_site_name":"Kinami Health","article_modified_time":"2025-12-11T15:31:00+00:00","og_image":[{"width":800,"height":800,"url":"https:\/\/kinamihealth.com\/wp-content\/uploads\/2025\/02\/RAINBOW-PCLA-SCREW-29G50_70MM-01.jpg","type":"image\/jpeg"}],"twitter_card":"summary_large_image","twitter_misc":{"Szacowany czas czytania":"1 minuta"},"schema":{"@context":"https:\/\/schema.org","@graph":[{"@type":"WebPage","@id":"https:\/\/kinamihealth.com\/pl\/produkt\/rainbow-pcla-screw-29g50-70mm\/","url":"https:\/\/kinamihealth.com\/pl\/produkt\/rainbow-pcla-screw-29g50-70mm\/","name":"Kup Rainbow PCLA Screw 29G50-70mm online","isPartOf":{"@id":"https:\/\/kinamihealth.com\/#website"},"primaryImageOfPage":{"@id":"https:\/\/kinamihealth.com\/pl\/produkt\/rainbow-pcla-screw-29g50-70mm\/#primaryimage"},"image":{"@id":"https:\/\/kinamihealth.com\/pl\/produkt\/rainbow-pcla-screw-29g50-70mm\/#primaryimage"},"thumbnailUrl":"https:\/\/kinamihealth.com\/wp-content\/uploads\/2025\/02\/RAINBOW-PCLA-SCREW-29G50_70MM-01.jpg","datePublished":"2025-02-15T16:56:39+00:00","dateModified":"2025-12-11T15:31:00+00:00","description":"Kup Rainbow PCLA Screw 29G50-70mm do liftingu i odm\u0142adzania sk\u00f3ry. Bezpieczne, skuteczne nici PDO dost\u0119pne w Kinami Health. Zam\u00f3w teraz!","breadcrumb":{"@id":"https:\/\/kinamihealth.com\/pl\/produkt\/rainbow-pcla-screw-29g50-70mm\/#breadcrumb"},"inLanguage":"pl-PL","potentialAction":[{"@type":"ReadAction","target":["https:\/\/kinamihealth.com\/pl\/produkt\/rainbow-pcla-screw-29g50-70mm\/"]}]},{"@type":"ImageObject","inLanguage":"pl-PL","@id":"https:\/\/kinamihealth.com\/pl\/produkt\/rainbow-pcla-screw-29g50-70mm\/#primaryimage","url":"https:\/\/kinamihealth.com\/wp-content\/uploads\/2025\/02\/RAINBOW-PCLA-SCREW-29G50_70MM-01.jpg","contentUrl":"https:\/\/kinamihealth.com\/wp-content\/uploads\/2025\/02\/RAINBOW-PCLA-SCREW-29G50_70MM-01.jpg","width":800,"height":800},{"@type":"BreadcrumbList","@id":"https:\/\/kinamihealth.com\/pl\/produkt\/rainbow-pcla-screw-29g50-70mm\/#breadcrumb","itemListElement":[{"@type":"ListItem","position":1,"name":"Strona g\u0142\u00f3wna","item":"https:\/\/kinamihealth.com\/sr\/"},{"@type":"ListItem","position":2,"name":"Sklep","item":"https:\/\/kinamihealth.com\/pl\/?page_id=128280"},{"@type":"ListItem","position":3,"name":"RAINBOW PCLA SCREW 29G50-70mm"}]},{"@type":"WebSite","@id":"https:\/\/kinamihealth.com\/#website","url":"https:\/\/kinamihealth.com\/","name":"Kinami Health","description":"","publisher":{"@id":"https:\/\/kinamihealth.com\/#organization"},"potentialAction":[{"@type":"SearchAction","target":{"@type":"EntryPoint","urlTemplate":"https:\/\/kinamihealth.com\/?s={search_term_string}"},"query-input":{"@type":"PropertyValueSpecification","valueRequired":true,"valueName":"search_term_string"}}],"inLanguage":"pl-PL"},{"@type":"Organization","@id":"https:\/\/kinamihealth.com\/#organization","name":"Kinami Health","url":"https:\/\/kinamihealth.com\/","logo":{"@type":"ImageObject","inLanguage":"pl-PL","@id":"https:\/\/kinamihealth.com\/#\/schema\/logo\/image\/","url":"https:\/\/kinamihealth.com\/wp-content\/uploads\/2025\/01\/KH_logo_black_2-1.png","contentUrl":"https:\/\/kinamihealth.com\/wp-content\/uploads\/2025\/01\/KH_logo_black_2-1.png","width":339,"height":34,"caption":"Kinami Health"},"image":{"@id":"https:\/\/kinamihealth.com\/#\/schema\/logo\/image\/"}}]}},"_links":{"self":[{"href":"https:\/\/kinamihealth.com\/pl\/wp-json\/wp\/v2\/product\/126943","targetHints":{"allow":["GET"]}}],"collection":[{"href":"https:\/\/kinamihealth.com\/pl\/wp-json\/wp\/v2\/product"}],"about":[{"href":"https:\/\/kinamihealth.com\/pl\/wp-json\/wp\/v2\/types\/product"}],"replies":[{"embeddable":true,"href":"https:\/\/kinamihealth.com\/pl\/wp-json\/wp\/v2\/comments?post=126943"}],"version-history":[{"count":0,"href":"https:\/\/kinamihealth.com\/pl\/wp-json\/wp\/v2\/product\/126943\/revisions"}],"wp:featuredmedia":[{"embeddable":true,"href":"https:\/\/kinamihealth.com\/pl\/wp-json\/wp\/v2\/media\/126944"}],"wp:attachment":[{"href":"https:\/\/kinamihealth.com\/pl\/wp-json\/wp\/v2\/media?parent=126943"}],"wp:term":[{"taxonomy":"product_brand","embeddable":true,"href":"https:\/\/kinamihealth.com\/pl\/wp-json\/wp\/v2\/product_brand?post=126943"},{"taxonomy":"product_cat","embeddable":true,"href":"https:\/\/kinamihealth.com\/pl\/wp-json\/wp\/v2\/product_cat?post=126943"},{"taxonomy":"product_tag","embeddable":true,"href":"https:\/\/kinamihealth.com\/pl\/wp-json\/wp\/v2\/product_tag?post=126943"}],"curies":[{"name":"wp","href":"https:\/\/api.w.org\/{rel}","templated":true}]}}