{"id":126939,"date":"2025-02-15T16:56:34","date_gmt":"2025-02-15T16:56:34","guid":{"rendered":"https:\/\/kinamihealth.com\/product\/rainbow-pcla-mono-27g60-100mm\/"},"modified":"2025-12-11T15:19:25","modified_gmt":"2025-12-11T15:19:25","slug":"rainbow-pcla-mono-27g60-100mm","status":"publish","type":"product","link":"https:\/\/kinamihealth.com\/pl\/produkt\/rainbow-pcla-mono-27g60-100mm\/","title":{"rendered":"RAINBOW PCLA MONO 27G60-100mm"},"content":{"rendered":"<p><b>Rainbow PCLA Mono 27G60-100mm<\/b><span style=\"font-weight: 400;\"> to innowacyjny <\/span><b>system nici czwartej generacji<\/b><span style=\"font-weight: 400;\">, \u0142\u0105cz\u0105cy materia\u0142y PLLA i PCL w celu uzyskania lepszych efekt\u00f3w zabieg\u00f3w estetycznych. Te specjalistyczne nici maj\u0105 ig\u0142\u0119 o rozmiarze 27 i d\u0142ugo\u015b\u0107 100 mm, co zapewnia optymaln\u0105 <\/span><b>integracj\u0119 z tkank\u0105 i efekt liftingu<\/b><span style=\"font-weight: 400;\">. Zabieg zapewnia kompleksowe odm\u0142odzenie poprzez <\/span><b>stymulacj\u0119 naturalnej produkcji kolagenu i elastyny<\/b><span style=\"font-weight: 400;\">, zapewniaj\u0105c zar\u00f3wno natychmiastow\u0105 popraw\u0119, jak i <\/span><b>d\u0142ugotrwa\u0142e korzy\u015bci<\/b><span style=\"font-weight: 400;\">, kt\u00f3re mog\u0105 utrzymywa\u0107 si\u0119 nawet przez <\/span><b>18\u201324 miesi\u0105ce.<\/b><\/p>\n","protected":false},"excerpt":{"rendered":"<p>Rainbow PCLA Mono 27G60-100mm to innowacyjny system nici czwartej generacji, \u0142\u0105cz\u0105cy materia\u0142y PLLA i PCL w celu uzyskania lepszych efekt\u00f3w zabieg\u00f3w estetycznych. Te specjalistyczne nici maj\u0105 ig\u0142\u0119 o rozmiarze 27 i d\u0142ugo\u015b\u0107 100 mm, co zapewnia optymaln\u0105 integracj\u0119 z tkank\u0105 i efekt liftingu. Zabieg zapewnia kompleksowe odm\u0142odzenie poprzez stymulacj\u0119 naturalnej produkcji kolagenu i elastyny, zapewniaj\u0105c [&hellip;]<\/p>\n","protected":false},"featured_media":126940,"comment_status":"closed","ping_status":"closed","template":"","meta":{"_acf_changed":false,"inline_featured_image":false},"product_brand":[2946],"product_cat":[4647,5360],"product_tag":[4176],"class_list":{"0":"post-126939","1":"product","2":"type-product","3":"status-publish","4":"has-post-thumbnail","6":"product_brand-rainbow","7":"product_cat-threads-pl","8":"product_cat-pcla-threads-pl","9":"product_tag-medical-devices-pl","11":"first","12":"instock","13":"taxable","14":"shipping-taxable","15":"purchasable","16":"product-type-simple","17":"add-to-wishlist-before_image"},"acf":[],"yoast_head":"<!-- This site is optimized with the Yoast SEO plugin v27.3 - https:\/\/yoast.com\/product\/yoast-seo-wordpress\/ -->\n<title>Kup Rainbow PCLA Mono 27G60-100mm \u2013 Zaawansowane nici PCLA<\/title>\n<meta name=\"description\" content=\"Kup Rainbow PCLA Mono 27G60-100mm online dla skutecznego liftingu i odm\u0142odzenia sk\u00f3ry. Do\u015bwiadcz d\u0142ugotrwa\u0142ych efekt\u00f3w dzi\u0119ki technologii polimeru czwartej generacji.\" \/>\n<meta name=\"robots\" content=\"index, follow, max-snippet:-1, max-image-preview:large, max-video-preview:-1\" \/>\n<link rel=\"canonical\" href=\"https:\/\/kinamihealth.com\/pl\/wp-json\/wp\/v2\/product\/126939\" \/>\n<meta property=\"og:locale\" content=\"pl_PL\" \/>\n<meta property=\"og:type\" content=\"article\" \/>\n<meta property=\"og:title\" content=\"Kup Rainbow PCLA Mono 27G60-100mm \u2013 Zaawansowane nici PCLA\" \/>\n<meta property=\"og:description\" content=\"Kup Rainbow PCLA Mono 27G60-100mm online dla skutecznego liftingu i odm\u0142odzenia sk\u00f3ry. Do\u015bwiadcz d\u0142ugotrwa\u0142ych efekt\u00f3w dzi\u0119ki technologii polimeru czwartej generacji.\" \/>\n<meta property=\"og:url\" content=\"https:\/\/kinamihealth.com\/pl\/produkt\/rainbow-pcla-mono-27g60-100mm\/\" \/>\n<meta property=\"og:site_name\" content=\"Kinami Health\" \/>\n<meta property=\"article:modified_time\" content=\"2025-12-11T15:19:25+00:00\" \/>\n<meta property=\"og:image\" content=\"https:\/\/kinamihealth.com\/wp-content\/uploads\/2025\/02\/RAINBOW-PCLA-MONO-27G60-100MM-01.jpg\" \/>\n\t<meta property=\"og:image:width\" content=\"800\" \/>\n\t<meta property=\"og:image:height\" content=\"800\" \/>\n\t<meta property=\"og:image:type\" content=\"image\/jpeg\" \/>\n<meta name=\"twitter:card\" content=\"summary_large_image\" \/>\n<meta name=\"twitter:label1\" content=\"Szacowany czas czytania\" \/>\n\t<meta name=\"twitter:data1\" content=\"1 minuta\" \/>\n<!-- \/ Yoast SEO plugin. -->","yoast_head_json":{"title":"Kup Rainbow PCLA Mono 27G60-100mm \u2013 Zaawansowane nici PCLA","description":"Kup Rainbow PCLA Mono 27G60-100mm online dla skutecznego liftingu i odm\u0142odzenia sk\u00f3ry. Do\u015bwiadcz d\u0142ugotrwa\u0142ych efekt\u00f3w dzi\u0119ki technologii polimeru czwartej generacji.","robots":{"index":"index","follow":"follow","max-snippet":"max-snippet:-1","max-image-preview":"max-image-preview:large","max-video-preview":"max-video-preview:-1"},"canonical":"https:\/\/kinamihealth.com\/pl\/wp-json\/wp\/v2\/product\/126939","og_locale":"pl_PL","og_type":"article","og_title":"Kup Rainbow PCLA Mono 27G60-100mm \u2013 Zaawansowane nici PCLA","og_description":"Kup Rainbow PCLA Mono 27G60-100mm online dla skutecznego liftingu i odm\u0142odzenia sk\u00f3ry. Do\u015bwiadcz d\u0142ugotrwa\u0142ych efekt\u00f3w dzi\u0119ki technologii polimeru czwartej generacji.","og_url":"https:\/\/kinamihealth.com\/pl\/produkt\/rainbow-pcla-mono-27g60-100mm\/","og_site_name":"Kinami Health","article_modified_time":"2025-12-11T15:19:25+00:00","og_image":[{"width":800,"height":800,"url":"https:\/\/kinamihealth.com\/wp-content\/uploads\/2025\/02\/RAINBOW-PCLA-MONO-27G60-100MM-01.jpg","type":"image\/jpeg"}],"twitter_card":"summary_large_image","twitter_misc":{"Szacowany czas czytania":"1 minuta"},"schema":{"@context":"https:\/\/schema.org","@graph":[{"@type":"WebPage","@id":"https:\/\/kinamihealth.com\/pl\/produkt\/rainbow-pcla-mono-27g60-100mm\/","url":"https:\/\/kinamihealth.com\/pl\/produkt\/rainbow-pcla-mono-27g60-100mm\/","name":"Kup Rainbow PCLA Mono 27G60-100mm \u2013 Zaawansowane nici PCLA","isPartOf":{"@id":"https:\/\/kinamihealth.com\/#website"},"primaryImageOfPage":{"@id":"https:\/\/kinamihealth.com\/pl\/produkt\/rainbow-pcla-mono-27g60-100mm\/#primaryimage"},"image":{"@id":"https:\/\/kinamihealth.com\/pl\/produkt\/rainbow-pcla-mono-27g60-100mm\/#primaryimage"},"thumbnailUrl":"https:\/\/kinamihealth.com\/wp-content\/uploads\/2025\/02\/RAINBOW-PCLA-MONO-27G60-100MM-01.jpg","datePublished":"2025-02-15T16:56:34+00:00","dateModified":"2025-12-11T15:19:25+00:00","description":"Kup Rainbow PCLA Mono 27G60-100mm online dla skutecznego liftingu i odm\u0142odzenia sk\u00f3ry. Do\u015bwiadcz d\u0142ugotrwa\u0142ych efekt\u00f3w dzi\u0119ki technologii polimeru czwartej generacji.","breadcrumb":{"@id":"https:\/\/kinamihealth.com\/pl\/produkt\/rainbow-pcla-mono-27g60-100mm\/#breadcrumb"},"inLanguage":"pl-PL","potentialAction":[{"@type":"ReadAction","target":["https:\/\/kinamihealth.com\/pl\/produkt\/rainbow-pcla-mono-27g60-100mm\/"]}]},{"@type":"ImageObject","inLanguage":"pl-PL","@id":"https:\/\/kinamihealth.com\/pl\/produkt\/rainbow-pcla-mono-27g60-100mm\/#primaryimage","url":"https:\/\/kinamihealth.com\/wp-content\/uploads\/2025\/02\/RAINBOW-PCLA-MONO-27G60-100MM-01.jpg","contentUrl":"https:\/\/kinamihealth.com\/wp-content\/uploads\/2025\/02\/RAINBOW-PCLA-MONO-27G60-100MM-01.jpg","width":800,"height":800},{"@type":"BreadcrumbList","@id":"https:\/\/kinamihealth.com\/pl\/produkt\/rainbow-pcla-mono-27g60-100mm\/#breadcrumb","itemListElement":[{"@type":"ListItem","position":1,"name":"Strona g\u0142\u00f3wna","item":"https:\/\/kinamihealth.com\/sr\/"},{"@type":"ListItem","position":2,"name":"Sklep","item":"https:\/\/kinamihealth.com\/pl\/?page_id=128280"},{"@type":"ListItem","position":3,"name":"RAINBOW PCLA MONO 27G60-100mm"}]},{"@type":"WebSite","@id":"https:\/\/kinamihealth.com\/#website","url":"https:\/\/kinamihealth.com\/","name":"Kinami Health","description":"","publisher":{"@id":"https:\/\/kinamihealth.com\/#organization"},"potentialAction":[{"@type":"SearchAction","target":{"@type":"EntryPoint","urlTemplate":"https:\/\/kinamihealth.com\/?s={search_term_string}"},"query-input":{"@type":"PropertyValueSpecification","valueRequired":true,"valueName":"search_term_string"}}],"inLanguage":"pl-PL"},{"@type":"Organization","@id":"https:\/\/kinamihealth.com\/#organization","name":"Kinami Health","url":"https:\/\/kinamihealth.com\/","logo":{"@type":"ImageObject","inLanguage":"pl-PL","@id":"https:\/\/kinamihealth.com\/#\/schema\/logo\/image\/","url":"https:\/\/kinamihealth.com\/wp-content\/uploads\/2025\/01\/KH_logo_black_2-1.png","contentUrl":"https:\/\/kinamihealth.com\/wp-content\/uploads\/2025\/01\/KH_logo_black_2-1.png","width":339,"height":34,"caption":"Kinami Health"},"image":{"@id":"https:\/\/kinamihealth.com\/#\/schema\/logo\/image\/"}}]}},"_links":{"self":[{"href":"https:\/\/kinamihealth.com\/pl\/wp-json\/wp\/v2\/product\/126939","targetHints":{"allow":["GET"]}}],"collection":[{"href":"https:\/\/kinamihealth.com\/pl\/wp-json\/wp\/v2\/product"}],"about":[{"href":"https:\/\/kinamihealth.com\/pl\/wp-json\/wp\/v2\/types\/product"}],"replies":[{"embeddable":true,"href":"https:\/\/kinamihealth.com\/pl\/wp-json\/wp\/v2\/comments?post=126939"}],"version-history":[{"count":0,"href":"https:\/\/kinamihealth.com\/pl\/wp-json\/wp\/v2\/product\/126939\/revisions"}],"wp:featuredmedia":[{"embeddable":true,"href":"https:\/\/kinamihealth.com\/pl\/wp-json\/wp\/v2\/media\/126940"}],"wp:attachment":[{"href":"https:\/\/kinamihealth.com\/pl\/wp-json\/wp\/v2\/media?parent=126939"}],"wp:term":[{"taxonomy":"product_brand","embeddable":true,"href":"https:\/\/kinamihealth.com\/pl\/wp-json\/wp\/v2\/product_brand?post=126939"},{"taxonomy":"product_cat","embeddable":true,"href":"https:\/\/kinamihealth.com\/pl\/wp-json\/wp\/v2\/product_cat?post=126939"},{"taxonomy":"product_tag","embeddable":true,"href":"https:\/\/kinamihealth.com\/pl\/wp-json\/wp\/v2\/product_tag?post=126939"}],"curies":[{"name":"wp","href":"https:\/\/api.w.org\/{rel}","templated":true}]}}