{"id":126934,"date":"2025-02-15T16:57:00","date_gmt":"2025-02-15T16:57:00","guid":{"rendered":"https:\/\/kinamihealth.com\/product\/refine-ultra-soft\/"},"modified":"2025-12-11T15:38:59","modified_gmt":"2025-12-11T15:38:59","slug":"refine-ultra-soft","status":"publish","type":"product","link":"https:\/\/kinamihealth.com\/pl\/produkt\/refine-ultra-soft\/","title":{"rendered":"REFINE + ULTRA SOFT"},"content":{"rendered":"<p><b>Kup Refine+ Ultra Soft<\/b><span style=\"font-weight: 400;\"> \u2013 <\/span><b>zaawansowany wype\u0142niacz sk\u00f3rny<\/b><span style=\"font-weight: 400;\"> zawieraj\u0105cy <\/span><b>usieciowany kwas hialuronowy<\/b><span style=\"font-weight: 400;\">, kt\u00f3ry <\/span><b>przywraca obj\u0119to\u015b\u0107 twarzy<\/b><span style=\"font-weight: 400;\"> i <\/span><b>koryguje drobne zmarszczki<\/b><span style=\"font-weight: 400;\">. Ten silnie dzia\u0142aj\u0105cy <\/span><b>booster sk\u00f3ry<\/b><span style=\"font-weight: 400;\"> zapewnia <\/span><b>g\u0142adkie i naturalnie wygl\u0105daj\u0105ce rezultaty<\/b><span style=\"font-weight: 400;\"> zar\u00f3wno w przypadku <\/span><b>zabieg\u00f3w na twarz, jak i na cia\u0142o<\/b><span style=\"font-weight: 400;\">. <\/span><b>Certyfikowani specjali\u015bci medyczni<\/b><span style=\"font-weight: 400;\"> mog\u0105 <\/span><b><i>zam\u00f3wi\u0107 wype\u0142niacze Refine<\/i><\/b><span style=\"font-weight: 400;\">, takie jak Refine+ Ultra Soft, w <\/span><b>Kinami Health<\/b><span style=\"font-weight: 400;\"> i pom\u00f3c swoim pacjentom uzyska\u0107 <\/span><b>m\u0142odzie\u0144czy i odm\u0142odzony wygl\u0105d<\/b><span style=\"font-weight: 400;\"> przy <\/span><b>minimalnym dyskomforcie.<\/b><\/p>\n","protected":false},"excerpt":{"rendered":"<p>Kup Refine+ Ultra Soft \u2013 zaawansowany wype\u0142niacz sk\u00f3rny zawieraj\u0105cy usieciowany kwas hialuronowy, kt\u00f3ry przywraca obj\u0119to\u015b\u0107 twarzy i koryguje drobne zmarszczki. Ten silnie dzia\u0142aj\u0105cy booster sk\u00f3ry zapewnia g\u0142adkie i naturalnie wygl\u0105daj\u0105ce rezultaty zar\u00f3wno w przypadku zabieg\u00f3w na twarz, jak i na cia\u0142o. Certyfikowani specjali\u015bci medyczni mog\u0105 zam\u00f3wi\u0107 wype\u0142niacze Refine, takie jak Refine+ Ultra Soft, w Kinami [&hellip;]<\/p>\n","protected":false},"featured_media":126938,"comment_status":"closed","ping_status":"closed","template":"","meta":{"_acf_changed":false,"inline_featured_image":false},"product_brand":[2947],"product_cat":[4174,4175],"product_tag":[4176],"class_list":{"0":"post-126934","1":"product","2":"type-product","3":"status-publish","4":"has-post-thumbnail","6":"product_brand-refine-fillers","7":"product_cat-dermal-fillers-pl","8":"product_cat-ha-dermal-fillers-pl","9":"product_tag-medical-devices-pl","11":"first","12":"instock","13":"taxable","14":"shipping-taxable","15":"purchasable","16":"product-type-simple","17":"add-to-wishlist-before_image"},"acf":[],"yoast_head":"<!-- This site is optimized with the Yoast SEO plugin v27.1.1 - https:\/\/yoast.com\/product\/yoast-seo-wordpress\/ -->\n<title>Kup Refine+ Ultra Soft \u2013 wype\u0142niacz z kwasem hialuronowym<\/title>\n<meta name=\"description\" content=\"Kup Refine+ Ultra Soft i przywr\u00f3\u0107 obj\u0119to\u015b\u0107 oraz wyg\u0142ad\u017a drobne zmarszczki. Uzyskaj naturalny efekt. Zam\u00f3w teraz w Kinami Health!\" \/>\n<meta name=\"robots\" content=\"index, follow, max-snippet:-1, max-image-preview:large, max-video-preview:-1\" \/>\n<link rel=\"canonical\" href=\"https:\/\/kinamihealth.com\/pl\/wp-json\/wp\/v2\/product\/126934\" \/>\n<meta property=\"og:locale\" content=\"pl_PL\" \/>\n<meta property=\"og:type\" content=\"article\" \/>\n<meta property=\"og:title\" content=\"Kup Refine+ Ultra Soft \u2013 wype\u0142niacz z kwasem hialuronowym\" \/>\n<meta property=\"og:description\" content=\"Kup Refine+ Ultra Soft i przywr\u00f3\u0107 obj\u0119to\u015b\u0107 oraz wyg\u0142ad\u017a drobne zmarszczki. Uzyskaj naturalny efekt. Zam\u00f3w teraz w Kinami Health!\" \/>\n<meta property=\"og:url\" content=\"https:\/\/kinamihealth.com\/pl\/produkt\/refine-ultra-soft\/\" \/>\n<meta property=\"og:site_name\" content=\"Kinami Health\" \/>\n<meta property=\"article:modified_time\" content=\"2025-12-11T15:38:59+00:00\" \/>\n<meta property=\"og:image\" content=\"https:\/\/kinamihealth.com\/wp-content\/uploads\/2025\/02\/REFINE-PLUS-ULTRASOFT-03.jpg\" \/>\n\t<meta property=\"og:image:width\" content=\"800\" \/>\n\t<meta property=\"og:image:height\" content=\"800\" \/>\n\t<meta property=\"og:image:type\" content=\"image\/jpeg\" \/>\n<meta name=\"twitter:card\" content=\"summary_large_image\" \/>\n<meta name=\"twitter:label1\" content=\"Szacowany czas czytania\" \/>\n\t<meta name=\"twitter:data1\" content=\"1 minuta\" \/>\n<!-- \/ Yoast SEO plugin. -->","yoast_head_json":{"title":"Kup Refine+ Ultra Soft \u2013 wype\u0142niacz z kwasem hialuronowym","description":"Kup Refine+ Ultra Soft i przywr\u00f3\u0107 obj\u0119to\u015b\u0107 oraz wyg\u0142ad\u017a drobne zmarszczki. Uzyskaj naturalny efekt. Zam\u00f3w teraz w Kinami Health!","robots":{"index":"index","follow":"follow","max-snippet":"max-snippet:-1","max-image-preview":"max-image-preview:large","max-video-preview":"max-video-preview:-1"},"canonical":"https:\/\/kinamihealth.com\/pl\/wp-json\/wp\/v2\/product\/126934","og_locale":"pl_PL","og_type":"article","og_title":"Kup Refine+ Ultra Soft \u2013 wype\u0142niacz z kwasem hialuronowym","og_description":"Kup Refine+ Ultra Soft i przywr\u00f3\u0107 obj\u0119to\u015b\u0107 oraz wyg\u0142ad\u017a drobne zmarszczki. Uzyskaj naturalny efekt. Zam\u00f3w teraz w Kinami Health!","og_url":"https:\/\/kinamihealth.com\/pl\/produkt\/refine-ultra-soft\/","og_site_name":"Kinami Health","article_modified_time":"2025-12-11T15:38:59+00:00","og_image":[{"width":800,"height":800,"url":"https:\/\/kinamihealth.com\/wp-content\/uploads\/2025\/02\/REFINE-PLUS-ULTRASOFT-03.jpg","type":"image\/jpeg"}],"twitter_card":"summary_large_image","twitter_misc":{"Szacowany czas czytania":"1 minuta"},"schema":{"@context":"https:\/\/schema.org","@graph":[{"@type":"WebPage","@id":"https:\/\/kinamihealth.com\/pl\/produkt\/refine-ultra-soft\/","url":"https:\/\/kinamihealth.com\/pl\/produkt\/refine-ultra-soft\/","name":"Kup Refine+ Ultra Soft \u2013 wype\u0142niacz z kwasem hialuronowym","isPartOf":{"@id":"https:\/\/kinamihealth.com\/#website"},"primaryImageOfPage":{"@id":"https:\/\/kinamihealth.com\/pl\/produkt\/refine-ultra-soft\/#primaryimage"},"image":{"@id":"https:\/\/kinamihealth.com\/pl\/produkt\/refine-ultra-soft\/#primaryimage"},"thumbnailUrl":"https:\/\/kinamihealth.com\/wp-content\/uploads\/2025\/02\/REFINE-PLUS-ULTRASOFT-03.jpg","datePublished":"2025-02-15T16:57:00+00:00","dateModified":"2025-12-11T15:38:59+00:00","description":"Kup Refine+ Ultra Soft i przywr\u00f3\u0107 obj\u0119to\u015b\u0107 oraz wyg\u0142ad\u017a drobne zmarszczki. Uzyskaj naturalny efekt. Zam\u00f3w teraz w Kinami Health!","breadcrumb":{"@id":"https:\/\/kinamihealth.com\/pl\/produkt\/refine-ultra-soft\/#breadcrumb"},"inLanguage":"pl-PL","potentialAction":[{"@type":"ReadAction","target":["https:\/\/kinamihealth.com\/pl\/produkt\/refine-ultra-soft\/"]}]},{"@type":"ImageObject","inLanguage":"pl-PL","@id":"https:\/\/kinamihealth.com\/pl\/produkt\/refine-ultra-soft\/#primaryimage","url":"https:\/\/kinamihealth.com\/wp-content\/uploads\/2025\/02\/REFINE-PLUS-ULTRASOFT-03.jpg","contentUrl":"https:\/\/kinamihealth.com\/wp-content\/uploads\/2025\/02\/REFINE-PLUS-ULTRASOFT-03.jpg","width":800,"height":800},{"@type":"BreadcrumbList","@id":"https:\/\/kinamihealth.com\/pl\/produkt\/refine-ultra-soft\/#breadcrumb","itemListElement":[{"@type":"ListItem","position":1,"name":"Strona g\u0142\u00f3wna","item":"https:\/\/kinamihealth.com\/sr\/"},{"@type":"ListItem","position":2,"name":"Sklep","item":"https:\/\/kinamihealth.com\/pl\/?page_id=128280"},{"@type":"ListItem","position":3,"name":"REFINE + ULTRA SOFT"}]},{"@type":"WebSite","@id":"https:\/\/kinamihealth.com\/#website","url":"https:\/\/kinamihealth.com\/","name":"Kinami Health","description":"","publisher":{"@id":"https:\/\/kinamihealth.com\/#organization"},"potentialAction":[{"@type":"SearchAction","target":{"@type":"EntryPoint","urlTemplate":"https:\/\/kinamihealth.com\/?s={search_term_string}"},"query-input":{"@type":"PropertyValueSpecification","valueRequired":true,"valueName":"search_term_string"}}],"inLanguage":"pl-PL"},{"@type":"Organization","@id":"https:\/\/kinamihealth.com\/#organization","name":"Kinami Health","url":"https:\/\/kinamihealth.com\/","logo":{"@type":"ImageObject","inLanguage":"pl-PL","@id":"https:\/\/kinamihealth.com\/#\/schema\/logo\/image\/","url":"https:\/\/kinamihealth.com\/wp-content\/uploads\/2025\/01\/KH_logo_black_2-1.png","contentUrl":"https:\/\/kinamihealth.com\/wp-content\/uploads\/2025\/01\/KH_logo_black_2-1.png","width":339,"height":34,"caption":"Kinami Health"},"image":{"@id":"https:\/\/kinamihealth.com\/#\/schema\/logo\/image\/"}}]}},"_links":{"self":[{"href":"https:\/\/kinamihealth.com\/pl\/wp-json\/wp\/v2\/product\/126934","targetHints":{"allow":["GET"]}}],"collection":[{"href":"https:\/\/kinamihealth.com\/pl\/wp-json\/wp\/v2\/product"}],"about":[{"href":"https:\/\/kinamihealth.com\/pl\/wp-json\/wp\/v2\/types\/product"}],"replies":[{"embeddable":true,"href":"https:\/\/kinamihealth.com\/pl\/wp-json\/wp\/v2\/comments?post=126934"}],"version-history":[{"count":0,"href":"https:\/\/kinamihealth.com\/pl\/wp-json\/wp\/v2\/product\/126934\/revisions"}],"wp:featuredmedia":[{"embeddable":true,"href":"https:\/\/kinamihealth.com\/pl\/wp-json\/wp\/v2\/media\/126938"}],"wp:attachment":[{"href":"https:\/\/kinamihealth.com\/pl\/wp-json\/wp\/v2\/media?parent=126934"}],"wp:term":[{"taxonomy":"product_brand","embeddable":true,"href":"https:\/\/kinamihealth.com\/pl\/wp-json\/wp\/v2\/product_brand?post=126934"},{"taxonomy":"product_cat","embeddable":true,"href":"https:\/\/kinamihealth.com\/pl\/wp-json\/wp\/v2\/product_cat?post=126934"},{"taxonomy":"product_tag","embeddable":true,"href":"https:\/\/kinamihealth.com\/pl\/wp-json\/wp\/v2\/product_tag?post=126934"}],"curies":[{"name":"wp","href":"https:\/\/api.w.org\/{rel}","templated":true}]}}