{"id":126918,"date":"2025-02-15T16:57:09","date_gmt":"2025-02-15T16:57:09","guid":{"rendered":"https:\/\/kinamihealth.com\/product\/restylane-skinboosters-vital-light-with-lidocaine\/"},"modified":"2025-12-11T21:54:24","modified_gmt":"2025-12-11T21:54:24","slug":"restylane-skinboosters-vital-light-with-lidocaine","status":"publish","type":"product","link":"https:\/\/kinamihealth.com\/pl\/produkt\/restylane-skinboosters-vital-light-with-lidocaine\/","title":{"rendered":"RESTYLANE\u00ae SKINBOOSTERS\u2122 VITAL LIGHT with Lidocaine"},"content":{"rendered":"<p><span style=\"font-weight: 400;\">Restylane Skinboosters Vital Light z lidokain\u0105 to najnowocze\u015bniejszy <\/span><b>preparat poprawiaj\u0105cy kondycj\u0119 sk\u00f3ry<\/b><span style=\"font-weight: 400;\">, kt\u00f3ry zwi\u0119ksza <\/span><b>nawil\u017cenie<\/b><span style=\"font-weight: 400;\">, g\u0142adko\u015b\u0107 i elastyczno\u015b\u0107 sk\u00f3ry od wewn\u0105trz. Zawiera <\/span><b>stabilizowany kwas hialuronowy pochodzenia niezwierz\u0119cego (NASHA)<\/b><span style=\"font-weight: 400;\">, kt\u00f3ry wnika g\u0142\u0119boko w sk\u00f3r\u0119, przywracaj\u0105c jej nawil\u017cenie i elastyczno\u015b\u0107, a jednocze\u015bnie zapewniaj\u0105c subtelne odm\u0142odzenie. <\/span><\/p>\n","protected":false},"excerpt":{"rendered":"<p>Restylane Skinboosters Vital Light z lidokain\u0105 to najnowocze\u015bniejszy preparat poprawiaj\u0105cy kondycj\u0119 sk\u00f3ry, kt\u00f3ry zwi\u0119ksza nawil\u017cenie, g\u0142adko\u015b\u0107 i elastyczno\u015b\u0107 sk\u00f3ry od wewn\u0105trz. Zawiera stabilizowany kwas hialuronowy pochodzenia niezwierz\u0119cego (NASHA), kt\u00f3ry wnika g\u0142\u0119boko w sk\u00f3r\u0119, przywracaj\u0105c jej nawil\u017cenie i elastyczno\u015b\u0107, a jednocze\u015bnie zapewniaj\u0105c subtelne odm\u0142odzenie.<\/p>\n","protected":false},"featured_media":126919,"comment_status":"closed","ping_status":"closed","template":"","meta":{"_acf_changed":false,"inline_featured_image":false},"product_brand":[2948],"product_cat":[5046,4174],"product_tag":[4176],"class_list":{"0":"post-126918","1":"product","2":"type-product","3":"status-publish","4":"has-post-thumbnail","6":"product_brand-restylane","7":"product_cat-skinboosters-pl","8":"product_cat-dermal-fillers-pl","9":"product_tag-medical-devices-pl","11":"first","12":"instock","13":"taxable","14":"shipping-taxable","15":"purchasable","16":"product-type-simple","17":"add-to-wishlist-before_image"},"acf":[],"yoast_head":"<!-- This site is optimized with the Yoast SEO plugin v27.3 - https:\/\/yoast.com\/product\/yoast-seo-wordpress\/ -->\n<title>Kup Restylane Skinboosters Vital Light z lidokain\u0105 online w Kinami Health<\/title>\n<meta name=\"description\" content=\"Kup Restylane Skinboosters Vital Light z lidokain\u0105 online \u2013 booster sk\u00f3ry na bazie kwasu hialuronowego stworzony w celu nawil\u017cenia, odm\u0142odzenia i poprawy elastyczno\u015bci sk\u00f3ry. Idealny do delikatnych obszar\u00f3w, zapewnia minimalny czas rekonwalescencji.\" \/>\n<meta name=\"robots\" content=\"index, follow, max-snippet:-1, max-image-preview:large, max-video-preview:-1\" \/>\n<link rel=\"canonical\" href=\"https:\/\/kinamihealth.com\/pl\/wp-json\/wp\/v2\/product\/126918\" \/>\n<meta property=\"og:locale\" content=\"pl_PL\" \/>\n<meta property=\"og:type\" content=\"article\" \/>\n<meta property=\"og:title\" content=\"Kup Restylane Skinboosters Vital Light z lidokain\u0105 online w Kinami Health\" \/>\n<meta property=\"og:description\" content=\"Kup Restylane Skinboosters Vital Light z lidokain\u0105 online \u2013 booster sk\u00f3ry na bazie kwasu hialuronowego stworzony w celu nawil\u017cenia, odm\u0142odzenia i poprawy elastyczno\u015bci sk\u00f3ry. Idealny do delikatnych obszar\u00f3w, zapewnia minimalny czas rekonwalescencji.\" \/>\n<meta property=\"og:url\" content=\"https:\/\/kinamihealth.com\/pl\/produkt\/restylane-skinboosters-vital-light-with-lidocaine\/\" \/>\n<meta property=\"og:site_name\" content=\"Kinami Health\" \/>\n<meta property=\"article:modified_time\" content=\"2025-12-11T21:54:24+00:00\" \/>\n<meta property=\"og:image\" content=\"https:\/\/kinamihealth.com\/wp-content\/uploads\/2025\/02\/GALDERMA-RESTYLANE-SKINBOOSTERS-VITALLIGHT-1.5ML-01.jpg\" \/>\n\t<meta property=\"og:image:width\" content=\"800\" \/>\n\t<meta property=\"og:image:height\" content=\"800\" \/>\n\t<meta property=\"og:image:type\" content=\"image\/jpeg\" \/>\n<meta name=\"twitter:card\" content=\"summary_large_image\" \/>\n<meta name=\"twitter:label1\" content=\"Szacowany czas czytania\" \/>\n\t<meta name=\"twitter:data1\" content=\"1 minuta\" \/>\n<!-- \/ Yoast SEO plugin. -->","yoast_head_json":{"title":"Kup Restylane Skinboosters Vital Light z lidokain\u0105 online w Kinami Health","description":"Kup Restylane Skinboosters Vital Light z lidokain\u0105 online \u2013 booster sk\u00f3ry na bazie kwasu hialuronowego stworzony w celu nawil\u017cenia, odm\u0142odzenia i poprawy elastyczno\u015bci sk\u00f3ry. Idealny do delikatnych obszar\u00f3w, zapewnia minimalny czas rekonwalescencji.","robots":{"index":"index","follow":"follow","max-snippet":"max-snippet:-1","max-image-preview":"max-image-preview:large","max-video-preview":"max-video-preview:-1"},"canonical":"https:\/\/kinamihealth.com\/pl\/wp-json\/wp\/v2\/product\/126918","og_locale":"pl_PL","og_type":"article","og_title":"Kup Restylane Skinboosters Vital Light z lidokain\u0105 online w Kinami Health","og_description":"Kup Restylane Skinboosters Vital Light z lidokain\u0105 online \u2013 booster sk\u00f3ry na bazie kwasu hialuronowego stworzony w celu nawil\u017cenia, odm\u0142odzenia i poprawy elastyczno\u015bci sk\u00f3ry. Idealny do delikatnych obszar\u00f3w, zapewnia minimalny czas rekonwalescencji.","og_url":"https:\/\/kinamihealth.com\/pl\/produkt\/restylane-skinboosters-vital-light-with-lidocaine\/","og_site_name":"Kinami Health","article_modified_time":"2025-12-11T21:54:24+00:00","og_image":[{"width":800,"height":800,"url":"https:\/\/kinamihealth.com\/wp-content\/uploads\/2025\/02\/GALDERMA-RESTYLANE-SKINBOOSTERS-VITALLIGHT-1.5ML-01.jpg","type":"image\/jpeg"}],"twitter_card":"summary_large_image","twitter_misc":{"Szacowany czas czytania":"1 minuta"},"schema":{"@context":"https:\/\/schema.org","@graph":[{"@type":"WebPage","@id":"https:\/\/kinamihealth.com\/pl\/produkt\/restylane-skinboosters-vital-light-with-lidocaine\/","url":"https:\/\/kinamihealth.com\/pl\/produkt\/restylane-skinboosters-vital-light-with-lidocaine\/","name":"Kup Restylane Skinboosters Vital Light z lidokain\u0105 online w Kinami Health","isPartOf":{"@id":"https:\/\/kinamihealth.com\/#website"},"primaryImageOfPage":{"@id":"https:\/\/kinamihealth.com\/pl\/produkt\/restylane-skinboosters-vital-light-with-lidocaine\/#primaryimage"},"image":{"@id":"https:\/\/kinamihealth.com\/pl\/produkt\/restylane-skinboosters-vital-light-with-lidocaine\/#primaryimage"},"thumbnailUrl":"https:\/\/kinamihealth.com\/wp-content\/uploads\/2025\/02\/GALDERMA-RESTYLANE-SKINBOOSTERS-VITALLIGHT-1.5ML-01.jpg","datePublished":"2025-02-15T16:57:09+00:00","dateModified":"2025-12-11T21:54:24+00:00","description":"Kup Restylane Skinboosters Vital Light z lidokain\u0105 online \u2013 booster sk\u00f3ry na bazie kwasu hialuronowego stworzony w celu nawil\u017cenia, odm\u0142odzenia i poprawy elastyczno\u015bci sk\u00f3ry. Idealny do delikatnych obszar\u00f3w, zapewnia minimalny czas rekonwalescencji.","breadcrumb":{"@id":"https:\/\/kinamihealth.com\/pl\/produkt\/restylane-skinboosters-vital-light-with-lidocaine\/#breadcrumb"},"inLanguage":"pl-PL","potentialAction":[{"@type":"ReadAction","target":["https:\/\/kinamihealth.com\/pl\/produkt\/restylane-skinboosters-vital-light-with-lidocaine\/"]}]},{"@type":"ImageObject","inLanguage":"pl-PL","@id":"https:\/\/kinamihealth.com\/pl\/produkt\/restylane-skinboosters-vital-light-with-lidocaine\/#primaryimage","url":"https:\/\/kinamihealth.com\/wp-content\/uploads\/2025\/02\/GALDERMA-RESTYLANE-SKINBOOSTERS-VITALLIGHT-1.5ML-01.jpg","contentUrl":"https:\/\/kinamihealth.com\/wp-content\/uploads\/2025\/02\/GALDERMA-RESTYLANE-SKINBOOSTERS-VITALLIGHT-1.5ML-01.jpg","width":800,"height":800},{"@type":"BreadcrumbList","@id":"https:\/\/kinamihealth.com\/pl\/produkt\/restylane-skinboosters-vital-light-with-lidocaine\/#breadcrumb","itemListElement":[{"@type":"ListItem","position":1,"name":"Strona g\u0142\u00f3wna","item":"https:\/\/kinamihealth.com\/sr\/"},{"@type":"ListItem","position":2,"name":"Sklep","item":"https:\/\/kinamihealth.com\/pl\/?page_id=128280"},{"@type":"ListItem","position":3,"name":"RESTYLANE\u00ae SKINBOOSTERS\u2122 VITAL LIGHT with Lidocaine"}]},{"@type":"WebSite","@id":"https:\/\/kinamihealth.com\/#website","url":"https:\/\/kinamihealth.com\/","name":"Kinami Health","description":"","publisher":{"@id":"https:\/\/kinamihealth.com\/#organization"},"potentialAction":[{"@type":"SearchAction","target":{"@type":"EntryPoint","urlTemplate":"https:\/\/kinamihealth.com\/?s={search_term_string}"},"query-input":{"@type":"PropertyValueSpecification","valueRequired":true,"valueName":"search_term_string"}}],"inLanguage":"pl-PL"},{"@type":"Organization","@id":"https:\/\/kinamihealth.com\/#organization","name":"Kinami Health","url":"https:\/\/kinamihealth.com\/","logo":{"@type":"ImageObject","inLanguage":"pl-PL","@id":"https:\/\/kinamihealth.com\/#\/schema\/logo\/image\/","url":"https:\/\/kinamihealth.com\/wp-content\/uploads\/2025\/01\/KH_logo_black_2-1.png","contentUrl":"https:\/\/kinamihealth.com\/wp-content\/uploads\/2025\/01\/KH_logo_black_2-1.png","width":339,"height":34,"caption":"Kinami Health"},"image":{"@id":"https:\/\/kinamihealth.com\/#\/schema\/logo\/image\/"}}]}},"_links":{"self":[{"href":"https:\/\/kinamihealth.com\/pl\/wp-json\/wp\/v2\/product\/126918","targetHints":{"allow":["GET"]}}],"collection":[{"href":"https:\/\/kinamihealth.com\/pl\/wp-json\/wp\/v2\/product"}],"about":[{"href":"https:\/\/kinamihealth.com\/pl\/wp-json\/wp\/v2\/types\/product"}],"replies":[{"embeddable":true,"href":"https:\/\/kinamihealth.com\/pl\/wp-json\/wp\/v2\/comments?post=126918"}],"version-history":[{"count":0,"href":"https:\/\/kinamihealth.com\/pl\/wp-json\/wp\/v2\/product\/126918\/revisions"}],"wp:featuredmedia":[{"embeddable":true,"href":"https:\/\/kinamihealth.com\/pl\/wp-json\/wp\/v2\/media\/126919"}],"wp:attachment":[{"href":"https:\/\/kinamihealth.com\/pl\/wp-json\/wp\/v2\/media?parent=126918"}],"wp:term":[{"taxonomy":"product_brand","embeddable":true,"href":"https:\/\/kinamihealth.com\/pl\/wp-json\/wp\/v2\/product_brand?post=126918"},{"taxonomy":"product_cat","embeddable":true,"href":"https:\/\/kinamihealth.com\/pl\/wp-json\/wp\/v2\/product_cat?post=126918"},{"taxonomy":"product_tag","embeddable":true,"href":"https:\/\/kinamihealth.com\/pl\/wp-json\/wp\/v2\/product_tag?post=126918"}],"curies":[{"name":"wp","href":"https:\/\/api.w.org\/{rel}","templated":true}]}}