{"id":126861,"date":"2025-02-15T16:57:30","date_gmt":"2025-02-15T16:57:30","guid":{"rendered":"https:\/\/kinamihealth.com\/product\/revofil-plus\/"},"modified":"2025-12-11T22:28:10","modified_gmt":"2025-12-11T22:28:10","slug":"revofil-plus","status":"publish","type":"product","link":"https:\/\/kinamihealth.com\/pl\/produkt\/revofil-plus\/","title":{"rendered":"REVOFIL\u2122 PLUS"},"content":{"rendered":"<p><b>Revofil Plus<\/b><span style=\"font-weight: 400;\"> to <\/span><b>wype\u0142niacz sk\u00f3rny<\/b><span style=\"font-weight: 400;\">, kt\u00f3ry \u0142\u0105czy <\/span><b>sieciowany kwas hialuronowy (23 mg\/ml) <\/b><span style=\"font-weight: 400;\">z zaawansowanymi <\/span><b>peptydami biomimetycznymi<\/b><span style=\"font-weight: 400;\"> w celu kompleksowej <\/span><b>odm\u0142adzaj\u0105cej piel\u0119gnacji twarzy<\/b><span style=\"font-weight: 400;\">. Ta nowatorska formu\u0142a zawiera specjalistyczne peptydy (<\/span><b>oligopeptyd-72 i oligopeptyd-50<\/b><span style=\"font-weight: 400;\">), kt\u00f3re dzia\u0142aj\u0105 synergicznie, zwi\u0119kszaj\u0105c <\/span><b>elastyczno\u015b\u0107 sk\u00f3ry<\/b><span style=\"font-weight: 400;\"> i <\/span><b>utrzymuj\u0105c trwa\u0142o\u015b\u0107 wype\u0142niacza<\/b><span style=\"font-weight: 400;\">. Unikalny sk\u0142ad nie tylko zapewnia natychmiastowe przywr\u00f3cenie obj\u0119to\u015bci, ale tak\u017ce stymuluje <\/span><b>naturaln\u0105 produkcj\u0119 kolagenu<\/b><span style=\"font-weight: 400;\">, dzi\u0119ki czemu sk\u00f3ra wyg\u0142adza si\u0119, staje si\u0119 j\u0119drniejsza i wygl\u0105da m\u0142odziej.<\/span><\/p>\n","protected":false},"excerpt":{"rendered":"<p>Revofil Plus to wype\u0142niacz sk\u00f3rny, kt\u00f3ry \u0142\u0105czy sieciowany kwas hialuronowy (23 mg\/ml) z zaawansowanymi peptydami biomimetycznymi w celu kompleksowej odm\u0142adzaj\u0105cej piel\u0119gnacji twarzy. Ta nowatorska formu\u0142a zawiera specjalistyczne peptydy (oligopeptyd-72 i oligopeptyd-50), kt\u00f3re dzia\u0142aj\u0105 synergicznie, zwi\u0119kszaj\u0105c elastyczno\u015b\u0107 sk\u00f3ry i utrzymuj\u0105c trwa\u0142o\u015b\u0107 wype\u0142niacza. Unikalny sk\u0142ad nie tylko zapewnia natychmiastowe przywr\u00f3cenie obj\u0119to\u015bci, ale tak\u017ce stymuluje naturaln\u0105 produkcj\u0119 kolagenu, [&hellip;]<\/p>\n","protected":false},"featured_media":126862,"comment_status":"closed","ping_status":"closed","template":"","meta":{"_acf_changed":false,"inline_featured_image":false},"product_brand":[2950],"product_cat":[4174,4175],"product_tag":[4176],"class_list":{"0":"post-126861","1":"product","2":"type-product","3":"status-publish","4":"has-post-thumbnail","6":"product_brand-revofil","7":"product_cat-dermal-fillers-pl","8":"product_cat-ha-dermal-fillers-pl","9":"product_tag-medical-devices-pl","11":"first","12":"instock","13":"taxable","14":"shipping-taxable","15":"purchasable","16":"product-type-simple","17":"add-to-wishlist-before_image"},"acf":[],"yoast_head":"<!-- This site is optimized with the Yoast SEO plugin v27.3 - https:\/\/yoast.com\/product\/yoast-seo-wordpress\/ -->\n<title>Kup Revofil Plus \u2013 Wype\u0142niacz do korekcji g\u0142\u0119bokich zmarszczek i przywracania obj\u0119to\u015bci<\/title>\n<meta name=\"description\" content=\"Kup Revofil Plus na leczenie g\u0142\u0119bokich zmarszczek i popraw\u0119 obj\u0119to\u015bci twarzy. Ten wype\u0142niacz z kwasem hialuronowym i peptydami zapewnia naturalne, d\u0142ugotrwa\u0142e efekty.\" \/>\n<meta name=\"robots\" content=\"index, follow, max-snippet:-1, max-image-preview:large, max-video-preview:-1\" \/>\n<link rel=\"canonical\" href=\"https:\/\/kinamihealth.com\/pl\/wp-json\/wp\/v2\/product\/126861\" \/>\n<meta property=\"og:locale\" content=\"pl_PL\" \/>\n<meta property=\"og:type\" content=\"article\" \/>\n<meta property=\"og:title\" content=\"Kup Revofil Plus \u2013 Wype\u0142niacz do korekcji g\u0142\u0119bokich zmarszczek i przywracania obj\u0119to\u015bci\" \/>\n<meta property=\"og:description\" content=\"Kup Revofil Plus na leczenie g\u0142\u0119bokich zmarszczek i popraw\u0119 obj\u0119to\u015bci twarzy. Ten wype\u0142niacz z kwasem hialuronowym i peptydami zapewnia naturalne, d\u0142ugotrwa\u0142e efekty.\" \/>\n<meta property=\"og:url\" content=\"https:\/\/kinamihealth.com\/pl\/produkt\/revofil-plus\/\" \/>\n<meta property=\"og:site_name\" content=\"Kinami Health\" \/>\n<meta property=\"article:modified_time\" content=\"2025-12-11T22:28:10+00:00\" \/>\n<meta property=\"og:image\" content=\"https:\/\/kinamihealth.com\/wp-content\/uploads\/2025\/02\/REVOFIL-PLUS-01.jpg\" \/>\n\t<meta property=\"og:image:width\" content=\"800\" \/>\n\t<meta property=\"og:image:height\" content=\"800\" \/>\n\t<meta property=\"og:image:type\" content=\"image\/jpeg\" \/>\n<meta name=\"twitter:card\" content=\"summary_large_image\" \/>\n<meta name=\"twitter:label1\" content=\"Szacowany czas czytania\" \/>\n\t<meta name=\"twitter:data1\" content=\"1 minuta\" \/>\n<!-- \/ Yoast SEO plugin. -->","yoast_head_json":{"title":"Kup Revofil Plus \u2013 Wype\u0142niacz do korekcji g\u0142\u0119bokich zmarszczek i przywracania obj\u0119to\u015bci","description":"Kup Revofil Plus na leczenie g\u0142\u0119bokich zmarszczek i popraw\u0119 obj\u0119to\u015bci twarzy. Ten wype\u0142niacz z kwasem hialuronowym i peptydami zapewnia naturalne, d\u0142ugotrwa\u0142e efekty.","robots":{"index":"index","follow":"follow","max-snippet":"max-snippet:-1","max-image-preview":"max-image-preview:large","max-video-preview":"max-video-preview:-1"},"canonical":"https:\/\/kinamihealth.com\/pl\/wp-json\/wp\/v2\/product\/126861","og_locale":"pl_PL","og_type":"article","og_title":"Kup Revofil Plus \u2013 Wype\u0142niacz do korekcji g\u0142\u0119bokich zmarszczek i przywracania obj\u0119to\u015bci","og_description":"Kup Revofil Plus na leczenie g\u0142\u0119bokich zmarszczek i popraw\u0119 obj\u0119to\u015bci twarzy. Ten wype\u0142niacz z kwasem hialuronowym i peptydami zapewnia naturalne, d\u0142ugotrwa\u0142e efekty.","og_url":"https:\/\/kinamihealth.com\/pl\/produkt\/revofil-plus\/","og_site_name":"Kinami Health","article_modified_time":"2025-12-11T22:28:10+00:00","og_image":[{"width":800,"height":800,"url":"https:\/\/kinamihealth.com\/wp-content\/uploads\/2025\/02\/REVOFIL-PLUS-01.jpg","type":"image\/jpeg"}],"twitter_card":"summary_large_image","twitter_misc":{"Szacowany czas czytania":"1 minuta"},"schema":{"@context":"https:\/\/schema.org","@graph":[{"@type":"WebPage","@id":"https:\/\/kinamihealth.com\/pl\/produkt\/revofil-plus\/","url":"https:\/\/kinamihealth.com\/pl\/produkt\/revofil-plus\/","name":"Kup Revofil Plus \u2013 Wype\u0142niacz do korekcji g\u0142\u0119bokich zmarszczek i przywracania obj\u0119to\u015bci","isPartOf":{"@id":"https:\/\/kinamihealth.com\/#website"},"primaryImageOfPage":{"@id":"https:\/\/kinamihealth.com\/pl\/produkt\/revofil-plus\/#primaryimage"},"image":{"@id":"https:\/\/kinamihealth.com\/pl\/produkt\/revofil-plus\/#primaryimage"},"thumbnailUrl":"https:\/\/kinamihealth.com\/wp-content\/uploads\/2025\/02\/REVOFIL-PLUS-01.jpg","datePublished":"2025-02-15T16:57:30+00:00","dateModified":"2025-12-11T22:28:10+00:00","description":"Kup Revofil Plus na leczenie g\u0142\u0119bokich zmarszczek i popraw\u0119 obj\u0119to\u015bci twarzy. Ten wype\u0142niacz z kwasem hialuronowym i peptydami zapewnia naturalne, d\u0142ugotrwa\u0142e efekty.","breadcrumb":{"@id":"https:\/\/kinamihealth.com\/pl\/produkt\/revofil-plus\/#breadcrumb"},"inLanguage":"pl-PL","potentialAction":[{"@type":"ReadAction","target":["https:\/\/kinamihealth.com\/pl\/produkt\/revofil-plus\/"]}]},{"@type":"ImageObject","inLanguage":"pl-PL","@id":"https:\/\/kinamihealth.com\/pl\/produkt\/revofil-plus\/#primaryimage","url":"https:\/\/kinamihealth.com\/wp-content\/uploads\/2025\/02\/REVOFIL-PLUS-01.jpg","contentUrl":"https:\/\/kinamihealth.com\/wp-content\/uploads\/2025\/02\/REVOFIL-PLUS-01.jpg","width":800,"height":800},{"@type":"BreadcrumbList","@id":"https:\/\/kinamihealth.com\/pl\/produkt\/revofil-plus\/#breadcrumb","itemListElement":[{"@type":"ListItem","position":1,"name":"Strona g\u0142\u00f3wna","item":"https:\/\/kinamihealth.com\/sr\/"},{"@type":"ListItem","position":2,"name":"Sklep","item":"https:\/\/kinamihealth.com\/pl\/?page_id=128280"},{"@type":"ListItem","position":3,"name":"REVOFIL\u2122 PLUS"}]},{"@type":"WebSite","@id":"https:\/\/kinamihealth.com\/#website","url":"https:\/\/kinamihealth.com\/","name":"Kinami Health","description":"","publisher":{"@id":"https:\/\/kinamihealth.com\/#organization"},"potentialAction":[{"@type":"SearchAction","target":{"@type":"EntryPoint","urlTemplate":"https:\/\/kinamihealth.com\/?s={search_term_string}"},"query-input":{"@type":"PropertyValueSpecification","valueRequired":true,"valueName":"search_term_string"}}],"inLanguage":"pl-PL"},{"@type":"Organization","@id":"https:\/\/kinamihealth.com\/#organization","name":"Kinami Health","url":"https:\/\/kinamihealth.com\/","logo":{"@type":"ImageObject","inLanguage":"pl-PL","@id":"https:\/\/kinamihealth.com\/#\/schema\/logo\/image\/","url":"https:\/\/kinamihealth.com\/wp-content\/uploads\/2025\/01\/KH_logo_black_2-1.png","contentUrl":"https:\/\/kinamihealth.com\/wp-content\/uploads\/2025\/01\/KH_logo_black_2-1.png","width":339,"height":34,"caption":"Kinami Health"},"image":{"@id":"https:\/\/kinamihealth.com\/#\/schema\/logo\/image\/"}}]}},"_links":{"self":[{"href":"https:\/\/kinamihealth.com\/pl\/wp-json\/wp\/v2\/product\/126861","targetHints":{"allow":["GET"]}}],"collection":[{"href":"https:\/\/kinamihealth.com\/pl\/wp-json\/wp\/v2\/product"}],"about":[{"href":"https:\/\/kinamihealth.com\/pl\/wp-json\/wp\/v2\/types\/product"}],"replies":[{"embeddable":true,"href":"https:\/\/kinamihealth.com\/pl\/wp-json\/wp\/v2\/comments?post=126861"}],"version-history":[{"count":0,"href":"https:\/\/kinamihealth.com\/pl\/wp-json\/wp\/v2\/product\/126861\/revisions"}],"wp:featuredmedia":[{"embeddable":true,"href":"https:\/\/kinamihealth.com\/pl\/wp-json\/wp\/v2\/media\/126862"}],"wp:attachment":[{"href":"https:\/\/kinamihealth.com\/pl\/wp-json\/wp\/v2\/media?parent=126861"}],"wp:term":[{"taxonomy":"product_brand","embeddable":true,"href":"https:\/\/kinamihealth.com\/pl\/wp-json\/wp\/v2\/product_brand?post=126861"},{"taxonomy":"product_cat","embeddable":true,"href":"https:\/\/kinamihealth.com\/pl\/wp-json\/wp\/v2\/product_cat?post=126861"},{"taxonomy":"product_tag","embeddable":true,"href":"https:\/\/kinamihealth.com\/pl\/wp-json\/wp\/v2\/product_tag?post=126861"}],"curies":[{"name":"wp","href":"https:\/\/api.w.org\/{rel}","templated":true}]}}