{"id":126729,"date":"2025-02-15T16:56:49","date_gmt":"2025-02-15T16:56:49","guid":{"rendered":"https:\/\/kinamihealth.com\/product\/profhilo-hl\/"},"modified":"2025-12-11T00:45:57","modified_gmt":"2025-12-11T00:45:57","slug":"profhilo-hl","status":"publish","type":"product","link":"https:\/\/kinamihealth.com\/pl\/produkt\/profhilo-hl\/","title":{"rendered":"PROFHILO\u00ae H+L"},"content":{"rendered":"<p><b>Profhilo H+L<\/b><span style=\"font-weight: 400;\"> to zaawansowany <\/span><b>preparat do wstrzykiwa\u0144<\/b><span style=\"font-weight: 400;\">, \u0142\u0105cz\u0105cy w sobie <\/span><b>formu\u0142\u0119 kwasu hialuronowego o podw\u00f3jnej masie cz\u0105steczkowej<\/b><span style=\"font-weight: 400;\">, przeznaczony do kompleksowej rewitalizacji sk\u00f3ry. Ten profesjonalny preparat zapewnia doskona\u0142e <\/span><b>nawil\u017cenie i odbudow\u0119 sk\u00f3ry<\/b><span style=\"font-weight: 400;\"> dzi\u0119ki innowacyjnej <\/span><b>technologii Bio Aesthetic Points<\/b><span style=\"font-weight: 400;\">, opracowanej specjalnie dla licencjonowanych specjalist\u00f3w medycznych.<\/span><\/p>\n","protected":false},"excerpt":{"rendered":"<p>Profhilo H+L to zaawansowany preparat do wstrzykiwa\u0144, \u0142\u0105cz\u0105cy w sobie formu\u0142\u0119 kwasu hialuronowego o podw\u00f3jnej masie cz\u0105steczkowej, przeznaczony do kompleksowej rewitalizacji sk\u00f3ry. Ten profesjonalny preparat zapewnia doskona\u0142e nawil\u017cenie i odbudow\u0119 sk\u00f3ry dzi\u0119ki innowacyjnej technologii Bio Aesthetic Points, opracowanej specjalnie dla licencjonowanych specjalist\u00f3w medycznych.<\/p>\n","protected":false},"featured_media":126730,"comment_status":"closed","ping_status":"closed","template":"","meta":{"_acf_changed":false,"inline_featured_image":false},"product_brand":[2934],"product_cat":[5046,4174],"product_tag":[4176],"class_list":{"0":"post-126729","1":"product","2":"type-product","3":"status-publish","4":"has-post-thumbnail","6":"product_brand-profhilo","7":"product_cat-skinboosters-pl","8":"product_cat-dermal-fillers-pl","9":"product_tag-medical-devices-pl","11":"first","12":"instock","13":"taxable","14":"shipping-taxable","15":"purchasable","16":"product-type-simple","17":"add-to-wishlist-before_image"},"acf":[],"yoast_head":"<!-- This site is optimized with the Yoast SEO plugin v27.3 - https:\/\/yoast.com\/product\/yoast-seo-wordpress\/ -->\n<title>Kup Profhilo H+L online \u2013 najwy\u017cszej jako\u015bci zabieg odm\u0142adzaj\u0105cy sk\u00f3r\u0119<\/title>\n<meta name=\"description\" content=\"Kup Profhilo H+L online, aby zapewni\u0107 swoim pacjentom zaawansowane odm\u0142adzanie sk\u00f3ry i wiod\u0105cy zabieg z u\u017cyciem kwasu hialuronowego\" \/>\n<meta name=\"robots\" content=\"index, follow, max-snippet:-1, max-image-preview:large, max-video-preview:-1\" \/>\n<link rel=\"canonical\" href=\"https:\/\/kinamihealth.com\/pl\/wp-json\/wp\/v2\/product\/126729\" \/>\n<meta property=\"og:locale\" content=\"pl_PL\" \/>\n<meta property=\"og:type\" content=\"article\" \/>\n<meta property=\"og:title\" content=\"Kup Profhilo H+L online \u2013 najwy\u017cszej jako\u015bci zabieg odm\u0142adzaj\u0105cy sk\u00f3r\u0119\" \/>\n<meta property=\"og:description\" content=\"Kup Profhilo H+L online, aby zapewni\u0107 swoim pacjentom zaawansowane odm\u0142adzanie sk\u00f3ry i wiod\u0105cy zabieg z u\u017cyciem kwasu hialuronowego\" \/>\n<meta property=\"og:url\" content=\"https:\/\/kinamihealth.com\/pl\/produkt\/profhilo-hl\/\" \/>\n<meta property=\"og:site_name\" content=\"Kinami Health\" \/>\n<meta property=\"article:modified_time\" content=\"2025-12-11T00:45:57+00:00\" \/>\n<meta property=\"og:image\" content=\"https:\/\/kinamihealth.com\/wp-content\/uploads\/2025\/02\/PROFHILO-HL-01.jpg\" \/>\n\t<meta property=\"og:image:width\" content=\"800\" \/>\n\t<meta property=\"og:image:height\" content=\"800\" \/>\n\t<meta property=\"og:image:type\" content=\"image\/jpeg\" \/>\n<meta name=\"twitter:card\" content=\"summary_large_image\" \/>\n<meta name=\"twitter:label1\" content=\"Szacowany czas czytania\" \/>\n\t<meta name=\"twitter:data1\" content=\"1 minuta\" \/>\n<!-- \/ Yoast SEO plugin. -->","yoast_head_json":{"title":"Kup Profhilo H+L online \u2013 najwy\u017cszej jako\u015bci zabieg odm\u0142adzaj\u0105cy sk\u00f3r\u0119","description":"Kup Profhilo H+L online, aby zapewni\u0107 swoim pacjentom zaawansowane odm\u0142adzanie sk\u00f3ry i wiod\u0105cy zabieg z u\u017cyciem kwasu hialuronowego","robots":{"index":"index","follow":"follow","max-snippet":"max-snippet:-1","max-image-preview":"max-image-preview:large","max-video-preview":"max-video-preview:-1"},"canonical":"https:\/\/kinamihealth.com\/pl\/wp-json\/wp\/v2\/product\/126729","og_locale":"pl_PL","og_type":"article","og_title":"Kup Profhilo H+L online \u2013 najwy\u017cszej jako\u015bci zabieg odm\u0142adzaj\u0105cy sk\u00f3r\u0119","og_description":"Kup Profhilo H+L online, aby zapewni\u0107 swoim pacjentom zaawansowane odm\u0142adzanie sk\u00f3ry i wiod\u0105cy zabieg z u\u017cyciem kwasu hialuronowego","og_url":"https:\/\/kinamihealth.com\/pl\/produkt\/profhilo-hl\/","og_site_name":"Kinami Health","article_modified_time":"2025-12-11T00:45:57+00:00","og_image":[{"width":800,"height":800,"url":"https:\/\/kinamihealth.com\/wp-content\/uploads\/2025\/02\/PROFHILO-HL-01.jpg","type":"image\/jpeg"}],"twitter_card":"summary_large_image","twitter_misc":{"Szacowany czas czytania":"1 minuta"},"schema":{"@context":"https:\/\/schema.org","@graph":[{"@type":"WebPage","@id":"https:\/\/kinamihealth.com\/pl\/produkt\/profhilo-hl\/","url":"https:\/\/kinamihealth.com\/pl\/produkt\/profhilo-hl\/","name":"Kup Profhilo H+L online \u2013 najwy\u017cszej jako\u015bci zabieg odm\u0142adzaj\u0105cy sk\u00f3r\u0119","isPartOf":{"@id":"https:\/\/kinamihealth.com\/#website"},"primaryImageOfPage":{"@id":"https:\/\/kinamihealth.com\/pl\/produkt\/profhilo-hl\/#primaryimage"},"image":{"@id":"https:\/\/kinamihealth.com\/pl\/produkt\/profhilo-hl\/#primaryimage"},"thumbnailUrl":"https:\/\/kinamihealth.com\/wp-content\/uploads\/2025\/02\/PROFHILO-HL-01.jpg","datePublished":"2025-02-15T16:56:49+00:00","dateModified":"2025-12-11T00:45:57+00:00","description":"Kup Profhilo H+L online, aby zapewni\u0107 swoim pacjentom zaawansowane odm\u0142adzanie sk\u00f3ry i wiod\u0105cy zabieg z u\u017cyciem kwasu hialuronowego","breadcrumb":{"@id":"https:\/\/kinamihealth.com\/pl\/produkt\/profhilo-hl\/#breadcrumb"},"inLanguage":"pl-PL","potentialAction":[{"@type":"ReadAction","target":["https:\/\/kinamihealth.com\/pl\/produkt\/profhilo-hl\/"]}]},{"@type":"ImageObject","inLanguage":"pl-PL","@id":"https:\/\/kinamihealth.com\/pl\/produkt\/profhilo-hl\/#primaryimage","url":"https:\/\/kinamihealth.com\/wp-content\/uploads\/2025\/02\/PROFHILO-HL-01.jpg","contentUrl":"https:\/\/kinamihealth.com\/wp-content\/uploads\/2025\/02\/PROFHILO-HL-01.jpg","width":800,"height":800},{"@type":"BreadcrumbList","@id":"https:\/\/kinamihealth.com\/pl\/produkt\/profhilo-hl\/#breadcrumb","itemListElement":[{"@type":"ListItem","position":1,"name":"Strona g\u0142\u00f3wna","item":"https:\/\/kinamihealth.com\/sr\/"},{"@type":"ListItem","position":2,"name":"Sklep","item":"https:\/\/kinamihealth.com\/pl\/?page_id=128280"},{"@type":"ListItem","position":3,"name":"PROFHILO\u00ae H+L"}]},{"@type":"WebSite","@id":"https:\/\/kinamihealth.com\/#website","url":"https:\/\/kinamihealth.com\/","name":"Kinami Health","description":"","publisher":{"@id":"https:\/\/kinamihealth.com\/#organization"},"potentialAction":[{"@type":"SearchAction","target":{"@type":"EntryPoint","urlTemplate":"https:\/\/kinamihealth.com\/?s={search_term_string}"},"query-input":{"@type":"PropertyValueSpecification","valueRequired":true,"valueName":"search_term_string"}}],"inLanguage":"pl-PL"},{"@type":"Organization","@id":"https:\/\/kinamihealth.com\/#organization","name":"Kinami Health","url":"https:\/\/kinamihealth.com\/","logo":{"@type":"ImageObject","inLanguage":"pl-PL","@id":"https:\/\/kinamihealth.com\/#\/schema\/logo\/image\/","url":"https:\/\/kinamihealth.com\/wp-content\/uploads\/2025\/01\/KH_logo_black_2-1.png","contentUrl":"https:\/\/kinamihealth.com\/wp-content\/uploads\/2025\/01\/KH_logo_black_2-1.png","width":339,"height":34,"caption":"Kinami Health"},"image":{"@id":"https:\/\/kinamihealth.com\/#\/schema\/logo\/image\/"}}]}},"_links":{"self":[{"href":"https:\/\/kinamihealth.com\/pl\/wp-json\/wp\/v2\/product\/126729","targetHints":{"allow":["GET"]}}],"collection":[{"href":"https:\/\/kinamihealth.com\/pl\/wp-json\/wp\/v2\/product"}],"about":[{"href":"https:\/\/kinamihealth.com\/pl\/wp-json\/wp\/v2\/types\/product"}],"replies":[{"embeddable":true,"href":"https:\/\/kinamihealth.com\/pl\/wp-json\/wp\/v2\/comments?post=126729"}],"version-history":[{"count":0,"href":"https:\/\/kinamihealth.com\/pl\/wp-json\/wp\/v2\/product\/126729\/revisions"}],"wp:featuredmedia":[{"embeddable":true,"href":"https:\/\/kinamihealth.com\/pl\/wp-json\/wp\/v2\/media\/126730"}],"wp:attachment":[{"href":"https:\/\/kinamihealth.com\/pl\/wp-json\/wp\/v2\/media?parent=126729"}],"wp:term":[{"taxonomy":"product_brand","embeddable":true,"href":"https:\/\/kinamihealth.com\/pl\/wp-json\/wp\/v2\/product_brand?post=126729"},{"taxonomy":"product_cat","embeddable":true,"href":"https:\/\/kinamihealth.com\/pl\/wp-json\/wp\/v2\/product_cat?post=126729"},{"taxonomy":"product_tag","embeddable":true,"href":"https:\/\/kinamihealth.com\/pl\/wp-json\/wp\/v2\/product_tag?post=126729"}],"curies":[{"name":"wp","href":"https:\/\/api.w.org\/{rel}","templated":true}]}}