{"id":126724,"date":"2025-02-15T16:56:48","date_gmt":"2025-02-15T16:56:48","guid":{"rendered":"https:\/\/kinamihealth.com\/product\/profhilo-body-kit\/"},"modified":"2025-12-11T00:43:57","modified_gmt":"2025-12-11T00:43:57","slug":"profhilo-body-kit","status":"publish","type":"product","link":"https:\/\/kinamihealth.com\/pl\/produkt\/profhilo-body-kit\/","title":{"rendered":"PROFHILO\u00ae BODY KIT"},"content":{"rendered":"<p><span style=\"font-weight: 400;\">Do\u015bwiadcz zaawansowanego <\/span><b>odm\u0142adzania sk\u00f3ry<\/b><span style=\"font-weight: 400;\"> dzi\u0119ki zestawowi <\/span><b>Profhilo Body Kit<\/b><span style=\"font-weight: 400;\">. Ten kompletny pakiet zabiegowy zawiera <\/span><b>profesjonalne preparaty z kwasem hialuronowym do wstrzykiwania, plastry od\u017cywiaj\u0105ce sk\u00f3r\u0119 oraz krem<\/b><span style=\"font-weight: 400;\">. Ten innowacyjny system, idealny do poprawy <\/span><b>j\u0119drno\u015bci, nawil\u017cenia i tekstury<\/b><span style=\"font-weight: 400;\"> sk\u00f3ry na wszystkich obszarach cia\u0142a, zapewnia niezwyk\u0142e rezultaty dzi\u0119ki unikalnej kombinacji produkt\u00f3w. Specjali\u015bci medyczni mog\u0105 <\/span><b>kupi\u0107 zestaw Profhilo Body Kit<\/b><span style=\"font-weight: 400;\"> w <\/span><b>Kinami Health<\/b><span style=\"font-weight: 400;\">, gdzie znajd\u0105 najlepsze oferty na produkty odm\u0142adzaj\u0105ce najwy\u017cszej jako\u015bci.<\/span><\/p>\n","protected":false},"excerpt":{"rendered":"<p>Do\u015bwiadcz zaawansowanego odm\u0142adzania sk\u00f3ry dzi\u0119ki zestawowi Profhilo Body Kit. Ten kompletny pakiet zabiegowy zawiera profesjonalne preparaty z kwasem hialuronowym do wstrzykiwania, plastry od\u017cywiaj\u0105ce sk\u00f3r\u0119 oraz krem. Ten innowacyjny system, idealny do poprawy j\u0119drno\u015bci, nawil\u017cenia i tekstury sk\u00f3ry na wszystkich obszarach cia\u0142a, zapewnia niezwyk\u0142e rezultaty dzi\u0119ki unikalnej kombinacji produkt\u00f3w. Specjali\u015bci medyczni mog\u0105 kupi\u0107 zestaw Profhilo Body [&hellip;]<\/p>\n","protected":false},"featured_media":126728,"comment_status":"closed","ping_status":"closed","template":"","meta":{"_acf_changed":false,"inline_featured_image":false},"product_brand":[2934],"product_cat":[4711],"product_tag":[4176],"class_list":{"0":"post-126724","1":"product","2":"type-product","3":"status-publish","4":"has-post-thumbnail","6":"product_brand-profhilo","7":"product_cat-body-sculpting-pl","8":"product_tag-medical-devices-pl","10":"first","11":"instock","12":"taxable","13":"shipping-taxable","14":"purchasable","15":"product-type-simple","16":"add-to-wishlist-before_image"},"acf":[],"yoast_head":"<!-- This site is optimized with the Yoast SEO plugin v27.5 - https:\/\/yoast.com\/product\/yoast-seo-wordpress\/ -->\n<title>Kup zestaw Profhilo Body Kit | Najwy\u017cszej jako\u015bci produkt do modelowania sylwetki<\/title>\n<meta name=\"description\" content=\"Kup zestaw Profhilo Body Kit online i odm\u0142od\u017a starzej\u0105c\u0105 si\u0119 sk\u00f3r\u0119 dzi\u0119ki najnowocze\u015bniejszemu systemowi piel\u0119gnacyjnemu.\" \/>\n<meta name=\"robots\" content=\"index, follow, max-snippet:-1, max-image-preview:large, max-video-preview:-1\" \/>\n<link rel=\"canonical\" href=\"https:\/\/kinamihealth.com\/pl\/wp-json\/wp\/v2\/product\/126724\" \/>\n<meta property=\"og:locale\" content=\"pl_PL\" \/>\n<meta property=\"og:type\" content=\"article\" \/>\n<meta property=\"og:title\" content=\"Kup zestaw Profhilo Body Kit | Najwy\u017cszej jako\u015bci produkt do modelowania sylwetki\" \/>\n<meta property=\"og:description\" content=\"Kup zestaw Profhilo Body Kit online i odm\u0142od\u017a starzej\u0105c\u0105 si\u0119 sk\u00f3r\u0119 dzi\u0119ki najnowocze\u015bniejszemu systemowi piel\u0119gnacyjnemu.\" \/>\n<meta property=\"og:url\" content=\"https:\/\/kinamihealth.com\/pl\/produkt\/profhilo-body-kit\/\" \/>\n<meta property=\"og:site_name\" content=\"Kinami Health\" \/>\n<meta property=\"article:modified_time\" content=\"2025-12-11T00:43:57+00:00\" \/>\n<meta property=\"og:image\" content=\"https:\/\/kinamihealth.com\/wp-content\/uploads\/2025\/02\/IBSA-PROFHILO-BODYKIT-01.jpg\" \/>\n\t<meta property=\"og:image:width\" content=\"800\" \/>\n\t<meta property=\"og:image:height\" content=\"800\" \/>\n\t<meta property=\"og:image:type\" content=\"image\/jpeg\" \/>\n<meta name=\"twitter:card\" content=\"summary_large_image\" \/>\n<meta name=\"twitter:label1\" content=\"Szacowany czas czytania\" \/>\n\t<meta name=\"twitter:data1\" content=\"1 minuta\" \/>\n<!-- \/ Yoast SEO plugin. -->","yoast_head_json":{"title":"Kup zestaw Profhilo Body Kit | Najwy\u017cszej jako\u015bci produkt do modelowania sylwetki","description":"Kup zestaw Profhilo Body Kit online i odm\u0142od\u017a starzej\u0105c\u0105 si\u0119 sk\u00f3r\u0119 dzi\u0119ki najnowocze\u015bniejszemu systemowi piel\u0119gnacyjnemu.","robots":{"index":"index","follow":"follow","max-snippet":"max-snippet:-1","max-image-preview":"max-image-preview:large","max-video-preview":"max-video-preview:-1"},"canonical":"https:\/\/kinamihealth.com\/pl\/wp-json\/wp\/v2\/product\/126724","og_locale":"pl_PL","og_type":"article","og_title":"Kup zestaw Profhilo Body Kit | Najwy\u017cszej jako\u015bci produkt do modelowania sylwetki","og_description":"Kup zestaw Profhilo Body Kit online i odm\u0142od\u017a starzej\u0105c\u0105 si\u0119 sk\u00f3r\u0119 dzi\u0119ki najnowocze\u015bniejszemu systemowi piel\u0119gnacyjnemu.","og_url":"https:\/\/kinamihealth.com\/pl\/produkt\/profhilo-body-kit\/","og_site_name":"Kinami Health","article_modified_time":"2025-12-11T00:43:57+00:00","og_image":[{"width":800,"height":800,"url":"https:\/\/kinamihealth.com\/wp-content\/uploads\/2025\/02\/IBSA-PROFHILO-BODYKIT-01.jpg","type":"image\/jpeg"}],"twitter_card":"summary_large_image","twitter_misc":{"Szacowany czas czytania":"1 minuta"},"schema":{"@context":"https:\/\/schema.org","@graph":[{"@type":"WebPage","@id":"https:\/\/kinamihealth.com\/pl\/produkt\/profhilo-body-kit\/","url":"https:\/\/kinamihealth.com\/pl\/produkt\/profhilo-body-kit\/","name":"Kup zestaw Profhilo Body Kit | Najwy\u017cszej jako\u015bci produkt do modelowania sylwetki","isPartOf":{"@id":"https:\/\/kinamihealth.com\/#website"},"primaryImageOfPage":{"@id":"https:\/\/kinamihealth.com\/pl\/produkt\/profhilo-body-kit\/#primaryimage"},"image":{"@id":"https:\/\/kinamihealth.com\/pl\/produkt\/profhilo-body-kit\/#primaryimage"},"thumbnailUrl":"https:\/\/kinamihealth.com\/wp-content\/uploads\/2025\/02\/IBSA-PROFHILO-BODYKIT-01.jpg","datePublished":"2025-02-15T16:56:48+00:00","dateModified":"2025-12-11T00:43:57+00:00","description":"Kup zestaw Profhilo Body Kit online i odm\u0142od\u017a starzej\u0105c\u0105 si\u0119 sk\u00f3r\u0119 dzi\u0119ki najnowocze\u015bniejszemu systemowi piel\u0119gnacyjnemu.","breadcrumb":{"@id":"https:\/\/kinamihealth.com\/pl\/produkt\/profhilo-body-kit\/#breadcrumb"},"inLanguage":"pl-PL","potentialAction":[{"@type":"ReadAction","target":["https:\/\/kinamihealth.com\/pl\/produkt\/profhilo-body-kit\/"]}]},{"@type":"ImageObject","inLanguage":"pl-PL","@id":"https:\/\/kinamihealth.com\/pl\/produkt\/profhilo-body-kit\/#primaryimage","url":"https:\/\/kinamihealth.com\/wp-content\/uploads\/2025\/02\/IBSA-PROFHILO-BODYKIT-01.jpg","contentUrl":"https:\/\/kinamihealth.com\/wp-content\/uploads\/2025\/02\/IBSA-PROFHILO-BODYKIT-01.jpg","width":800,"height":800},{"@type":"BreadcrumbList","@id":"https:\/\/kinamihealth.com\/pl\/produkt\/profhilo-body-kit\/#breadcrumb","itemListElement":[{"@type":"ListItem","position":1,"name":"Strona g\u0142\u00f3wna","item":"https:\/\/kinamihealth.com\/sr\/"},{"@type":"ListItem","position":2,"name":"Sklep","item":"https:\/\/kinamihealth.com\/pl\/?page_id=128280"},{"@type":"ListItem","position":3,"name":"PROFHILO\u00ae BODY KIT"}]},{"@type":"WebSite","@id":"https:\/\/kinamihealth.com\/#website","url":"https:\/\/kinamihealth.com\/","name":"Kinami Health","description":"","publisher":{"@id":"https:\/\/kinamihealth.com\/#organization"},"potentialAction":[{"@type":"SearchAction","target":{"@type":"EntryPoint","urlTemplate":"https:\/\/kinamihealth.com\/?s={search_term_string}"},"query-input":{"@type":"PropertyValueSpecification","valueRequired":true,"valueName":"search_term_string"}}],"inLanguage":"pl-PL"},{"@type":"Organization","@id":"https:\/\/kinamihealth.com\/#organization","name":"Kinami Health","url":"https:\/\/kinamihealth.com\/","logo":{"@type":"ImageObject","inLanguage":"pl-PL","@id":"https:\/\/kinamihealth.com\/#\/schema\/logo\/image\/","url":"https:\/\/kinamihealth.com\/wp-content\/uploads\/2025\/01\/KH_logo_black_2-1.png","contentUrl":"https:\/\/kinamihealth.com\/wp-content\/uploads\/2025\/01\/KH_logo_black_2-1.png","width":339,"height":34,"caption":"Kinami Health"},"image":{"@id":"https:\/\/kinamihealth.com\/#\/schema\/logo\/image\/"}}]}},"_links":{"self":[{"href":"https:\/\/kinamihealth.com\/pl\/wp-json\/wp\/v2\/product\/126724","targetHints":{"allow":["GET"]}}],"collection":[{"href":"https:\/\/kinamihealth.com\/pl\/wp-json\/wp\/v2\/product"}],"about":[{"href":"https:\/\/kinamihealth.com\/pl\/wp-json\/wp\/v2\/types\/product"}],"replies":[{"embeddable":true,"href":"https:\/\/kinamihealth.com\/pl\/wp-json\/wp\/v2\/comments?post=126724"}],"version-history":[{"count":0,"href":"https:\/\/kinamihealth.com\/pl\/wp-json\/wp\/v2\/product\/126724\/revisions"}],"wp:featuredmedia":[{"embeddable":true,"href":"https:\/\/kinamihealth.com\/pl\/wp-json\/wp\/v2\/media\/126728"}],"wp:attachment":[{"href":"https:\/\/kinamihealth.com\/pl\/wp-json\/wp\/v2\/media?parent=126724"}],"wp:term":[{"taxonomy":"product_brand","embeddable":true,"href":"https:\/\/kinamihealth.com\/pl\/wp-json\/wp\/v2\/product_brand?post=126724"},{"taxonomy":"product_cat","embeddable":true,"href":"https:\/\/kinamihealth.com\/pl\/wp-json\/wp\/v2\/product_cat?post=126724"},{"taxonomy":"product_tag","embeddable":true,"href":"https:\/\/kinamihealth.com\/pl\/wp-json\/wp\/v2\/product_tag?post=126724"}],"curies":[{"name":"wp","href":"https:\/\/api.w.org\/{rel}","templated":true}]}}