{"id":126712,"date":"2025-02-15T16:56:51","date_gmt":"2025-02-15T16:56:51","guid":{"rendered":"https:\/\/kinamihealth.com\/product\/radiesse-1-5ml-with-lidocaine\/"},"modified":"2025-12-11T00:48:33","modified_gmt":"2025-12-11T00:48:33","slug":"radiesse-1-5ml-with-lidocaine","status":"publish","type":"product","link":"https:\/\/kinamihealth.com\/pl\/produkt\/radiesse-1-5ml-with-lidocaine\/","title":{"rendered":"RADIESSE\u00ae (+) 1.5ml with Lidocaine"},"content":{"rendered":"<p><b>Radiesse Plus 1,5 ml z lidokain\u0105<\/b><span style=\"font-weight: 400;\"> to wysokiej jako\u015bci <\/span><b>wype\u0142niacz sk\u00f3rny<\/b><span style=\"font-weight: 400;\"> przeznaczony do skutecznego <\/span><b>przywracania obj\u0119to\u015bci twarzy i redukcji umiarkowanych do g\u0142\u0119bokich zmarszczek<\/b><span style=\"font-weight: 400;\">. To zaawansowane rozwi\u0105zanie estetyczne \u0142\u0105czy <\/span><b>mikrosfery hydroksyapatytu wapnia (CaHA)<\/b><span style=\"font-weight: 400;\"> w specjalistycznym no\u015bniku \u017celowym, zapewniaj\u0105c natychmiastowe <\/span><b>efekty zwi\u0119kszenia obj\u0119to\u015bci<\/b><span style=\"font-weight: 400;\">, jednocze\u015bnie <\/span><b>wspomagaj\u0105c naturaln\u0105 produkcj\u0119 kolagenu<\/b><span style=\"font-weight: 400;\">. Wzbogacony o lidokain\u0119 dla zwi\u0119kszenia komfortu pacjenta podczas zabiegu, ten <\/span><b>produkt zatwierdzony przez FDA<\/b><span style=\"font-weight: 400;\"> oferuje specjalistom medycznym niezawodn\u0105 opcj\u0119 odm\u0142adzania i modelowania twarzy.<\/span><\/p>\n","protected":false},"excerpt":{"rendered":"<p>Radiesse Plus 1,5 ml z lidokain\u0105 to wysokiej jako\u015bci wype\u0142niacz sk\u00f3rny przeznaczony do skutecznego przywracania obj\u0119to\u015bci twarzy i redukcji umiarkowanych do g\u0142\u0119bokich zmarszczek. To zaawansowane rozwi\u0105zanie estetyczne \u0142\u0105czy mikrosfery hydroksyapatytu wapnia (CaHA) w specjalistycznym no\u015bniku \u017celowym, zapewniaj\u0105c natychmiastowe efekty zwi\u0119kszenia obj\u0119to\u015bci, jednocze\u015bnie wspomagaj\u0105c naturaln\u0105 produkcj\u0119 kolagenu. Wzbogacony o lidokain\u0119 dla zwi\u0119kszenia komfortu pacjenta podczas zabiegu, [&hellip;]<\/p>\n","protected":false},"featured_media":126716,"comment_status":"closed","ping_status":"closed","template":"","meta":{"_acf_changed":false,"inline_featured_image":false},"product_brand":[2945],"product_cat":[4716,4174],"product_tag":[4176],"class_list":{"0":"post-126712","1":"product","2":"type-product","3":"status-publish","4":"has-post-thumbnail","6":"product_brand-radiesse","7":"product_cat-biostimulators-pl","8":"product_cat-dermal-fillers-pl","9":"product_tag-medical-devices-pl","11":"first","12":"instock","13":"taxable","14":"shipping-taxable","15":"purchasable","16":"product-type-simple","17":"add-to-wishlist-before_image"},"acf":[],"yoast_head":"<!-- This site is optimized with the Yoast SEO plugin v27.3 - https:\/\/yoast.com\/product\/yoast-seo-wordpress\/ -->\n<title>Kup Radiesse Plus 1,5 ml z lidokain\u0105 online<\/title>\n<meta name=\"description\" content=\"Kup Radiesse Plus 1,5 ml z lidokain\u0105 online, aby skutecznie zwi\u0119kszy\u0107 obj\u0119to\u015b\u0107 twarzy i wyg\u0142adzi\u0107 umiarkowane lub g\u0142\u0119bokie zmarszczki.\" \/>\n<meta name=\"robots\" content=\"index, follow, max-snippet:-1, max-image-preview:large, max-video-preview:-1\" \/>\n<link rel=\"canonical\" href=\"https:\/\/kinamihealth.com\/pl\/wp-json\/wp\/v2\/product\/126712\" \/>\n<meta property=\"og:locale\" content=\"pl_PL\" \/>\n<meta property=\"og:type\" content=\"article\" \/>\n<meta property=\"og:title\" content=\"Kup Radiesse Plus 1,5 ml z lidokain\u0105 online\" \/>\n<meta property=\"og:description\" content=\"Kup Radiesse Plus 1,5 ml z lidokain\u0105 online, aby skutecznie zwi\u0119kszy\u0107 obj\u0119to\u015b\u0107 twarzy i wyg\u0142adzi\u0107 umiarkowane lub g\u0142\u0119bokie zmarszczki.\" \/>\n<meta property=\"og:url\" content=\"https:\/\/kinamihealth.com\/pl\/produkt\/radiesse-1-5ml-with-lidocaine\/\" \/>\n<meta property=\"og:site_name\" content=\"Kinami Health\" \/>\n<meta property=\"article:modified_time\" content=\"2025-12-11T00:48:33+00:00\" \/>\n<meta property=\"og:image\" content=\"https:\/\/kinamihealth.com\/wp-content\/uploads\/2025\/02\/MERZ-RADIESSE-LIDO-1.5-01.jpg\" \/>\n\t<meta property=\"og:image:width\" content=\"800\" \/>\n\t<meta property=\"og:image:height\" content=\"800\" \/>\n\t<meta property=\"og:image:type\" content=\"image\/jpeg\" \/>\n<meta name=\"twitter:card\" content=\"summary_large_image\" \/>\n<meta name=\"twitter:label1\" content=\"Szacowany czas czytania\" \/>\n\t<meta name=\"twitter:data1\" content=\"1 minuta\" \/>\n<!-- \/ Yoast SEO plugin. -->","yoast_head_json":{"title":"Kup Radiesse Plus 1,5 ml z lidokain\u0105 online","description":"Kup Radiesse Plus 1,5 ml z lidokain\u0105 online, aby skutecznie zwi\u0119kszy\u0107 obj\u0119to\u015b\u0107 twarzy i wyg\u0142adzi\u0107 umiarkowane lub g\u0142\u0119bokie zmarszczki.","robots":{"index":"index","follow":"follow","max-snippet":"max-snippet:-1","max-image-preview":"max-image-preview:large","max-video-preview":"max-video-preview:-1"},"canonical":"https:\/\/kinamihealth.com\/pl\/wp-json\/wp\/v2\/product\/126712","og_locale":"pl_PL","og_type":"article","og_title":"Kup Radiesse Plus 1,5 ml z lidokain\u0105 online","og_description":"Kup Radiesse Plus 1,5 ml z lidokain\u0105 online, aby skutecznie zwi\u0119kszy\u0107 obj\u0119to\u015b\u0107 twarzy i wyg\u0142adzi\u0107 umiarkowane lub g\u0142\u0119bokie zmarszczki.","og_url":"https:\/\/kinamihealth.com\/pl\/produkt\/radiesse-1-5ml-with-lidocaine\/","og_site_name":"Kinami Health","article_modified_time":"2025-12-11T00:48:33+00:00","og_image":[{"width":800,"height":800,"url":"https:\/\/kinamihealth.com\/wp-content\/uploads\/2025\/02\/MERZ-RADIESSE-LIDO-1.5-01.jpg","type":"image\/jpeg"}],"twitter_card":"summary_large_image","twitter_misc":{"Szacowany czas czytania":"1 minuta"},"schema":{"@context":"https:\/\/schema.org","@graph":[{"@type":"WebPage","@id":"https:\/\/kinamihealth.com\/pl\/produkt\/radiesse-1-5ml-with-lidocaine\/","url":"https:\/\/kinamihealth.com\/pl\/produkt\/radiesse-1-5ml-with-lidocaine\/","name":"Kup Radiesse Plus 1,5 ml z lidokain\u0105 online","isPartOf":{"@id":"https:\/\/kinamihealth.com\/#website"},"primaryImageOfPage":{"@id":"https:\/\/kinamihealth.com\/pl\/produkt\/radiesse-1-5ml-with-lidocaine\/#primaryimage"},"image":{"@id":"https:\/\/kinamihealth.com\/pl\/produkt\/radiesse-1-5ml-with-lidocaine\/#primaryimage"},"thumbnailUrl":"https:\/\/kinamihealth.com\/wp-content\/uploads\/2025\/02\/MERZ-RADIESSE-LIDO-1.5-01.jpg","datePublished":"2025-02-15T16:56:51+00:00","dateModified":"2025-12-11T00:48:33+00:00","description":"Kup Radiesse Plus 1,5 ml z lidokain\u0105 online, aby skutecznie zwi\u0119kszy\u0107 obj\u0119to\u015b\u0107 twarzy i wyg\u0142adzi\u0107 umiarkowane lub g\u0142\u0119bokie zmarszczki.","breadcrumb":{"@id":"https:\/\/kinamihealth.com\/pl\/produkt\/radiesse-1-5ml-with-lidocaine\/#breadcrumb"},"inLanguage":"pl-PL","potentialAction":[{"@type":"ReadAction","target":["https:\/\/kinamihealth.com\/pl\/produkt\/radiesse-1-5ml-with-lidocaine\/"]}]},{"@type":"ImageObject","inLanguage":"pl-PL","@id":"https:\/\/kinamihealth.com\/pl\/produkt\/radiesse-1-5ml-with-lidocaine\/#primaryimage","url":"https:\/\/kinamihealth.com\/wp-content\/uploads\/2025\/02\/MERZ-RADIESSE-LIDO-1.5-01.jpg","contentUrl":"https:\/\/kinamihealth.com\/wp-content\/uploads\/2025\/02\/MERZ-RADIESSE-LIDO-1.5-01.jpg","width":800,"height":800},{"@type":"BreadcrumbList","@id":"https:\/\/kinamihealth.com\/pl\/produkt\/radiesse-1-5ml-with-lidocaine\/#breadcrumb","itemListElement":[{"@type":"ListItem","position":1,"name":"Strona g\u0142\u00f3wna","item":"https:\/\/kinamihealth.com\/sr\/"},{"@type":"ListItem","position":2,"name":"Sklep","item":"https:\/\/kinamihealth.com\/pl\/?page_id=128280"},{"@type":"ListItem","position":3,"name":"RADIESSE\u00ae (+) 1.5ml with Lidocaine"}]},{"@type":"WebSite","@id":"https:\/\/kinamihealth.com\/#website","url":"https:\/\/kinamihealth.com\/","name":"Kinami Health","description":"","publisher":{"@id":"https:\/\/kinamihealth.com\/#organization"},"potentialAction":[{"@type":"SearchAction","target":{"@type":"EntryPoint","urlTemplate":"https:\/\/kinamihealth.com\/?s={search_term_string}"},"query-input":{"@type":"PropertyValueSpecification","valueRequired":true,"valueName":"search_term_string"}}],"inLanguage":"pl-PL"},{"@type":"Organization","@id":"https:\/\/kinamihealth.com\/#organization","name":"Kinami Health","url":"https:\/\/kinamihealth.com\/","logo":{"@type":"ImageObject","inLanguage":"pl-PL","@id":"https:\/\/kinamihealth.com\/#\/schema\/logo\/image\/","url":"https:\/\/kinamihealth.com\/wp-content\/uploads\/2025\/01\/KH_logo_black_2-1.png","contentUrl":"https:\/\/kinamihealth.com\/wp-content\/uploads\/2025\/01\/KH_logo_black_2-1.png","width":339,"height":34,"caption":"Kinami Health"},"image":{"@id":"https:\/\/kinamihealth.com\/#\/schema\/logo\/image\/"}}]}},"_links":{"self":[{"href":"https:\/\/kinamihealth.com\/pl\/wp-json\/wp\/v2\/product\/126712","targetHints":{"allow":["GET"]}}],"collection":[{"href":"https:\/\/kinamihealth.com\/pl\/wp-json\/wp\/v2\/product"}],"about":[{"href":"https:\/\/kinamihealth.com\/pl\/wp-json\/wp\/v2\/types\/product"}],"replies":[{"embeddable":true,"href":"https:\/\/kinamihealth.com\/pl\/wp-json\/wp\/v2\/comments?post=126712"}],"version-history":[{"count":0,"href":"https:\/\/kinamihealth.com\/pl\/wp-json\/wp\/v2\/product\/126712\/revisions"}],"wp:featuredmedia":[{"embeddable":true,"href":"https:\/\/kinamihealth.com\/pl\/wp-json\/wp\/v2\/media\/126716"}],"wp:attachment":[{"href":"https:\/\/kinamihealth.com\/pl\/wp-json\/wp\/v2\/media?parent=126712"}],"wp:term":[{"taxonomy":"product_brand","embeddable":true,"href":"https:\/\/kinamihealth.com\/pl\/wp-json\/wp\/v2\/product_brand?post=126712"},{"taxonomy":"product_cat","embeddable":true,"href":"https:\/\/kinamihealth.com\/pl\/wp-json\/wp\/v2\/product_cat?post=126712"},{"taxonomy":"product_tag","embeddable":true,"href":"https:\/\/kinamihealth.com\/pl\/wp-json\/wp\/v2\/product_tag?post=126712"}],"curies":[{"name":"wp","href":"https:\/\/api.w.org\/{rel}","templated":true}]}}