{"id":125441,"date":"2025-02-15T16:56:13","date_gmt":"2025-02-15T16:56:13","guid":{"rendered":"https:\/\/kinamihealth.com\/product\/neauvia-organic-hydro-deluxe\/"},"modified":"2025-12-10T14:00:38","modified_gmt":"2025-12-10T14:00:38","slug":"neauvia-organic-hydro-deluxe","status":"publish","type":"product","link":"https:\/\/kinamihealth.com\/pl\/produkt\/neauvia-organic-hydro-deluxe\/","title":{"rendered":"NEAUVIA\u2122 ORGANIC HYDRO DELUXE"},"content":{"rendered":"<p><b>Neauvia Organic Hydro Deluxe<\/b><span style=\"font-weight: 400;\"> to niezwykle <\/span><b>skuteczny wype\u0142niacz sk\u00f3rny<\/b><span style=\"font-weight: 400;\">, kt\u00f3rego celem jest usuni\u0119cie pierwszych oznak starzenia si\u0119 sk\u00f3ry, a jednocze\u015bnie <\/span><b>przywr\u00f3cenie jej \u015bwie\u017co\u015bci<\/b><span style=\"font-weight: 400;\">, <\/span><b>uj\u0119drnienie<\/b><span style=\"font-weight: 400;\"> oraz zapewnienie <\/span><b>naturalnego i d\u0142ugotrwa\u0142ego blasku<\/b><span style=\"font-weight: 400;\">. Produkt ma ogromny potencja\u0142 w zakresie <\/span><b>odm\u0142adzania sk\u00f3ry<\/b><span style=\"font-weight: 400;\"> i <\/span><b>poprawy jej g\u0119sto\u015bci<\/b><span style=\"font-weight: 400;\">, aby uzyska\u0107 <\/span><b>m\u0142odzie\u0144czy i zdrowy wygl\u0105d<\/b><span style=\"font-weight: 400;\">.<\/span><\/p>\n","protected":false},"excerpt":{"rendered":"<p>Neauvia Organic Hydro Deluxe to niezwykle skuteczny wype\u0142niacz sk\u00f3rny, kt\u00f3rego celem jest usuni\u0119cie pierwszych oznak starzenia si\u0119 sk\u00f3ry, a jednocze\u015bnie przywr\u00f3cenie jej \u015bwie\u017co\u015bci, uj\u0119drnienie oraz zapewnienie naturalnego i d\u0142ugotrwa\u0142ego blasku. Produkt ma ogromny potencja\u0142 w zakresie odm\u0142adzania sk\u00f3ry i poprawy jej g\u0119sto\u015bci, aby uzyska\u0107 m\u0142odzie\u0144czy i zdrowy wygl\u0105d.<\/p>\n","protected":false},"featured_media":125442,"comment_status":"closed","ping_status":"closed","template":"","meta":{"_acf_changed":false,"inline_featured_image":false},"product_brand":[2927],"product_cat":[4174,4175],"product_tag":[4176],"class_list":{"0":"post-125441","1":"product","2":"type-product","3":"status-publish","4":"has-post-thumbnail","6":"product_brand-neauvia","7":"product_cat-dermal-fillers-pl","8":"product_cat-ha-dermal-fillers-pl","9":"product_tag-medical-devices-pl","11":"first","12":"instock","13":"taxable","14":"shipping-taxable","15":"purchasable","16":"product-type-simple","17":"add-to-wishlist-before_image"},"acf":[],"yoast_head":"<!-- This site is optimized with the Yoast SEO plugin v27.1.1 - https:\/\/yoast.com\/product\/yoast-seo-wordpress\/ -->\n<title>Kup Neauvia Organic Hydro Deluxe online<\/title>\n<meta name=\"description\" content=\"Kup Neauvia Organic Hydro Deluxe online \u2013 niezwykle skuteczny wype\u0142niacz sk\u00f3rny, kt\u00f3ry maksymalnie poprawia nawil\u017cenie sk\u00f3ry i usuwa oznaki starzenia.\" \/>\n<meta name=\"robots\" content=\"index, follow, max-snippet:-1, max-image-preview:large, max-video-preview:-1\" \/>\n<link rel=\"canonical\" href=\"https:\/\/kinamihealth.com\/pl\/wp-json\/wp\/v2\/product\/125441\" \/>\n<meta property=\"og:locale\" content=\"pl_PL\" \/>\n<meta property=\"og:type\" content=\"article\" \/>\n<meta property=\"og:title\" content=\"Kup Neauvia Organic Hydro Deluxe online\" \/>\n<meta property=\"og:description\" content=\"Kup Neauvia Organic Hydro Deluxe online \u2013 niezwykle skuteczny wype\u0142niacz sk\u00f3rny, kt\u00f3ry maksymalnie poprawia nawil\u017cenie sk\u00f3ry i usuwa oznaki starzenia.\" \/>\n<meta property=\"og:url\" content=\"https:\/\/kinamihealth.com\/pl\/produkt\/neauvia-organic-hydro-deluxe\/\" \/>\n<meta property=\"og:site_name\" content=\"Kinami Health\" \/>\n<meta property=\"article:modified_time\" content=\"2025-12-10T14:00:38+00:00\" \/>\n<meta property=\"og:image\" content=\"https:\/\/kinamihealth.com\/wp-content\/uploads\/2025\/02\/NEAUVIA-HYDRODELUXE-2X1-01.jpg\" \/>\n\t<meta property=\"og:image:width\" content=\"800\" \/>\n\t<meta property=\"og:image:height\" content=\"800\" \/>\n\t<meta property=\"og:image:type\" content=\"image\/jpeg\" \/>\n<meta name=\"twitter:card\" content=\"summary_large_image\" \/>\n<meta name=\"twitter:label1\" content=\"Szacowany czas czytania\" \/>\n\t<meta name=\"twitter:data1\" content=\"1 minuta\" \/>\n<!-- \/ Yoast SEO plugin. -->","yoast_head_json":{"title":"Kup Neauvia Organic Hydro Deluxe online","description":"Kup Neauvia Organic Hydro Deluxe online \u2013 niezwykle skuteczny wype\u0142niacz sk\u00f3rny, kt\u00f3ry maksymalnie poprawia nawil\u017cenie sk\u00f3ry i usuwa oznaki starzenia.","robots":{"index":"index","follow":"follow","max-snippet":"max-snippet:-1","max-image-preview":"max-image-preview:large","max-video-preview":"max-video-preview:-1"},"canonical":"https:\/\/kinamihealth.com\/pl\/wp-json\/wp\/v2\/product\/125441","og_locale":"pl_PL","og_type":"article","og_title":"Kup Neauvia Organic Hydro Deluxe online","og_description":"Kup Neauvia Organic Hydro Deluxe online \u2013 niezwykle skuteczny wype\u0142niacz sk\u00f3rny, kt\u00f3ry maksymalnie poprawia nawil\u017cenie sk\u00f3ry i usuwa oznaki starzenia.","og_url":"https:\/\/kinamihealth.com\/pl\/produkt\/neauvia-organic-hydro-deluxe\/","og_site_name":"Kinami Health","article_modified_time":"2025-12-10T14:00:38+00:00","og_image":[{"width":800,"height":800,"url":"https:\/\/kinamihealth.com\/wp-content\/uploads\/2025\/02\/NEAUVIA-HYDRODELUXE-2X1-01.jpg","type":"image\/jpeg"}],"twitter_card":"summary_large_image","twitter_misc":{"Szacowany czas czytania":"1 minuta"},"schema":{"@context":"https:\/\/schema.org","@graph":[{"@type":"WebPage","@id":"https:\/\/kinamihealth.com\/pl\/produkt\/neauvia-organic-hydro-deluxe\/","url":"https:\/\/kinamihealth.com\/pl\/produkt\/neauvia-organic-hydro-deluxe\/","name":"Kup Neauvia Organic Hydro Deluxe online","isPartOf":{"@id":"https:\/\/kinamihealth.com\/#website"},"primaryImageOfPage":{"@id":"https:\/\/kinamihealth.com\/pl\/produkt\/neauvia-organic-hydro-deluxe\/#primaryimage"},"image":{"@id":"https:\/\/kinamihealth.com\/pl\/produkt\/neauvia-organic-hydro-deluxe\/#primaryimage"},"thumbnailUrl":"https:\/\/kinamihealth.com\/wp-content\/uploads\/2025\/02\/NEAUVIA-HYDRODELUXE-2X1-01.jpg","datePublished":"2025-02-15T16:56:13+00:00","dateModified":"2025-12-10T14:00:38+00:00","description":"Kup Neauvia Organic Hydro Deluxe online \u2013 niezwykle skuteczny wype\u0142niacz sk\u00f3rny, kt\u00f3ry maksymalnie poprawia nawil\u017cenie sk\u00f3ry i usuwa oznaki starzenia.","breadcrumb":{"@id":"https:\/\/kinamihealth.com\/pl\/produkt\/neauvia-organic-hydro-deluxe\/#breadcrumb"},"inLanguage":"pl-PL","potentialAction":[{"@type":"ReadAction","target":["https:\/\/kinamihealth.com\/pl\/produkt\/neauvia-organic-hydro-deluxe\/"]}]},{"@type":"ImageObject","inLanguage":"pl-PL","@id":"https:\/\/kinamihealth.com\/pl\/produkt\/neauvia-organic-hydro-deluxe\/#primaryimage","url":"https:\/\/kinamihealth.com\/wp-content\/uploads\/2025\/02\/NEAUVIA-HYDRODELUXE-2X1-01.jpg","contentUrl":"https:\/\/kinamihealth.com\/wp-content\/uploads\/2025\/02\/NEAUVIA-HYDRODELUXE-2X1-01.jpg","width":800,"height":800},{"@type":"BreadcrumbList","@id":"https:\/\/kinamihealth.com\/pl\/produkt\/neauvia-organic-hydro-deluxe\/#breadcrumb","itemListElement":[{"@type":"ListItem","position":1,"name":"Strona g\u0142\u00f3wna","item":"https:\/\/kinamihealth.com\/sr\/"},{"@type":"ListItem","position":2,"name":"Sklep","item":"https:\/\/kinamihealth.com\/pl\/?page_id=128280"},{"@type":"ListItem","position":3,"name":"NEAUVIA\u2122 ORGANIC HYDRO DELUXE"}]},{"@type":"WebSite","@id":"https:\/\/kinamihealth.com\/#website","url":"https:\/\/kinamihealth.com\/","name":"Kinami Health","description":"","publisher":{"@id":"https:\/\/kinamihealth.com\/#organization"},"potentialAction":[{"@type":"SearchAction","target":{"@type":"EntryPoint","urlTemplate":"https:\/\/kinamihealth.com\/?s={search_term_string}"},"query-input":{"@type":"PropertyValueSpecification","valueRequired":true,"valueName":"search_term_string"}}],"inLanguage":"pl-PL"},{"@type":"Organization","@id":"https:\/\/kinamihealth.com\/#organization","name":"Kinami Health","url":"https:\/\/kinamihealth.com\/","logo":{"@type":"ImageObject","inLanguage":"pl-PL","@id":"https:\/\/kinamihealth.com\/#\/schema\/logo\/image\/","url":"https:\/\/kinamihealth.com\/wp-content\/uploads\/2025\/01\/KH_logo_black_2-1.png","contentUrl":"https:\/\/kinamihealth.com\/wp-content\/uploads\/2025\/01\/KH_logo_black_2-1.png","width":339,"height":34,"caption":"Kinami Health"},"image":{"@id":"https:\/\/kinamihealth.com\/#\/schema\/logo\/image\/"}}]}},"_links":{"self":[{"href":"https:\/\/kinamihealth.com\/pl\/wp-json\/wp\/v2\/product\/125441","targetHints":{"allow":["GET"]}}],"collection":[{"href":"https:\/\/kinamihealth.com\/pl\/wp-json\/wp\/v2\/product"}],"about":[{"href":"https:\/\/kinamihealth.com\/pl\/wp-json\/wp\/v2\/types\/product"}],"replies":[{"embeddable":true,"href":"https:\/\/kinamihealth.com\/pl\/wp-json\/wp\/v2\/comments?post=125441"}],"version-history":[{"count":0,"href":"https:\/\/kinamihealth.com\/pl\/wp-json\/wp\/v2\/product\/125441\/revisions"}],"wp:featuredmedia":[{"embeddable":true,"href":"https:\/\/kinamihealth.com\/pl\/wp-json\/wp\/v2\/media\/125442"}],"wp:attachment":[{"href":"https:\/\/kinamihealth.com\/pl\/wp-json\/wp\/v2\/media?parent=125441"}],"wp:term":[{"taxonomy":"product_brand","embeddable":true,"href":"https:\/\/kinamihealth.com\/pl\/wp-json\/wp\/v2\/product_brand?post=125441"},{"taxonomy":"product_cat","embeddable":true,"href":"https:\/\/kinamihealth.com\/pl\/wp-json\/wp\/v2\/product_cat?post=125441"},{"taxonomy":"product_tag","embeddable":true,"href":"https:\/\/kinamihealth.com\/pl\/wp-json\/wp\/v2\/product_tag?post=125441"}],"curies":[{"name":"wp","href":"https:\/\/api.w.org\/{rel}","templated":true}]}}