{"id":125436,"date":"2025-02-15T16:56:18","date_gmt":"2025-02-15T16:56:18","guid":{"rendered":"https:\/\/kinamihealth.com\/product\/neauvia-organic-hydro-deluxe-man\/"},"modified":"2025-12-10T14:28:34","modified_gmt":"2025-12-10T14:28:34","slug":"neauvia-organic-hydro-deluxe-man","status":"publish","type":"product","link":"https:\/\/kinamihealth.com\/pl\/produkt\/neauvia-organic-hydro-deluxe-man\/","title":{"rendered":"NEAUVIA\u2122 ORGANIC HYDRO DELUXE MAN"},"content":{"rendered":"<p><b>NEAUVIA ORGANIC HYDRO DELUXE MAN<\/b><span style=\"font-weight: 400;\"> to niezwykle wydajny i <\/span><b><i>skuteczny wype\u0142niacz sk\u00f3rny<\/i><\/b><span style=\"font-weight: 400;\"> dla m\u0119\u017cczyzn, kt\u00f3ry maksymalnie <\/span><b>poprawia jako\u015b\u0107 sk\u00f3ry<\/b><span style=\"font-weight: 400;\"> i <\/span><b>zwi\u0119ksza jej nawil\u017cenie<\/b><span style=\"font-weight: 400;\">. Ten wysoce skuteczny produkt do piel\u0119gnacji sk\u00f3ry mo\u017ce ca\u0142kowicie <\/span><b>przed\u0142u\u017cy\u0107 \u015bwie\u017co\u015b\u0107<\/b><span style=\"font-weight: 400;\"> i <\/span><b>blask matowej i szorstkiej m\u0119skiej sk\u00f3ry<\/b><span style=\"font-weight: 400;\">.<\/span><\/p>\n","protected":false},"excerpt":{"rendered":"<p>NEAUVIA ORGANIC HYDRO DELUXE MAN to niezwykle wydajny i skuteczny wype\u0142niacz sk\u00f3rny dla m\u0119\u017cczyzn, kt\u00f3ry maksymalnie poprawia jako\u015b\u0107 sk\u00f3ry i zwi\u0119ksza jej nawil\u017cenie. Ten wysoce skuteczny produkt do piel\u0119gnacji sk\u00f3ry mo\u017ce ca\u0142kowicie przed\u0142u\u017cy\u0107 \u015bwie\u017co\u015b\u0107 i blask matowej i szorstkiej m\u0119skiej sk\u00f3ry.<\/p>\n","protected":false},"featured_media":125437,"comment_status":"closed","ping_status":"closed","template":"","meta":{"_acf_changed":false,"inline_featured_image":false},"product_brand":[2927],"product_cat":[4174,4175],"product_tag":[4176],"class_list":{"0":"post-125436","1":"product","2":"type-product","3":"status-publish","4":"has-post-thumbnail","6":"product_brand-neauvia","7":"product_cat-dermal-fillers-pl","8":"product_cat-ha-dermal-fillers-pl","9":"product_tag-medical-devices-pl","11":"first","12":"instock","13":"taxable","14":"shipping-taxable","15":"purchasable","16":"product-type-simple","17":"add-to-wishlist-before_image"},"acf":[],"yoast_head":"<!-- This site is optimized with the Yoast SEO plugin v27.1.1 - https:\/\/yoast.com\/product\/yoast-seo-wordpress\/ -->\n<title>Kup NEAUVIA ORGANIC HYDRO DELUXE MAN online<\/title>\n<meta name=\"description\" content=\"Kup NEAUVIA ORGANIC HYDRO DELUXE MAN online \u2013 profesjonalny produkt do piel\u0119gnacji sk\u00f3ry, kt\u00f3ry zwalcza oznaki starzenia si\u0119 sk\u00f3ry u m\u0119\u017cczyzn i skutecznie o\u017cywia matow\u0105 cer\u0119.\" \/>\n<meta name=\"robots\" content=\"index, follow, max-snippet:-1, max-image-preview:large, max-video-preview:-1\" \/>\n<link rel=\"canonical\" href=\"https:\/\/kinamihealth.com\/pl\/wp-json\/wp\/v2\/product\/125436\" \/>\n<meta property=\"og:locale\" content=\"pl_PL\" \/>\n<meta property=\"og:type\" content=\"article\" \/>\n<meta property=\"og:title\" content=\"Kup NEAUVIA ORGANIC HYDRO DELUXE MAN online\" \/>\n<meta property=\"og:description\" content=\"Kup NEAUVIA ORGANIC HYDRO DELUXE MAN online \u2013 profesjonalny produkt do piel\u0119gnacji sk\u00f3ry, kt\u00f3ry zwalcza oznaki starzenia si\u0119 sk\u00f3ry u m\u0119\u017cczyzn i skutecznie o\u017cywia matow\u0105 cer\u0119.\" \/>\n<meta property=\"og:url\" content=\"https:\/\/kinamihealth.com\/pl\/produkt\/neauvia-organic-hydro-deluxe-man\/\" \/>\n<meta property=\"og:site_name\" content=\"Kinami Health\" \/>\n<meta property=\"article:modified_time\" content=\"2025-12-10T14:28:34+00:00\" \/>\n<meta property=\"og:image\" content=\"https:\/\/kinamihealth.com\/wp-content\/uploads\/2025\/02\/NEAUVIA-HYDRODELUXE-MAN-01.jpg\" \/>\n\t<meta property=\"og:image:width\" content=\"800\" \/>\n\t<meta property=\"og:image:height\" content=\"800\" \/>\n\t<meta property=\"og:image:type\" content=\"image\/jpeg\" \/>\n<meta name=\"twitter:card\" content=\"summary_large_image\" \/>\n<meta name=\"twitter:label1\" content=\"Szacowany czas czytania\" \/>\n\t<meta name=\"twitter:data1\" content=\"1 minuta\" \/>\n<!-- \/ Yoast SEO plugin. -->","yoast_head_json":{"title":"Kup NEAUVIA ORGANIC HYDRO DELUXE MAN online","description":"Kup NEAUVIA ORGANIC HYDRO DELUXE MAN online \u2013 profesjonalny produkt do piel\u0119gnacji sk\u00f3ry, kt\u00f3ry zwalcza oznaki starzenia si\u0119 sk\u00f3ry u m\u0119\u017cczyzn i skutecznie o\u017cywia matow\u0105 cer\u0119.","robots":{"index":"index","follow":"follow","max-snippet":"max-snippet:-1","max-image-preview":"max-image-preview:large","max-video-preview":"max-video-preview:-1"},"canonical":"https:\/\/kinamihealth.com\/pl\/wp-json\/wp\/v2\/product\/125436","og_locale":"pl_PL","og_type":"article","og_title":"Kup NEAUVIA ORGANIC HYDRO DELUXE MAN online","og_description":"Kup NEAUVIA ORGANIC HYDRO DELUXE MAN online \u2013 profesjonalny produkt do piel\u0119gnacji sk\u00f3ry, kt\u00f3ry zwalcza oznaki starzenia si\u0119 sk\u00f3ry u m\u0119\u017cczyzn i skutecznie o\u017cywia matow\u0105 cer\u0119.","og_url":"https:\/\/kinamihealth.com\/pl\/produkt\/neauvia-organic-hydro-deluxe-man\/","og_site_name":"Kinami Health","article_modified_time":"2025-12-10T14:28:34+00:00","og_image":[{"width":800,"height":800,"url":"https:\/\/kinamihealth.com\/wp-content\/uploads\/2025\/02\/NEAUVIA-HYDRODELUXE-MAN-01.jpg","type":"image\/jpeg"}],"twitter_card":"summary_large_image","twitter_misc":{"Szacowany czas czytania":"1 minuta"},"schema":{"@context":"https:\/\/schema.org","@graph":[{"@type":"WebPage","@id":"https:\/\/kinamihealth.com\/pl\/produkt\/neauvia-organic-hydro-deluxe-man\/","url":"https:\/\/kinamihealth.com\/pl\/produkt\/neauvia-organic-hydro-deluxe-man\/","name":"Kup NEAUVIA ORGANIC HYDRO DELUXE MAN online","isPartOf":{"@id":"https:\/\/kinamihealth.com\/#website"},"primaryImageOfPage":{"@id":"https:\/\/kinamihealth.com\/pl\/produkt\/neauvia-organic-hydro-deluxe-man\/#primaryimage"},"image":{"@id":"https:\/\/kinamihealth.com\/pl\/produkt\/neauvia-organic-hydro-deluxe-man\/#primaryimage"},"thumbnailUrl":"https:\/\/kinamihealth.com\/wp-content\/uploads\/2025\/02\/NEAUVIA-HYDRODELUXE-MAN-01.jpg","datePublished":"2025-02-15T16:56:18+00:00","dateModified":"2025-12-10T14:28:34+00:00","description":"Kup NEAUVIA ORGANIC HYDRO DELUXE MAN online \u2013 profesjonalny produkt do piel\u0119gnacji sk\u00f3ry, kt\u00f3ry zwalcza oznaki starzenia si\u0119 sk\u00f3ry u m\u0119\u017cczyzn i skutecznie o\u017cywia matow\u0105 cer\u0119.","breadcrumb":{"@id":"https:\/\/kinamihealth.com\/pl\/produkt\/neauvia-organic-hydro-deluxe-man\/#breadcrumb"},"inLanguage":"pl-PL","potentialAction":[{"@type":"ReadAction","target":["https:\/\/kinamihealth.com\/pl\/produkt\/neauvia-organic-hydro-deluxe-man\/"]}]},{"@type":"ImageObject","inLanguage":"pl-PL","@id":"https:\/\/kinamihealth.com\/pl\/produkt\/neauvia-organic-hydro-deluxe-man\/#primaryimage","url":"https:\/\/kinamihealth.com\/wp-content\/uploads\/2025\/02\/NEAUVIA-HYDRODELUXE-MAN-01.jpg","contentUrl":"https:\/\/kinamihealth.com\/wp-content\/uploads\/2025\/02\/NEAUVIA-HYDRODELUXE-MAN-01.jpg","width":800,"height":800},{"@type":"BreadcrumbList","@id":"https:\/\/kinamihealth.com\/pl\/produkt\/neauvia-organic-hydro-deluxe-man\/#breadcrumb","itemListElement":[{"@type":"ListItem","position":1,"name":"Strona g\u0142\u00f3wna","item":"https:\/\/kinamihealth.com\/sr\/"},{"@type":"ListItem","position":2,"name":"Sklep","item":"https:\/\/kinamihealth.com\/pl\/?page_id=128280"},{"@type":"ListItem","position":3,"name":"NEAUVIA\u2122 ORGANIC HYDRO DELUXE MAN"}]},{"@type":"WebSite","@id":"https:\/\/kinamihealth.com\/#website","url":"https:\/\/kinamihealth.com\/","name":"Kinami Health","description":"","publisher":{"@id":"https:\/\/kinamihealth.com\/#organization"},"potentialAction":[{"@type":"SearchAction","target":{"@type":"EntryPoint","urlTemplate":"https:\/\/kinamihealth.com\/?s={search_term_string}"},"query-input":{"@type":"PropertyValueSpecification","valueRequired":true,"valueName":"search_term_string"}}],"inLanguage":"pl-PL"},{"@type":"Organization","@id":"https:\/\/kinamihealth.com\/#organization","name":"Kinami Health","url":"https:\/\/kinamihealth.com\/","logo":{"@type":"ImageObject","inLanguage":"pl-PL","@id":"https:\/\/kinamihealth.com\/#\/schema\/logo\/image\/","url":"https:\/\/kinamihealth.com\/wp-content\/uploads\/2025\/01\/KH_logo_black_2-1.png","contentUrl":"https:\/\/kinamihealth.com\/wp-content\/uploads\/2025\/01\/KH_logo_black_2-1.png","width":339,"height":34,"caption":"Kinami Health"},"image":{"@id":"https:\/\/kinamihealth.com\/#\/schema\/logo\/image\/"}}]}},"_links":{"self":[{"href":"https:\/\/kinamihealth.com\/pl\/wp-json\/wp\/v2\/product\/125436","targetHints":{"allow":["GET"]}}],"collection":[{"href":"https:\/\/kinamihealth.com\/pl\/wp-json\/wp\/v2\/product"}],"about":[{"href":"https:\/\/kinamihealth.com\/pl\/wp-json\/wp\/v2\/types\/product"}],"replies":[{"embeddable":true,"href":"https:\/\/kinamihealth.com\/pl\/wp-json\/wp\/v2\/comments?post=125436"}],"version-history":[{"count":0,"href":"https:\/\/kinamihealth.com\/pl\/wp-json\/wp\/v2\/product\/125436\/revisions"}],"wp:featuredmedia":[{"embeddable":true,"href":"https:\/\/kinamihealth.com\/pl\/wp-json\/wp\/v2\/media\/125437"}],"wp:attachment":[{"href":"https:\/\/kinamihealth.com\/pl\/wp-json\/wp\/v2\/media?parent=125436"}],"wp:term":[{"taxonomy":"product_brand","embeddable":true,"href":"https:\/\/kinamihealth.com\/pl\/wp-json\/wp\/v2\/product_brand?post=125436"},{"taxonomy":"product_cat","embeddable":true,"href":"https:\/\/kinamihealth.com\/pl\/wp-json\/wp\/v2\/product_cat?post=125436"},{"taxonomy":"product_tag","embeddable":true,"href":"https:\/\/kinamihealth.com\/pl\/wp-json\/wp\/v2\/product_tag?post=125436"}],"curies":[{"name":"wp","href":"https:\/\/api.w.org\/{rel}","templated":true}]}}