{"id":125431,"date":"2025-02-15T16:56:19","date_gmt":"2025-02-15T16:56:19","guid":{"rendered":"https:\/\/kinamihealth.com\/product\/neauvia-organic-intense\/"},"modified":"2025-12-10T15:00:50","modified_gmt":"2025-12-10T15:00:50","slug":"neauvia-organic-intense","status":"publish","type":"product","link":"https:\/\/kinamihealth.com\/pl\/produkt\/neauvia-organic-intense\/","title":{"rendered":"NEAUVIA\u2122 ORGANIC INTENSE"},"content":{"rendered":"<p><b>Neauvia Organic Intense<\/b><span style=\"font-weight: 400;\"> to silny i <\/span><b>starannie opracowany wype\u0142niacz sk\u00f3rny na bazie kwasu hialuronowego<\/b><span style=\"font-weight: 400;\">, kt\u00f3ry skutecznie <\/span><b>zwi\u0119ksza elastyczno\u015b\u0107 sk\u00f3ry<\/b><span style=\"font-weight: 400;\">, <\/span><b>odbudowuj\u0105c starzej\u0105c\u0105 si\u0119 sk\u00f3r\u0119<\/b><span style=\"font-weight: 400;\"> i <\/span><b>eliminuj\u0105c g\u0142\u0119bokie zmarszczki<\/b><span style=\"font-weight: 400;\">. Ten skuteczny wype\u0142niacz sk\u00f3rny ma g\u0142\u0119bokie w\u0142a\u015bciwo\u015bci wype\u0142niaj\u0105ce, zwalczaj\u0105c nawet uporczywe zmarszczki i kompensuj\u0105c utrat\u0119 obj\u0119to\u015bci sk\u00f3ry.<\/span><\/p>\n","protected":false},"excerpt":{"rendered":"<p>Neauvia Organic Intense to silny i starannie opracowany wype\u0142niacz sk\u00f3rny na bazie kwasu hialuronowego, kt\u00f3ry skutecznie zwi\u0119ksza elastyczno\u015b\u0107 sk\u00f3ry, odbudowuj\u0105c starzej\u0105c\u0105 si\u0119 sk\u00f3r\u0119 i eliminuj\u0105c g\u0142\u0119bokie zmarszczki. Ten skuteczny wype\u0142niacz sk\u00f3rny ma g\u0142\u0119bokie w\u0142a\u015bciwo\u015bci wype\u0142niaj\u0105ce, zwalczaj\u0105c nawet uporczywe zmarszczki i kompensuj\u0105c utrat\u0119 obj\u0119to\u015bci sk\u00f3ry.<\/p>\n","protected":false},"featured_media":125435,"comment_status":"closed","ping_status":"closed","template":"","meta":{"_acf_changed":false,"inline_featured_image":false},"product_brand":[2927],"product_cat":[4174,4175],"product_tag":[4176],"class_list":{"0":"post-125431","1":"product","2":"type-product","3":"status-publish","4":"has-post-thumbnail","6":"product_brand-neauvia","7":"product_cat-dermal-fillers-pl","8":"product_cat-ha-dermal-fillers-pl","9":"product_tag-medical-devices-pl","11":"first","12":"instock","13":"taxable","14":"shipping-taxable","15":"purchasable","16":"product-type-simple","17":"add-to-wishlist-before_image"},"acf":[],"yoast_head":"<!-- This site is optimized with the Yoast SEO plugin v27.1.1 - https:\/\/yoast.com\/product\/yoast-seo-wordpress\/ -->\n<title>Kup Neauvia Organic Intense online<\/title>\n<meta name=\"description\" content=\"Kup Neauvia Organic Intense online \u2013 zaawansowany wype\u0142niacz z kwasem hialuronowym, kt\u00f3ry skutecznie odm\u0142adza, uj\u0119drnia i przywraca obj\u0119to\u015b\u0107 starzej\u0105cej si\u0119 sk\u00f3rze.\" \/>\n<meta name=\"robots\" content=\"index, follow, max-snippet:-1, max-image-preview:large, max-video-preview:-1\" \/>\n<link rel=\"canonical\" href=\"https:\/\/kinamihealth.com\/pl\/wp-json\/wp\/v2\/product\/125431\" \/>\n<meta property=\"og:locale\" content=\"pl_PL\" \/>\n<meta property=\"og:type\" content=\"article\" \/>\n<meta property=\"og:title\" content=\"Kup Neauvia Organic Intense online\" \/>\n<meta property=\"og:description\" content=\"Kup Neauvia Organic Intense online \u2013 zaawansowany wype\u0142niacz z kwasem hialuronowym, kt\u00f3ry skutecznie odm\u0142adza, uj\u0119drnia i przywraca obj\u0119to\u015b\u0107 starzej\u0105cej si\u0119 sk\u00f3rze.\" \/>\n<meta property=\"og:url\" content=\"https:\/\/kinamihealth.com\/pl\/produkt\/neauvia-organic-intense\/\" \/>\n<meta property=\"og:site_name\" content=\"Kinami Health\" \/>\n<meta property=\"article:modified_time\" content=\"2025-12-10T15:00:50+00:00\" \/>\n<meta property=\"og:image\" content=\"https:\/\/kinamihealth.com\/wp-content\/uploads\/2025\/02\/NEAUVIA-INTENSE-03.jpg\" \/>\n\t<meta property=\"og:image:width\" content=\"800\" \/>\n\t<meta property=\"og:image:height\" content=\"800\" \/>\n\t<meta property=\"og:image:type\" content=\"image\/jpeg\" \/>\n<meta name=\"twitter:card\" content=\"summary_large_image\" \/>\n<meta name=\"twitter:label1\" content=\"Szacowany czas czytania\" \/>\n\t<meta name=\"twitter:data1\" content=\"1 minuta\" \/>\n<!-- \/ Yoast SEO plugin. -->","yoast_head_json":{"title":"Kup Neauvia Organic Intense online","description":"Kup Neauvia Organic Intense online \u2013 zaawansowany wype\u0142niacz z kwasem hialuronowym, kt\u00f3ry skutecznie odm\u0142adza, uj\u0119drnia i przywraca obj\u0119to\u015b\u0107 starzej\u0105cej si\u0119 sk\u00f3rze.","robots":{"index":"index","follow":"follow","max-snippet":"max-snippet:-1","max-image-preview":"max-image-preview:large","max-video-preview":"max-video-preview:-1"},"canonical":"https:\/\/kinamihealth.com\/pl\/wp-json\/wp\/v2\/product\/125431","og_locale":"pl_PL","og_type":"article","og_title":"Kup Neauvia Organic Intense online","og_description":"Kup Neauvia Organic Intense online \u2013 zaawansowany wype\u0142niacz z kwasem hialuronowym, kt\u00f3ry skutecznie odm\u0142adza, uj\u0119drnia i przywraca obj\u0119to\u015b\u0107 starzej\u0105cej si\u0119 sk\u00f3rze.","og_url":"https:\/\/kinamihealth.com\/pl\/produkt\/neauvia-organic-intense\/","og_site_name":"Kinami Health","article_modified_time":"2025-12-10T15:00:50+00:00","og_image":[{"width":800,"height":800,"url":"https:\/\/kinamihealth.com\/wp-content\/uploads\/2025\/02\/NEAUVIA-INTENSE-03.jpg","type":"image\/jpeg"}],"twitter_card":"summary_large_image","twitter_misc":{"Szacowany czas czytania":"1 minuta"},"schema":{"@context":"https:\/\/schema.org","@graph":[{"@type":"WebPage","@id":"https:\/\/kinamihealth.com\/pl\/produkt\/neauvia-organic-intense\/","url":"https:\/\/kinamihealth.com\/pl\/produkt\/neauvia-organic-intense\/","name":"Kup Neauvia Organic Intense online","isPartOf":{"@id":"https:\/\/kinamihealth.com\/#website"},"primaryImageOfPage":{"@id":"https:\/\/kinamihealth.com\/pl\/produkt\/neauvia-organic-intense\/#primaryimage"},"image":{"@id":"https:\/\/kinamihealth.com\/pl\/produkt\/neauvia-organic-intense\/#primaryimage"},"thumbnailUrl":"https:\/\/kinamihealth.com\/wp-content\/uploads\/2025\/02\/NEAUVIA-INTENSE-03.jpg","datePublished":"2025-02-15T16:56:19+00:00","dateModified":"2025-12-10T15:00:50+00:00","description":"Kup Neauvia Organic Intense online \u2013 zaawansowany wype\u0142niacz z kwasem hialuronowym, kt\u00f3ry skutecznie odm\u0142adza, uj\u0119drnia i przywraca obj\u0119to\u015b\u0107 starzej\u0105cej si\u0119 sk\u00f3rze.","breadcrumb":{"@id":"https:\/\/kinamihealth.com\/pl\/produkt\/neauvia-organic-intense\/#breadcrumb"},"inLanguage":"pl-PL","potentialAction":[{"@type":"ReadAction","target":["https:\/\/kinamihealth.com\/pl\/produkt\/neauvia-organic-intense\/"]}]},{"@type":"ImageObject","inLanguage":"pl-PL","@id":"https:\/\/kinamihealth.com\/pl\/produkt\/neauvia-organic-intense\/#primaryimage","url":"https:\/\/kinamihealth.com\/wp-content\/uploads\/2025\/02\/NEAUVIA-INTENSE-03.jpg","contentUrl":"https:\/\/kinamihealth.com\/wp-content\/uploads\/2025\/02\/NEAUVIA-INTENSE-03.jpg","width":800,"height":800},{"@type":"BreadcrumbList","@id":"https:\/\/kinamihealth.com\/pl\/produkt\/neauvia-organic-intense\/#breadcrumb","itemListElement":[{"@type":"ListItem","position":1,"name":"Strona g\u0142\u00f3wna","item":"https:\/\/kinamihealth.com\/sr\/"},{"@type":"ListItem","position":2,"name":"Sklep","item":"https:\/\/kinamihealth.com\/pl\/?page_id=128280"},{"@type":"ListItem","position":3,"name":"NEAUVIA\u2122 ORGANIC INTENSE"}]},{"@type":"WebSite","@id":"https:\/\/kinamihealth.com\/#website","url":"https:\/\/kinamihealth.com\/","name":"Kinami Health","description":"","publisher":{"@id":"https:\/\/kinamihealth.com\/#organization"},"potentialAction":[{"@type":"SearchAction","target":{"@type":"EntryPoint","urlTemplate":"https:\/\/kinamihealth.com\/?s={search_term_string}"},"query-input":{"@type":"PropertyValueSpecification","valueRequired":true,"valueName":"search_term_string"}}],"inLanguage":"pl-PL"},{"@type":"Organization","@id":"https:\/\/kinamihealth.com\/#organization","name":"Kinami Health","url":"https:\/\/kinamihealth.com\/","logo":{"@type":"ImageObject","inLanguage":"pl-PL","@id":"https:\/\/kinamihealth.com\/#\/schema\/logo\/image\/","url":"https:\/\/kinamihealth.com\/wp-content\/uploads\/2025\/01\/KH_logo_black_2-1.png","contentUrl":"https:\/\/kinamihealth.com\/wp-content\/uploads\/2025\/01\/KH_logo_black_2-1.png","width":339,"height":34,"caption":"Kinami Health"},"image":{"@id":"https:\/\/kinamihealth.com\/#\/schema\/logo\/image\/"}}]}},"_links":{"self":[{"href":"https:\/\/kinamihealth.com\/pl\/wp-json\/wp\/v2\/product\/125431","targetHints":{"allow":["GET"]}}],"collection":[{"href":"https:\/\/kinamihealth.com\/pl\/wp-json\/wp\/v2\/product"}],"about":[{"href":"https:\/\/kinamihealth.com\/pl\/wp-json\/wp\/v2\/types\/product"}],"replies":[{"embeddable":true,"href":"https:\/\/kinamihealth.com\/pl\/wp-json\/wp\/v2\/comments?post=125431"}],"version-history":[{"count":0,"href":"https:\/\/kinamihealth.com\/pl\/wp-json\/wp\/v2\/product\/125431\/revisions"}],"wp:featuredmedia":[{"embeddable":true,"href":"https:\/\/kinamihealth.com\/pl\/wp-json\/wp\/v2\/media\/125435"}],"wp:attachment":[{"href":"https:\/\/kinamihealth.com\/pl\/wp-json\/wp\/v2\/media?parent=125431"}],"wp:term":[{"taxonomy":"product_brand","embeddable":true,"href":"https:\/\/kinamihealth.com\/pl\/wp-json\/wp\/v2\/product_brand?post=125431"},{"taxonomy":"product_cat","embeddable":true,"href":"https:\/\/kinamihealth.com\/pl\/wp-json\/wp\/v2\/product_cat?post=125431"},{"taxonomy":"product_tag","embeddable":true,"href":"https:\/\/kinamihealth.com\/pl\/wp-json\/wp\/v2\/product_tag?post=125431"}],"curies":[{"name":"wp","href":"https:\/\/api.w.org\/{rel}","templated":true}]}}