{"id":125429,"date":"2025-02-15T16:56:20","date_gmt":"2025-02-15T16:56:20","guid":{"rendered":"https:\/\/kinamihealth.com\/product\/neauvia-organic-intense-flux\/"},"modified":"2025-12-10T15:07:36","modified_gmt":"2025-12-10T15:07:36","slug":"neauvia-organic-intense-flux","status":"publish","type":"product","link":"https:\/\/kinamihealth.com\/pl\/produkt\/neauvia-organic-intense-flux\/","title":{"rendered":"NEAUVIA\u2122 ORGANIC INTENSE FLUX"},"content":{"rendered":"<p><b>Neauvia Organic Intense Flux<\/b><span style=\"font-weight: 400;\"> to <\/span><b>specjalistyczny wype\u0142niacz sk\u00f3rny<\/b><span style=\"font-weight: 400;\"> zawieraj\u0105cy <\/span><b>najwy\u017cszej jako\u015bci kwas hialuronowy<\/b><span style=\"font-weight: 400;\">, kt\u00f3ry pozwala <\/span><b>zwalcza\u0107 oznaki starzenia si\u0119 sk\u00f3ry<\/b><span style=\"font-weight: 400;\"> w najbardziej widocznych obszarach, takich jak okolice oczu, szyi, ust i dekoltu. Ten niezwykle skuteczny hydro\u017cel pozwala w mistrzowski spos\u00f3b <\/span><b>korygowa\u0107 g\u0142\u0119bokie zmarszczki<\/b><span style=\"font-weight: 400;\">, <\/span><b>zmienia\u0107 kszta\u0142t bruzd nosowo-wargowych<\/b><span style=\"font-weight: 400;\"> oraz <\/span><b>podnosi\u0107 ko\u015bci policzkowe i podbr\u00f3dek<\/b><span style=\"font-weight: 400;\">.<\/span><\/p>\n","protected":false},"excerpt":{"rendered":"<p>Neauvia Organic Intense Flux to specjalistyczny wype\u0142niacz sk\u00f3rny zawieraj\u0105cy najwy\u017cszej jako\u015bci kwas hialuronowy, kt\u00f3ry pozwala zwalcza\u0107 oznaki starzenia si\u0119 sk\u00f3ry w najbardziej widocznych obszarach, takich jak okolice oczu, szyi, ust i dekoltu. Ten niezwykle skuteczny hydro\u017cel pozwala w mistrzowski spos\u00f3b korygowa\u0107 g\u0142\u0119bokie zmarszczki, zmienia\u0107 kszta\u0142t bruzd nosowo-wargowych oraz podnosi\u0107 ko\u015bci policzkowe i podbr\u00f3dek.<\/p>\n","protected":false},"featured_media":125430,"comment_status":"closed","ping_status":"closed","template":"","meta":{"_acf_changed":false,"inline_featured_image":false},"product_brand":[2927],"product_cat":[4174,4175],"product_tag":[4176],"class_list":{"0":"post-125429","1":"product","2":"type-product","3":"status-publish","4":"has-post-thumbnail","6":"product_brand-neauvia","7":"product_cat-dermal-fillers-pl","8":"product_cat-ha-dermal-fillers-pl","9":"product_tag-medical-devices-pl","11":"first","12":"instock","13":"taxable","14":"shipping-taxable","15":"purchasable","16":"product-type-simple","17":"add-to-wishlist-before_image"},"acf":[],"yoast_head":"<!-- This site is optimized with the Yoast SEO plugin v27.1.1 - https:\/\/yoast.com\/product\/yoast-seo-wordpress\/ -->\n<title>Kup Neauvia Organic Intense Flux online<\/title>\n<meta name=\"description\" content=\"Kup Neauvia Organic Intense Flux online \u2013 super efektywny wype\u0142niacz sk\u00f3rny, kt\u00f3ry skutecznie przeciwdzia\u0142a starzeniu si\u0119 sk\u00f3ry wok\u00f3\u0142 oczu, ust, szyi i dekoltu.\" \/>\n<meta name=\"robots\" content=\"index, follow, max-snippet:-1, max-image-preview:large, max-video-preview:-1\" \/>\n<link rel=\"canonical\" href=\"https:\/\/kinamihealth.com\/pl\/wp-json\/wp\/v2\/product\/125429\" \/>\n<meta property=\"og:locale\" content=\"pl_PL\" \/>\n<meta property=\"og:type\" content=\"article\" \/>\n<meta property=\"og:title\" content=\"Kup Neauvia Organic Intense Flux online\" \/>\n<meta property=\"og:description\" content=\"Kup Neauvia Organic Intense Flux online \u2013 super efektywny wype\u0142niacz sk\u00f3rny, kt\u00f3ry skutecznie przeciwdzia\u0142a starzeniu si\u0119 sk\u00f3ry wok\u00f3\u0142 oczu, ust, szyi i dekoltu.\" \/>\n<meta property=\"og:url\" content=\"https:\/\/kinamihealth.com\/pl\/produkt\/neauvia-organic-intense-flux\/\" \/>\n<meta property=\"og:site_name\" content=\"Kinami Health\" \/>\n<meta property=\"article:modified_time\" content=\"2025-12-10T15:07:36+00:00\" \/>\n<meta property=\"og:image\" content=\"https:\/\/kinamihealth.com\/wp-content\/uploads\/2025\/02\/NEAUVIA-INTENSE-FLUX-01.jpg\" \/>\n\t<meta property=\"og:image:width\" content=\"800\" \/>\n\t<meta property=\"og:image:height\" content=\"800\" \/>\n\t<meta property=\"og:image:type\" content=\"image\/jpeg\" \/>\n<meta name=\"twitter:card\" content=\"summary_large_image\" \/>\n<meta name=\"twitter:label1\" content=\"Szacowany czas czytania\" \/>\n\t<meta name=\"twitter:data1\" content=\"1 minuta\" \/>\n<!-- \/ Yoast SEO plugin. -->","yoast_head_json":{"title":"Kup Neauvia Organic Intense Flux online","description":"Kup Neauvia Organic Intense Flux online \u2013 super efektywny wype\u0142niacz sk\u00f3rny, kt\u00f3ry skutecznie przeciwdzia\u0142a starzeniu si\u0119 sk\u00f3ry wok\u00f3\u0142 oczu, ust, szyi i dekoltu.","robots":{"index":"index","follow":"follow","max-snippet":"max-snippet:-1","max-image-preview":"max-image-preview:large","max-video-preview":"max-video-preview:-1"},"canonical":"https:\/\/kinamihealth.com\/pl\/wp-json\/wp\/v2\/product\/125429","og_locale":"pl_PL","og_type":"article","og_title":"Kup Neauvia Organic Intense Flux online","og_description":"Kup Neauvia Organic Intense Flux online \u2013 super efektywny wype\u0142niacz sk\u00f3rny, kt\u00f3ry skutecznie przeciwdzia\u0142a starzeniu si\u0119 sk\u00f3ry wok\u00f3\u0142 oczu, ust, szyi i dekoltu.","og_url":"https:\/\/kinamihealth.com\/pl\/produkt\/neauvia-organic-intense-flux\/","og_site_name":"Kinami Health","article_modified_time":"2025-12-10T15:07:36+00:00","og_image":[{"width":800,"height":800,"url":"https:\/\/kinamihealth.com\/wp-content\/uploads\/2025\/02\/NEAUVIA-INTENSE-FLUX-01.jpg","type":"image\/jpeg"}],"twitter_card":"summary_large_image","twitter_misc":{"Szacowany czas czytania":"1 minuta"},"schema":{"@context":"https:\/\/schema.org","@graph":[{"@type":"WebPage","@id":"https:\/\/kinamihealth.com\/pl\/produkt\/neauvia-organic-intense-flux\/","url":"https:\/\/kinamihealth.com\/pl\/produkt\/neauvia-organic-intense-flux\/","name":"Kup Neauvia Organic Intense Flux online","isPartOf":{"@id":"https:\/\/kinamihealth.com\/#website"},"primaryImageOfPage":{"@id":"https:\/\/kinamihealth.com\/pl\/produkt\/neauvia-organic-intense-flux\/#primaryimage"},"image":{"@id":"https:\/\/kinamihealth.com\/pl\/produkt\/neauvia-organic-intense-flux\/#primaryimage"},"thumbnailUrl":"https:\/\/kinamihealth.com\/wp-content\/uploads\/2025\/02\/NEAUVIA-INTENSE-FLUX-01.jpg","datePublished":"2025-02-15T16:56:20+00:00","dateModified":"2025-12-10T15:07:36+00:00","description":"Kup Neauvia Organic Intense Flux online \u2013 super efektywny wype\u0142niacz sk\u00f3rny, kt\u00f3ry skutecznie przeciwdzia\u0142a starzeniu si\u0119 sk\u00f3ry wok\u00f3\u0142 oczu, ust, szyi i dekoltu.","breadcrumb":{"@id":"https:\/\/kinamihealth.com\/pl\/produkt\/neauvia-organic-intense-flux\/#breadcrumb"},"inLanguage":"pl-PL","potentialAction":[{"@type":"ReadAction","target":["https:\/\/kinamihealth.com\/pl\/produkt\/neauvia-organic-intense-flux\/"]}]},{"@type":"ImageObject","inLanguage":"pl-PL","@id":"https:\/\/kinamihealth.com\/pl\/produkt\/neauvia-organic-intense-flux\/#primaryimage","url":"https:\/\/kinamihealth.com\/wp-content\/uploads\/2025\/02\/NEAUVIA-INTENSE-FLUX-01.jpg","contentUrl":"https:\/\/kinamihealth.com\/wp-content\/uploads\/2025\/02\/NEAUVIA-INTENSE-FLUX-01.jpg","width":800,"height":800},{"@type":"BreadcrumbList","@id":"https:\/\/kinamihealth.com\/pl\/produkt\/neauvia-organic-intense-flux\/#breadcrumb","itemListElement":[{"@type":"ListItem","position":1,"name":"Strona g\u0142\u00f3wna","item":"https:\/\/kinamihealth.com\/sr\/"},{"@type":"ListItem","position":2,"name":"Sklep","item":"https:\/\/kinamihealth.com\/pl\/?page_id=128280"},{"@type":"ListItem","position":3,"name":"NEAUVIA\u2122 ORGANIC INTENSE FLUX"}]},{"@type":"WebSite","@id":"https:\/\/kinamihealth.com\/#website","url":"https:\/\/kinamihealth.com\/","name":"Kinami Health","description":"","publisher":{"@id":"https:\/\/kinamihealth.com\/#organization"},"potentialAction":[{"@type":"SearchAction","target":{"@type":"EntryPoint","urlTemplate":"https:\/\/kinamihealth.com\/?s={search_term_string}"},"query-input":{"@type":"PropertyValueSpecification","valueRequired":true,"valueName":"search_term_string"}}],"inLanguage":"pl-PL"},{"@type":"Organization","@id":"https:\/\/kinamihealth.com\/#organization","name":"Kinami Health","url":"https:\/\/kinamihealth.com\/","logo":{"@type":"ImageObject","inLanguage":"pl-PL","@id":"https:\/\/kinamihealth.com\/#\/schema\/logo\/image\/","url":"https:\/\/kinamihealth.com\/wp-content\/uploads\/2025\/01\/KH_logo_black_2-1.png","contentUrl":"https:\/\/kinamihealth.com\/wp-content\/uploads\/2025\/01\/KH_logo_black_2-1.png","width":339,"height":34,"caption":"Kinami Health"},"image":{"@id":"https:\/\/kinamihealth.com\/#\/schema\/logo\/image\/"}}]}},"_links":{"self":[{"href":"https:\/\/kinamihealth.com\/pl\/wp-json\/wp\/v2\/product\/125429","targetHints":{"allow":["GET"]}}],"collection":[{"href":"https:\/\/kinamihealth.com\/pl\/wp-json\/wp\/v2\/product"}],"about":[{"href":"https:\/\/kinamihealth.com\/pl\/wp-json\/wp\/v2\/types\/product"}],"replies":[{"embeddable":true,"href":"https:\/\/kinamihealth.com\/pl\/wp-json\/wp\/v2\/comments?post=125429"}],"version-history":[{"count":0,"href":"https:\/\/kinamihealth.com\/pl\/wp-json\/wp\/v2\/product\/125429\/revisions"}],"wp:featuredmedia":[{"embeddable":true,"href":"https:\/\/kinamihealth.com\/pl\/wp-json\/wp\/v2\/media\/125430"}],"wp:attachment":[{"href":"https:\/\/kinamihealth.com\/pl\/wp-json\/wp\/v2\/media?parent=125429"}],"wp:term":[{"taxonomy":"product_brand","embeddable":true,"href":"https:\/\/kinamihealth.com\/pl\/wp-json\/wp\/v2\/product_brand?post=125429"},{"taxonomy":"product_cat","embeddable":true,"href":"https:\/\/kinamihealth.com\/pl\/wp-json\/wp\/v2\/product_cat?post=125429"},{"taxonomy":"product_tag","embeddable":true,"href":"https:\/\/kinamihealth.com\/pl\/wp-json\/wp\/v2\/product_tag?post=125429"}],"curies":[{"name":"wp","href":"https:\/\/api.w.org\/{rel}","templated":true}]}}