{"id":125424,"date":"2025-02-15T16:56:20","date_gmt":"2025-02-15T16:56:20","guid":{"rendered":"https:\/\/kinamihealth.com\/product\/neauvia-organic-intense-lips\/"},"modified":"2025-12-10T15:14:09","modified_gmt":"2025-12-10T15:14:09","slug":"neauvia-organic-intense-lips","status":"publish","type":"product","link":"https:\/\/kinamihealth.com\/pl\/produkt\/neauvia-organic-intense-lips\/","title":{"rendered":"NEAUVIA\u2122 ORGANIC INTENSE LIPS"},"content":{"rendered":"<p><b>Neauvia Organic Intense Lips<\/b><span style=\"font-weight: 400;\"> to <\/span><b>niesamowity wype\u0142niacz sk\u00f3rny<\/b><span style=\"font-weight: 400;\"> opracowany przy u\u017cyciu najnowszych technologii, maj\u0105cy na celu popraw\u0119 i <\/span><b>zwi\u0119kszenie obj\u0119to\u015bci ust<\/b><span style=\"font-weight: 400;\">. Produkt zawiera najwy\u017cszej <\/span><b>jako\u015bci sk\u0142adniki<\/b><span style=\"font-weight: 400;\">, kt\u00f3re maj\u0105 na celu zapewnienie <\/span><b>pe\u0142niejszych<\/b><span style=\"font-weight: 400;\">, <\/span><b>naturalnie wygl\u0105daj\u0105cych<\/b><span style=\"font-weight: 400;\"> i <\/span><b>zdrowych ust<\/b><span style=\"font-weight: 400;\">.<\/span><\/p>\n","protected":false},"excerpt":{"rendered":"<p>Neauvia Organic Intense Lips to niesamowity wype\u0142niacz sk\u00f3rny opracowany przy u\u017cyciu najnowszych technologii, maj\u0105cy na celu popraw\u0119 i zwi\u0119kszenie obj\u0119to\u015bci ust. Produkt zawiera najwy\u017cszej jako\u015bci sk\u0142adniki, kt\u00f3re maj\u0105 na celu zapewnienie pe\u0142niejszych, naturalnie wygl\u0105daj\u0105cych i zdrowych ust.<\/p>\n","protected":false},"featured_media":125428,"comment_status":"closed","ping_status":"closed","template":"","meta":{"_acf_changed":false,"inline_featured_image":false},"product_brand":[2927],"product_cat":[4174,4175],"product_tag":[4176],"class_list":{"0":"post-125424","1":"product","2":"type-product","3":"status-publish","4":"has-post-thumbnail","6":"product_brand-neauvia","7":"product_cat-dermal-fillers-pl","8":"product_cat-ha-dermal-fillers-pl","9":"product_tag-medical-devices-pl","11":"first","12":"instock","13":"taxable","14":"shipping-taxable","15":"purchasable","16":"product-type-simple","17":"add-to-wishlist-before_image"},"acf":[],"yoast_head":"<!-- This site is optimized with the Yoast SEO plugin v27.1.1 - https:\/\/yoast.com\/product\/yoast-seo-wordpress\/ -->\n<title>Kup Neauvia Organic Intense Lips online<\/title>\n<meta name=\"description\" content=\"Kup Neauvia Organic Intense Lips online i skorzystaj z tego fascynuj\u0105cego nowego wype\u0142niacza sk\u00f3rnego, aby zwi\u0119kszy\u0107 obj\u0119to\u015b\u0107, nawil\u017cenie, elastyczno\u015b\u0107 i intensywno\u015b\u0107 ust.\" \/>\n<meta name=\"robots\" content=\"index, follow, max-snippet:-1, max-image-preview:large, max-video-preview:-1\" \/>\n<link rel=\"canonical\" href=\"https:\/\/kinamihealth.com\/pl\/wp-json\/wp\/v2\/product\/125424\" \/>\n<meta property=\"og:locale\" content=\"pl_PL\" \/>\n<meta property=\"og:type\" content=\"article\" \/>\n<meta property=\"og:title\" content=\"Kup Neauvia Organic Intense Lips online\" \/>\n<meta property=\"og:description\" content=\"Kup Neauvia Organic Intense Lips online i skorzystaj z tego fascynuj\u0105cego nowego wype\u0142niacza sk\u00f3rnego, aby zwi\u0119kszy\u0107 obj\u0119to\u015b\u0107, nawil\u017cenie, elastyczno\u015b\u0107 i intensywno\u015b\u0107 ust.\" \/>\n<meta property=\"og:url\" content=\"https:\/\/kinamihealth.com\/pl\/produkt\/neauvia-organic-intense-lips\/\" \/>\n<meta property=\"og:site_name\" content=\"Kinami Health\" \/>\n<meta property=\"article:modified_time\" content=\"2025-12-10T15:14:09+00:00\" \/>\n<meta property=\"og:image\" content=\"https:\/\/kinamihealth.com\/wp-content\/uploads\/2025\/02\/NEAUVIA-INTENSE-LIPS-03.jpg\" \/>\n\t<meta property=\"og:image:width\" content=\"800\" \/>\n\t<meta property=\"og:image:height\" content=\"800\" \/>\n\t<meta property=\"og:image:type\" content=\"image\/jpeg\" \/>\n<meta name=\"twitter:card\" content=\"summary_large_image\" \/>\n<meta name=\"twitter:label1\" content=\"Szacowany czas czytania\" \/>\n\t<meta name=\"twitter:data1\" content=\"1 minuta\" \/>\n<!-- \/ Yoast SEO plugin. -->","yoast_head_json":{"title":"Kup Neauvia Organic Intense Lips online","description":"Kup Neauvia Organic Intense Lips online i skorzystaj z tego fascynuj\u0105cego nowego wype\u0142niacza sk\u00f3rnego, aby zwi\u0119kszy\u0107 obj\u0119to\u015b\u0107, nawil\u017cenie, elastyczno\u015b\u0107 i intensywno\u015b\u0107 ust.","robots":{"index":"index","follow":"follow","max-snippet":"max-snippet:-1","max-image-preview":"max-image-preview:large","max-video-preview":"max-video-preview:-1"},"canonical":"https:\/\/kinamihealth.com\/pl\/wp-json\/wp\/v2\/product\/125424","og_locale":"pl_PL","og_type":"article","og_title":"Kup Neauvia Organic Intense Lips online","og_description":"Kup Neauvia Organic Intense Lips online i skorzystaj z tego fascynuj\u0105cego nowego wype\u0142niacza sk\u00f3rnego, aby zwi\u0119kszy\u0107 obj\u0119to\u015b\u0107, nawil\u017cenie, elastyczno\u015b\u0107 i intensywno\u015b\u0107 ust.","og_url":"https:\/\/kinamihealth.com\/pl\/produkt\/neauvia-organic-intense-lips\/","og_site_name":"Kinami Health","article_modified_time":"2025-12-10T15:14:09+00:00","og_image":[{"width":800,"height":800,"url":"https:\/\/kinamihealth.com\/wp-content\/uploads\/2025\/02\/NEAUVIA-INTENSE-LIPS-03.jpg","type":"image\/jpeg"}],"twitter_card":"summary_large_image","twitter_misc":{"Szacowany czas czytania":"1 minuta"},"schema":{"@context":"https:\/\/schema.org","@graph":[{"@type":"WebPage","@id":"https:\/\/kinamihealth.com\/pl\/produkt\/neauvia-organic-intense-lips\/","url":"https:\/\/kinamihealth.com\/pl\/produkt\/neauvia-organic-intense-lips\/","name":"Kup Neauvia Organic Intense Lips online","isPartOf":{"@id":"https:\/\/kinamihealth.com\/#website"},"primaryImageOfPage":{"@id":"https:\/\/kinamihealth.com\/pl\/produkt\/neauvia-organic-intense-lips\/#primaryimage"},"image":{"@id":"https:\/\/kinamihealth.com\/pl\/produkt\/neauvia-organic-intense-lips\/#primaryimage"},"thumbnailUrl":"https:\/\/kinamihealth.com\/wp-content\/uploads\/2025\/02\/NEAUVIA-INTENSE-LIPS-03.jpg","datePublished":"2025-02-15T16:56:20+00:00","dateModified":"2025-12-10T15:14:09+00:00","description":"Kup Neauvia Organic Intense Lips online i skorzystaj z tego fascynuj\u0105cego nowego wype\u0142niacza sk\u00f3rnego, aby zwi\u0119kszy\u0107 obj\u0119to\u015b\u0107, nawil\u017cenie, elastyczno\u015b\u0107 i intensywno\u015b\u0107 ust.","breadcrumb":{"@id":"https:\/\/kinamihealth.com\/pl\/produkt\/neauvia-organic-intense-lips\/#breadcrumb"},"inLanguage":"pl-PL","potentialAction":[{"@type":"ReadAction","target":["https:\/\/kinamihealth.com\/pl\/produkt\/neauvia-organic-intense-lips\/"]}]},{"@type":"ImageObject","inLanguage":"pl-PL","@id":"https:\/\/kinamihealth.com\/pl\/produkt\/neauvia-organic-intense-lips\/#primaryimage","url":"https:\/\/kinamihealth.com\/wp-content\/uploads\/2025\/02\/NEAUVIA-INTENSE-LIPS-03.jpg","contentUrl":"https:\/\/kinamihealth.com\/wp-content\/uploads\/2025\/02\/NEAUVIA-INTENSE-LIPS-03.jpg","width":800,"height":800},{"@type":"BreadcrumbList","@id":"https:\/\/kinamihealth.com\/pl\/produkt\/neauvia-organic-intense-lips\/#breadcrumb","itemListElement":[{"@type":"ListItem","position":1,"name":"Strona g\u0142\u00f3wna","item":"https:\/\/kinamihealth.com\/sr\/"},{"@type":"ListItem","position":2,"name":"Sklep","item":"https:\/\/kinamihealth.com\/pl\/?page_id=128280"},{"@type":"ListItem","position":3,"name":"NEAUVIA\u2122 ORGANIC INTENSE LIPS"}]},{"@type":"WebSite","@id":"https:\/\/kinamihealth.com\/#website","url":"https:\/\/kinamihealth.com\/","name":"Kinami Health","description":"","publisher":{"@id":"https:\/\/kinamihealth.com\/#organization"},"potentialAction":[{"@type":"SearchAction","target":{"@type":"EntryPoint","urlTemplate":"https:\/\/kinamihealth.com\/?s={search_term_string}"},"query-input":{"@type":"PropertyValueSpecification","valueRequired":true,"valueName":"search_term_string"}}],"inLanguage":"pl-PL"},{"@type":"Organization","@id":"https:\/\/kinamihealth.com\/#organization","name":"Kinami Health","url":"https:\/\/kinamihealth.com\/","logo":{"@type":"ImageObject","inLanguage":"pl-PL","@id":"https:\/\/kinamihealth.com\/#\/schema\/logo\/image\/","url":"https:\/\/kinamihealth.com\/wp-content\/uploads\/2025\/01\/KH_logo_black_2-1.png","contentUrl":"https:\/\/kinamihealth.com\/wp-content\/uploads\/2025\/01\/KH_logo_black_2-1.png","width":339,"height":34,"caption":"Kinami Health"},"image":{"@id":"https:\/\/kinamihealth.com\/#\/schema\/logo\/image\/"}}]}},"_links":{"self":[{"href":"https:\/\/kinamihealth.com\/pl\/wp-json\/wp\/v2\/product\/125424","targetHints":{"allow":["GET"]}}],"collection":[{"href":"https:\/\/kinamihealth.com\/pl\/wp-json\/wp\/v2\/product"}],"about":[{"href":"https:\/\/kinamihealth.com\/pl\/wp-json\/wp\/v2\/types\/product"}],"replies":[{"embeddable":true,"href":"https:\/\/kinamihealth.com\/pl\/wp-json\/wp\/v2\/comments?post=125424"}],"version-history":[{"count":0,"href":"https:\/\/kinamihealth.com\/pl\/wp-json\/wp\/v2\/product\/125424\/revisions"}],"wp:featuredmedia":[{"embeddable":true,"href":"https:\/\/kinamihealth.com\/pl\/wp-json\/wp\/v2\/media\/125428"}],"wp:attachment":[{"href":"https:\/\/kinamihealth.com\/pl\/wp-json\/wp\/v2\/media?parent=125424"}],"wp:term":[{"taxonomy":"product_brand","embeddable":true,"href":"https:\/\/kinamihealth.com\/pl\/wp-json\/wp\/v2\/product_brand?post=125424"},{"taxonomy":"product_cat","embeddable":true,"href":"https:\/\/kinamihealth.com\/pl\/wp-json\/wp\/v2\/product_cat?post=125424"},{"taxonomy":"product_tag","embeddable":true,"href":"https:\/\/kinamihealth.com\/pl\/wp-json\/wp\/v2\/product_tag?post=125424"}],"curies":[{"name":"wp","href":"https:\/\/api.w.org\/{rel}","templated":true}]}}