{"id":125416,"date":"2025-02-15T16:56:22","date_gmt":"2025-02-15T16:56:22","guid":{"rendered":"https:\/\/kinamihealth.com\/product\/neauvia-organic-intense-man\/"},"modified":"2025-12-10T15:25:22","modified_gmt":"2025-12-10T15:25:22","slug":"neauvia-organic-intense-man","status":"publish","type":"product","link":"https:\/\/kinamihealth.com\/pl\/produkt\/neauvia-organic-intense-man\/","title":{"rendered":"NEAUVIA\u2122 ORGANIC INTENSE MAN"},"content":{"rendered":"<p><b>NEAUVIA ORGANIC INTENSE MAN<\/b><span style=\"font-weight: 400;\"> to <\/span><b>silny i skuteczny wype\u0142niacz sk\u00f3rny<\/b><span style=\"font-weight: 400;\">, starannie opracowany z my\u015bl\u0105 o m\u0119skiej sk\u00f3rze. Unikalna formu\u0142a produktu i <\/span><b>wysokiej jako\u015bci sk\u0142adniki<\/b><span style=\"font-weight: 400;\"> sprawiaj\u0105, \u017ce ten wype\u0142niacz sk\u00f3rny jest najlepszym wyborem dla os\u00f3b pragn\u0105cych <\/span><b>wyeliminowa\u0107 g\u0142\u0119bokie zmarszczki<\/b><span style=\"font-weight: 400;\">, <\/span><b>przywr\u00f3ci\u0107 utracon\u0105 obj\u0119to\u015b\u0107<\/b><span style=\"font-weight: 400;\">, <\/span><b>nawil\u017cy\u0107 such\u0105 sk\u00f3r\u0119<\/b><span style=\"font-weight: 400;\"> i <\/span><b>wyeliminowa\u0107 oznaki starzenia si\u0119 u m\u0119\u017cczyzn<\/b><span style=\"font-weight: 400;\">.<\/span><\/p>\n","protected":false},"excerpt":{"rendered":"<p>NEAUVIA ORGANIC INTENSE MAN to silny i skuteczny wype\u0142niacz sk\u00f3rny, starannie opracowany z my\u015bl\u0105 o m\u0119skiej sk\u00f3rze. Unikalna formu\u0142a produktu i wysokiej jako\u015bci sk\u0142adniki sprawiaj\u0105, \u017ce ten wype\u0142niacz sk\u00f3rny jest najlepszym wyborem dla os\u00f3b pragn\u0105cych wyeliminowa\u0107 g\u0142\u0119bokie zmarszczki, przywr\u00f3ci\u0107 utracon\u0105 obj\u0119to\u015b\u0107, nawil\u017cy\u0107 such\u0105 sk\u00f3r\u0119 i wyeliminowa\u0107 oznaki starzenia si\u0119 u m\u0119\u017cczyzn.<\/p>\n","protected":false},"featured_media":125419,"comment_status":"closed","ping_status":"closed","template":"","meta":{"_acf_changed":false,"inline_featured_image":false},"product_brand":[2927],"product_cat":[4174,4175],"product_tag":[4176],"class_list":{"0":"post-125416","1":"product","2":"type-product","3":"status-publish","4":"has-post-thumbnail","6":"product_brand-neauvia","7":"product_cat-dermal-fillers-pl","8":"product_cat-ha-dermal-fillers-pl","9":"product_tag-medical-devices-pl","11":"first","12":"instock","13":"taxable","14":"shipping-taxable","15":"purchasable","16":"product-type-simple","17":"add-to-wishlist-before_image"},"acf":[],"yoast_head":"<!-- This site is optimized with the Yoast SEO plugin v27.1.1 - https:\/\/yoast.com\/product\/yoast-seo-wordpress\/ -->\n<title>Kup NEAUVIA ORGANIC INTENSE MAN online<\/title>\n<meta name=\"description\" content=\"Kup NEAUVIA ORGANIC INTENSE MAN online, aby uzyska\u0107 j\u0119drniejsz\u0105 sk\u00f3r\u0119 u m\u0119\u017cczyzn, przywr\u00f3ci\u0107 m\u0142odzie\u0144czy blask, zwi\u0119kszy\u0107 elastyczno\u015b\u0107 sk\u00f3ry i zwalcza\u0107 oznaki starzenia.\" \/>\n<meta name=\"robots\" content=\"index, follow, max-snippet:-1, max-image-preview:large, max-video-preview:-1\" \/>\n<link rel=\"canonical\" href=\"https:\/\/kinamihealth.com\/pl\/wp-json\/wp\/v2\/product\/125416\" \/>\n<meta property=\"og:locale\" content=\"pl_PL\" \/>\n<meta property=\"og:type\" content=\"article\" \/>\n<meta property=\"og:title\" content=\"Kup NEAUVIA ORGANIC INTENSE MAN online\" \/>\n<meta property=\"og:description\" content=\"Kup NEAUVIA ORGANIC INTENSE MAN online, aby uzyska\u0107 j\u0119drniejsz\u0105 sk\u00f3r\u0119 u m\u0119\u017cczyzn, przywr\u00f3ci\u0107 m\u0142odzie\u0144czy blask, zwi\u0119kszy\u0107 elastyczno\u015b\u0107 sk\u00f3ry i zwalcza\u0107 oznaki starzenia.\" \/>\n<meta property=\"og:url\" content=\"https:\/\/kinamihealth.com\/pl\/produkt\/neauvia-organic-intense-man\/\" \/>\n<meta property=\"og:site_name\" content=\"Kinami Health\" \/>\n<meta property=\"article:modified_time\" content=\"2025-12-10T15:25:22+00:00\" \/>\n<meta property=\"og:image\" content=\"https:\/\/kinamihealth.com\/wp-content\/uploads\/2025\/02\/Neauvia-Intense-Man_FRONT.webp\" \/>\n\t<meta property=\"og:image:width\" content=\"1500\" \/>\n\t<meta property=\"og:image:height\" content=\"1500\" \/>\n\t<meta property=\"og:image:type\" content=\"image\/webp\" \/>\n<meta name=\"twitter:card\" content=\"summary_large_image\" \/>\n<meta name=\"twitter:label1\" content=\"Szacowany czas czytania\" \/>\n\t<meta name=\"twitter:data1\" content=\"1 minuta\" \/>\n<!-- \/ Yoast SEO plugin. -->","yoast_head_json":{"title":"Kup NEAUVIA ORGANIC INTENSE MAN online","description":"Kup NEAUVIA ORGANIC INTENSE MAN online, aby uzyska\u0107 j\u0119drniejsz\u0105 sk\u00f3r\u0119 u m\u0119\u017cczyzn, przywr\u00f3ci\u0107 m\u0142odzie\u0144czy blask, zwi\u0119kszy\u0107 elastyczno\u015b\u0107 sk\u00f3ry i zwalcza\u0107 oznaki starzenia.","robots":{"index":"index","follow":"follow","max-snippet":"max-snippet:-1","max-image-preview":"max-image-preview:large","max-video-preview":"max-video-preview:-1"},"canonical":"https:\/\/kinamihealth.com\/pl\/wp-json\/wp\/v2\/product\/125416","og_locale":"pl_PL","og_type":"article","og_title":"Kup NEAUVIA ORGANIC INTENSE MAN online","og_description":"Kup NEAUVIA ORGANIC INTENSE MAN online, aby uzyska\u0107 j\u0119drniejsz\u0105 sk\u00f3r\u0119 u m\u0119\u017cczyzn, przywr\u00f3ci\u0107 m\u0142odzie\u0144czy blask, zwi\u0119kszy\u0107 elastyczno\u015b\u0107 sk\u00f3ry i zwalcza\u0107 oznaki starzenia.","og_url":"https:\/\/kinamihealth.com\/pl\/produkt\/neauvia-organic-intense-man\/","og_site_name":"Kinami Health","article_modified_time":"2025-12-10T15:25:22+00:00","og_image":[{"width":1500,"height":1500,"url":"https:\/\/kinamihealth.com\/wp-content\/uploads\/2025\/02\/Neauvia-Intense-Man_FRONT.webp","type":"image\/webp"}],"twitter_card":"summary_large_image","twitter_misc":{"Szacowany czas czytania":"1 minuta"},"schema":{"@context":"https:\/\/schema.org","@graph":[{"@type":"WebPage","@id":"https:\/\/kinamihealth.com\/pl\/produkt\/neauvia-organic-intense-man\/","url":"https:\/\/kinamihealth.com\/pl\/produkt\/neauvia-organic-intense-man\/","name":"Kup NEAUVIA ORGANIC INTENSE MAN online","isPartOf":{"@id":"https:\/\/kinamihealth.com\/#website"},"primaryImageOfPage":{"@id":"https:\/\/kinamihealth.com\/pl\/produkt\/neauvia-organic-intense-man\/#primaryimage"},"image":{"@id":"https:\/\/kinamihealth.com\/pl\/produkt\/neauvia-organic-intense-man\/#primaryimage"},"thumbnailUrl":"https:\/\/kinamihealth.com\/wp-content\/uploads\/2025\/02\/Neauvia-Intense-Man_FRONT.webp","datePublished":"2025-02-15T16:56:22+00:00","dateModified":"2025-12-10T15:25:22+00:00","description":"Kup NEAUVIA ORGANIC INTENSE MAN online, aby uzyska\u0107 j\u0119drniejsz\u0105 sk\u00f3r\u0119 u m\u0119\u017cczyzn, przywr\u00f3ci\u0107 m\u0142odzie\u0144czy blask, zwi\u0119kszy\u0107 elastyczno\u015b\u0107 sk\u00f3ry i zwalcza\u0107 oznaki starzenia.","breadcrumb":{"@id":"https:\/\/kinamihealth.com\/pl\/produkt\/neauvia-organic-intense-man\/#breadcrumb"},"inLanguage":"pl-PL","potentialAction":[{"@type":"ReadAction","target":["https:\/\/kinamihealth.com\/pl\/produkt\/neauvia-organic-intense-man\/"]}]},{"@type":"ImageObject","inLanguage":"pl-PL","@id":"https:\/\/kinamihealth.com\/pl\/produkt\/neauvia-organic-intense-man\/#primaryimage","url":"https:\/\/kinamihealth.com\/wp-content\/uploads\/2025\/02\/Neauvia-Intense-Man_FRONT.webp","contentUrl":"https:\/\/kinamihealth.com\/wp-content\/uploads\/2025\/02\/Neauvia-Intense-Man_FRONT.webp","width":1500,"height":1500},{"@type":"BreadcrumbList","@id":"https:\/\/kinamihealth.com\/pl\/produkt\/neauvia-organic-intense-man\/#breadcrumb","itemListElement":[{"@type":"ListItem","position":1,"name":"Strona g\u0142\u00f3wna","item":"https:\/\/kinamihealth.com\/sr\/"},{"@type":"ListItem","position":2,"name":"Sklep","item":"https:\/\/kinamihealth.com\/pl\/?page_id=128280"},{"@type":"ListItem","position":3,"name":"NEAUVIA\u2122 ORGANIC INTENSE MAN"}]},{"@type":"WebSite","@id":"https:\/\/kinamihealth.com\/#website","url":"https:\/\/kinamihealth.com\/","name":"Kinami Health","description":"","publisher":{"@id":"https:\/\/kinamihealth.com\/#organization"},"potentialAction":[{"@type":"SearchAction","target":{"@type":"EntryPoint","urlTemplate":"https:\/\/kinamihealth.com\/?s={search_term_string}"},"query-input":{"@type":"PropertyValueSpecification","valueRequired":true,"valueName":"search_term_string"}}],"inLanguage":"pl-PL"},{"@type":"Organization","@id":"https:\/\/kinamihealth.com\/#organization","name":"Kinami Health","url":"https:\/\/kinamihealth.com\/","logo":{"@type":"ImageObject","inLanguage":"pl-PL","@id":"https:\/\/kinamihealth.com\/#\/schema\/logo\/image\/","url":"https:\/\/kinamihealth.com\/wp-content\/uploads\/2025\/01\/KH_logo_black_2-1.png","contentUrl":"https:\/\/kinamihealth.com\/wp-content\/uploads\/2025\/01\/KH_logo_black_2-1.png","width":339,"height":34,"caption":"Kinami Health"},"image":{"@id":"https:\/\/kinamihealth.com\/#\/schema\/logo\/image\/"}}]}},"_links":{"self":[{"href":"https:\/\/kinamihealth.com\/pl\/wp-json\/wp\/v2\/product\/125416","targetHints":{"allow":["GET"]}}],"collection":[{"href":"https:\/\/kinamihealth.com\/pl\/wp-json\/wp\/v2\/product"}],"about":[{"href":"https:\/\/kinamihealth.com\/pl\/wp-json\/wp\/v2\/types\/product"}],"replies":[{"embeddable":true,"href":"https:\/\/kinamihealth.com\/pl\/wp-json\/wp\/v2\/comments?post=125416"}],"version-history":[{"count":0,"href":"https:\/\/kinamihealth.com\/pl\/wp-json\/wp\/v2\/product\/125416\/revisions"}],"wp:featuredmedia":[{"embeddable":true,"href":"https:\/\/kinamihealth.com\/pl\/wp-json\/wp\/v2\/media\/125419"}],"wp:attachment":[{"href":"https:\/\/kinamihealth.com\/pl\/wp-json\/wp\/v2\/media?parent=125416"}],"wp:term":[{"taxonomy":"product_brand","embeddable":true,"href":"https:\/\/kinamihealth.com\/pl\/wp-json\/wp\/v2\/product_brand?post=125416"},{"taxonomy":"product_cat","embeddable":true,"href":"https:\/\/kinamihealth.com\/pl\/wp-json\/wp\/v2\/product_cat?post=125416"},{"taxonomy":"product_tag","embeddable":true,"href":"https:\/\/kinamihealth.com\/pl\/wp-json\/wp\/v2\/product_tag?post=125416"}],"curies":[{"name":"wp","href":"https:\/\/api.w.org\/{rel}","templated":true}]}}