{"id":125403,"date":"2025-02-15T16:56:24","date_gmt":"2025-02-15T16:56:24","guid":{"rendered":"https:\/\/kinamihealth.com\/product\/neauvia-organic-stimulate-man\/"},"modified":"2025-12-10T23:25:24","modified_gmt":"2025-12-10T23:25:24","slug":"neauvia-organic-stimulate-man","status":"publish","type":"product","link":"https:\/\/kinamihealth.com\/pl\/produkt\/neauvia-organic-stimulate-man\/","title":{"rendered":"NEAUVIA\u2122 ORGANIC STIMULATE MAN"},"content":{"rendered":"<p><b>Neauvia Organic Stimulate Man <\/b><span style=\"font-weight: 400;\">to profesjonalny zabieg estetyczny opracowany z my\u015bl\u0105 o <\/span><b>specyficznej strukturze m\u0119skiej sk\u00f3ry<\/b><span style=\"font-weight: 400;\">. Sk\u00f3ra m\u0119\u017cczyzn jest zazwyczaj grubsza, g\u0119stsza i bardziej t\u0142usta, dlatego wymaga zaawansowanego wype\u0142niacza sk\u00f3rnego, kt\u00f3ry jest wytrzyma\u0142y i skuteczny. Neauvia Organic Stimulate Man <\/span><b>stymuluje produkcj\u0119 kolagenu<\/b><span style=\"font-weight: 400;\">, <\/span><b>przywraca obj\u0119to\u015b\u0107<\/b><span style=\"font-weight: 400;\"> i <\/span><b>koryguje zmarszczki<\/b><span style=\"font-weight: 400;\">.<\/span><\/p>\n","protected":false},"excerpt":{"rendered":"<p>Neauvia Organic Stimulate Man to profesjonalny zabieg estetyczny opracowany z my\u015bl\u0105 o specyficznej strukturze m\u0119skiej sk\u00f3ry. Sk\u00f3ra m\u0119\u017cczyzn jest zazwyczaj grubsza, g\u0119stsza i bardziej t\u0142usta, dlatego wymaga zaawansowanego wype\u0142niacza sk\u00f3rnego, kt\u00f3ry jest wytrzyma\u0142y i skuteczny. Neauvia Organic Stimulate Man stymuluje produkcj\u0119 kolagenu, przywraca obj\u0119to\u015b\u0107 i koryguje zmarszczki.<\/p>\n","protected":false},"featured_media":125405,"comment_status":"closed","ping_status":"closed","template":"","meta":{"_acf_changed":false,"inline_featured_image":false},"product_brand":[2927],"product_cat":[4174,4175],"product_tag":[4176],"class_list":{"0":"post-125403","1":"product","2":"type-product","3":"status-publish","4":"has-post-thumbnail","6":"product_brand-neauvia","7":"product_cat-dermal-fillers-pl","8":"product_cat-ha-dermal-fillers-pl","9":"product_tag-medical-devices-pl","11":"first","12":"instock","13":"taxable","14":"shipping-taxable","15":"purchasable","16":"product-type-simple","17":"add-to-wishlist-before_image"},"acf":[],"yoast_head":"<!-- This site is optimized with the Yoast SEO plugin v27.1.1 - https:\/\/yoast.com\/product\/yoast-seo-wordpress\/ -->\n<title>Kup NEAUVIA Organic STIMULATE Man online<\/title>\n<meta name=\"description\" content=\"Kup NEAUVIA Organic STIMULATE Man online, aby o\u017cywi\u0107 swoj\u0105 sk\u00f3r\u0119. Ten wyj\u0105tkowy wype\u0142niacz zwi\u0119ksza obj\u0119to\u015b\u0107 sk\u00f3ry, redukuje zmarszczki i skutecznie stymuluje produkcj\u0119 kolagenu.\" \/>\n<meta name=\"robots\" content=\"index, follow, max-snippet:-1, max-image-preview:large, max-video-preview:-1\" \/>\n<link rel=\"canonical\" href=\"https:\/\/kinamihealth.com\/pl\/wp-json\/wp\/v2\/product\/125403\" \/>\n<meta property=\"og:locale\" content=\"pl_PL\" \/>\n<meta property=\"og:type\" content=\"article\" \/>\n<meta property=\"og:title\" content=\"Kup NEAUVIA Organic STIMULATE Man online\" \/>\n<meta property=\"og:description\" content=\"Kup NEAUVIA Organic STIMULATE Man online, aby o\u017cywi\u0107 swoj\u0105 sk\u00f3r\u0119. Ten wyj\u0105tkowy wype\u0142niacz zwi\u0119ksza obj\u0119to\u015b\u0107 sk\u00f3ry, redukuje zmarszczki i skutecznie stymuluje produkcj\u0119 kolagenu.\" \/>\n<meta property=\"og:url\" content=\"https:\/\/kinamihealth.com\/pl\/produkt\/neauvia-organic-stimulate-man\/\" \/>\n<meta property=\"og:site_name\" content=\"Kinami Health\" \/>\n<meta property=\"article:modified_time\" content=\"2025-12-10T23:25:24+00:00\" \/>\n<meta property=\"og:image\" content=\"https:\/\/kinamihealth.com\/wp-content\/uploads\/2025\/02\/Neauvia-Stimulate-Man_Front.webp\" \/>\n\t<meta property=\"og:image:width\" content=\"1500\" \/>\n\t<meta property=\"og:image:height\" content=\"1500\" \/>\n\t<meta property=\"og:image:type\" content=\"image\/webp\" \/>\n<meta name=\"twitter:card\" content=\"summary_large_image\" \/>\n<meta name=\"twitter:label1\" content=\"Szacowany czas czytania\" \/>\n\t<meta name=\"twitter:data1\" content=\"1 minuta\" \/>\n<!-- \/ Yoast SEO plugin. -->","yoast_head_json":{"title":"Kup NEAUVIA Organic STIMULATE Man online","description":"Kup NEAUVIA Organic STIMULATE Man online, aby o\u017cywi\u0107 swoj\u0105 sk\u00f3r\u0119. Ten wyj\u0105tkowy wype\u0142niacz zwi\u0119ksza obj\u0119to\u015b\u0107 sk\u00f3ry, redukuje zmarszczki i skutecznie stymuluje produkcj\u0119 kolagenu.","robots":{"index":"index","follow":"follow","max-snippet":"max-snippet:-1","max-image-preview":"max-image-preview:large","max-video-preview":"max-video-preview:-1"},"canonical":"https:\/\/kinamihealth.com\/pl\/wp-json\/wp\/v2\/product\/125403","og_locale":"pl_PL","og_type":"article","og_title":"Kup NEAUVIA Organic STIMULATE Man online","og_description":"Kup NEAUVIA Organic STIMULATE Man online, aby o\u017cywi\u0107 swoj\u0105 sk\u00f3r\u0119. Ten wyj\u0105tkowy wype\u0142niacz zwi\u0119ksza obj\u0119to\u015b\u0107 sk\u00f3ry, redukuje zmarszczki i skutecznie stymuluje produkcj\u0119 kolagenu.","og_url":"https:\/\/kinamihealth.com\/pl\/produkt\/neauvia-organic-stimulate-man\/","og_site_name":"Kinami Health","article_modified_time":"2025-12-10T23:25:24+00:00","og_image":[{"width":1500,"height":1500,"url":"https:\/\/kinamihealth.com\/wp-content\/uploads\/2025\/02\/Neauvia-Stimulate-Man_Front.webp","type":"image\/webp"}],"twitter_card":"summary_large_image","twitter_misc":{"Szacowany czas czytania":"1 minuta"},"schema":{"@context":"https:\/\/schema.org","@graph":[{"@type":"WebPage","@id":"https:\/\/kinamihealth.com\/pl\/produkt\/neauvia-organic-stimulate-man\/","url":"https:\/\/kinamihealth.com\/pl\/produkt\/neauvia-organic-stimulate-man\/","name":"Kup NEAUVIA Organic STIMULATE Man online","isPartOf":{"@id":"https:\/\/kinamihealth.com\/#website"},"primaryImageOfPage":{"@id":"https:\/\/kinamihealth.com\/pl\/produkt\/neauvia-organic-stimulate-man\/#primaryimage"},"image":{"@id":"https:\/\/kinamihealth.com\/pl\/produkt\/neauvia-organic-stimulate-man\/#primaryimage"},"thumbnailUrl":"https:\/\/kinamihealth.com\/wp-content\/uploads\/2025\/02\/Neauvia-Stimulate-Man_Front.webp","datePublished":"2025-02-15T16:56:24+00:00","dateModified":"2025-12-10T23:25:24+00:00","description":"Kup NEAUVIA Organic STIMULATE Man online, aby o\u017cywi\u0107 swoj\u0105 sk\u00f3r\u0119. Ten wyj\u0105tkowy wype\u0142niacz zwi\u0119ksza obj\u0119to\u015b\u0107 sk\u00f3ry, redukuje zmarszczki i skutecznie stymuluje produkcj\u0119 kolagenu.","breadcrumb":{"@id":"https:\/\/kinamihealth.com\/pl\/produkt\/neauvia-organic-stimulate-man\/#breadcrumb"},"inLanguage":"pl-PL","potentialAction":[{"@type":"ReadAction","target":["https:\/\/kinamihealth.com\/pl\/produkt\/neauvia-organic-stimulate-man\/"]}]},{"@type":"ImageObject","inLanguage":"pl-PL","@id":"https:\/\/kinamihealth.com\/pl\/produkt\/neauvia-organic-stimulate-man\/#primaryimage","url":"https:\/\/kinamihealth.com\/wp-content\/uploads\/2025\/02\/Neauvia-Stimulate-Man_Front.webp","contentUrl":"https:\/\/kinamihealth.com\/wp-content\/uploads\/2025\/02\/Neauvia-Stimulate-Man_Front.webp","width":1500,"height":1500},{"@type":"BreadcrumbList","@id":"https:\/\/kinamihealth.com\/pl\/produkt\/neauvia-organic-stimulate-man\/#breadcrumb","itemListElement":[{"@type":"ListItem","position":1,"name":"Strona g\u0142\u00f3wna","item":"https:\/\/kinamihealth.com\/sr\/"},{"@type":"ListItem","position":2,"name":"Sklep","item":"https:\/\/kinamihealth.com\/pl\/?page_id=128280"},{"@type":"ListItem","position":3,"name":"NEAUVIA\u2122 ORGANIC STIMULATE MAN"}]},{"@type":"WebSite","@id":"https:\/\/kinamihealth.com\/#website","url":"https:\/\/kinamihealth.com\/","name":"Kinami Health","description":"","publisher":{"@id":"https:\/\/kinamihealth.com\/#organization"},"potentialAction":[{"@type":"SearchAction","target":{"@type":"EntryPoint","urlTemplate":"https:\/\/kinamihealth.com\/?s={search_term_string}"},"query-input":{"@type":"PropertyValueSpecification","valueRequired":true,"valueName":"search_term_string"}}],"inLanguage":"pl-PL"},{"@type":"Organization","@id":"https:\/\/kinamihealth.com\/#organization","name":"Kinami Health","url":"https:\/\/kinamihealth.com\/","logo":{"@type":"ImageObject","inLanguage":"pl-PL","@id":"https:\/\/kinamihealth.com\/#\/schema\/logo\/image\/","url":"https:\/\/kinamihealth.com\/wp-content\/uploads\/2025\/01\/KH_logo_black_2-1.png","contentUrl":"https:\/\/kinamihealth.com\/wp-content\/uploads\/2025\/01\/KH_logo_black_2-1.png","width":339,"height":34,"caption":"Kinami Health"},"image":{"@id":"https:\/\/kinamihealth.com\/#\/schema\/logo\/image\/"}}]}},"_links":{"self":[{"href":"https:\/\/kinamihealth.com\/pl\/wp-json\/wp\/v2\/product\/125403","targetHints":{"allow":["GET"]}}],"collection":[{"href":"https:\/\/kinamihealth.com\/pl\/wp-json\/wp\/v2\/product"}],"about":[{"href":"https:\/\/kinamihealth.com\/pl\/wp-json\/wp\/v2\/types\/product"}],"replies":[{"embeddable":true,"href":"https:\/\/kinamihealth.com\/pl\/wp-json\/wp\/v2\/comments?post=125403"}],"version-history":[{"count":0,"href":"https:\/\/kinamihealth.com\/pl\/wp-json\/wp\/v2\/product\/125403\/revisions"}],"wp:featuredmedia":[{"embeddable":true,"href":"https:\/\/kinamihealth.com\/pl\/wp-json\/wp\/v2\/media\/125405"}],"wp:attachment":[{"href":"https:\/\/kinamihealth.com\/pl\/wp-json\/wp\/v2\/media?parent=125403"}],"wp:term":[{"taxonomy":"product_brand","embeddable":true,"href":"https:\/\/kinamihealth.com\/pl\/wp-json\/wp\/v2\/product_brand?post=125403"},{"taxonomy":"product_cat","embeddable":true,"href":"https:\/\/kinamihealth.com\/pl\/wp-json\/wp\/v2\/product_cat?post=125403"},{"taxonomy":"product_tag","embeddable":true,"href":"https:\/\/kinamihealth.com\/pl\/wp-json\/wp\/v2\/product_tag?post=125403"}],"curies":[{"name":"wp","href":"https:\/\/api.w.org\/{rel}","templated":true}]}}