{"id":125376,"date":"2025-02-15T16:56:34","date_gmt":"2025-02-15T16:56:34","guid":{"rendered":"https:\/\/kinamihealth.com\/product\/organic-silica-dmae\/"},"modified":"2025-12-11T00:06:32","modified_gmt":"2025-12-11T00:06:32","slug":"organic-silica-dmae","status":"publish","type":"product","link":"https:\/\/kinamihealth.com\/pl\/produkt\/organic-silica-dmae\/","title":{"rendered":"ORGANIC SILICA &#038; DMAE"},"content":{"rendered":"<p><span style=\"font-weight: 400;\">Odkryj zalety Organic Silica &amp; DMAE \u2013 <\/span><b>odm\u0142adzaj\u0105cego serum<\/b><span style=\"font-weight: 400;\"> opracowanego w celu <\/span><b>uj\u0119drnienia sk\u00f3ry<\/b><span style=\"font-weight: 400;\"> i <\/span><b>zminimalizowania oznak starzenia<\/b><span style=\"font-weight: 400;\">. Ten silnie dzia\u0142aj\u0105cy preparat ma szerokie zastosowanie na <\/span><b>twarzy i ciele<\/b><span style=\"font-weight: 400;\">, chroni\u0105c sk\u00f3r\u0119 przed czynnikami zewn\u0119trznymi. Specjali\u015bci medyczni mog\u0105 <\/span><b><i>zam\u00f3wi\u0107 produkty do mezoterapii<\/i><\/b><span style=\"font-weight: 400;\">, takie jak Organic Silica &amp; DMAE, w <\/span><b>Kinami Health<\/b><span style=\"font-weight: 400;\"> i zapewni\u0107 swojej sk\u00f3rze <\/span><b>nieinwazyjny zabieg <\/b><span style=\"font-weight: 400;\">o <\/span><b>trwa\u0142ych rezultatach.<\/b><\/p>\n","protected":false},"excerpt":{"rendered":"<p>Odkryj zalety Organic Silica &amp; DMAE \u2013 odm\u0142adzaj\u0105cego serum opracowanego w celu uj\u0119drnienia sk\u00f3ry i zminimalizowania oznak starzenia. Ten silnie dzia\u0142aj\u0105cy preparat ma szerokie zastosowanie na twarzy i ciele, chroni\u0105c sk\u00f3r\u0119 przed czynnikami zewn\u0119trznymi. Specjali\u015bci medyczni mog\u0105 zam\u00f3wi\u0107 produkty do mezoterapii, takie jak Organic Silica &amp; DMAE, w Kinami Health i zapewni\u0107 swojej sk\u00f3rze nieinwazyjny [&hellip;]<\/p>\n","protected":false},"featured_media":125377,"comment_status":"closed","ping_status":"closed","template":"","meta":{"_acf_changed":false,"inline_featured_image":false},"product_brand":[2896],"product_cat":[4598],"product_tag":[4176],"class_list":{"0":"post-125376","1":"product","2":"type-product","3":"status-publish","4":"has-post-thumbnail","6":"product_brand-bcn","7":"product_cat-mesotherapy-pl","8":"product_tag-medical-devices-pl","10":"first","11":"instock","12":"taxable","13":"shipping-taxable","14":"purchasable","15":"product-type-simple","16":"add-to-wishlist-before_image"},"acf":[],"yoast_head":"<!-- This site is optimized with the Yoast SEO plugin v27.1.1 - https:\/\/yoast.com\/product\/yoast-seo-wordpress\/ -->\n<title>Kup organiczny krzemionk\u0119 i DMAE \u2013 Kinami Health<\/title>\n<meta name=\"description\" content=\"Kup organiczn\u0105 krzemionk\u0119 i DMAE w Kinami Health \u2013 silnie dzia\u0142aj\u0105ce serum, kt\u00f3re uj\u0119drnia sk\u00f3r\u0119, redukuje zmarszczki i poprawia elastyczno\u015b\u0107, zapewniaj\u0105c m\u0142odzie\u0144czy wygl\u0105d.\" \/>\n<meta name=\"robots\" content=\"index, follow, max-snippet:-1, max-image-preview:large, max-video-preview:-1\" \/>\n<link rel=\"canonical\" href=\"https:\/\/kinamihealth.com\/pl\/wp-json\/wp\/v2\/product\/125376\" \/>\n<meta property=\"og:locale\" content=\"pl_PL\" \/>\n<meta property=\"og:type\" content=\"article\" \/>\n<meta property=\"og:title\" content=\"Kup organiczny krzemionk\u0119 i DMAE \u2013 Kinami Health\" \/>\n<meta property=\"og:description\" content=\"Kup organiczn\u0105 krzemionk\u0119 i DMAE w Kinami Health \u2013 silnie dzia\u0142aj\u0105ce serum, kt\u00f3re uj\u0119drnia sk\u00f3r\u0119, redukuje zmarszczki i poprawia elastyczno\u015b\u0107, zapewniaj\u0105c m\u0142odzie\u0144czy wygl\u0105d.\" \/>\n<meta property=\"og:url\" content=\"https:\/\/kinamihealth.com\/pl\/produkt\/organic-silica-dmae\/\" \/>\n<meta property=\"og:site_name\" content=\"Kinami Health\" \/>\n<meta property=\"article:modified_time\" content=\"2025-12-11T00:06:32+00:00\" \/>\n<meta property=\"og:image\" content=\"https:\/\/kinamihealth.com\/wp-content\/uploads\/2025\/02\/BCN-ORGANIC-SILICADMAE-01.jpg\" \/>\n\t<meta property=\"og:image:width\" content=\"800\" \/>\n\t<meta property=\"og:image:height\" content=\"800\" \/>\n\t<meta property=\"og:image:type\" content=\"image\/jpeg\" \/>\n<meta name=\"twitter:card\" content=\"summary_large_image\" \/>\n<meta name=\"twitter:label1\" content=\"Szacowany czas czytania\" \/>\n\t<meta name=\"twitter:data1\" content=\"1 minuta\" \/>\n<!-- \/ Yoast SEO plugin. -->","yoast_head_json":{"title":"Kup organiczny krzemionk\u0119 i DMAE \u2013 Kinami Health","description":"Kup organiczn\u0105 krzemionk\u0119 i DMAE w Kinami Health \u2013 silnie dzia\u0142aj\u0105ce serum, kt\u00f3re uj\u0119drnia sk\u00f3r\u0119, redukuje zmarszczki i poprawia elastyczno\u015b\u0107, zapewniaj\u0105c m\u0142odzie\u0144czy wygl\u0105d.","robots":{"index":"index","follow":"follow","max-snippet":"max-snippet:-1","max-image-preview":"max-image-preview:large","max-video-preview":"max-video-preview:-1"},"canonical":"https:\/\/kinamihealth.com\/pl\/wp-json\/wp\/v2\/product\/125376","og_locale":"pl_PL","og_type":"article","og_title":"Kup organiczny krzemionk\u0119 i DMAE \u2013 Kinami Health","og_description":"Kup organiczn\u0105 krzemionk\u0119 i DMAE w Kinami Health \u2013 silnie dzia\u0142aj\u0105ce serum, kt\u00f3re uj\u0119drnia sk\u00f3r\u0119, redukuje zmarszczki i poprawia elastyczno\u015b\u0107, zapewniaj\u0105c m\u0142odzie\u0144czy wygl\u0105d.","og_url":"https:\/\/kinamihealth.com\/pl\/produkt\/organic-silica-dmae\/","og_site_name":"Kinami Health","article_modified_time":"2025-12-11T00:06:32+00:00","og_image":[{"width":800,"height":800,"url":"https:\/\/kinamihealth.com\/wp-content\/uploads\/2025\/02\/BCN-ORGANIC-SILICADMAE-01.jpg","type":"image\/jpeg"}],"twitter_card":"summary_large_image","twitter_misc":{"Szacowany czas czytania":"1 minuta"},"schema":{"@context":"https:\/\/schema.org","@graph":[{"@type":"WebPage","@id":"https:\/\/kinamihealth.com\/pl\/produkt\/organic-silica-dmae\/","url":"https:\/\/kinamihealth.com\/pl\/produkt\/organic-silica-dmae\/","name":"Kup organiczny krzemionk\u0119 i DMAE \u2013 Kinami Health","isPartOf":{"@id":"https:\/\/kinamihealth.com\/#website"},"primaryImageOfPage":{"@id":"https:\/\/kinamihealth.com\/pl\/produkt\/organic-silica-dmae\/#primaryimage"},"image":{"@id":"https:\/\/kinamihealth.com\/pl\/produkt\/organic-silica-dmae\/#primaryimage"},"thumbnailUrl":"https:\/\/kinamihealth.com\/wp-content\/uploads\/2025\/02\/BCN-ORGANIC-SILICADMAE-01.jpg","datePublished":"2025-02-15T16:56:34+00:00","dateModified":"2025-12-11T00:06:32+00:00","description":"Kup organiczn\u0105 krzemionk\u0119 i DMAE w Kinami Health \u2013 silnie dzia\u0142aj\u0105ce serum, kt\u00f3re uj\u0119drnia sk\u00f3r\u0119, redukuje zmarszczki i poprawia elastyczno\u015b\u0107, zapewniaj\u0105c m\u0142odzie\u0144czy wygl\u0105d.","breadcrumb":{"@id":"https:\/\/kinamihealth.com\/pl\/produkt\/organic-silica-dmae\/#breadcrumb"},"inLanguage":"pl-PL","potentialAction":[{"@type":"ReadAction","target":["https:\/\/kinamihealth.com\/pl\/produkt\/organic-silica-dmae\/"]}]},{"@type":"ImageObject","inLanguage":"pl-PL","@id":"https:\/\/kinamihealth.com\/pl\/produkt\/organic-silica-dmae\/#primaryimage","url":"https:\/\/kinamihealth.com\/wp-content\/uploads\/2025\/02\/BCN-ORGANIC-SILICADMAE-01.jpg","contentUrl":"https:\/\/kinamihealth.com\/wp-content\/uploads\/2025\/02\/BCN-ORGANIC-SILICADMAE-01.jpg","width":800,"height":800},{"@type":"BreadcrumbList","@id":"https:\/\/kinamihealth.com\/pl\/produkt\/organic-silica-dmae\/#breadcrumb","itemListElement":[{"@type":"ListItem","position":1,"name":"Strona g\u0142\u00f3wna","item":"https:\/\/kinamihealth.com\/sr\/"},{"@type":"ListItem","position":2,"name":"Sklep","item":"https:\/\/kinamihealth.com\/pl\/?page_id=128280"},{"@type":"ListItem","position":3,"name":"ORGANIC SILICA &#038; DMAE"}]},{"@type":"WebSite","@id":"https:\/\/kinamihealth.com\/#website","url":"https:\/\/kinamihealth.com\/","name":"Kinami Health","description":"","publisher":{"@id":"https:\/\/kinamihealth.com\/#organization"},"potentialAction":[{"@type":"SearchAction","target":{"@type":"EntryPoint","urlTemplate":"https:\/\/kinamihealth.com\/?s={search_term_string}"},"query-input":{"@type":"PropertyValueSpecification","valueRequired":true,"valueName":"search_term_string"}}],"inLanguage":"pl-PL"},{"@type":"Organization","@id":"https:\/\/kinamihealth.com\/#organization","name":"Kinami Health","url":"https:\/\/kinamihealth.com\/","logo":{"@type":"ImageObject","inLanguage":"pl-PL","@id":"https:\/\/kinamihealth.com\/#\/schema\/logo\/image\/","url":"https:\/\/kinamihealth.com\/wp-content\/uploads\/2025\/01\/KH_logo_black_2-1.png","contentUrl":"https:\/\/kinamihealth.com\/wp-content\/uploads\/2025\/01\/KH_logo_black_2-1.png","width":339,"height":34,"caption":"Kinami Health"},"image":{"@id":"https:\/\/kinamihealth.com\/#\/schema\/logo\/image\/"}}]}},"_links":{"self":[{"href":"https:\/\/kinamihealth.com\/pl\/wp-json\/wp\/v2\/product\/125376","targetHints":{"allow":["GET"]}}],"collection":[{"href":"https:\/\/kinamihealth.com\/pl\/wp-json\/wp\/v2\/product"}],"about":[{"href":"https:\/\/kinamihealth.com\/pl\/wp-json\/wp\/v2\/types\/product"}],"replies":[{"embeddable":true,"href":"https:\/\/kinamihealth.com\/pl\/wp-json\/wp\/v2\/comments?post=125376"}],"version-history":[{"count":0,"href":"https:\/\/kinamihealth.com\/pl\/wp-json\/wp\/v2\/product\/125376\/revisions"}],"wp:featuredmedia":[{"embeddable":true,"href":"https:\/\/kinamihealth.com\/pl\/wp-json\/wp\/v2\/media\/125377"}],"wp:attachment":[{"href":"https:\/\/kinamihealth.com\/pl\/wp-json\/wp\/v2\/media?parent=125376"}],"wp:term":[{"taxonomy":"product_brand","embeddable":true,"href":"https:\/\/kinamihealth.com\/pl\/wp-json\/wp\/v2\/product_brand?post=125376"},{"taxonomy":"product_cat","embeddable":true,"href":"https:\/\/kinamihealth.com\/pl\/wp-json\/wp\/v2\/product_cat?post=125376"},{"taxonomy":"product_tag","embeddable":true,"href":"https:\/\/kinamihealth.com\/pl\/wp-json\/wp\/v2\/product_tag?post=125376"}],"curies":[{"name":"wp","href":"https:\/\/api.w.org\/{rel}","templated":true}]}}