{"id":125367,"date":"2025-02-15T16:56:42","date_gmt":"2025-02-15T16:56:42","guid":{"rendered":"https:\/\/kinamihealth.com\/product\/perfectha-finelines\/"},"modified":"2025-12-11T00:33:54","modified_gmt":"2025-12-11T00:33:54","slug":"perfectha-finelines","status":"publish","type":"product","link":"https:\/\/kinamihealth.com\/pl\/produkt\/perfectha-finelines\/","title":{"rendered":"PERFECTHA\u00ae FINELINES"},"content":{"rendered":"<p><b>Perfectha Finelines<\/b><span style=\"font-weight: 400;\"> (1 ml) to zaawansowany <\/span><b>wype\u0142niacz sk\u00f3rny<\/b><span style=\"font-weight: 400;\">, opracowany specjalnie z my\u015bl\u0105 o <\/span><b>delikatnych obszarach twarzy<\/b><span style=\"font-weight: 400;\">. Ten zaawansowany preparat do wstrzykiwa\u0144 zawiera <\/span><b>usieciowany kwas hialuronowy<\/b><span style=\"font-weight: 400;\">, precyzyjnie opracowany z my\u015bl\u0105 o <\/span><b>powierzchownych zmarszczkach<\/b><span style=\"font-weight: 400;\">, szczeg\u00f3lnie wok\u00f3\u0142 oczu i ust. Jego specjalistyczny sk\u0142ad sprawia, \u017ce jest on szczeg\u00f3lnie skuteczny w leczeniu drobnych zmarszczek wok\u00f3\u0142 oczu, zapewniaj\u0105c jednocze\u015bnie <\/span><b>subtelne, naturalnie wygl\u0105daj\u0105ce poprawy<\/b><span style=\"font-weight: 400;\">.<\/span><\/p>\n","protected":false},"excerpt":{"rendered":"<p>Perfectha Finelines (1 ml) to zaawansowany wype\u0142niacz sk\u00f3rny, opracowany specjalnie z my\u015bl\u0105 o delikatnych obszarach twarzy. Ten zaawansowany preparat do wstrzykiwa\u0144 zawiera usieciowany kwas hialuronowy, precyzyjnie opracowany z my\u015bl\u0105 o powierzchownych zmarszczkach, szczeg\u00f3lnie wok\u00f3\u0142 oczu i ust. Jego specjalistyczny sk\u0142ad sprawia, \u017ce jest on szczeg\u00f3lnie skuteczny w leczeniu drobnych zmarszczek wok\u00f3\u0142 oczu, zapewniaj\u0105c jednocze\u015bnie subtelne, [&hellip;]<\/p>\n","protected":false},"featured_media":125368,"comment_status":"closed","ping_status":"closed","template":"","meta":{"_acf_changed":false,"inline_featured_image":false},"product_brand":[2931],"product_cat":[4174,4175],"product_tag":[4176],"class_list":{"0":"post-125367","1":"product","2":"type-product","3":"status-publish","4":"has-post-thumbnail","6":"product_brand-perfectha","7":"product_cat-dermal-fillers-pl","8":"product_cat-ha-dermal-fillers-pl","9":"product_tag-medical-devices-pl","11":"first","12":"instock","13":"taxable","14":"shipping-taxable","15":"purchasable","16":"product-type-simple","17":"add-to-wishlist-before_image"},"acf":[],"yoast_head":"<!-- This site is optimized with the Yoast SEO plugin v27.1.1 - https:\/\/yoast.com\/product\/yoast-seo-wordpress\/ -->\n<title>Kup Perfectha Finelines online \u2013 profesjonalny wype\u0142niacz sk\u00f3rny do okolic oczu<\/title>\n<meta name=\"description\" content=\"Kup Perfectha Finelines, wysokiej jako\u015bci wype\u0142niacz sk\u00f3rny na bazie kwasu hialuronowego, opracowany specjalnie z my\u015bl\u0105 o delikatnych okolicach oczu i drobnych zmarszczkach na twarzy.\" \/>\n<meta name=\"robots\" content=\"index, follow, max-snippet:-1, max-image-preview:large, max-video-preview:-1\" \/>\n<link rel=\"canonical\" href=\"https:\/\/kinamihealth.com\/pl\/wp-json\/wp\/v2\/product\/125367\" \/>\n<meta property=\"og:locale\" content=\"pl_PL\" \/>\n<meta property=\"og:type\" content=\"article\" \/>\n<meta property=\"og:title\" content=\"Kup Perfectha Finelines online \u2013 profesjonalny wype\u0142niacz sk\u00f3rny do okolic oczu\" \/>\n<meta property=\"og:description\" content=\"Kup Perfectha Finelines, wysokiej jako\u015bci wype\u0142niacz sk\u00f3rny na bazie kwasu hialuronowego, opracowany specjalnie z my\u015bl\u0105 o delikatnych okolicach oczu i drobnych zmarszczkach na twarzy.\" \/>\n<meta property=\"og:url\" content=\"https:\/\/kinamihealth.com\/pl\/produkt\/perfectha-finelines\/\" \/>\n<meta property=\"og:site_name\" content=\"Kinami Health\" \/>\n<meta property=\"article:modified_time\" content=\"2025-12-11T00:33:54+00:00\" \/>\n<meta property=\"og:image\" content=\"https:\/\/kinamihealth.com\/wp-content\/uploads\/2025\/02\/PERFECTHA-FINELINES-1ML-01.jpg\" \/>\n\t<meta property=\"og:image:width\" content=\"800\" \/>\n\t<meta property=\"og:image:height\" content=\"800\" \/>\n\t<meta property=\"og:image:type\" content=\"image\/jpeg\" \/>\n<meta name=\"twitter:card\" content=\"summary_large_image\" \/>\n<meta name=\"twitter:label1\" content=\"Szacowany czas czytania\" \/>\n\t<meta name=\"twitter:data1\" content=\"1 minuta\" \/>\n<!-- \/ Yoast SEO plugin. -->","yoast_head_json":{"title":"Kup Perfectha Finelines online \u2013 profesjonalny wype\u0142niacz sk\u00f3rny do okolic oczu","description":"Kup Perfectha Finelines, wysokiej jako\u015bci wype\u0142niacz sk\u00f3rny na bazie kwasu hialuronowego, opracowany specjalnie z my\u015bl\u0105 o delikatnych okolicach oczu i drobnych zmarszczkach na twarzy.","robots":{"index":"index","follow":"follow","max-snippet":"max-snippet:-1","max-image-preview":"max-image-preview:large","max-video-preview":"max-video-preview:-1"},"canonical":"https:\/\/kinamihealth.com\/pl\/wp-json\/wp\/v2\/product\/125367","og_locale":"pl_PL","og_type":"article","og_title":"Kup Perfectha Finelines online \u2013 profesjonalny wype\u0142niacz sk\u00f3rny do okolic oczu","og_description":"Kup Perfectha Finelines, wysokiej jako\u015bci wype\u0142niacz sk\u00f3rny na bazie kwasu hialuronowego, opracowany specjalnie z my\u015bl\u0105 o delikatnych okolicach oczu i drobnych zmarszczkach na twarzy.","og_url":"https:\/\/kinamihealth.com\/pl\/produkt\/perfectha-finelines\/","og_site_name":"Kinami Health","article_modified_time":"2025-12-11T00:33:54+00:00","og_image":[{"width":800,"height":800,"url":"https:\/\/kinamihealth.com\/wp-content\/uploads\/2025\/02\/PERFECTHA-FINELINES-1ML-01.jpg","type":"image\/jpeg"}],"twitter_card":"summary_large_image","twitter_misc":{"Szacowany czas czytania":"1 minuta"},"schema":{"@context":"https:\/\/schema.org","@graph":[{"@type":"WebPage","@id":"https:\/\/kinamihealth.com\/pl\/produkt\/perfectha-finelines\/","url":"https:\/\/kinamihealth.com\/pl\/produkt\/perfectha-finelines\/","name":"Kup Perfectha Finelines online \u2013 profesjonalny wype\u0142niacz sk\u00f3rny do okolic oczu","isPartOf":{"@id":"https:\/\/kinamihealth.com\/#website"},"primaryImageOfPage":{"@id":"https:\/\/kinamihealth.com\/pl\/produkt\/perfectha-finelines\/#primaryimage"},"image":{"@id":"https:\/\/kinamihealth.com\/pl\/produkt\/perfectha-finelines\/#primaryimage"},"thumbnailUrl":"https:\/\/kinamihealth.com\/wp-content\/uploads\/2025\/02\/PERFECTHA-FINELINES-1ML-01.jpg","datePublished":"2025-02-15T16:56:42+00:00","dateModified":"2025-12-11T00:33:54+00:00","description":"Kup Perfectha Finelines, wysokiej jako\u015bci wype\u0142niacz sk\u00f3rny na bazie kwasu hialuronowego, opracowany specjalnie z my\u015bl\u0105 o delikatnych okolicach oczu i drobnych zmarszczkach na twarzy.","breadcrumb":{"@id":"https:\/\/kinamihealth.com\/pl\/produkt\/perfectha-finelines\/#breadcrumb"},"inLanguage":"pl-PL","potentialAction":[{"@type":"ReadAction","target":["https:\/\/kinamihealth.com\/pl\/produkt\/perfectha-finelines\/"]}]},{"@type":"ImageObject","inLanguage":"pl-PL","@id":"https:\/\/kinamihealth.com\/pl\/produkt\/perfectha-finelines\/#primaryimage","url":"https:\/\/kinamihealth.com\/wp-content\/uploads\/2025\/02\/PERFECTHA-FINELINES-1ML-01.jpg","contentUrl":"https:\/\/kinamihealth.com\/wp-content\/uploads\/2025\/02\/PERFECTHA-FINELINES-1ML-01.jpg","width":800,"height":800},{"@type":"BreadcrumbList","@id":"https:\/\/kinamihealth.com\/pl\/produkt\/perfectha-finelines\/#breadcrumb","itemListElement":[{"@type":"ListItem","position":1,"name":"Strona g\u0142\u00f3wna","item":"https:\/\/kinamihealth.com\/sr\/"},{"@type":"ListItem","position":2,"name":"Sklep","item":"https:\/\/kinamihealth.com\/pl\/?page_id=128280"},{"@type":"ListItem","position":3,"name":"PERFECTHA\u00ae FINELINES"}]},{"@type":"WebSite","@id":"https:\/\/kinamihealth.com\/#website","url":"https:\/\/kinamihealth.com\/","name":"Kinami Health","description":"","publisher":{"@id":"https:\/\/kinamihealth.com\/#organization"},"potentialAction":[{"@type":"SearchAction","target":{"@type":"EntryPoint","urlTemplate":"https:\/\/kinamihealth.com\/?s={search_term_string}"},"query-input":{"@type":"PropertyValueSpecification","valueRequired":true,"valueName":"search_term_string"}}],"inLanguage":"pl-PL"},{"@type":"Organization","@id":"https:\/\/kinamihealth.com\/#organization","name":"Kinami Health","url":"https:\/\/kinamihealth.com\/","logo":{"@type":"ImageObject","inLanguage":"pl-PL","@id":"https:\/\/kinamihealth.com\/#\/schema\/logo\/image\/","url":"https:\/\/kinamihealth.com\/wp-content\/uploads\/2025\/01\/KH_logo_black_2-1.png","contentUrl":"https:\/\/kinamihealth.com\/wp-content\/uploads\/2025\/01\/KH_logo_black_2-1.png","width":339,"height":34,"caption":"Kinami Health"},"image":{"@id":"https:\/\/kinamihealth.com\/#\/schema\/logo\/image\/"}}]}},"_links":{"self":[{"href":"https:\/\/kinamihealth.com\/pl\/wp-json\/wp\/v2\/product\/125367","targetHints":{"allow":["GET"]}}],"collection":[{"href":"https:\/\/kinamihealth.com\/pl\/wp-json\/wp\/v2\/product"}],"about":[{"href":"https:\/\/kinamihealth.com\/pl\/wp-json\/wp\/v2\/types\/product"}],"replies":[{"embeddable":true,"href":"https:\/\/kinamihealth.com\/pl\/wp-json\/wp\/v2\/comments?post=125367"}],"version-history":[{"count":0,"href":"https:\/\/kinamihealth.com\/pl\/wp-json\/wp\/v2\/product\/125367\/revisions"}],"wp:featuredmedia":[{"embeddable":true,"href":"https:\/\/kinamihealth.com\/pl\/wp-json\/wp\/v2\/media\/125368"}],"wp:attachment":[{"href":"https:\/\/kinamihealth.com\/pl\/wp-json\/wp\/v2\/media?parent=125367"}],"wp:term":[{"taxonomy":"product_brand","embeddable":true,"href":"https:\/\/kinamihealth.com\/pl\/wp-json\/wp\/v2\/product_brand?post=125367"},{"taxonomy":"product_cat","embeddable":true,"href":"https:\/\/kinamihealth.com\/pl\/wp-json\/wp\/v2\/product_cat?post=125367"},{"taxonomy":"product_tag","embeddable":true,"href":"https:\/\/kinamihealth.com\/pl\/wp-json\/wp\/v2\/product_tag?post=125367"}],"curies":[{"name":"wp","href":"https:\/\/api.w.org\/{rel}","templated":true}]}}