{"id":125364,"date":"2025-02-15T16:56:41","date_gmt":"2025-02-15T16:56:41","guid":{"rendered":"https:\/\/kinamihealth.com\/product\/perfectha-derm\/"},"modified":"2025-12-11T00:28:41","modified_gmt":"2025-12-11T00:28:41","slug":"perfectha-derm","status":"publish","type":"product","link":"https:\/\/kinamihealth.com\/pl\/produkt\/perfectha-derm\/","title":{"rendered":"PERFECTHA\u00ae DERM"},"content":{"rendered":"<p><b>Perfectha Derm <\/b><span style=\"font-weight: 400;\">to zaawansowany wype\u0142niacz sk\u00f3rny sk\u0142adaj\u0105cy si\u0119 z <\/span><b>usieciowanego kwasu hialuronowego, <\/b><span style=\"font-weight: 400;\">stworzony specjalnie z my\u015bl\u0105 o <\/span><b>korekcji umiarkowanych zmarszczek i modelowaniu konturu twarzy. <\/b><span style=\"font-weight: 400;\">Wykorzystuj\u0105c innowacyjn\u0105<\/span><b> technologi\u0119 E-brid,<\/b><span style=\"font-weight: 400;\"> ten profesjonalny preparat do wstrzykiwa\u0144 zapewnia<\/span><b> naturalny efekt przy minimalnym st\u0119\u017ceniu BDDE.<\/b><span style=\"font-weight: 400;\"> Dost\u0119pny wy\u0142\u0105cznie dla licencjonowanych specjalist\u00f3w medycznych, Perfectha Derm stanowi niezawodne rozwi\u0105zanie dla gabinet\u00f3w medycyny estetycznej poszukuj\u0105cych skutecznych metod odm\u0142adzania twarzy.<\/span><\/p>\n","protected":false},"excerpt":{"rendered":"<p>Perfectha Derm to zaawansowany wype\u0142niacz sk\u00f3rny sk\u0142adaj\u0105cy si\u0119 z usieciowanego kwasu hialuronowego, stworzony specjalnie z my\u015bl\u0105 o korekcji umiarkowanych zmarszczek i modelowaniu konturu twarzy. Wykorzystuj\u0105c innowacyjn\u0105 technologi\u0119 E-brid, ten profesjonalny preparat do wstrzykiwa\u0144 zapewnia naturalny efekt przy minimalnym st\u0119\u017ceniu BDDE. Dost\u0119pny wy\u0142\u0105cznie dla licencjonowanych specjalist\u00f3w medycznych, Perfectha Derm stanowi niezawodne rozwi\u0105zanie dla gabinet\u00f3w medycyny estetycznej [&hellip;]<\/p>\n","protected":false},"featured_media":125365,"comment_status":"closed","ping_status":"closed","template":"","meta":{"_acf_changed":false,"inline_featured_image":false},"product_brand":[2931],"product_cat":[4174,4175],"product_tag":[4176],"class_list":{"0":"post-125364","1":"product","2":"type-product","3":"status-publish","4":"has-post-thumbnail","6":"product_brand-perfectha","7":"product_cat-dermal-fillers-pl","8":"product_cat-ha-dermal-fillers-pl","9":"product_tag-medical-devices-pl","11":"first","12":"instock","13":"taxable","14":"shipping-taxable","15":"purchasable","16":"product-type-simple","17":"add-to-wishlist-before_image"},"acf":[],"yoast_head":"<!-- This site is optimized with the Yoast SEO plugin v27.1.1 - https:\/\/yoast.com\/product\/yoast-seo-wordpress\/ -->\n<title>Kup Perfectha Derm online do profesjonalnego wype\u0142niania zmarszczek<\/title>\n<meta name=\"description\" content=\"Kup Perfectha Derm, profesjonalny wype\u0142niacz sk\u00f3rny na bazie kwasu hialuronowego przeznaczony do korekcji umiarkowanych zmarszczek i modelowania konturu twarzy.\" \/>\n<meta name=\"robots\" content=\"index, follow, max-snippet:-1, max-image-preview:large, max-video-preview:-1\" \/>\n<link rel=\"canonical\" href=\"https:\/\/kinamihealth.com\/pl\/wp-json\/wp\/v2\/product\/125364\" \/>\n<meta property=\"og:locale\" content=\"pl_PL\" \/>\n<meta property=\"og:type\" content=\"article\" \/>\n<meta property=\"og:title\" content=\"Kup Perfectha Derm online do profesjonalnego wype\u0142niania zmarszczek\" \/>\n<meta property=\"og:description\" content=\"Kup Perfectha Derm, profesjonalny wype\u0142niacz sk\u00f3rny na bazie kwasu hialuronowego przeznaczony do korekcji umiarkowanych zmarszczek i modelowania konturu twarzy.\" \/>\n<meta property=\"og:url\" content=\"https:\/\/kinamihealth.com\/pl\/produkt\/perfectha-derm\/\" \/>\n<meta property=\"og:site_name\" content=\"Kinami Health\" \/>\n<meta property=\"article:modified_time\" content=\"2025-12-11T00:28:41+00:00\" \/>\n<meta property=\"og:image\" content=\"https:\/\/kinamihealth.com\/wp-content\/uploads\/2025\/02\/PERFECTHA-DERM-NONLIDO-02.jpg\" \/>\n\t<meta property=\"og:image:width\" content=\"800\" \/>\n\t<meta property=\"og:image:height\" content=\"800\" \/>\n\t<meta property=\"og:image:type\" content=\"image\/jpeg\" \/>\n<meta name=\"twitter:card\" content=\"summary_large_image\" \/>\n<meta name=\"twitter:label1\" content=\"Szacowany czas czytania\" \/>\n\t<meta name=\"twitter:data1\" content=\"1 minuta\" \/>\n<!-- \/ Yoast SEO plugin. -->","yoast_head_json":{"title":"Kup Perfectha Derm online do profesjonalnego wype\u0142niania zmarszczek","description":"Kup Perfectha Derm, profesjonalny wype\u0142niacz sk\u00f3rny na bazie kwasu hialuronowego przeznaczony do korekcji umiarkowanych zmarszczek i modelowania konturu twarzy.","robots":{"index":"index","follow":"follow","max-snippet":"max-snippet:-1","max-image-preview":"max-image-preview:large","max-video-preview":"max-video-preview:-1"},"canonical":"https:\/\/kinamihealth.com\/pl\/wp-json\/wp\/v2\/product\/125364","og_locale":"pl_PL","og_type":"article","og_title":"Kup Perfectha Derm online do profesjonalnego wype\u0142niania zmarszczek","og_description":"Kup Perfectha Derm, profesjonalny wype\u0142niacz sk\u00f3rny na bazie kwasu hialuronowego przeznaczony do korekcji umiarkowanych zmarszczek i modelowania konturu twarzy.","og_url":"https:\/\/kinamihealth.com\/pl\/produkt\/perfectha-derm\/","og_site_name":"Kinami Health","article_modified_time":"2025-12-11T00:28:41+00:00","og_image":[{"width":800,"height":800,"url":"https:\/\/kinamihealth.com\/wp-content\/uploads\/2025\/02\/PERFECTHA-DERM-NONLIDO-02.jpg","type":"image\/jpeg"}],"twitter_card":"summary_large_image","twitter_misc":{"Szacowany czas czytania":"1 minuta"},"schema":{"@context":"https:\/\/schema.org","@graph":[{"@type":"WebPage","@id":"https:\/\/kinamihealth.com\/pl\/produkt\/perfectha-derm\/","url":"https:\/\/kinamihealth.com\/pl\/produkt\/perfectha-derm\/","name":"Kup Perfectha Derm online do profesjonalnego wype\u0142niania zmarszczek","isPartOf":{"@id":"https:\/\/kinamihealth.com\/#website"},"primaryImageOfPage":{"@id":"https:\/\/kinamihealth.com\/pl\/produkt\/perfectha-derm\/#primaryimage"},"image":{"@id":"https:\/\/kinamihealth.com\/pl\/produkt\/perfectha-derm\/#primaryimage"},"thumbnailUrl":"https:\/\/kinamihealth.com\/wp-content\/uploads\/2025\/02\/PERFECTHA-DERM-NONLIDO-02.jpg","datePublished":"2025-02-15T16:56:41+00:00","dateModified":"2025-12-11T00:28:41+00:00","description":"Kup Perfectha Derm, profesjonalny wype\u0142niacz sk\u00f3rny na bazie kwasu hialuronowego przeznaczony do korekcji umiarkowanych zmarszczek i modelowania konturu twarzy.","breadcrumb":{"@id":"https:\/\/kinamihealth.com\/pl\/produkt\/perfectha-derm\/#breadcrumb"},"inLanguage":"pl-PL","potentialAction":[{"@type":"ReadAction","target":["https:\/\/kinamihealth.com\/pl\/produkt\/perfectha-derm\/"]}]},{"@type":"ImageObject","inLanguage":"pl-PL","@id":"https:\/\/kinamihealth.com\/pl\/produkt\/perfectha-derm\/#primaryimage","url":"https:\/\/kinamihealth.com\/wp-content\/uploads\/2025\/02\/PERFECTHA-DERM-NONLIDO-02.jpg","contentUrl":"https:\/\/kinamihealth.com\/wp-content\/uploads\/2025\/02\/PERFECTHA-DERM-NONLIDO-02.jpg","width":800,"height":800},{"@type":"BreadcrumbList","@id":"https:\/\/kinamihealth.com\/pl\/produkt\/perfectha-derm\/#breadcrumb","itemListElement":[{"@type":"ListItem","position":1,"name":"Strona g\u0142\u00f3wna","item":"https:\/\/kinamihealth.com\/sr\/"},{"@type":"ListItem","position":2,"name":"Sklep","item":"https:\/\/kinamihealth.com\/pl\/?page_id=128280"},{"@type":"ListItem","position":3,"name":"PERFECTHA\u00ae DERM"}]},{"@type":"WebSite","@id":"https:\/\/kinamihealth.com\/#website","url":"https:\/\/kinamihealth.com\/","name":"Kinami Health","description":"","publisher":{"@id":"https:\/\/kinamihealth.com\/#organization"},"potentialAction":[{"@type":"SearchAction","target":{"@type":"EntryPoint","urlTemplate":"https:\/\/kinamihealth.com\/?s={search_term_string}"},"query-input":{"@type":"PropertyValueSpecification","valueRequired":true,"valueName":"search_term_string"}}],"inLanguage":"pl-PL"},{"@type":"Organization","@id":"https:\/\/kinamihealth.com\/#organization","name":"Kinami Health","url":"https:\/\/kinamihealth.com\/","logo":{"@type":"ImageObject","inLanguage":"pl-PL","@id":"https:\/\/kinamihealth.com\/#\/schema\/logo\/image\/","url":"https:\/\/kinamihealth.com\/wp-content\/uploads\/2025\/01\/KH_logo_black_2-1.png","contentUrl":"https:\/\/kinamihealth.com\/wp-content\/uploads\/2025\/01\/KH_logo_black_2-1.png","width":339,"height":34,"caption":"Kinami Health"},"image":{"@id":"https:\/\/kinamihealth.com\/#\/schema\/logo\/image\/"}}]}},"_links":{"self":[{"href":"https:\/\/kinamihealth.com\/pl\/wp-json\/wp\/v2\/product\/125364","targetHints":{"allow":["GET"]}}],"collection":[{"href":"https:\/\/kinamihealth.com\/pl\/wp-json\/wp\/v2\/product"}],"about":[{"href":"https:\/\/kinamihealth.com\/pl\/wp-json\/wp\/v2\/types\/product"}],"replies":[{"embeddable":true,"href":"https:\/\/kinamihealth.com\/pl\/wp-json\/wp\/v2\/comments?post=125364"}],"version-history":[{"count":0,"href":"https:\/\/kinamihealth.com\/pl\/wp-json\/wp\/v2\/product\/125364\/revisions"}],"wp:featuredmedia":[{"embeddable":true,"href":"https:\/\/kinamihealth.com\/pl\/wp-json\/wp\/v2\/media\/125365"}],"wp:attachment":[{"href":"https:\/\/kinamihealth.com\/pl\/wp-json\/wp\/v2\/media?parent=125364"}],"wp:term":[{"taxonomy":"product_brand","embeddable":true,"href":"https:\/\/kinamihealth.com\/pl\/wp-json\/wp\/v2\/product_brand?post=125364"},{"taxonomy":"product_cat","embeddable":true,"href":"https:\/\/kinamihealth.com\/pl\/wp-json\/wp\/v2\/product_cat?post=125364"},{"taxonomy":"product_tag","embeddable":true,"href":"https:\/\/kinamihealth.com\/pl\/wp-json\/wp\/v2\/product_tag?post=125364"}],"curies":[{"name":"wp","href":"https:\/\/api.w.org\/{rel}","templated":true}]}}