{"id":125354,"date":"2025-02-15T16:56:40","date_gmt":"2025-02-15T16:56:40","guid":{"rendered":"https:\/\/kinamihealth.com\/product\/perfectha-deep-lidocaine\/"},"modified":"2025-12-11T00:26:55","modified_gmt":"2025-12-11T00:26:55","slug":"perfectha-deep-lidocaine","status":"publish","type":"product","link":"https:\/\/kinamihealth.com\/pl\/produkt\/perfectha-deep-lidocaine\/","title":{"rendered":"PERFECTHA\u00ae DEEP Lidocaine"},"content":{"rendered":"<p><b>Perfectha Deep Lidocaine<\/b><span style=\"font-weight: 400;\"> to wysokiej jako\u015bci wype\u0142niacz sk\u00f3rny do wstrzykiwa\u0144<\/span><b> zawieraj\u0105cy 20 mg\/ml usieciowanego kwasu hialuronowego z 0,3% lidokain\u0105<\/b><span style=\"font-weight: 400;\">, przeznaczony do profesjonalnych zabieg\u00f3w estetycznych<\/span><b>. <\/b><span style=\"font-weight: 400;\">Ta zaawansowana formu\u0142a zosta\u0142a opracowana specjalnie z my\u015bl\u0105 o<\/span><b> korekcji g\u0142\u0119bokich zmarszczek, modelowaniu kontur\u00f3w twarzy i przywracaniu obj\u0119to\u015bci.<\/b><span style=\"font-weight: 400;\"> Dost\u0119pny dla licencjonowanych pracownik\u00f3w s\u0142u\u017cby zdrowia, Perfectha Deep zapewnia niezawodne i d\u0142ugotrwa\u0142e efekty w przypadku r\u00f3\u017cnych potrzeb zwi\u0105zanych z popraw\u0105 wygl\u0105du.<\/span><\/p>\n","protected":false},"excerpt":{"rendered":"<p>Perfectha Deep Lidocaine to wysokiej jako\u015bci wype\u0142niacz sk\u00f3rny do wstrzykiwa\u0144 zawieraj\u0105cy 20 mg\/ml usieciowanego kwasu hialuronowego z 0,3% lidokain\u0105, przeznaczony do profesjonalnych zabieg\u00f3w estetycznych. Ta zaawansowana formu\u0142a zosta\u0142a opracowana specjalnie z my\u015bl\u0105 o korekcji g\u0142\u0119bokich zmarszczek, modelowaniu kontur\u00f3w twarzy i przywracaniu obj\u0119to\u015bci. Dost\u0119pny dla licencjonowanych pracownik\u00f3w s\u0142u\u017cby zdrowia, Perfectha Deep zapewnia niezawodne i d\u0142ugotrwa\u0142e efekty [&hellip;]<\/p>\n","protected":false},"featured_media":125360,"comment_status":"closed","ping_status":"closed","template":"","meta":{"_acf_changed":false,"inline_featured_image":false},"product_brand":[2931],"product_cat":[4174,4175],"product_tag":[4176],"class_list":{"0":"post-125354","1":"product","2":"type-product","3":"status-publish","4":"has-post-thumbnail","6":"product_brand-perfectha","7":"product_cat-dermal-fillers-pl","8":"product_cat-ha-dermal-fillers-pl","9":"product_tag-medical-devices-pl","11":"first","12":"instock","13":"taxable","14":"shipping-taxable","15":"purchasable","16":"product-type-simple","17":"add-to-wishlist-before_image"},"acf":[],"yoast_head":"<!-- This site is optimized with the Yoast SEO plugin v27.1.1 - https:\/\/yoast.com\/product\/yoast-seo-wordpress\/ -->\n<title>Kup Perfectha Deep Lidocaine \u2013 zaawansowany wype\u0142niacz sk\u00f3rny<\/title>\n<meta name=\"description\" content=\"Kup Perfectha Deep Lidocaine, aby skutecznie wyg\u0142adzi\u0107 g\u0142\u0119bokie zmarszczki, wymodelowa\u0107 kontur twarzy i przywr\u00f3ci\u0107 jej obj\u0119to\u015b\u0107.\" \/>\n<meta name=\"robots\" content=\"index, follow, max-snippet:-1, max-image-preview:large, max-video-preview:-1\" \/>\n<link rel=\"canonical\" href=\"https:\/\/kinamihealth.com\/pl\/wp-json\/wp\/v2\/product\/125354\" \/>\n<meta property=\"og:locale\" content=\"pl_PL\" \/>\n<meta property=\"og:type\" content=\"article\" \/>\n<meta property=\"og:title\" content=\"Kup Perfectha Deep Lidocaine \u2013 zaawansowany wype\u0142niacz sk\u00f3rny\" \/>\n<meta property=\"og:description\" content=\"Kup Perfectha Deep Lidocaine, aby skutecznie wyg\u0142adzi\u0107 g\u0142\u0119bokie zmarszczki, wymodelowa\u0107 kontur twarzy i przywr\u00f3ci\u0107 jej obj\u0119to\u015b\u0107.\" \/>\n<meta property=\"og:url\" content=\"https:\/\/kinamihealth.com\/pl\/produkt\/perfectha-deep-lidocaine\/\" \/>\n<meta property=\"og:site_name\" content=\"Kinami Health\" \/>\n<meta property=\"article:modified_time\" content=\"2025-12-11T00:26:55+00:00\" \/>\n<meta property=\"og:image\" content=\"https:\/\/kinamihealth.com\/wp-content\/uploads\/2025\/02\/PERFECTHA-DEEP-LIDOCAINE-1ML-03.jpg\" \/>\n\t<meta property=\"og:image:width\" content=\"800\" \/>\n\t<meta property=\"og:image:height\" content=\"800\" \/>\n\t<meta property=\"og:image:type\" content=\"image\/jpeg\" \/>\n<meta name=\"twitter:card\" content=\"summary_large_image\" \/>\n<meta name=\"twitter:label1\" content=\"Szacowany czas czytania\" \/>\n\t<meta name=\"twitter:data1\" content=\"1 minuta\" \/>\n<!-- \/ Yoast SEO plugin. -->","yoast_head_json":{"title":"Kup Perfectha Deep Lidocaine \u2013 zaawansowany wype\u0142niacz sk\u00f3rny","description":"Kup Perfectha Deep Lidocaine, aby skutecznie wyg\u0142adzi\u0107 g\u0142\u0119bokie zmarszczki, wymodelowa\u0107 kontur twarzy i przywr\u00f3ci\u0107 jej obj\u0119to\u015b\u0107.","robots":{"index":"index","follow":"follow","max-snippet":"max-snippet:-1","max-image-preview":"max-image-preview:large","max-video-preview":"max-video-preview:-1"},"canonical":"https:\/\/kinamihealth.com\/pl\/wp-json\/wp\/v2\/product\/125354","og_locale":"pl_PL","og_type":"article","og_title":"Kup Perfectha Deep Lidocaine \u2013 zaawansowany wype\u0142niacz sk\u00f3rny","og_description":"Kup Perfectha Deep Lidocaine, aby skutecznie wyg\u0142adzi\u0107 g\u0142\u0119bokie zmarszczki, wymodelowa\u0107 kontur twarzy i przywr\u00f3ci\u0107 jej obj\u0119to\u015b\u0107.","og_url":"https:\/\/kinamihealth.com\/pl\/produkt\/perfectha-deep-lidocaine\/","og_site_name":"Kinami Health","article_modified_time":"2025-12-11T00:26:55+00:00","og_image":[{"width":800,"height":800,"url":"https:\/\/kinamihealth.com\/wp-content\/uploads\/2025\/02\/PERFECTHA-DEEP-LIDOCAINE-1ML-03.jpg","type":"image\/jpeg"}],"twitter_card":"summary_large_image","twitter_misc":{"Szacowany czas czytania":"1 minuta"},"schema":{"@context":"https:\/\/schema.org","@graph":[{"@type":"WebPage","@id":"https:\/\/kinamihealth.com\/pl\/produkt\/perfectha-deep-lidocaine\/","url":"https:\/\/kinamihealth.com\/pl\/produkt\/perfectha-deep-lidocaine\/","name":"Kup Perfectha Deep Lidocaine \u2013 zaawansowany wype\u0142niacz sk\u00f3rny","isPartOf":{"@id":"https:\/\/kinamihealth.com\/#website"},"primaryImageOfPage":{"@id":"https:\/\/kinamihealth.com\/pl\/produkt\/perfectha-deep-lidocaine\/#primaryimage"},"image":{"@id":"https:\/\/kinamihealth.com\/pl\/produkt\/perfectha-deep-lidocaine\/#primaryimage"},"thumbnailUrl":"https:\/\/kinamihealth.com\/wp-content\/uploads\/2025\/02\/PERFECTHA-DEEP-LIDOCAINE-1ML-03.jpg","datePublished":"2025-02-15T16:56:40+00:00","dateModified":"2025-12-11T00:26:55+00:00","description":"Kup Perfectha Deep Lidocaine, aby skutecznie wyg\u0142adzi\u0107 g\u0142\u0119bokie zmarszczki, wymodelowa\u0107 kontur twarzy i przywr\u00f3ci\u0107 jej obj\u0119to\u015b\u0107.","breadcrumb":{"@id":"https:\/\/kinamihealth.com\/pl\/produkt\/perfectha-deep-lidocaine\/#breadcrumb"},"inLanguage":"pl-PL","potentialAction":[{"@type":"ReadAction","target":["https:\/\/kinamihealth.com\/pl\/produkt\/perfectha-deep-lidocaine\/"]}]},{"@type":"ImageObject","inLanguage":"pl-PL","@id":"https:\/\/kinamihealth.com\/pl\/produkt\/perfectha-deep-lidocaine\/#primaryimage","url":"https:\/\/kinamihealth.com\/wp-content\/uploads\/2025\/02\/PERFECTHA-DEEP-LIDOCAINE-1ML-03.jpg","contentUrl":"https:\/\/kinamihealth.com\/wp-content\/uploads\/2025\/02\/PERFECTHA-DEEP-LIDOCAINE-1ML-03.jpg","width":800,"height":800},{"@type":"BreadcrumbList","@id":"https:\/\/kinamihealth.com\/pl\/produkt\/perfectha-deep-lidocaine\/#breadcrumb","itemListElement":[{"@type":"ListItem","position":1,"name":"Strona g\u0142\u00f3wna","item":"https:\/\/kinamihealth.com\/sr\/"},{"@type":"ListItem","position":2,"name":"Sklep","item":"https:\/\/kinamihealth.com\/pl\/?page_id=128280"},{"@type":"ListItem","position":3,"name":"PERFECTHA\u00ae DEEP Lidocaine"}]},{"@type":"WebSite","@id":"https:\/\/kinamihealth.com\/#website","url":"https:\/\/kinamihealth.com\/","name":"Kinami Health","description":"","publisher":{"@id":"https:\/\/kinamihealth.com\/#organization"},"potentialAction":[{"@type":"SearchAction","target":{"@type":"EntryPoint","urlTemplate":"https:\/\/kinamihealth.com\/?s={search_term_string}"},"query-input":{"@type":"PropertyValueSpecification","valueRequired":true,"valueName":"search_term_string"}}],"inLanguage":"pl-PL"},{"@type":"Organization","@id":"https:\/\/kinamihealth.com\/#organization","name":"Kinami Health","url":"https:\/\/kinamihealth.com\/","logo":{"@type":"ImageObject","inLanguage":"pl-PL","@id":"https:\/\/kinamihealth.com\/#\/schema\/logo\/image\/","url":"https:\/\/kinamihealth.com\/wp-content\/uploads\/2025\/01\/KH_logo_black_2-1.png","contentUrl":"https:\/\/kinamihealth.com\/wp-content\/uploads\/2025\/01\/KH_logo_black_2-1.png","width":339,"height":34,"caption":"Kinami Health"},"image":{"@id":"https:\/\/kinamihealth.com\/#\/schema\/logo\/image\/"}}]}},"_links":{"self":[{"href":"https:\/\/kinamihealth.com\/pl\/wp-json\/wp\/v2\/product\/125354","targetHints":{"allow":["GET"]}}],"collection":[{"href":"https:\/\/kinamihealth.com\/pl\/wp-json\/wp\/v2\/product"}],"about":[{"href":"https:\/\/kinamihealth.com\/pl\/wp-json\/wp\/v2\/types\/product"}],"replies":[{"embeddable":true,"href":"https:\/\/kinamihealth.com\/pl\/wp-json\/wp\/v2\/comments?post=125354"}],"version-history":[{"count":0,"href":"https:\/\/kinamihealth.com\/pl\/wp-json\/wp\/v2\/product\/125354\/revisions"}],"wp:featuredmedia":[{"embeddable":true,"href":"https:\/\/kinamihealth.com\/pl\/wp-json\/wp\/v2\/media\/125360"}],"wp:attachment":[{"href":"https:\/\/kinamihealth.com\/pl\/wp-json\/wp\/v2\/media?parent=125354"}],"wp:term":[{"taxonomy":"product_brand","embeddable":true,"href":"https:\/\/kinamihealth.com\/pl\/wp-json\/wp\/v2\/product_brand?post=125354"},{"taxonomy":"product_cat","embeddable":true,"href":"https:\/\/kinamihealth.com\/pl\/wp-json\/wp\/v2\/product_cat?post=125354"},{"taxonomy":"product_tag","embeddable":true,"href":"https:\/\/kinamihealth.com\/pl\/wp-json\/wp\/v2\/product_tag?post=125354"}],"curies":[{"name":"wp","href":"https:\/\/api.w.org\/{rel}","templated":true}]}}