{"id":125153,"date":"2025-02-15T16:55:49","date_gmt":"2025-02-15T16:55:49","guid":{"rendered":"https:\/\/kinamihealth.com\/product\/jalupro-super-hydro\/"},"modified":"2025-12-03T01:14:26","modified_gmt":"2025-12-03T01:14:26","slug":"jalupro-super-hydro","status":"publish","type":"product","link":"https:\/\/kinamihealth.com\/pl\/produkt\/jalupro-super-hydro\/","title":{"rendered":"JALUPRO\u00ae SUPER HYDRO"},"content":{"rendered":"<p><span style=\"font-weight: 400;\">Kup Jalupro Super Hydro, wysoce skuteczny preparat poprawiaj\u0105cy kondycj\u0119 sk\u00f3ry, przeznaczony do g\u0142\u0119bokiego nawil\u017cania, odm\u0142adzania i redukcji oznak starzenia. Ten preparat do wstrzykiwa\u0144 \u0142\u0105czy aminokwasy, biopeptydy i kwas hialuronowy, zapewniaj\u0105c optymalny stan sk\u00f3ry i m\u0142odzie\u0144czy wygl\u0105d.<\/span><\/p>\n","protected":false},"excerpt":{"rendered":"<p>Kup Jalupro Super Hydro, wysoce skuteczny preparat poprawiaj\u0105cy kondycj\u0119 sk\u00f3ry, przeznaczony do g\u0142\u0119bokiego nawil\u017cania, odm\u0142adzania i redukcji oznak starzenia. Ten preparat do wstrzykiwa\u0144 \u0142\u0105czy aminokwasy, biopeptydy i kwas hialuronowy, zapewniaj\u0105c optymalny stan sk\u00f3ry i m\u0142odzie\u0144czy wygl\u0105d.<\/p>\n","protected":false},"featured_media":125157,"comment_status":"closed","ping_status":"closed","template":"","meta":{"_acf_changed":false,"inline_featured_image":false},"product_brand":[2914],"product_cat":[4598],"product_tag":[4176],"class_list":{"0":"post-125153","1":"product","2":"type-product","3":"status-publish","4":"has-post-thumbnail","6":"product_brand-jalupro","7":"product_cat-mesotherapy-pl","8":"product_tag-medical-devices-pl","10":"first","11":"instock","12":"taxable","13":"shipping-taxable","14":"purchasable","15":"product-type-simple","16":"add-to-wishlist-before_image"},"acf":[],"yoast_head":"<!-- This site is optimized with the Yoast SEO plugin v27.3 - https:\/\/yoast.com\/product\/yoast-seo-wordpress\/ -->\n<title>Kup Jalupro Super Hydro online, aby uzyska\u0107 promienn\u0105 sk\u00f3r\u0119<\/title>\n<meta name=\"description\" content=\"Kup Jalupro Super Hydro online, aby uzyska\u0107 skuteczny zabieg odm\u0142adzaj\u0105cy sk\u00f3r\u0119. Uzyskaj g\u0142\u0119bokie nawil\u017cenie, stymulacj\u0119 kolagenu oraz g\u0142adsz\u0105 i j\u0119drniejsz\u0105 sk\u00f3r\u0119.\" \/>\n<meta name=\"robots\" content=\"index, follow, max-snippet:-1, max-image-preview:large, max-video-preview:-1\" \/>\n<link rel=\"canonical\" href=\"https:\/\/kinamihealth.com\/pl\/wp-json\/wp\/v2\/product\/125153\" \/>\n<meta property=\"og:locale\" content=\"pl_PL\" \/>\n<meta property=\"og:type\" content=\"article\" \/>\n<meta property=\"og:title\" content=\"Kup Jalupro Super Hydro online, aby uzyska\u0107 promienn\u0105 sk\u00f3r\u0119\" \/>\n<meta property=\"og:description\" content=\"Kup Jalupro Super Hydro online, aby uzyska\u0107 skuteczny zabieg odm\u0142adzaj\u0105cy sk\u00f3r\u0119. Uzyskaj g\u0142\u0119bokie nawil\u017cenie, stymulacj\u0119 kolagenu oraz g\u0142adsz\u0105 i j\u0119drniejsz\u0105 sk\u00f3r\u0119.\" \/>\n<meta property=\"og:url\" content=\"https:\/\/kinamihealth.com\/pl\/produkt\/jalupro-super-hydro\/\" \/>\n<meta property=\"og:site_name\" content=\"Kinami Health\" \/>\n<meta property=\"article:modified_time\" content=\"2025-12-03T01:14:26+00:00\" \/>\n<meta property=\"og:image\" content=\"https:\/\/kinamihealth.com\/wp-content\/uploads\/2025\/02\/JALUPRO-SUPERHYDRO-01.jpg\" \/>\n\t<meta property=\"og:image:width\" content=\"800\" \/>\n\t<meta property=\"og:image:height\" content=\"800\" \/>\n\t<meta property=\"og:image:type\" content=\"image\/jpeg\" \/>\n<meta name=\"twitter:card\" content=\"summary_large_image\" \/>\n<meta name=\"twitter:label1\" content=\"Szacowany czas czytania\" \/>\n\t<meta name=\"twitter:data1\" content=\"1 minuta\" \/>\n<!-- \/ Yoast SEO plugin. -->","yoast_head_json":{"title":"Kup Jalupro Super Hydro online, aby uzyska\u0107 promienn\u0105 sk\u00f3r\u0119","description":"Kup Jalupro Super Hydro online, aby uzyska\u0107 skuteczny zabieg odm\u0142adzaj\u0105cy sk\u00f3r\u0119. Uzyskaj g\u0142\u0119bokie nawil\u017cenie, stymulacj\u0119 kolagenu oraz g\u0142adsz\u0105 i j\u0119drniejsz\u0105 sk\u00f3r\u0119.","robots":{"index":"index","follow":"follow","max-snippet":"max-snippet:-1","max-image-preview":"max-image-preview:large","max-video-preview":"max-video-preview:-1"},"canonical":"https:\/\/kinamihealth.com\/pl\/wp-json\/wp\/v2\/product\/125153","og_locale":"pl_PL","og_type":"article","og_title":"Kup Jalupro Super Hydro online, aby uzyska\u0107 promienn\u0105 sk\u00f3r\u0119","og_description":"Kup Jalupro Super Hydro online, aby uzyska\u0107 skuteczny zabieg odm\u0142adzaj\u0105cy sk\u00f3r\u0119. Uzyskaj g\u0142\u0119bokie nawil\u017cenie, stymulacj\u0119 kolagenu oraz g\u0142adsz\u0105 i j\u0119drniejsz\u0105 sk\u00f3r\u0119.","og_url":"https:\/\/kinamihealth.com\/pl\/produkt\/jalupro-super-hydro\/","og_site_name":"Kinami Health","article_modified_time":"2025-12-03T01:14:26+00:00","og_image":[{"width":800,"height":800,"url":"https:\/\/kinamihealth.com\/wp-content\/uploads\/2025\/02\/JALUPRO-SUPERHYDRO-01.jpg","type":"image\/jpeg"}],"twitter_card":"summary_large_image","twitter_misc":{"Szacowany czas czytania":"1 minuta"},"schema":{"@context":"https:\/\/schema.org","@graph":[{"@type":"WebPage","@id":"https:\/\/kinamihealth.com\/pl\/produkt\/jalupro-super-hydro\/","url":"https:\/\/kinamihealth.com\/pl\/produkt\/jalupro-super-hydro\/","name":"Kup Jalupro Super Hydro online, aby uzyska\u0107 promienn\u0105 sk\u00f3r\u0119","isPartOf":{"@id":"https:\/\/kinamihealth.com\/#website"},"primaryImageOfPage":{"@id":"https:\/\/kinamihealth.com\/pl\/produkt\/jalupro-super-hydro\/#primaryimage"},"image":{"@id":"https:\/\/kinamihealth.com\/pl\/produkt\/jalupro-super-hydro\/#primaryimage"},"thumbnailUrl":"https:\/\/kinamihealth.com\/wp-content\/uploads\/2025\/02\/JALUPRO-SUPERHYDRO-01.jpg","datePublished":"2025-02-15T16:55:49+00:00","dateModified":"2025-12-03T01:14:26+00:00","description":"Kup Jalupro Super Hydro online, aby uzyska\u0107 skuteczny zabieg odm\u0142adzaj\u0105cy sk\u00f3r\u0119. Uzyskaj g\u0142\u0119bokie nawil\u017cenie, stymulacj\u0119 kolagenu oraz g\u0142adsz\u0105 i j\u0119drniejsz\u0105 sk\u00f3r\u0119.","breadcrumb":{"@id":"https:\/\/kinamihealth.com\/pl\/produkt\/jalupro-super-hydro\/#breadcrumb"},"inLanguage":"pl-PL","potentialAction":[{"@type":"ReadAction","target":["https:\/\/kinamihealth.com\/pl\/produkt\/jalupro-super-hydro\/"]}]},{"@type":"ImageObject","inLanguage":"pl-PL","@id":"https:\/\/kinamihealth.com\/pl\/produkt\/jalupro-super-hydro\/#primaryimage","url":"https:\/\/kinamihealth.com\/wp-content\/uploads\/2025\/02\/JALUPRO-SUPERHYDRO-01.jpg","contentUrl":"https:\/\/kinamihealth.com\/wp-content\/uploads\/2025\/02\/JALUPRO-SUPERHYDRO-01.jpg","width":800,"height":800},{"@type":"BreadcrumbList","@id":"https:\/\/kinamihealth.com\/pl\/produkt\/jalupro-super-hydro\/#breadcrumb","itemListElement":[{"@type":"ListItem","position":1,"name":"Strona g\u0142\u00f3wna","item":"https:\/\/kinamihealth.com\/sr\/"},{"@type":"ListItem","position":2,"name":"Sklep","item":"https:\/\/kinamihealth.com\/pl\/?page_id=128280"},{"@type":"ListItem","position":3,"name":"JALUPRO\u00ae SUPER HYDRO"}]},{"@type":"WebSite","@id":"https:\/\/kinamihealth.com\/#website","url":"https:\/\/kinamihealth.com\/","name":"Kinami Health","description":"","publisher":{"@id":"https:\/\/kinamihealth.com\/#organization"},"potentialAction":[{"@type":"SearchAction","target":{"@type":"EntryPoint","urlTemplate":"https:\/\/kinamihealth.com\/?s={search_term_string}"},"query-input":{"@type":"PropertyValueSpecification","valueRequired":true,"valueName":"search_term_string"}}],"inLanguage":"pl-PL"},{"@type":"Organization","@id":"https:\/\/kinamihealth.com\/#organization","name":"Kinami Health","url":"https:\/\/kinamihealth.com\/","logo":{"@type":"ImageObject","inLanguage":"pl-PL","@id":"https:\/\/kinamihealth.com\/#\/schema\/logo\/image\/","url":"https:\/\/kinamihealth.com\/wp-content\/uploads\/2025\/01\/KH_logo_black_2-1.png","contentUrl":"https:\/\/kinamihealth.com\/wp-content\/uploads\/2025\/01\/KH_logo_black_2-1.png","width":339,"height":34,"caption":"Kinami Health"},"image":{"@id":"https:\/\/kinamihealth.com\/#\/schema\/logo\/image\/"}}]}},"_links":{"self":[{"href":"https:\/\/kinamihealth.com\/pl\/wp-json\/wp\/v2\/product\/125153","targetHints":{"allow":["GET"]}}],"collection":[{"href":"https:\/\/kinamihealth.com\/pl\/wp-json\/wp\/v2\/product"}],"about":[{"href":"https:\/\/kinamihealth.com\/pl\/wp-json\/wp\/v2\/types\/product"}],"replies":[{"embeddable":true,"href":"https:\/\/kinamihealth.com\/pl\/wp-json\/wp\/v2\/comments?post=125153"}],"version-history":[{"count":0,"href":"https:\/\/kinamihealth.com\/pl\/wp-json\/wp\/v2\/product\/125153\/revisions"}],"wp:featuredmedia":[{"embeddable":true,"href":"https:\/\/kinamihealth.com\/pl\/wp-json\/wp\/v2\/media\/125157"}],"wp:attachment":[{"href":"https:\/\/kinamihealth.com\/pl\/wp-json\/wp\/v2\/media?parent=125153"}],"wp:term":[{"taxonomy":"product_brand","embeddable":true,"href":"https:\/\/kinamihealth.com\/pl\/wp-json\/wp\/v2\/product_brand?post=125153"},{"taxonomy":"product_cat","embeddable":true,"href":"https:\/\/kinamihealth.com\/pl\/wp-json\/wp\/v2\/product_cat?post=125153"},{"taxonomy":"product_tag","embeddable":true,"href":"https:\/\/kinamihealth.com\/pl\/wp-json\/wp\/v2\/product_tag?post=125153"}],"curies":[{"name":"wp","href":"https:\/\/api.w.org\/{rel}","templated":true}]}}