{"id":125146,"date":"2025-02-15T16:55:43","date_gmt":"2025-02-15T16:55:43","guid":{"rendered":"https:\/\/kinamihealth.com\/product\/jalupro-enhancer-gel\/"},"modified":"2025-12-03T01:19:37","modified_gmt":"2025-12-03T01:19:37","slug":"jalupro-enhancer-gel","status":"publish","type":"product","link":"https:\/\/kinamihealth.com\/pl\/produkt\/jalupro-enhancer-gel\/","title":{"rendered":"JALUPRO\u00ae ENHANCER GEL"},"content":{"rendered":"<p><span style=\"font-weight: 400;\">Jalupro Enhancer Gel to profesjonalny preparat opracowany z my\u015bl\u0105 o zdrowszych, g\u0119stszych i d\u0142u\u017cszych rz\u0119sach oraz brwiach. Zawiera zaawansowane peptydy i ekstrakty ro\u015blinne, kt\u00f3re stymuluj\u0105 wzrost, wzmacniaj\u0105 mieszki w\u0142osowe i odbudowuj\u0105 struktur\u0119 rz\u0119s, dzi\u0119ki czemu jest niezb\u0119dnym produktem do zabieg\u00f3w klinicznych i domowych.<\/span><\/p>\n","protected":false},"excerpt":{"rendered":"<p>Jalupro Enhancer Gel to profesjonalny preparat opracowany z my\u015bl\u0105 o zdrowszych, g\u0119stszych i d\u0142u\u017cszych rz\u0119sach oraz brwiach. Zawiera zaawansowane peptydy i ekstrakty ro\u015blinne, kt\u00f3re stymuluj\u0105 wzrost, wzmacniaj\u0105 mieszki w\u0142osowe i odbudowuj\u0105 struktur\u0119 rz\u0119s, dzi\u0119ki czemu jest niezb\u0119dnym produktem do zabieg\u00f3w klinicznych i domowych.<\/p>\n","protected":false},"featured_media":125147,"comment_status":"closed","ping_status":"closed","template":"","meta":{"_acf_changed":false,"inline_featured_image":false},"product_brand":[2914],"product_cat":[5058],"product_tag":[4176],"class_list":{"0":"post-125146","1":"product","2":"type-product","3":"status-publish","4":"has-post-thumbnail","6":"product_brand-jalupro","7":"product_cat-eyelash-enhancers-pl","8":"product_tag-medical-devices-pl","10":"first","11":"instock","12":"taxable","13":"shipping-taxable","14":"purchasable","15":"product-type-simple","16":"add-to-wishlist-before_image"},"acf":[],"yoast_head":"<!-- This site is optimized with the Yoast SEO plugin v27.1.1 - https:\/\/yoast.com\/product\/yoast-seo-wordpress\/ -->\n<title>Kup Jalupro Enhancer Gel Online \u2013 Wzrost Rz\u0119s i Brwi<\/title>\n<meta name=\"description\" content=\"Kup Jalupro Enhancer Gel online, aby wzmocni\u0107 i wyd\u0142u\u017cy\u0107 rz\u0119sy oraz brwi. Formu\u0142a z peptydami i czerwon\u0105 koniczyn\u0105 wspiera wzrost i zdrowie w\u0142osk\u00f3w.\" \/>\n<meta name=\"robots\" content=\"index, follow, max-snippet:-1, max-image-preview:large, max-video-preview:-1\" \/>\n<link rel=\"canonical\" href=\"https:\/\/kinamihealth.com\/pl\/wp-json\/wp\/v2\/product\/125146\" \/>\n<meta property=\"og:locale\" content=\"pl_PL\" \/>\n<meta property=\"og:type\" content=\"article\" \/>\n<meta property=\"og:title\" content=\"Kup Jalupro Enhancer Gel Online \u2013 Wzrost Rz\u0119s i Brwi\" \/>\n<meta property=\"og:description\" content=\"Kup Jalupro Enhancer Gel online, aby wzmocni\u0107 i wyd\u0142u\u017cy\u0107 rz\u0119sy oraz brwi. Formu\u0142a z peptydami i czerwon\u0105 koniczyn\u0105 wspiera wzrost i zdrowie w\u0142osk\u00f3w.\" \/>\n<meta property=\"og:url\" content=\"https:\/\/kinamihealth.com\/pl\/produkt\/jalupro-enhancer-gel\/\" \/>\n<meta property=\"og:site_name\" content=\"Kinami Health\" \/>\n<meta property=\"article:modified_time\" content=\"2025-12-03T01:19:37+00:00\" \/>\n<meta property=\"og:image\" content=\"https:\/\/kinamihealth.com\/wp-content\/uploads\/2025\/02\/JALUPRO-ENHANCER-GEL-01.jpg\" \/>\n\t<meta property=\"og:image:width\" content=\"800\" \/>\n\t<meta property=\"og:image:height\" content=\"800\" \/>\n\t<meta property=\"og:image:type\" content=\"image\/jpeg\" \/>\n<meta name=\"twitter:card\" content=\"summary_large_image\" \/>\n<meta name=\"twitter:label1\" content=\"Szacowany czas czytania\" \/>\n\t<meta name=\"twitter:data1\" content=\"1 minuta\" \/>\n<!-- \/ Yoast SEO plugin. -->","yoast_head_json":{"title":"Kup Jalupro Enhancer Gel Online \u2013 Wzrost Rz\u0119s i Brwi","description":"Kup Jalupro Enhancer Gel online, aby wzmocni\u0107 i wyd\u0142u\u017cy\u0107 rz\u0119sy oraz brwi. Formu\u0142a z peptydami i czerwon\u0105 koniczyn\u0105 wspiera wzrost i zdrowie w\u0142osk\u00f3w.","robots":{"index":"index","follow":"follow","max-snippet":"max-snippet:-1","max-image-preview":"max-image-preview:large","max-video-preview":"max-video-preview:-1"},"canonical":"https:\/\/kinamihealth.com\/pl\/wp-json\/wp\/v2\/product\/125146","og_locale":"pl_PL","og_type":"article","og_title":"Kup Jalupro Enhancer Gel Online \u2013 Wzrost Rz\u0119s i Brwi","og_description":"Kup Jalupro Enhancer Gel online, aby wzmocni\u0107 i wyd\u0142u\u017cy\u0107 rz\u0119sy oraz brwi. Formu\u0142a z peptydami i czerwon\u0105 koniczyn\u0105 wspiera wzrost i zdrowie w\u0142osk\u00f3w.","og_url":"https:\/\/kinamihealth.com\/pl\/produkt\/jalupro-enhancer-gel\/","og_site_name":"Kinami Health","article_modified_time":"2025-12-03T01:19:37+00:00","og_image":[{"width":800,"height":800,"url":"https:\/\/kinamihealth.com\/wp-content\/uploads\/2025\/02\/JALUPRO-ENHANCER-GEL-01.jpg","type":"image\/jpeg"}],"twitter_card":"summary_large_image","twitter_misc":{"Szacowany czas czytania":"1 minuta"},"schema":{"@context":"https:\/\/schema.org","@graph":[{"@type":"WebPage","@id":"https:\/\/kinamihealth.com\/pl\/produkt\/jalupro-enhancer-gel\/","url":"https:\/\/kinamihealth.com\/pl\/produkt\/jalupro-enhancer-gel\/","name":"Kup Jalupro Enhancer Gel Online \u2013 Wzrost Rz\u0119s i Brwi","isPartOf":{"@id":"https:\/\/kinamihealth.com\/#website"},"primaryImageOfPage":{"@id":"https:\/\/kinamihealth.com\/pl\/produkt\/jalupro-enhancer-gel\/#primaryimage"},"image":{"@id":"https:\/\/kinamihealth.com\/pl\/produkt\/jalupro-enhancer-gel\/#primaryimage"},"thumbnailUrl":"https:\/\/kinamihealth.com\/wp-content\/uploads\/2025\/02\/JALUPRO-ENHANCER-GEL-01.jpg","datePublished":"2025-02-15T16:55:43+00:00","dateModified":"2025-12-03T01:19:37+00:00","description":"Kup Jalupro Enhancer Gel online, aby wzmocni\u0107 i wyd\u0142u\u017cy\u0107 rz\u0119sy oraz brwi. Formu\u0142a z peptydami i czerwon\u0105 koniczyn\u0105 wspiera wzrost i zdrowie w\u0142osk\u00f3w.","breadcrumb":{"@id":"https:\/\/kinamihealth.com\/pl\/produkt\/jalupro-enhancer-gel\/#breadcrumb"},"inLanguage":"pl-PL","potentialAction":[{"@type":"ReadAction","target":["https:\/\/kinamihealth.com\/pl\/produkt\/jalupro-enhancer-gel\/"]}]},{"@type":"ImageObject","inLanguage":"pl-PL","@id":"https:\/\/kinamihealth.com\/pl\/produkt\/jalupro-enhancer-gel\/#primaryimage","url":"https:\/\/kinamihealth.com\/wp-content\/uploads\/2025\/02\/JALUPRO-ENHANCER-GEL-01.jpg","contentUrl":"https:\/\/kinamihealth.com\/wp-content\/uploads\/2025\/02\/JALUPRO-ENHANCER-GEL-01.jpg","width":800,"height":800},{"@type":"BreadcrumbList","@id":"https:\/\/kinamihealth.com\/pl\/produkt\/jalupro-enhancer-gel\/#breadcrumb","itemListElement":[{"@type":"ListItem","position":1,"name":"Strona g\u0142\u00f3wna","item":"https:\/\/kinamihealth.com\/sr\/"},{"@type":"ListItem","position":2,"name":"Sklep","item":"https:\/\/kinamihealth.com\/pl\/?page_id=128280"},{"@type":"ListItem","position":3,"name":"JALUPRO\u00ae ENHANCER GEL"}]},{"@type":"WebSite","@id":"https:\/\/kinamihealth.com\/#website","url":"https:\/\/kinamihealth.com\/","name":"Kinami Health","description":"","publisher":{"@id":"https:\/\/kinamihealth.com\/#organization"},"potentialAction":[{"@type":"SearchAction","target":{"@type":"EntryPoint","urlTemplate":"https:\/\/kinamihealth.com\/?s={search_term_string}"},"query-input":{"@type":"PropertyValueSpecification","valueRequired":true,"valueName":"search_term_string"}}],"inLanguage":"pl-PL"},{"@type":"Organization","@id":"https:\/\/kinamihealth.com\/#organization","name":"Kinami Health","url":"https:\/\/kinamihealth.com\/","logo":{"@type":"ImageObject","inLanguage":"pl-PL","@id":"https:\/\/kinamihealth.com\/#\/schema\/logo\/image\/","url":"https:\/\/kinamihealth.com\/wp-content\/uploads\/2025\/01\/KH_logo_black_2-1.png","contentUrl":"https:\/\/kinamihealth.com\/wp-content\/uploads\/2025\/01\/KH_logo_black_2-1.png","width":339,"height":34,"caption":"Kinami Health"},"image":{"@id":"https:\/\/kinamihealth.com\/#\/schema\/logo\/image\/"}}]}},"_links":{"self":[{"href":"https:\/\/kinamihealth.com\/pl\/wp-json\/wp\/v2\/product\/125146","targetHints":{"allow":["GET"]}}],"collection":[{"href":"https:\/\/kinamihealth.com\/pl\/wp-json\/wp\/v2\/product"}],"about":[{"href":"https:\/\/kinamihealth.com\/pl\/wp-json\/wp\/v2\/types\/product"}],"replies":[{"embeddable":true,"href":"https:\/\/kinamihealth.com\/pl\/wp-json\/wp\/v2\/comments?post=125146"}],"version-history":[{"count":0,"href":"https:\/\/kinamihealth.com\/pl\/wp-json\/wp\/v2\/product\/125146\/revisions"}],"wp:featuredmedia":[{"embeddable":true,"href":"https:\/\/kinamihealth.com\/pl\/wp-json\/wp\/v2\/media\/125147"}],"wp:attachment":[{"href":"https:\/\/kinamihealth.com\/pl\/wp-json\/wp\/v2\/media?parent=125146"}],"wp:term":[{"taxonomy":"product_brand","embeddable":true,"href":"https:\/\/kinamihealth.com\/pl\/wp-json\/wp\/v2\/product_brand?post=125146"},{"taxonomy":"product_cat","embeddable":true,"href":"https:\/\/kinamihealth.com\/pl\/wp-json\/wp\/v2\/product_cat?post=125146"},{"taxonomy":"product_tag","embeddable":true,"href":"https:\/\/kinamihealth.com\/pl\/wp-json\/wp\/v2\/product_tag?post=125146"}],"curies":[{"name":"wp","href":"https:\/\/api.w.org\/{rel}","templated":true}]}}