{"id":125144,"date":"2025-02-15T16:55:43","date_gmt":"2025-02-15T16:55:43","guid":{"rendered":"https:\/\/kinamihealth.com\/product\/jalupro-2x30mg-3ml-2x100mg\/"},"modified":"2025-12-03T01:22:12","modified_gmt":"2025-12-03T01:22:12","slug":"jalupro-2x30mg-3ml-2x100mg","status":"publish","type":"product","link":"https:\/\/kinamihealth.com\/pl\/produkt\/jalupro-2x30mg-3ml-2x100mg\/","title":{"rendered":"JALUPRO\u00ae 2x30mg\/3ml + 2x100mg"},"content":{"rendered":"<p><b>JALUPRO 2x30mg\/3ml + 2x100mg<\/b><span style=\"font-weight: 400;\"> to <\/span><b>wype\u0142niacz sk\u00f3rny <\/b><span style=\"font-weight: 400;\">o specjalnej <\/span><b>formule<\/b><span style=\"font-weight: 400;\">, \u0142\u0105cz\u0105cej w\u0142a\u015bciwo\u015bci <\/span><b>nawil\u017caj\u0105ce kwasu hialuronowego z regeneruj\u0105cymi i rewitalizuj\u0105cymi korzy\u015bciami<\/b> <b>aminokwas\u00f3w.<\/b><span style=\"font-weight: 400;\"> Produkt mo\u017cna stosowa\u0107 samodzielnie lub \u0142\u0105czy\u0107 z innymi preparatami i zabiegami, jako uzupe\u0142nienie terapii.<\/span><\/p>\n","protected":false},"excerpt":{"rendered":"<p>JALUPRO 2x30mg\/3ml + 2x100mg to wype\u0142niacz sk\u00f3rny o specjalnej formule, \u0142\u0105cz\u0105cej w\u0142a\u015bciwo\u015bci nawil\u017caj\u0105ce kwasu hialuronowego z regeneruj\u0105cymi i rewitalizuj\u0105cymi korzy\u015bciami aminokwas\u00f3w. Produkt mo\u017cna stosowa\u0107 samodzielnie lub \u0142\u0105czy\u0107 z innymi preparatami i zabiegami, jako uzupe\u0142nienie terapii.<\/p>\n","protected":false},"featured_media":125145,"comment_status":"closed","ping_status":"closed","template":"","meta":{"_acf_changed":false,"inline_featured_image":false},"product_brand":[2914],"product_cat":[4174],"product_tag":[4176],"class_list":{"0":"post-125144","1":"product","2":"type-product","3":"status-publish","4":"has-post-thumbnail","6":"product_brand-jalupro","7":"product_cat-dermal-fillers-pl","8":"product_tag-medical-devices-pl","10":"first","11":"instock","12":"taxable","13":"shipping-taxable","14":"purchasable","15":"product-type-simple","16":"add-to-wishlist-before_image"},"acf":[],"yoast_head":"<!-- This site is optimized with the Yoast SEO plugin v27.1.1 - https:\/\/yoast.com\/product\/yoast-seo-wordpress\/ -->\n<title>Kup JALUPRO 2x30 mg\/3 ml + 2x100 mg online \u2013 wype\u0142niacz sk\u00f3rny<\/title>\n<meta name=\"description\" content=\"Kup JALUPRO 2x30 mg\/3 ml + 2x100 mg online i po\u0142\u0105cz hialuronian sodu z aminokwasami, aby skorygowa\u0107 problemy sk\u00f3rne twarzy i cia\u0142a.\" \/>\n<meta name=\"robots\" content=\"index, follow, max-snippet:-1, max-image-preview:large, max-video-preview:-1\" \/>\n<link rel=\"canonical\" href=\"https:\/\/kinamihealth.com\/pl\/wp-json\/wp\/v2\/product\/125144\" \/>\n<meta property=\"og:locale\" content=\"pl_PL\" \/>\n<meta property=\"og:type\" content=\"article\" \/>\n<meta property=\"og:title\" content=\"Kup JALUPRO 2x30 mg\/3 ml + 2x100 mg online \u2013 wype\u0142niacz sk\u00f3rny\" \/>\n<meta property=\"og:description\" content=\"Kup JALUPRO 2x30 mg\/3 ml + 2x100 mg online i po\u0142\u0105cz hialuronian sodu z aminokwasami, aby skorygowa\u0107 problemy sk\u00f3rne twarzy i cia\u0142a.\" \/>\n<meta property=\"og:url\" content=\"https:\/\/kinamihealth.com\/pl\/produkt\/jalupro-2x30mg-3ml-2x100mg\/\" \/>\n<meta property=\"og:site_name\" content=\"Kinami Health\" \/>\n<meta property=\"article:modified_time\" content=\"2025-12-03T01:22:12+00:00\" \/>\n<meta property=\"og:image\" content=\"https:\/\/kinamihealth.com\/wp-content\/uploads\/2025\/02\/PRODERMA-JALUPRO-01.webp\" \/>\n\t<meta property=\"og:image:width\" content=\"800\" \/>\n\t<meta property=\"og:image:height\" content=\"800\" \/>\n\t<meta property=\"og:image:type\" content=\"image\/webp\" \/>\n<meta name=\"twitter:card\" content=\"summary_large_image\" \/>\n<meta name=\"twitter:label1\" content=\"Szacowany czas czytania\" \/>\n\t<meta name=\"twitter:data1\" content=\"1 minuta\" \/>\n<!-- \/ Yoast SEO plugin. -->","yoast_head_json":{"title":"Kup JALUPRO 2x30 mg\/3 ml + 2x100 mg online \u2013 wype\u0142niacz sk\u00f3rny","description":"Kup JALUPRO 2x30 mg\/3 ml + 2x100 mg online i po\u0142\u0105cz hialuronian sodu z aminokwasami, aby skorygowa\u0107 problemy sk\u00f3rne twarzy i cia\u0142a.","robots":{"index":"index","follow":"follow","max-snippet":"max-snippet:-1","max-image-preview":"max-image-preview:large","max-video-preview":"max-video-preview:-1"},"canonical":"https:\/\/kinamihealth.com\/pl\/wp-json\/wp\/v2\/product\/125144","og_locale":"pl_PL","og_type":"article","og_title":"Kup JALUPRO 2x30 mg\/3 ml + 2x100 mg online \u2013 wype\u0142niacz sk\u00f3rny","og_description":"Kup JALUPRO 2x30 mg\/3 ml + 2x100 mg online i po\u0142\u0105cz hialuronian sodu z aminokwasami, aby skorygowa\u0107 problemy sk\u00f3rne twarzy i cia\u0142a.","og_url":"https:\/\/kinamihealth.com\/pl\/produkt\/jalupro-2x30mg-3ml-2x100mg\/","og_site_name":"Kinami Health","article_modified_time":"2025-12-03T01:22:12+00:00","og_image":[{"width":800,"height":800,"url":"https:\/\/kinamihealth.com\/wp-content\/uploads\/2025\/02\/PRODERMA-JALUPRO-01.webp","type":"image\/webp"}],"twitter_card":"summary_large_image","twitter_misc":{"Szacowany czas czytania":"1 minuta"},"schema":{"@context":"https:\/\/schema.org","@graph":[{"@type":"WebPage","@id":"https:\/\/kinamihealth.com\/pl\/produkt\/jalupro-2x30mg-3ml-2x100mg\/","url":"https:\/\/kinamihealth.com\/pl\/produkt\/jalupro-2x30mg-3ml-2x100mg\/","name":"Kup JALUPRO 2x30 mg\/3 ml + 2x100 mg online \u2013 wype\u0142niacz sk\u00f3rny","isPartOf":{"@id":"https:\/\/kinamihealth.com\/#website"},"primaryImageOfPage":{"@id":"https:\/\/kinamihealth.com\/pl\/produkt\/jalupro-2x30mg-3ml-2x100mg\/#primaryimage"},"image":{"@id":"https:\/\/kinamihealth.com\/pl\/produkt\/jalupro-2x30mg-3ml-2x100mg\/#primaryimage"},"thumbnailUrl":"https:\/\/kinamihealth.com\/wp-content\/uploads\/2025\/02\/PRODERMA-JALUPRO-01.webp","datePublished":"2025-02-15T16:55:43+00:00","dateModified":"2025-12-03T01:22:12+00:00","description":"Kup JALUPRO 2x30 mg\/3 ml + 2x100 mg online i po\u0142\u0105cz hialuronian sodu z aminokwasami, aby skorygowa\u0107 problemy sk\u00f3rne twarzy i cia\u0142a.","breadcrumb":{"@id":"https:\/\/kinamihealth.com\/pl\/produkt\/jalupro-2x30mg-3ml-2x100mg\/#breadcrumb"},"inLanguage":"pl-PL","potentialAction":[{"@type":"ReadAction","target":["https:\/\/kinamihealth.com\/pl\/produkt\/jalupro-2x30mg-3ml-2x100mg\/"]}]},{"@type":"ImageObject","inLanguage":"pl-PL","@id":"https:\/\/kinamihealth.com\/pl\/produkt\/jalupro-2x30mg-3ml-2x100mg\/#primaryimage","url":"https:\/\/kinamihealth.com\/wp-content\/uploads\/2025\/02\/PRODERMA-JALUPRO-01.webp","contentUrl":"https:\/\/kinamihealth.com\/wp-content\/uploads\/2025\/02\/PRODERMA-JALUPRO-01.webp","width":800,"height":800},{"@type":"BreadcrumbList","@id":"https:\/\/kinamihealth.com\/pl\/produkt\/jalupro-2x30mg-3ml-2x100mg\/#breadcrumb","itemListElement":[{"@type":"ListItem","position":1,"name":"Strona g\u0142\u00f3wna","item":"https:\/\/kinamihealth.com\/sr\/"},{"@type":"ListItem","position":2,"name":"Sklep","item":"https:\/\/kinamihealth.com\/pl\/?page_id=128280"},{"@type":"ListItem","position":3,"name":"JALUPRO\u00ae 2x30mg\/3ml + 2x100mg"}]},{"@type":"WebSite","@id":"https:\/\/kinamihealth.com\/#website","url":"https:\/\/kinamihealth.com\/","name":"Kinami Health","description":"","publisher":{"@id":"https:\/\/kinamihealth.com\/#organization"},"potentialAction":[{"@type":"SearchAction","target":{"@type":"EntryPoint","urlTemplate":"https:\/\/kinamihealth.com\/?s={search_term_string}"},"query-input":{"@type":"PropertyValueSpecification","valueRequired":true,"valueName":"search_term_string"}}],"inLanguage":"pl-PL"},{"@type":"Organization","@id":"https:\/\/kinamihealth.com\/#organization","name":"Kinami Health","url":"https:\/\/kinamihealth.com\/","logo":{"@type":"ImageObject","inLanguage":"pl-PL","@id":"https:\/\/kinamihealth.com\/#\/schema\/logo\/image\/","url":"https:\/\/kinamihealth.com\/wp-content\/uploads\/2025\/01\/KH_logo_black_2-1.png","contentUrl":"https:\/\/kinamihealth.com\/wp-content\/uploads\/2025\/01\/KH_logo_black_2-1.png","width":339,"height":34,"caption":"Kinami Health"},"image":{"@id":"https:\/\/kinamihealth.com\/#\/schema\/logo\/image\/"}}]}},"_links":{"self":[{"href":"https:\/\/kinamihealth.com\/pl\/wp-json\/wp\/v2\/product\/125144","targetHints":{"allow":["GET"]}}],"collection":[{"href":"https:\/\/kinamihealth.com\/pl\/wp-json\/wp\/v2\/product"}],"about":[{"href":"https:\/\/kinamihealth.com\/pl\/wp-json\/wp\/v2\/types\/product"}],"replies":[{"embeddable":true,"href":"https:\/\/kinamihealth.com\/pl\/wp-json\/wp\/v2\/comments?post=125144"}],"version-history":[{"count":0,"href":"https:\/\/kinamihealth.com\/pl\/wp-json\/wp\/v2\/product\/125144\/revisions"}],"wp:featuredmedia":[{"embeddable":true,"href":"https:\/\/kinamihealth.com\/pl\/wp-json\/wp\/v2\/media\/125145"}],"wp:attachment":[{"href":"https:\/\/kinamihealth.com\/pl\/wp-json\/wp\/v2\/media?parent=125144"}],"wp:term":[{"taxonomy":"product_brand","embeddable":true,"href":"https:\/\/kinamihealth.com\/pl\/wp-json\/wp\/v2\/product_brand?post=125144"},{"taxonomy":"product_cat","embeddable":true,"href":"https:\/\/kinamihealth.com\/pl\/wp-json\/wp\/v2\/product_cat?post=125144"},{"taxonomy":"product_tag","embeddable":true,"href":"https:\/\/kinamihealth.com\/pl\/wp-json\/wp\/v2\/product_tag?post=125144"}],"curies":[{"name":"wp","href":"https:\/\/api.w.org\/{rel}","templated":true}]}}