{"id":125130,"date":"2025-02-15T16:55:54","date_gmt":"2025-02-15T16:55:54","guid":{"rendered":"https:\/\/kinamihealth.com\/product\/juvederm-volift-retouch-with-lidocaine\/"},"modified":"2025-12-03T15:01:58","modified_gmt":"2025-12-03T15:01:58","slug":"juvederm-volift-retouch-with-lidocaine","status":"publish","type":"product","link":"https:\/\/kinamihealth.com\/pl\/produkt\/juvederm-volift-retouch-with-lidocaine\/","title":{"rendered":"JUV\u00c9DERM\u00ae VOLIFT\u00ae RETOUCH with Lidocaine"},"content":{"rendered":"<p><span style=\"font-weight: 400;\">Juv\u00e9derm Volift Retouch z lidokain\u0105 to <\/span><b><i>wysokiej jako\u015bci wype\u0142niacz<\/i><\/b><span style=\"font-weight: 400;\"> przeznaczony do subtelnej odbudowy obj\u0119to\u015bci i poprawy konturu twarzy. Ten zaawansowany <\/span><b>wype\u0142niacz na bazie kwasu hialuronowego<\/b><span style=\"font-weight: 400;\"> zosta\u0142 opracowany w celu precyzyjnej korekty umiarkowanych i <\/span><b>g\u0142\u0119bokich zmarszczek na twarzy oraz zwi\u0119kszenia obj\u0119to\u015bci ust<\/b><span style=\"font-weight: 400;\">. Technologia <\/span><b>Vycross<\/b><b>\u00ae<\/b><span style=\"font-weight: 400;\"> zapewnia d\u0142ugotrwa\u0142e efekty i g\u0142adk\u0105 konsystencj\u0119.<\/span><\/p>\n","protected":false},"excerpt":{"rendered":"<p>Juv\u00e9derm Volift Retouch z lidokain\u0105 to wysokiej jako\u015bci wype\u0142niacz przeznaczony do subtelnej odbudowy obj\u0119to\u015bci i poprawy konturu twarzy. Ten zaawansowany wype\u0142niacz na bazie kwasu hialuronowego zosta\u0142 opracowany w celu precyzyjnej korekty umiarkowanych i g\u0142\u0119bokich zmarszczek na twarzy oraz zwi\u0119kszenia obj\u0119to\u015bci ust. Technologia Vycross\u00ae zapewnia d\u0142ugotrwa\u0142e efekty i g\u0142adk\u0105 konsystencj\u0119.<\/p>\n","protected":false},"featured_media":125131,"comment_status":"closed","ping_status":"closed","template":"","meta":{"_acf_changed":false,"inline_featured_image":false},"product_brand":[2915],"product_cat":[4174,4175],"product_tag":[4176],"class_list":{"0":"post-125130","1":"product","2":"type-product","3":"status-publish","4":"has-post-thumbnail","6":"product_brand-juvederm","7":"product_cat-dermal-fillers-pl","8":"product_cat-ha-dermal-fillers-pl","9":"product_tag-medical-devices-pl","11":"first","12":"instock","13":"taxable","14":"shipping-taxable","15":"purchasable","16":"product-type-simple","17":"add-to-wishlist-before_image"},"acf":[],"yoast_head":"<!-- This site is optimized with the Yoast SEO plugin v27.3 - https:\/\/yoast.com\/product\/yoast-seo-wordpress\/ -->\n<title>Kup Juvederm Volift Retouch z lidokain\u0105 online w Kinami Health<\/title>\n<meta name=\"description\" content=\"Kup Juvederm Volift Retouch z lidokain\u0105 online, aby uzyska\u0107 subtelne poprawki i przywr\u00f3ci\u0107 obj\u0119to\u015b\u0107 za pomoc\u0105 kwasu hialuronowego. Zam\u00f3w ju\u017c dzi\u015b!\" \/>\n<meta name=\"robots\" content=\"index, follow, max-snippet:-1, max-image-preview:large, max-video-preview:-1\" \/>\n<link rel=\"canonical\" href=\"https:\/\/kinamihealth.com\/pl\/wp-json\/wp\/v2\/product\/125130\" \/>\n<meta property=\"og:locale\" content=\"pl_PL\" \/>\n<meta property=\"og:type\" content=\"article\" \/>\n<meta property=\"og:title\" content=\"Kup Juvederm Volift Retouch z lidokain\u0105 online w Kinami Health\" \/>\n<meta property=\"og:description\" content=\"Kup Juvederm Volift Retouch z lidokain\u0105 online, aby uzyska\u0107 subtelne poprawki i przywr\u00f3ci\u0107 obj\u0119to\u015b\u0107 za pomoc\u0105 kwasu hialuronowego. Zam\u00f3w ju\u017c dzi\u015b!\" \/>\n<meta property=\"og:url\" content=\"https:\/\/kinamihealth.com\/pl\/produkt\/juvederm-volift-retouch-with-lidocaine\/\" \/>\n<meta property=\"og:site_name\" content=\"Kinami Health\" \/>\n<meta property=\"article:modified_time\" content=\"2025-12-03T15:01:58+00:00\" \/>\n<meta property=\"og:image\" content=\"https:\/\/kinamihealth.com\/wp-content\/uploads\/2025\/02\/PERFECTHA-VOLIFT-RETOUCH-LIDO-01.webp\" \/>\n\t<meta property=\"og:image:width\" content=\"800\" \/>\n\t<meta property=\"og:image:height\" content=\"800\" \/>\n\t<meta property=\"og:image:type\" content=\"image\/webp\" \/>\n<meta name=\"twitter:card\" content=\"summary_large_image\" \/>\n<meta name=\"twitter:label1\" content=\"Szacowany czas czytania\" \/>\n\t<meta name=\"twitter:data1\" content=\"1 minuta\" \/>\n<!-- \/ Yoast SEO plugin. -->","yoast_head_json":{"title":"Kup Juvederm Volift Retouch z lidokain\u0105 online w Kinami Health","description":"Kup Juvederm Volift Retouch z lidokain\u0105 online, aby uzyska\u0107 subtelne poprawki i przywr\u00f3ci\u0107 obj\u0119to\u015b\u0107 za pomoc\u0105 kwasu hialuronowego. Zam\u00f3w ju\u017c dzi\u015b!","robots":{"index":"index","follow":"follow","max-snippet":"max-snippet:-1","max-image-preview":"max-image-preview:large","max-video-preview":"max-video-preview:-1"},"canonical":"https:\/\/kinamihealth.com\/pl\/wp-json\/wp\/v2\/product\/125130","og_locale":"pl_PL","og_type":"article","og_title":"Kup Juvederm Volift Retouch z lidokain\u0105 online w Kinami Health","og_description":"Kup Juvederm Volift Retouch z lidokain\u0105 online, aby uzyska\u0107 subtelne poprawki i przywr\u00f3ci\u0107 obj\u0119to\u015b\u0107 za pomoc\u0105 kwasu hialuronowego. Zam\u00f3w ju\u017c dzi\u015b!","og_url":"https:\/\/kinamihealth.com\/pl\/produkt\/juvederm-volift-retouch-with-lidocaine\/","og_site_name":"Kinami Health","article_modified_time":"2025-12-03T15:01:58+00:00","og_image":[{"width":800,"height":800,"url":"https:\/\/kinamihealth.com\/wp-content\/uploads\/2025\/02\/PERFECTHA-VOLIFT-RETOUCH-LIDO-01.webp","type":"image\/webp"}],"twitter_card":"summary_large_image","twitter_misc":{"Szacowany czas czytania":"1 minuta"},"schema":{"@context":"https:\/\/schema.org","@graph":[{"@type":"WebPage","@id":"https:\/\/kinamihealth.com\/pl\/produkt\/juvederm-volift-retouch-with-lidocaine\/","url":"https:\/\/kinamihealth.com\/pl\/produkt\/juvederm-volift-retouch-with-lidocaine\/","name":"Kup Juvederm Volift Retouch z lidokain\u0105 online w Kinami Health","isPartOf":{"@id":"https:\/\/kinamihealth.com\/#website"},"primaryImageOfPage":{"@id":"https:\/\/kinamihealth.com\/pl\/produkt\/juvederm-volift-retouch-with-lidocaine\/#primaryimage"},"image":{"@id":"https:\/\/kinamihealth.com\/pl\/produkt\/juvederm-volift-retouch-with-lidocaine\/#primaryimage"},"thumbnailUrl":"https:\/\/kinamihealth.com\/wp-content\/uploads\/2025\/02\/PERFECTHA-VOLIFT-RETOUCH-LIDO-01.webp","datePublished":"2025-02-15T16:55:54+00:00","dateModified":"2025-12-03T15:01:58+00:00","description":"Kup Juvederm Volift Retouch z lidokain\u0105 online, aby uzyska\u0107 subtelne poprawki i przywr\u00f3ci\u0107 obj\u0119to\u015b\u0107 za pomoc\u0105 kwasu hialuronowego. Zam\u00f3w ju\u017c dzi\u015b!","breadcrumb":{"@id":"https:\/\/kinamihealth.com\/pl\/produkt\/juvederm-volift-retouch-with-lidocaine\/#breadcrumb"},"inLanguage":"pl-PL","potentialAction":[{"@type":"ReadAction","target":["https:\/\/kinamihealth.com\/pl\/produkt\/juvederm-volift-retouch-with-lidocaine\/"]}]},{"@type":"ImageObject","inLanguage":"pl-PL","@id":"https:\/\/kinamihealth.com\/pl\/produkt\/juvederm-volift-retouch-with-lidocaine\/#primaryimage","url":"https:\/\/kinamihealth.com\/wp-content\/uploads\/2025\/02\/PERFECTHA-VOLIFT-RETOUCH-LIDO-01.webp","contentUrl":"https:\/\/kinamihealth.com\/wp-content\/uploads\/2025\/02\/PERFECTHA-VOLIFT-RETOUCH-LIDO-01.webp","width":800,"height":800},{"@type":"BreadcrumbList","@id":"https:\/\/kinamihealth.com\/pl\/produkt\/juvederm-volift-retouch-with-lidocaine\/#breadcrumb","itemListElement":[{"@type":"ListItem","position":1,"name":"Strona g\u0142\u00f3wna","item":"https:\/\/kinamihealth.com\/sr\/"},{"@type":"ListItem","position":2,"name":"Sklep","item":"https:\/\/kinamihealth.com\/pl\/?page_id=128280"},{"@type":"ListItem","position":3,"name":"JUV\u00c9DERM\u00ae VOLIFT\u00ae RETOUCH with Lidocaine"}]},{"@type":"WebSite","@id":"https:\/\/kinamihealth.com\/#website","url":"https:\/\/kinamihealth.com\/","name":"Kinami Health","description":"","publisher":{"@id":"https:\/\/kinamihealth.com\/#organization"},"potentialAction":[{"@type":"SearchAction","target":{"@type":"EntryPoint","urlTemplate":"https:\/\/kinamihealth.com\/?s={search_term_string}"},"query-input":{"@type":"PropertyValueSpecification","valueRequired":true,"valueName":"search_term_string"}}],"inLanguage":"pl-PL"},{"@type":"Organization","@id":"https:\/\/kinamihealth.com\/#organization","name":"Kinami Health","url":"https:\/\/kinamihealth.com\/","logo":{"@type":"ImageObject","inLanguage":"pl-PL","@id":"https:\/\/kinamihealth.com\/#\/schema\/logo\/image\/","url":"https:\/\/kinamihealth.com\/wp-content\/uploads\/2025\/01\/KH_logo_black_2-1.png","contentUrl":"https:\/\/kinamihealth.com\/wp-content\/uploads\/2025\/01\/KH_logo_black_2-1.png","width":339,"height":34,"caption":"Kinami Health"},"image":{"@id":"https:\/\/kinamihealth.com\/#\/schema\/logo\/image\/"}}]}},"_links":{"self":[{"href":"https:\/\/kinamihealth.com\/pl\/wp-json\/wp\/v2\/product\/125130","targetHints":{"allow":["GET"]}}],"collection":[{"href":"https:\/\/kinamihealth.com\/pl\/wp-json\/wp\/v2\/product"}],"about":[{"href":"https:\/\/kinamihealth.com\/pl\/wp-json\/wp\/v2\/types\/product"}],"replies":[{"embeddable":true,"href":"https:\/\/kinamihealth.com\/pl\/wp-json\/wp\/v2\/comments?post=125130"}],"version-history":[{"count":0,"href":"https:\/\/kinamihealth.com\/pl\/wp-json\/wp\/v2\/product\/125130\/revisions"}],"wp:featuredmedia":[{"embeddable":true,"href":"https:\/\/kinamihealth.com\/pl\/wp-json\/wp\/v2\/media\/125131"}],"wp:attachment":[{"href":"https:\/\/kinamihealth.com\/pl\/wp-json\/wp\/v2\/media?parent=125130"}],"wp:term":[{"taxonomy":"product_brand","embeddable":true,"href":"https:\/\/kinamihealth.com\/pl\/wp-json\/wp\/v2\/product_brand?post=125130"},{"taxonomy":"product_cat","embeddable":true,"href":"https:\/\/kinamihealth.com\/pl\/wp-json\/wp\/v2\/product_cat?post=125130"},{"taxonomy":"product_tag","embeddable":true,"href":"https:\/\/kinamihealth.com\/pl\/wp-json\/wp\/v2\/product_tag?post=125130"}],"curies":[{"name":"wp","href":"https:\/\/api.w.org\/{rel}","templated":true}]}}